{"id":17888,"date":"2019-10-24T12:31:16","date_gmt":"2019-10-24T10:31:16","guid":{"rendered":"https:\/\/serveiseducatius.xtec.cat\/garrigues\/?page_id=17888"},"modified":"2019-10-30T14:23:06","modified_gmt":"2019-10-30T13:23:06","slug":"break-out-edu-reptes","status":"publish","type":"page","link":"https:\/\/serveiseducatius.xtec.cat\/garrigues\/recursos\/breakout-edu\/break-out-edu-reptes\/","title":{"rendered":"Break out edu. Reptes"},"content":{"rendered":"<h3><strong>Reptes<\/strong><\/h3>\n<p>10 raons per a jugar a un <em>breakout . Reflexions i aplicacions:<\/em><\/p>\n<ul>\n<li><strong>Ser capa\u00e7 d&#8217;adaptar-se a qualsevol contingut curriculars.<\/strong><\/li>\n<li><strong>Promoure la col\u00b7laboraci\u00f3 i el treball en equip<\/strong>: l&#8217;especialitzaci\u00f3 i adaptabilitat s\u00f3n dues compet\u00e8ncies del segle XXI que les empreses demanden als seus possibles treballadors. Tenen algun sentit sense la capacitat de formar part d&#8217;un equip, sense la capacitat necess\u00e0ria per a gestionar les relacions socials que requereix qualsevol grup de persones?<\/li>\n<li><strong>Desenvolupar el pensament cr\u00edtic i l&#8217;habilitat per a resoldre problemes<\/strong>: en molt poc temps, des d&#8217;una perspectiva hist\u00f2rica, hem passat de tenir dificultats per accedir a la informaci\u00f3 a tenir-los per gestionar l&#8217;exuberant quantitat d&#8217;informaci\u00f3 que ens arriba. Ens exigeixen que formem a les noves generacions a enfrontar-se a problemes que encara desconeixem, hem de crear escenaris que ajudin els alumnes a construir mec\u00e0niques que puguin transferir a altres situacions de la vida.<\/li>\n<li>\n<p id=\"tw-target-text\" class=\"tw-data-text tw-text-large tw-ta\" dir=\"ltr\" data-placeholder=\"Traducci\u00f3n\"><span lang=\"ca\" tabindex=\"0\"><strong>Millorar la compet\u00e8ncia verbal:<\/strong> ser capa\u00e7 de transmetre un idea, d&#8217;estructurar un discurs, de gestionar a un grup de persones, de parlar amb un desconegut &#8230;\u00a0 Quants de nosaltres tenim problemes per articular un raonament? Hem apr\u00e8s a fer-ho? Quan va ser aix\u00f2? Vam tenir oportunitats per fer-ho en l&#8217;\u00e0mbit escolar?<\/span><\/p>\n<\/li>\n<li>\n<p id=\"tw-target-text\" class=\"tw-data-text tw-text-large tw-ta\" dir=\"ltr\" data-placeholder=\"Traducci\u00f3n\"><span lang=\"ca\" tabindex=\"0\"><strong>Plantejar reptes davant els quals s&#8217;ha de perseverar<\/strong>: una altra de les virtuts del joc \u00e9s sense cap dubte la perseveran\u00e7a. El joc t\u00e9 alguna cosa a l&#8217;educaci\u00f3 en general ofereix ocasionalment: resposta immediata. Els jocs t&#8217;ensenyen a insistir, ens entrenen a ser constants.<\/span><\/p>\n<\/li>\n<li>\n<p id=\"tw-target-text\" class=\"tw-data-text tw-text-large tw-ta\" dir=\"ltr\" data-placeholder=\"Traducci\u00f3n\"><span lang=\"ca\" tabindex=\"0\"><strong>Construir pensament deductiu<\/strong>: un breakout no \u00e9s un recurs per utilitzar setmanalment, encara que als alumnes els agradaria. Despr\u00e9s de les seves primeres experi\u00e8ncies aprenen que han de comunicar i intentar organitzar-se. En un breakout (i en qualsevol seq\u00fc\u00e8ncia did\u00e0ctica ben dissenyada) s&#8217;aprenen m\u00e8todes generals que es poden aplicar a nous casos espec\u00edfics. Des de la posici\u00f3 d&#8217;observador que facilita un breakout, es descobreix als alumnes transferint continguts i mec\u00e0niques, i deduir estrat\u00e8gies per solucionar nous reptes.\u00a0<\/span><\/p>\n<\/li>\n<li>\n<p id=\"tw-target-text\" class=\"tw-data-text tw-text-large tw-ta\" dir=\"ltr\" data-placeholder=\"Traducci\u00f3n\"><span lang=\"ca\" tabindex=\"0\"><strong>Els participants aprenen a treballar sota pressi\u00f3.<\/strong><\/span><\/p>\n<\/li>\n<li>\n<p id=\"tw-target-text\" class=\"tw-data-text tw-text-large tw-ta\" dir=\"ltr\" data-placeholder=\"Traducci\u00f3n\"><span lang=\"ca\" tabindex=\"0\"><strong>L&#8217;alumnat \u00e9s el protagonista de l&#8217;aprenentatge.<\/strong><\/span><\/p>\n<\/li>\n<li>\n<p id=\"tw-target-text\" class=\"tw-data-text tw-text-large tw-ta\" dir=\"ltr\" data-placeholder=\"Traducci\u00f3n\"><span lang=\"ca\" tabindex=\"0\"><strong>Ser divertida per a tothom.<\/strong><\/span><\/p>\n<\/li>\n<\/ul>\n<p>&nbsp;<\/p>\n","protected":false},"excerpt":{"rendered":"<p>Reptes 10 raons per a jugar a un breakout . Reflexions i aplicacions: Ser capa\u00e7 d&#8217;adaptar-se a qualsevol contingut curriculars. Promoure la col\u00b7laboraci\u00f3 i el treball en equip: l&#8217;especialitzaci\u00f3 i adaptabilitat s\u00f3n dues compet\u00e8ncies del segle XXI que les empreses demanden als seus possibles treballadors. Tenen algun sentit sense la capacitat de formar part d&#8217;un [&hellip;]<\/p>\n","protected":false},"author":3,"featured_media":0,"parent":17829,"menu_order":0,"comment_status":"closed","ping_status":"closed","template":"","meta":{"_bbp_topic_count":0,"_bbp_reply_count":0,"_bbp_total_topic_count":0,"_bbp_total_reply_count":0,"_bbp_voice_count":0,"_bbp_anonymous_reply_count":0,"_bbp_topic_count_hidden":0,"_bbp_reply_count_hidden":0,"_bbp_forum_subforum_count":0,"site-sidebar-layout":"default","site-content-layout":"","ast-site-content-layout":"","site-content-style":"default","site-sidebar-style":"default","ast-global-header-display":"","ast-banner-title-visibility":"","ast-main-header-display":"","ast-hfb-above-header-display":"","ast-hfb-below-header-display":"","ast-hfb-mobile-header-display":"","site-post-title":"","ast-breadcrumbs-content":"","ast-featured-img":"","footer-sml-layout":"","theme-transparent-header-meta":"","adv-header-id-meta":"","stick-header-meta":"","header-above-stick-meta":"","header-main-stick-meta":"","header-below-stick-meta":"","astra-migrate-meta-layouts":"default","ast-page-background-enabled":"default","ast-page-background-meta":{"desktop":{"background-color":"var(--ast-global-color-4)","background-image":"","background-repeat":"repeat","background-position":"center center","background-size":"auto","background-attachment":"scroll","background-type":"","background-media":"","overlay-type":"","overlay-color":"","overlay-opacity":"","overlay-gradient":""},"tablet":{"background-color":"","background-image":"","background-repeat":"repeat","background-position":"center center","background-size":"auto","background-attachment":"scroll","background-type":"","background-media":"","overlay-type":"","overlay-color":"","overlay-opacity":"","overlay-gradient":""},"mobile":{"background-color":"","background-image":"","background-repeat":"repeat","background-position":"center center","background-size":"auto","background-attachment":"scroll","background-type":"","background-media":"","overlay-type":"","overlay-color":"","overlay-opacity":"","overlay-gradient":""}},"ast-content-background-meta":{"desktop":{"background-color":"var(--ast-global-color-5)","background-image":"","background-repeat":"repeat","background-position":"center center","background-size":"auto","background-attachment":"scroll","background-type":"","background-media":"","overlay-type":"","overlay-color":"","overlay-opacity":"","overlay-gradient":""},"tablet":{"background-color":"var(--ast-global-color-5)","background-image":"","background-repeat":"repeat","background-position":"center center","background-size":"auto","background-attachment":"scroll","background-type":"","background-media":"","overlay-type":"","overlay-color":"","overlay-opacity":"","overlay-gradient":""},"mobile":{"background-color":"var(--ast-global-color-5)","background-image":"","background-repeat":"repeat","background-position":"center center","background-size":"auto","background-attachment":"scroll","background-type":"","background-media":"","overlay-type":"","overlay-color":"","overlay-opacity":"","overlay-gradient":""}},"footnotes":""},"class_list":["post-17888","page","type-page","status-publish","hentry"],"post_mailing_queue_ids":[],"_links":{"self":[{"href":"https:\/\/serveiseducatius.xtec.cat\/garrigues\/wp-json\/wp\/v2\/pages\/17888","targetHints":{"allow":["GET"]}}],"collection":[{"href":"https:\/\/serveiseducatius.xtec.cat\/garrigues\/wp-json\/wp\/v2\/pages"}],"about":[{"href":"https:\/\/serveiseducatius.xtec.cat\/garrigues\/wp-json\/wp\/v2\/types\/page"}],"author":[{"embeddable":true,"href":"https:\/\/serveiseducatius.xtec.cat\/garrigues\/wp-json\/wp\/v2\/users\/3"}],"replies":[{"embeddable":true,"href":"https:\/\/serveiseducatius.xtec.cat\/garrigues\/wp-json\/wp\/v2\/comments?post=17888"}],"version-history":[{"count":3,"href":"https:\/\/serveiseducatius.xtec.cat\/garrigues\/wp-json\/wp\/v2\/pages\/17888\/revisions"}],"predecessor-version":[{"id":17941,"href":"https:\/\/serveiseducatius.xtec.cat\/garrigues\/wp-json\/wp\/v2\/pages\/17888\/revisions\/17941"}],"up":[{"embeddable":true,"href":"https:\/\/serveiseducatius.xtec.cat\/garrigues\/wp-json\/wp\/v2\/pages\/17829"}],"wp:attachment":[{"href":"https:\/\/serveiseducatius.xtec.cat\/garrigues\/wp-json\/wp\/v2\/media?parent=17888"}],"curies":[{"name":"wp","href":"https:\/\/api.w.org\/{rel}","templated":true}]}}