{"id":17852,"date":"2019-10-16T14:11:46","date_gmt":"2019-10-16T12:11:46","guid":{"rendered":"https:\/\/serveiseducatius.xtec.cat\/garrigues\/?page_id=17852"},"modified":"2019-10-30T14:40:40","modified_gmt":"2019-10-30T13:40:40","slug":"break-out-edu-videos","status":"publish","type":"page","link":"https:\/\/serveiseducatius.xtec.cat\/garrigues\/recursos\/breakout-edu\/break-out-edu-videos\/","title":{"rendered":"Break out edu. Videos"},"content":{"rendered":"<h3>V\u00eddeos d\u2019experi\u00e8ncies<\/h3>\n<ul style=\"list-style-type: disc;\">\n<li style=\"list-style-type: none;\">\n<ul style=\"list-style-type: disc;\">\n<li><a href=\"https:\/\/youtu.be\/uMqP6BhhuDc\">&#8220;La Caja Misteriosa&#8221;<\/a> &#8211; Breakout para grupos de 6 a 10 alumnos de ciclo superior. cHristian Negre<\/li>\n<li><a href=\"https:\/\/youtu.be\/ptbCpsgdQ64\">\u201cEl apatovirus\u201d <\/a>&#8211; Breakout per tot un grup classe de secund\u00e0ria. cHristian Negre<\/li>\n<li><a href=\"https:\/\/youtu.be\/WHTcLFwZbUc\">\u201cEl apatovirus al Generaci\u00f3 Digital\u201d<\/a> &#8211; Breakout executat en directe per periodistes de Catalunya R\u00e0dio. cHristian Negre<\/li>\n<li><a href=\"https:\/\/youtu.be\/WQbZaebmJyA\">\u201cEl retorno del apatovirus\u201d<\/a> &#8211; Breakout per a docents del #gamificurs. cHristian Negre<\/li>\n<li><a href=\"https:\/\/twitter.com\/Silveira_EF\/status\/916372926978502656\">\u201cBreakoutEdu Educaci\u00f3n F\u00edsica\u201d<\/a> &#8211; Yolanda Silveira<\/li>\n<li><a href=\"https:\/\/youtu.be\/WA0GNecVRrg\">Escape Classroom<\/a> &#8211; Pablo Mo\u00f1ino<\/li>\n<li><a href=\"https:\/\/youtu.be\/iDkIc_kEPuw\">Escape de \u201cLa pla\u00e7a del diamant\u201d per 2n de Batxillerat<\/a>. Institut Europa.<\/li>\n<li><a href=\"https:\/\/youtu.be\/F7mulwm8XT4\">La biblioteca del senyor Malagarriga<\/a>. \u00c0lex Mazcu\u00f1\u00e1n.<\/li>\n<li><a href=\"https:\/\/youtu.be\/oOIzuYG0gy0\">\u201cMassive Breakout\u201d<\/a> &#8211; Realizado en el ITWorldEDU para 800 participantes. cHristian Negre i walczak<\/li>\n<li><a href=\"https:\/\/youtu.be\/ic0nerK2XBc\">Reto 16 BreakoutEdu<\/a> &#8211; Realizado pola <a href=\"http:\/\/pepateca.blogspot.com\/search\/label\/PROXECTO%20DOCUMENTAL%20INTEGRADO\">Biblioteca do CRA de Culleredo<\/a>, A Coru\u00f1a<\/li>\n<\/ul>\n<\/li>\n<\/ul>\n<ul style=\"list-style-type: disc;\">\n<li style=\"list-style-type: none;\"><\/li>\n<\/ul>\n<ul style=\"list-style-type: disc;\">\n<li style=\"list-style-type: none;\"><\/li>\n<\/ul>\n<p>&nbsp;<\/p>\n","protected":false},"excerpt":{"rendered":"<p>V\u00eddeos d\u2019experi\u00e8ncies &#8220;La Caja Misteriosa&#8221; &#8211; Breakout para grupos de 6 a 10 alumnos de ciclo superior. cHristian Negre \u201cEl apatovirus\u201d &#8211; Breakout per tot un grup classe de secund\u00e0ria. cHristian Negre \u201cEl apatovirus al Generaci\u00f3 Digital\u201d &#8211; Breakout executat en directe per periodistes de Catalunya R\u00e0dio. cHristian Negre \u201cEl retorno del apatovirus\u201d &#8211; Breakout [&hellip;]<\/p>\n","protected":false},"author":3,"featured_media":0,"parent":17829,"menu_order":0,"comment_status":"closed","ping_status":"closed","template":"","meta":{"_bbp_topic_count":0,"_bbp_reply_count":0,"_bbp_total_topic_count":0,"_bbp_total_reply_count":0,"_bbp_voice_count":0,"_bbp_anonymous_reply_count":0,"_bbp_topic_count_hidden":0,"_bbp_reply_count_hidden":0,"_bbp_forum_subforum_count":0,"site-sidebar-layout":"default","site-content-layout":"","ast-site-content-layout":"","site-content-style":"default","site-sidebar-style":"default","ast-global-header-display":"","ast-banner-title-visibility":"","ast-main-header-display":"","ast-hfb-above-header-display":"","ast-hfb-below-header-display":"","ast-hfb-mobile-header-display":"","site-post-title":"","ast-breadcrumbs-content":"","ast-featured-img":"","footer-sml-layout":"","theme-transparent-header-meta":"","adv-header-id-meta":"","stick-header-meta":"","header-above-stick-meta":"","header-main-stick-meta":"","header-below-stick-meta":"","astra-migrate-meta-layouts":"default","ast-page-background-enabled":"default","ast-page-background-meta":{"desktop":{"background-color":"var(--ast-global-color-4)","background-image":"","background-repeat":"repeat","background-position":"center center","background-size":"auto","background-attachment":"scroll","background-type":"","background-media":"","overlay-type":"","overlay-color":"","overlay-opacity":"","overlay-gradient":""},"tablet":{"background-color":"","background-image":"","background-repeat":"repeat","background-position":"center center","background-size":"auto","background-attachment":"scroll","background-type":"","background-media":"","overlay-type":"","overlay-color":"","overlay-opacity":"","overlay-gradient":""},"mobile":{"background-color":"","background-image":"","background-repeat":"repeat","background-position":"center center","background-size":"auto","background-attachment":"scroll","background-type":"","background-media":"","overlay-type":"","overlay-color":"","overlay-opacity":"","overlay-gradient":""}},"ast-content-background-meta":{"desktop":{"background-color":"var(--ast-global-color-5)","background-image":"","background-repeat":"repeat","background-position":"center center","background-size":"auto","background-attachment":"scroll","background-type":"","background-media":"","overlay-type":"","overlay-color":"","overlay-opacity":"","overlay-gradient":""},"tablet":{"background-color":"var(--ast-global-color-5)","background-image":"","background-repeat":"repeat","background-position":"center center","background-size":"auto","background-attachment":"scroll","background-type":"","background-media":"","overlay-type":"","overlay-color":"","overlay-opacity":"","overlay-gradient":""},"mobile":{"background-color":"var(--ast-global-color-5)","background-image":"","background-repeat":"repeat","background-position":"center center","background-size":"auto","background-attachment":"scroll","background-type":"","background-media":"","overlay-type":"","overlay-color":"","overlay-opacity":"","overlay-gradient":""}},"footnotes":""},"class_list":["post-17852","page","type-page","status-publish","hentry"],"post_mailing_queue_ids":[],"_links":{"self":[{"href":"https:\/\/serveiseducatius.xtec.cat\/garrigues\/wp-json\/wp\/v2\/pages\/17852","targetHints":{"allow":["GET"]}}],"collection":[{"href":"https:\/\/serveiseducatius.xtec.cat\/garrigues\/wp-json\/wp\/v2\/pages"}],"about":[{"href":"https:\/\/serveiseducatius.xtec.cat\/garrigues\/wp-json\/wp\/v2\/types\/page"}],"author":[{"embeddable":true,"href":"https:\/\/serveiseducatius.xtec.cat\/garrigues\/wp-json\/wp\/v2\/users\/3"}],"replies":[{"embeddable":true,"href":"https:\/\/serveiseducatius.xtec.cat\/garrigues\/wp-json\/wp\/v2\/comments?post=17852"}],"version-history":[{"count":3,"href":"https:\/\/serveiseducatius.xtec.cat\/garrigues\/wp-json\/wp\/v2\/pages\/17852\/revisions"}],"predecessor-version":[{"id":17948,"href":"https:\/\/serveiseducatius.xtec.cat\/garrigues\/wp-json\/wp\/v2\/pages\/17852\/revisions\/17948"}],"up":[{"embeddable":true,"href":"https:\/\/serveiseducatius.xtec.cat\/garrigues\/wp-json\/wp\/v2\/pages\/17829"}],"wp:attachment":[{"href":"https:\/\/serveiseducatius.xtec.cat\/garrigues\/wp-json\/wp\/v2\/media?parent=17852"}],"curies":[{"name":"wp","href":"https:\/\/api.w.org\/{rel}","templated":true}]}}