{"id":17849,"date":"2019-10-16T14:09:47","date_gmt":"2019-10-16T12:09:47","guid":{"rendered":"https:\/\/serveiseducatius.xtec.cat\/garrigues\/?page_id=17849"},"modified":"2019-10-30T13:47:56","modified_gmt":"2019-10-30T12:47:56","slug":"break-out-edu-eines","status":"publish","type":"page","link":"https:\/\/serveiseducatius.xtec.cat\/garrigues\/recursos\/breakout-edu\/break-out-edu-eines\/","title":{"rendered":"Break out edu. Eines"},"content":{"rendered":"<h4>Eines, serveis i recursos per generar i gestionar enigmes<\/h4>\n<ul>\n<li><a href=\"https:\/\/www.youtube.com\/playlist?list=PL4Xa9Xvj9LHJ2MPaWvbo1s1ivRaLukYpH\">Playlist Videotutoriales recursos para generar pistas<\/a><\/li>\n<li><a href=\"https:\/\/vimeo.com\/128008873\">V\u00eddeo Timer de 45\u2019 amb m\u00fasica cl\u00e0ssica<\/a><\/li>\n<li><a href=\"http:\/\/www.online-stopwatch.com\/\">Diversos Timers<\/a> (Cron\u00f2metres animats)<\/li>\n<li><a href=\"http:\/\/www.applejux.org\/2017\/12\/crear-un-questionari-amb-google-forms-per-utilitzar-en-un-breakoutedu\/\">Com crear un q\u00fcestionari online amb Google Forms<\/a>. Videotutorial de cHristian Negre.<\/li>\n<li><a href=\"http:\/\/www.classtools.net\/timer\/?to=6&amp;t1=GRUP%201&amp;l1=2700&amp;s1=&amp;t2=GRUP%202&amp;l2=2700&amp;s2=&amp;t3=GRUP%203&amp;l3=2700&amp;s3=&amp;t4=GRUP%204&amp;l4=2700&amp;s4=&amp;t5=GRUP%205&amp;l5=2700&amp;s5=&amp;t6=GRUP%206&amp;l6=2700&amp;s6=&amp;\">Cron\u00f2metre online per diversos grups a la vegada<\/a>. Via Oscar de Paula<\/li>\n<li><a href=\"https:\/\/learninglegendario.com\/contador-online-escape-room-educativa\/\">Contador online configurable con penalizaci\u00f3n<\/a>. Juan Daniel Sobrado<\/li>\n<li><a href=\"https:\/\/www.worksheetworks.com\/math\/geometry\/graphing\/secret-line-message.html\">Generador de mensajes en un mapa de coordenadas<\/a><\/li>\n<li><a href=\"https:\/\/worksheets.theteacherscorner.net\/make-your-own\/word-search\/\">Generador de sopes de lletres totalment editable<\/a><\/li>\n<li><a href=\"http:\/\/www.simonsingh.net\/The_Black_Chamber\/chamberguide.html\">Generador de c\u00f3digos Black Chamber<\/a> in english.<\/li>\n<li><a href=\"http:\/\/scape.enepe.fr\/ressources\/triphrase\/\">Generador de c\u00f3digo con frases en diferentes colores<\/a> (en franc\u00e9s)<\/li>\n<li><a href=\"https:\/\/www.festisite.com\/text-layout\/maze\/\">Generador de laberintos con frases<\/a> via Susan Dreger<\/li>\n<li><a href=\"http:\/\/goqr.me\/\">Generador de codis QR donada qualsevol adre\u00e7a d\u2019internet<\/a><\/li>\n<li><a href=\"http:\/\/www.ea8brw.es\/index.php\/recursos\/cw-telegrafia\/generador-de-codigo-morse\">Generador de codi morse en fitxers d\u2019\u00e0udio<\/a><\/li>\n<li><a href=\"https:\/\/www.mobilefish.com\/services\/hieroglyphs\/hieroglyphs.php\">Generador de jerogl\u00edficos online<\/a><\/li>\n<li><a href=\"http:\/\/sacodejuegos.com\/recursos\/codificacion-de-mensajes\">Generador de c\u00f3digo de banderas o cuadr\u00edculas online<\/a> via Saco de Juegos<\/li>\n<li><a href=\"https:\/\/www.brailletranslator.org\/es.html\">Generador de missatges en Braille<\/a> via Alejandra Grau<\/li>\n<li><a href=\"https:\/\/www.festisite.com\/text-layout\/maze\">Creador de diversos enigmes a partir de paraules<\/a> via Albert Riera<\/li>\n<li><a href=\"http:\/\/www.warmplace.ru\/soft\/phonopaper\/\">Phonopaper:<\/a> app per Android i IOs que permet generar i llegir representacions visuals d\u2019imatges. Via Jan Gonzalo.<\/li>\n<li><a href=\"https:\/\/www.spiderarmy.com\/mirror-words-flip-text-reverse-words-upside-down-words-and-text\">Crear mensajes tipo espejo<\/a><\/li>\n<li><a href=\"https:\/\/lyricstraining.com\">com<\/a> servei online que permet crear un jocs de \u2018missing words\u2019 a partir d\u2019un v\u00eddeoclip<\/li>\n<li><a href=\"http:\/\/scratched.gse.harvard.edu\/resources\/vector-scratch-blocks\">Imatges vectorials del blocs de Scratch per imprimir a qualsevol mida<\/a><\/li>\n<li><a href=\"https:\/\/www.fodey.com\/generators\/newspaper\/snippet.asp\">Generador de not\u00edcies falses publicades en un diari.<\/a> Permet personalitzar el contingut i crear una imatge en un fragment.<\/li>\n<li><a href=\"http:\/\/snotes.com\/\">Snotes<\/a>. Permet crear paraules secretes superposades per imprimir en color. Cal donar pistes per veure les paraules ocultes.<\/li>\n<li><a href=\"http:\/\/www.semaphorify.info\/\">Banderas<\/a>. Permite crear un mensaje secreto con las banderas n\u00e1uticas.<\/li>\n<li><a href=\"https:\/\/www.worksheetworks.com\/puzzles\/secret-map.html\">Pista para candado direccional.\u00a0<\/a><\/li>\n<li><a href=\"http:\/\/quaap.com\/edu\/worksheets\/code.php\">C\u00f3digos raros<\/a>. Crea mensajes secretos con fuentes de dibujos extra\u00f1as.<\/li>\n<li><a href=\"https:\/\/codepen.io\/ninivert\/full\/JEPzxO\">Tilt to read<\/a>. Crea un c\u00f3digo de letras alargadas tipo snotes.<\/li>\n<li><a href=\"http:\/\/www.fakewhats.com\/generator\">Fake whatsapp conversation generator<\/a>. In english.<\/li>\n<li><a href=\"http:\/\/www.discoveryeducation.com\/free-puzzlemaker\/?CFID=5449255&amp;CFTOKEN=c1f1ae45c1110d67-8EA5B447-BAD0-CC28-3D1925182EB0A7F5\">Generador configurable de tota mena de puzzles<\/a>: criptogrames, missatges ocults, laberints, sopes de lletres\u2026<\/li>\n<li><a href=\"https:\/\/thinfi.com\/\">Acortador de url con contrase\u00f1a<\/a> o <a href=\"https:\/\/www.hidelinks.com\/\">este<\/a><\/li>\n<li><a href=\"https:\/\/www.postermywall.com\/index.php\/g\/wanted-posters\">Crear p\u00f3ster de wanted autom\u00e1tico:<\/a> genera un p\u00f3ster.<\/li>\n<li><a href=\"http:\/\/geogreeting.com\/main.html\">Mensaje secreto formado por la forma de los edificios de google maps<\/a><\/li>\n<li><a href=\"http:\/\/www.glassgiant.com\/wanted\/\">Otro creador de p\u00f3ster tipo wanted<\/a><\/li>\n<li><a href=\"http:\/\/www.puzzledpint.com\/files\/3614\/6881\/3541\/CodeSheet_07_2016.pdf\">Hoja de c\u00f3digos variados<\/a> en la misma hoja en pdf<\/li>\n<li><a href=\"http:\/\/www.melissaanddoug.com\/blogpost?postId=6-secret-codes-for-kids\">Secret codes for kids<\/a>: 6 idees senzilles per crear missatges codificats<\/li>\n<li><a href=\"http:\/\/www.myrebus.com\">Generador de pictogrames a partir de paraules<\/a>. In english.<\/li>\n<li><a href=\"http:\/\/www.crucigrama.org\/mots-encreuats.php\">Generador de mots encreuats per imprimir i en catal\u00e0<\/a>. Via Victor Macip<\/li>\n<li><a href=\"https:\/\/thrilling-tales.webomator.com\/derange-o-lab\/pulp-o-mizer\/pulp-o-mizer.html\">Generador de p\u00f3sters<\/a>. Espectaculares.<\/li>\n<li><a href=\"http:\/\/www.yeray.com\/generadorcartas\/\">Generador de manuscritos antiguos<\/a>. Via Beatriz Cerd\u00e1n.<\/li>\n<li><a href=\"https:\/\/play.google.com\/store\/apps\/details?id=com.baviux.voicechanger\">Voice Changer<\/a>: android app that modifies a voice message with multiple effects. Via Vicen\u00e7 Serralta<\/li>\n<li><a href=\"https:\/\/www.timeanddate.com\/clocks\/freecountdown.html\">Free Countdown Timer for Your Website<\/a>: rellotge amb compte enrere, personalitzable. Es pot incrustar a qualsevol lloc web. Via Pere Cornell\u00e0.<\/li>\n<li><a href=\"http:\/\/www.ransomizer.com\/\">The Ransomizer<\/a>: crea notes de text que semblen fetes de retalls de lletres a partir de textos que ja tinguem. Via Pere Cornell\u00e0.<\/li>\n<li><a href=\"https:\/\/dabblesandbabbles.com\/printable-secret-decoder-wheel\/\">Printable Secret Decoder Wheel<\/a>: decodificador circular. V\u00eda Clara Cordero.<\/li>\n<li><a href=\"https:\/\/list.ly\/list\/20oD-desarrollos-para-contrasenas-y-passwords\">Desarrollos webs con contrase\u00f1as para descargar o usar directamente<\/a>. V\u00eda Pepe Soriano<\/li>\n<li><a href=\"https:\/\/mtgcardsmith.com\">Generador de cartas<\/a>. Via Javier Barba.<\/li>\n<li><a href=\"https:\/\/m.photofunia.com\/\">Generador de fotomontajes<\/a>. Via Yolanda Silveira.<\/li>\n<li><a href=\"http:\/\/www.idfakes.com\/\">Generador de Tarjetas de identificaci\u00f3n<\/a> (ID Cards). In English<\/li>\n<li><a href=\"http:\/\/www.legalfakes.com\/\">Generador de diferentes documentos legales falsos<\/a>. In English<\/li>\n<li><a href=\"http:\/\/artmind-etcetera.blogspot.com.es\/2009\/05\/how-to-make-scratch-off-lottery-tickets.html\">Tutorial para crear boletos con tinta rascable<\/a>. In english<\/li>\n<li><a href=\"http:\/\/omatic.musicairport.com\/\">Generador de billetes de avi\u00f3n falsos<\/a>. In english<\/li>\n<li><a href=\"https:\/\/learninglegendario.com\/como-hacer-mecanismo-escape-room-educativa-la-caja-de-respuestas-misteriosa\/\">C\u00f3mo hacer un mecanismo el\u00e9ctrico para una caja de respuestas misteriosa<\/a>. V\u00eda Juan Daniel Sobrado<\/li>\n<li><a href=\"https:\/\/planetcalc.com\/1434\/\">Codificador \u201cCesar\u201d autom\u00e1tico seg\u00fan alfabeto<\/a>. Permite codificar un texto desplazando las posiciones seg\u00fan un n\u00famero determinado. V\u00eda Pepe Soriano<\/li>\n<li><a href=\"http:\/\/blog.nowescape.com\/100-more-great-escape-room-puzzle-ideas\/\">Escape Room Puzzle Ideas<\/a>. In english<\/li>\n<li><a href=\"https:\/\/www.experciencia.com\/mensajes-secretos\/amp\/\">Crear mensajes ocultos visibles con filtros de colores<\/a>. V\u00eda Clara Cordero<\/li>\n<li><a href=\"https:\/\/www.timetaco.com\/\"> Generador de Cuentas Atr\u00e1s online<\/a>. V\u00eda Clara Cordero<\/li>\n<li><a href=\"https:\/\/eduescaperoom.com\/codificador-de-colores\/\">El codificador de colores<\/a>. Crea mensajes ocultos visibles con un filtro rojo. V\u00eda Juan Daniel Sobrado<\/li>\n<li><a href=\"http:\/\/roomescapemaker.com\/\">Room Escape Maker<\/a>: servicio online que permite crear escape rooms via web. V\u00eda <a href=\"https:\/\/escapeclassroom.wixsite.com\/math\/contact\">El Club de los Pitag\u00f3ricos<\/a><\/li>\n<li><a href=\"http:\/\/www.acrosticpoem.org\/\">Generador de poemas Acr\u00f3sticos:<\/a> crea poemas en los que la primera letra de cada verso crea una palabra. V\u00eda <a href=\"https:\/\/escapeclassroom.wixsite.com\/math\/contact\">El Club de los Pitag\u00f3ricos<\/a>.<\/li>\n<li><a href=\"https:\/\/vocaroo.com\/\">Audio message online recorder:<\/a> Permite grabar y reproducir mensaje de voz a partir de una url.<\/li>\n<li><a href=\"http:\/\/www.binarytranslator.com\/\">Traductor de c\u00f3digo binario<\/a>. De texto a binario y al rev\u00e9s.<\/li>\n<li><a href=\"http:\/\/www.imagechef.com\/\">Creador de im\u00e1genes animadas a partir de un texto.<\/a> In English.<\/li>\n<li><a href=\"https:\/\/www.riddles.com\/\">Riddles<\/a>: a huge database of hundreds sorted by age.<\/li>\n<li><a href=\"https:\/\/www.mobilefish.com\/services\/wanted_poster\/wanted_poster.php\">Generador de posters tipo \u201cSe busca\u201d Farwest.<\/a><\/li>\n<li><a href=\"https:\/\/eduescaperoom.com\/codificador-rejilla\">Mensajes oculto tras rejilla via eduescaperoom.com<\/a><\/li>\n<li><a href=\"https:\/\/simonsingh.net\/The_Black_Chamber\/pigpen.html\">Pigpen code: how does it work?<\/a> via Ana Clara Garc\u00eda<\/li>\n<li><a href=\"http:\/\/enigma.louisedade.co.uk\/enigma.html\">Simulador de la m\u00e1quina de codificaci\u00f3n Enigma<\/a>. Via Aaron Asencio<\/li>\n<li><a href=\"https:\/\/mergevr.com\/cube?cr=4848\">Mergecube: Enigmas en Realidad Aumentada (RA).<\/a> V\u00eda Pablo Sotoca<\/li>\n<li><a href=\"https:\/\/play.google.com\/store\/apps\/details?id=com.baviux.voicechanger&amp;hl=es\">Cambiador de voz con efectos: App gratu\u00edta para distorsionar voz.<\/a> V\u00eda Pablo Sotoca<\/li>\n<li><a href=\"https:\/\/www.youtube.com\/watch?v=H0ZHKbWrjoI\">C\u00f3mo usar Merge Cube en un Breakout<\/a>. Via V\u00edctor G. Mu\u00f1iz<\/li>\n<\/ul>\n<p>&nbsp;<\/p>\n","protected":false},"excerpt":{"rendered":"<p>Eines, serveis i recursos per generar i gestionar enigmes Playlist Videotutoriales recursos para generar pistas V\u00eddeo Timer de 45\u2019 amb m\u00fasica cl\u00e0ssica Diversos Timers (Cron\u00f2metres animats) Com crear un q\u00fcestionari online amb Google Forms. Videotutorial de cHristian Negre. Cron\u00f2metre online per diversos grups a la vegada. Via Oscar de Paula Contador online configurable con penalizaci\u00f3n. [&hellip;]<\/p>\n","protected":false},"author":3,"featured_media":0,"parent":17829,"menu_order":0,"comment_status":"closed","ping_status":"closed","template":"","meta":{"_bbp_topic_count":0,"_bbp_reply_count":0,"_bbp_total_topic_count":0,"_bbp_total_reply_count":0,"_bbp_voice_count":0,"_bbp_anonymous_reply_count":0,"_bbp_topic_count_hidden":0,"_bbp_reply_count_hidden":0,"_bbp_forum_subforum_count":0,"site-sidebar-layout":"default","site-content-layout":"","ast-site-content-layout":"","site-content-style":"default","site-sidebar-style":"default","ast-global-header-display":"","ast-banner-title-visibility":"","ast-main-header-display":"","ast-hfb-above-header-display":"","ast-hfb-below-header-display":"","ast-hfb-mobile-header-display":"","site-post-title":"","ast-breadcrumbs-content":"","ast-featured-img":"","footer-sml-layout":"","theme-transparent-header-meta":"","adv-header-id-meta":"","stick-header-meta":"","header-above-stick-meta":"","header-main-stick-meta":"","header-below-stick-meta":"","astra-migrate-meta-layouts":"default","ast-page-background-enabled":"default","ast-page-background-meta":{"desktop":{"background-color":"var(--ast-global-color-4)","background-image":"","background-repeat":"repeat","background-position":"center center","background-size":"auto","background-attachment":"scroll","background-type":"","background-media":"","overlay-type":"","overlay-color":"","overlay-opacity":"","overlay-gradient":""},"tablet":{"background-color":"","background-image":"","background-repeat":"repeat","background-position":"center center","background-size":"auto","background-attachment":"scroll","background-type":"","background-media":"","overlay-type":"","overlay-color":"","overlay-opacity":"","overlay-gradient":""},"mobile":{"background-color":"","background-image":"","background-repeat":"repeat","background-position":"center center","background-size":"auto","background-attachment":"scroll","background-type":"","background-media":"","overlay-type":"","overlay-color":"","overlay-opacity":"","overlay-gradient":""}},"ast-content-background-meta":{"desktop":{"background-color":"var(--ast-global-color-5)","background-image":"","background-repeat":"repeat","background-position":"center center","background-size":"auto","background-attachment":"scroll","background-type":"","background-media":"","overlay-type":"","overlay-color":"","overlay-opacity":"","overlay-gradient":""},"tablet":{"background-color":"var(--ast-global-color-5)","background-image":"","background-repeat":"repeat","background-position":"center center","background-size":"auto","background-attachment":"scroll","background-type":"","background-media":"","overlay-type":"","overlay-color":"","overlay-opacity":"","overlay-gradient":""},"mobile":{"background-color":"var(--ast-global-color-5)","background-image":"","background-repeat":"repeat","background-position":"center center","background-size":"auto","background-attachment":"scroll","background-type":"","background-media":"","overlay-type":"","overlay-color":"","overlay-opacity":"","overlay-gradient":""}},"footnotes":""},"class_list":["post-17849","page","type-page","status-publish","hentry"],"post_mailing_queue_ids":[],"_links":{"self":[{"href":"https:\/\/serveiseducatius.xtec.cat\/garrigues\/wp-json\/wp\/v2\/pages\/17849","targetHints":{"allow":["GET"]}}],"collection":[{"href":"https:\/\/serveiseducatius.xtec.cat\/garrigues\/wp-json\/wp\/v2\/pages"}],"about":[{"href":"https:\/\/serveiseducatius.xtec.cat\/garrigues\/wp-json\/wp\/v2\/types\/page"}],"author":[{"embeddable":true,"href":"https:\/\/serveiseducatius.xtec.cat\/garrigues\/wp-json\/wp\/v2\/users\/3"}],"replies":[{"embeddable":true,"href":"https:\/\/serveiseducatius.xtec.cat\/garrigues\/wp-json\/wp\/v2\/comments?post=17849"}],"version-history":[{"count":2,"href":"https:\/\/serveiseducatius.xtec.cat\/garrigues\/wp-json\/wp\/v2\/pages\/17849\/revisions"}],"predecessor-version":[{"id":17924,"href":"https:\/\/serveiseducatius.xtec.cat\/garrigues\/wp-json\/wp\/v2\/pages\/17849\/revisions\/17924"}],"up":[{"embeddable":true,"href":"https:\/\/serveiseducatius.xtec.cat\/garrigues\/wp-json\/wp\/v2\/pages\/17829"}],"wp:attachment":[{"href":"https:\/\/serveiseducatius.xtec.cat\/garrigues\/wp-json\/wp\/v2\/media?parent=17849"}],"curies":[{"name":"wp","href":"https:\/\/api.w.org\/{rel}","templated":true}]}}