{"id":17846,"date":"2019-10-16T14:09:06","date_gmt":"2019-10-16T12:09:06","guid":{"rendered":"https:\/\/serveiseducatius.xtec.cat\/garrigues\/?page_id=17846"},"modified":"2019-10-30T14:42:11","modified_gmt":"2019-10-30T13:42:11","slug":"break-out-edu-jocs","status":"publish","type":"page","link":"https:\/\/serveiseducatius.xtec.cat\/garrigues\/recursos\/breakout-edu\/break-out-edu-jocs\/","title":{"rendered":"Break out edu. Jocs"},"content":{"rendered":"<h3>Jocs sencers o experi\u00e8ncies documentades per docents<\/h3>\n<ul>\n<li><a href=\"http:\/\/www.applejux.org\/2017\/02\/micro-actividad-breakoutedu-para-els-tour-docentesinnovadores-descarga-los-materiales\/\">Micro actividad #breakoutedu para el tour #docentesinnovadores.<\/a> cHristian Negre i walczak<\/li>\n<li><a href=\"http:\/\/www.applejux.org\/2018\/06\/como-fue-el-breakout-para-800-participantes-en-itworldedu10\/\">\u201cMassive Breakout\u201d.<\/a> Breakout r\u00e1pido para 800 participantes. cHristian negre i walczak<\/li>\n<li><a href=\"https:\/\/drive.google.com\/drive\/folders\/0B-R1Ooox04X0Z3BkN3FyaGpCUEU?usp=sharing\">\u201cLa caja misteriosa\u201d.<\/a> Primer juego oficial en espa\u00f1ol de la plataforma Breakoutedu. cHristian Negre i walczak<\/li>\n<li><a href=\"https:\/\/superbea809.wixsite.com\/escape-room-zombie\">Atrapados con un zombie <\/a>Bea Cerd\u00e1n. 6\u00ba primaria.<\/li>\n<li><a href=\"https:\/\/superbea809.wixsite.com\/hospitalabandonado\">El hospital abandonado<\/a>. Bea Cerd\u00e1n . 3\u00ba primaria<\/li>\n<li><a href=\"https:\/\/superbea809.wixsite.com\/escape-room\">Escape room 6\u00ba primaria <\/a>Bea Cerd\u00e1n<\/li>\n<li><a href=\"https:\/\/superbea809.wixsite.com\/lamaquinadeltiempo\">La m\u00e1quina del tiempo.<\/a> 3\u00ba primaria\u00a0 Bea Cerd\u00e1n<\/li>\n<li><a href=\"https:\/\/1d10enlamochila.files.wordpress.com\/2016\/05\/gta-cat.pdf\">La caixa de la geografia estad\u00edstica<\/a>. Natxo Mat\u00e9<\/li>\n<li><a href=\"https:\/\/educatomica.wordpress.com\/2017\/04\/25\/gamificacio-breakoutedu-la-desaparicio-de-lalquimista\/\">La desaparici\u00f3 de l\u2019alquimista<\/a>. Albert Parrilla<\/li>\n<li><a href=\"https:\/\/opaula0.wixsite.com\/strangerthings\">\u201cStranger things\u201d<\/a>. Oscar de Paula<\/li>\n<li><a href=\"https:\/\/joseluisredondo.me\/2017\/09\/08\/breakoutedu-la-forma-analogica-de-gamificar\/\">La forma anal\u00f3gica de gamificar.<\/a> Jose Luis Redondo<\/li>\n<li><a href=\"https:\/\/learninglegendario.com\/escape-room-como-herramienta-formacion\/\">Un escape room como herramienta de formaci\u00f3n<\/a>. Juan Daniel Sobrado<\/li>\n<li><a href=\"http:\/\/www.musikawa.es\/mi-escaperoom-educativo-explicado-paso-a-paso-ii-musikawa\/\">#EscapeRoom educativo, paso a paso<\/a>. Antonio J. Calvillo<\/li>\n<li><a href=\"https:\/\/sincronizandolasideas.blogspot.com.es\/2017\/02\/escapeclassroom-en-lengua-y-literatura.html\">EscapeClassRoom en Lengua y literatura<\/a>. Javier Sim\u00f3n<\/li>\n<li><a href=\"http:\/\/ximonebot.wixsite.com\/blog\/single-post\/2017\/02\/13\/Prueba-de-escape-QUATREclaus\">EscapeRoom QuatreClaus<\/a>. Ximo Nebot<\/li>\n<li><a href=\"http:\/\/quintohumanitas.wixsite.com\/escaperoom\">EscapeRoom<\/a>. Dany Humanitas y Antonio M\u00e9ndez<\/li>\n<li><a href=\"https:\/\/palabrasdamanaocorazon.blogspot.com.es\/2017\/10\/process-writing-workshop-for-teachers.html\">Writing breakoutEDU for Teachers<\/a>. Dolores Olveira and Diana Pastoriza<\/li>\n<li><a href=\"https:\/\/maraadelacamachomanarel.wordpress.com\/2017\/12\/22\/escape-room-el-perdido-libro-secreto-de-los-druidas\/\">Escape Room. El perdido libro secreto de los druidas<\/a>. Maria Adela Camacho.<\/li>\n<li><a href=\"https:\/\/enmarchaconlastic.educarex.es\/251-emtic\/juegos-y-gamificacion\/3032-escape-lengua\">Un escape room para trabajar los contenidos de lengua<\/a>. Jos\u00e9 Antonio Gil Tejada.<\/li>\n<li><a href=\"https:\/\/leccionesdehistoria.com\/4eso\/breakout-revolucion-industrial-imperialismo\/\">La revoluci\u00f3n industrial y el imperialismo<\/a>. Rosa Liarte.<\/li>\n<li><a href=\"https:\/\/drive.google.com\/drive\/folders\/1-9KNo6lGrS7Qdv4vFc_Uepa-Us9d2Tqz\">Breakout de Qu\u00edmica<\/a>. Enrique Ferrero.<\/li>\n<li><a href=\"https:\/\/emtic.educarex.es\/crea\/ccss\/ccss_antia\/index.html\">Ant\u00eda y el escarabajo maldito<\/a>. Breakout sin candados. Alfonso Gaspar Hern\u00e1ndez.<\/li>\n<li><a href=\"https:\/\/drive.google.com\/file\/d\/1-v1TsTKyKYJy54iO136pRXiu6TS6ppnF\/view?usp=sharing\">El Gran Houdini<\/a>. Vicen\u00e7 Rodr\u00edguez y Xisco Hern\u00e1ndez.<\/li>\n<li><a href=\"http:\/\/www.institutnarcisoller.org\/espaitac\/?page_id=2144\">Taller de Creaci\u00f3 Breakout<\/a>. Institut Narc\u00eds Oller. Comissi\u00f3 TAC<\/li>\n<li><a href=\"https:\/\/profejosepascual.wixsite.com\/planlector\">Ejemplo de Breakout Digital, parte final de una gamificaci\u00f3n<\/a>. Jose Pascual<\/li>\n<li><a href=\"http:\/\/frikazosenelaula.com\/el-laboratorio-de-isidoro\/\">El laboratorio de Isidoro<\/a>. Juan Antonio Subir\u00e1s Dieste. Evaluaci\u00f3n inicial de la asignatura de m\u00fasica para alumnos de Ciclo Superior.<\/li>\n<li>Gu\u00eda para dise\u00f1ar un breakout edu \u00a0<a style=\"font-family: inherit; font-size: 1em;\" href=\"http:\/\/www.blogsita.com\/wp-content\/uploads\/2018\/04\/break-out-y-escape-room-juegos-de-fuga.pdf\">http:\/\/www.blogsita.com\/wp-content\/uploads\/2018\/04\/break-out-y-escape-room-juegos-de-fuga.pdf<\/a><\/li>\n<li>Exemples: <a href=\"https:\/\/javibarba.wixsite.com\/educa\/breakoutedu\">https:\/\/javibarba.wixsite.com\/educa\/breakoutedu<\/a><\/li>\n<li>Experi\u00e8ncies <a style=\"font-family: inherit; font-size: 1em;\" href=\"https:\/\/sites.google.com\/educarex.es\/taller-breakoutedu-primaria\/experiencia-breakoutedu\">https:\/\/sites.google.com\/educarex.es\/taller-breakoutedu-primaria\/experiencia-breakoutedu<\/a><\/li>\n<\/ul>\n","protected":false},"excerpt":{"rendered":"<p>Jocs sencers o experi\u00e8ncies documentades per docents Micro actividad #breakoutedu para el tour #docentesinnovadores. cHristian Negre i walczak \u201cMassive Breakout\u201d. Breakout r\u00e1pido para 800 participantes. cHristian negre i walczak \u201cLa caja misteriosa\u201d. Primer juego oficial en espa\u00f1ol de la plataforma Breakoutedu. cHristian Negre i walczak Atrapados con un zombie Bea Cerd\u00e1n. 6\u00ba primaria. El hospital [&hellip;]<\/p>\n","protected":false},"author":3,"featured_media":0,"parent":17829,"menu_order":0,"comment_status":"closed","ping_status":"closed","template":"","meta":{"_bbp_topic_count":0,"_bbp_reply_count":0,"_bbp_total_topic_count":0,"_bbp_total_reply_count":0,"_bbp_voice_count":0,"_bbp_anonymous_reply_count":0,"_bbp_topic_count_hidden":0,"_bbp_reply_count_hidden":0,"_bbp_forum_subforum_count":0,"site-sidebar-layout":"default","site-content-layout":"","ast-site-content-layout":"","site-content-style":"default","site-sidebar-style":"default","ast-global-header-display":"","ast-banner-title-visibility":"","ast-main-header-display":"","ast-hfb-above-header-display":"","ast-hfb-below-header-display":"","ast-hfb-mobile-header-display":"","site-post-title":"","ast-breadcrumbs-content":"","ast-featured-img":"","footer-sml-layout":"","theme-transparent-header-meta":"","adv-header-id-meta":"","stick-header-meta":"","header-above-stick-meta":"","header-main-stick-meta":"","header-below-stick-meta":"","astra-migrate-meta-layouts":"default","ast-page-background-enabled":"default","ast-page-background-meta":{"desktop":{"background-color":"var(--ast-global-color-4)","background-image":"","background-repeat":"repeat","background-position":"center center","background-size":"auto","background-attachment":"scroll","background-type":"","background-media":"","overlay-type":"","overlay-color":"","overlay-opacity":"","overlay-gradient":""},"tablet":{"background-color":"","background-image":"","background-repeat":"repeat","background-position":"center center","background-size":"auto","background-attachment":"scroll","background-type":"","background-media":"","overlay-type":"","overlay-color":"","overlay-opacity":"","overlay-gradient":""},"mobile":{"background-color":"","background-image":"","background-repeat":"repeat","background-position":"center center","background-size":"auto","background-attachment":"scroll","background-type":"","background-media":"","overlay-type":"","overlay-color":"","overlay-opacity":"","overlay-gradient":""}},"ast-content-background-meta":{"desktop":{"background-color":"var(--ast-global-color-5)","background-image":"","background-repeat":"repeat","background-position":"center center","background-size":"auto","background-attachment":"scroll","background-type":"","background-media":"","overlay-type":"","overlay-color":"","overlay-opacity":"","overlay-gradient":""},"tablet":{"background-color":"var(--ast-global-color-5)","background-image":"","background-repeat":"repeat","background-position":"center center","background-size":"auto","background-attachment":"scroll","background-type":"","background-media":"","overlay-type":"","overlay-color":"","overlay-opacity":"","overlay-gradient":""},"mobile":{"background-color":"var(--ast-global-color-5)","background-image":"","background-repeat":"repeat","background-position":"center center","background-size":"auto","background-attachment":"scroll","background-type":"","background-media":"","overlay-type":"","overlay-color":"","overlay-opacity":"","overlay-gradient":""}},"footnotes":""},"class_list":["post-17846","page","type-page","status-publish","hentry"],"post_mailing_queue_ids":[],"_links":{"self":[{"href":"https:\/\/serveiseducatius.xtec.cat\/garrigues\/wp-json\/wp\/v2\/pages\/17846","targetHints":{"allow":["GET"]}}],"collection":[{"href":"https:\/\/serveiseducatius.xtec.cat\/garrigues\/wp-json\/wp\/v2\/pages"}],"about":[{"href":"https:\/\/serveiseducatius.xtec.cat\/garrigues\/wp-json\/wp\/v2\/types\/page"}],"author":[{"embeddable":true,"href":"https:\/\/serveiseducatius.xtec.cat\/garrigues\/wp-json\/wp\/v2\/users\/3"}],"replies":[{"embeddable":true,"href":"https:\/\/serveiseducatius.xtec.cat\/garrigues\/wp-json\/wp\/v2\/comments?post=17846"}],"version-history":[{"count":3,"href":"https:\/\/serveiseducatius.xtec.cat\/garrigues\/wp-json\/wp\/v2\/pages\/17846\/revisions"}],"predecessor-version":[{"id":17949,"href":"https:\/\/serveiseducatius.xtec.cat\/garrigues\/wp-json\/wp\/v2\/pages\/17846\/revisions\/17949"}],"up":[{"embeddable":true,"href":"https:\/\/serveiseducatius.xtec.cat\/garrigues\/wp-json\/wp\/v2\/pages\/17829"}],"wp:attachment":[{"href":"https:\/\/serveiseducatius.xtec.cat\/garrigues\/wp-json\/wp\/v2\/media?parent=17846"}],"curies":[{"name":"wp","href":"https:\/\/api.w.org\/{rel}","templated":true}]}}