{"id":17843,"date":"2019-10-16T14:03:46","date_gmt":"2019-10-16T12:03:46","guid":{"rendered":"https:\/\/serveiseducatius.xtec.cat\/garrigues\/?page_id=17843"},"modified":"2022-04-20T14:40:45","modified_gmt":"2022-04-20T12:40:45","slug":"break-out-edu-passos","status":"publish","type":"page","link":"https:\/\/serveiseducatius.xtec.cat\/garrigues\/recursos\/breakout-edu\/break-out-edu-passos\/","title":{"rendered":"Break out edu. Passos"},"content":{"rendered":"<h3><strong>Passos<\/strong><\/h3>\n<ol>\n<li>Necessito con\u00e8ixer l<strong>&#8216;espai i el nombre de participants<\/strong>. Com sol ser un nombre elevat de participants (30-40 persones) i l&#8217;espai no sol acompanyar a la immersi\u00f3 (una aula corrent \u00e9s l&#8217;habitual). Es pot repartir el grup en equips <strong>un cop dins de l&#8217;experi\u00e8ncia<\/strong>. \u00c9s a dir, el primer repte suposa trobar al teu equip. \u00c9s important que quedi clar des de l&#8217;inici que entren i surten junts. \u00c9s curi\u00f3s com, per regla general, una vegada fan equips no presten atenci\u00f3 a la resta de companys i aix\u00f2 fa que es compliqui l&#8217;experi\u00e8ncia. Ho faig aix\u00ed amb la clara intenci\u00f3 que comprovin posteriorment la import\u00e0ncia de la cohesi\u00f3 del grup, no nom\u00e9s de petits grups sin\u00f3 del grup sencer. \u00c9s m\u00e9s, l&#8217;\u00faltim desafiament o repte proposat han de resoldre-ho de manera conjunta en la majoria dels casos.<\/li>\n<li>El seg\u00fcent pas \u00e9s <strong>imaginar una narrativa.<\/strong> En aquest punt, l&#8217;ideal \u00e9s que es consideri una narrativa atractiva per al grup que va a participar, en base als seus interessos, g\u00e8nere, edat, etc. En el meu cas, la majoria de les vegades em donen un t\u00edtol o tema i la desenvolupament partint d&#8217;aix\u00f2; i, en el cas que la dissenyi jo completament, i at\u00e8s que s\u00f3n formacions ocasionals on no conec als participants, intento que sigui un tema atractiu general. Moltes vegades, s\u00f3n els mateixos components de joc els que m&#8217;ajuden a definir la narrativa.<\/li>\n<li><strong>El primer &#8220;wow&#8221;<\/strong> \u00e9s molt important. \u00c9s el que <strong>desperta la curiositat<\/strong> pel que vindr\u00e0. Per a aix\u00f2 el m\u00e9s habitual \u00e9s un v\u00eddeo que introdueix la narrativa. Per\u00f2 hi ha moltes maneres d&#8217;introduir un v\u00eddeo. Aqu\u00ed tot dep\u00e8n del temps que es tingui. Pot ser una esp\u00e8cie de tr\u00e0iler del que experimentaran o pot ser la mateixa presentaci\u00f3 de l&#8217;objectiu, fins i tot pot ser com un dels protagonistes de la narrativa els convida a embarcar-se en una aventura. En general, aquest impacte el visionen uns minuts abans de comen\u00e7ar l&#8217;experi\u00e8ncia i alguna vegada ho he acompanyat d&#8217;un contracte &#8220;que em alliberava de responsabilitat ja que podia succeir&#8221; (un altre ganxo per atreure cap a l&#8217;experi\u00e8ncia). <strong>L&#8217;est\u00e8tica de l&#8217;experi\u00e8ncia \u00e9s fonamental!<\/strong><\/li>\n<li>El seg\u00fcent pas \u00e9s i<strong>dentificar els objectius did\u00e0ctics i el nombre de reptes<\/strong>. Com dic, aquest \u00e9s el meu cas particular. Si ets docent, aquest pas haur\u00e0s de fer-ho en primer lloc ja que \u00e9s el teu <strong>prop\u00f2sit<\/strong> per a realitzar una fuita room. En aquest punt, el temps \u00e9s crucial. Dependr\u00e0 de quant temps tinguem per l&#8217;experi\u00e8ncia el nombre de reptes que puc dissenyar. Com t&#8217;he comentat que divideixo als participants en equips, \u00e9s important que els reptes siguin de diferent resultat perqu\u00e8 no es copi\u00efn. Aix\u00f2 no vol dir que siguin diferents tipus de reptes, nom\u00e9s de continguts. Per exemple, si el repte primer \u00e9s un QR, tots els equips resoldran un QR encara que aquest QR tingui un contingut diferent. \u00c9s important valorar la dificultat dels reptes perqu\u00e8 les experi\u00e8ncies molt llargues provoquen avorriment i desenc\u00eds i aix\u00f2 fa que s&#8217;allunyin del nostre objectiu de motivaci\u00f3. La meva recomanaci\u00f3 \u00e9s que sigui de 30-45 minuts de temps i contingui de 5-7 reptes diferents. Recordar la import\u00e0ncia de fer-lo m\u00e9s immersiu i coherent fent que cada repte porti al seg\u00fcent i estiguin filats.<\/li>\n<li>Estableix les<strong> regles de participaci\u00f3<\/strong>: el temps de qu\u00e8 disposen, l&#8217;inici per trobar el seu grup (potser amb un nombre de participaci\u00f3), objectiu final, etc. Caldr\u00e0 donar instruccions molt clares perqu\u00e8 ning\u00fa s&#8217;avanci o realitzi el repte d&#8217;un altre equip. \u00c9s molt important <strong>LLEGIR<\/strong>. Cada repte pot anar acompanyat de cartells indicatius o pistes si ho consideres necessari per a la seva comprensi\u00f3. Recorda que en aquest tipus d&#8217;experi\u00e8ncies que \u00e9s obvi, no ho \u00e9s tant. Tot i que en alguna ocasi\u00f3 he utilitzat targetes &#8220;castigadoras&#8221; per pistes (reduint el temps) he comprovat que no s\u00f3n efectives. En realitat el meu objectiu no \u00e9s que competeixin sin\u00f3 que cooperin i gaudeixin.<\/li>\n<li>Exploro la xarxa cercant <strong>components<\/strong> que poden resultar interessants, atractius&#8230;\n<ul>\n<li>Candaus de diferents formats (<a href=\"https:\/\/www.amazon.es\/Candado-movimiento-direccional-para-vestuarios\/dp\/B009ARUYGE\/ref=sr_1_12?ie=UTF8&amp;qid=1520244268&amp;sr=8-12&amp;keywords=candados\">direccional<\/a>,\u00a0<a href=\"https:\/\/www.amazon.es\/TRIXES-familiar-candados-casilleros-escolares\/dp\/B0096NR8H0\/ref=sr_1_14?ie=UTF8&amp;qid=1520244268&amp;sr=8-14&amp;keywords=candados\">num\u00e8rics<\/a>,<a href=\"https:\/\/www.amazon.es\/COM-FOUR-30-Candado-lat%C3%B3n-llaves\/dp\/B01C73K534\/ref=sr_1_11?ie=UTF8&amp;qid=1520244268&amp;sr=8-11&amp;keywords=candados\"> claus<\/a> , de <a href=\"https:\/\/www.amazon.es\/Silverline-Tools-Candado-de-combinaci%C3%B3n\/dp\/B00BGL4L9S\/ref=sr_1_9?ie=UTF8&amp;qid=1520244268&amp;sr=8-9&amp;keywords=candados\">combinaci\u00f3<\/a>, de l<a href=\"https:\/\/www.amazon.es\/TRIXES-Candado-Negro-Combinaci%C3%B3n-5-Letras\/dp\/B017WED6AM\/ref=sr_1_1?ie=UTF8&amp;qid=1520244268&amp;sr=8-1&amp;keywords=candados\">letres<\/a>,\u00a0\u00a0<a href=\"https:\/\/www.amazon.es\/Sonline-Cerradura-Cifrado-Candado-Combinacion\/dp\/B00X9IX4OY\/ref=sr_1_21?ie=UTF8&amp;qid=1520244268&amp;sr=8-21&amp;keywords=candados\">tipus caixa forta.<\/a><\/li>\n<li><a href=\"https:\/\/www.amazon.es\/Rotuladores-m%C3%A1gicos-Tinksky-invisible-12-unidades\/dp\/B019URWL28\/ref=sr_1_1?ie=UTF8&amp;qid=1520244559&amp;sr=8-1&amp;keywords=rotulador+tinta+invisible\">Retolador tinta invisible <\/a>i <a href=\"https:\/\/www.amazon.es\/Relefree-Linterna-395-400-Flashlight-Ultravioleta\/dp\/B01B4C72XK\/ref=sr_1_cc_1?s=aps&amp;ie=UTF8&amp;qid=1520244599&amp;sr=1-1-catcorr&amp;keywords=linterna+led+tinta+invisible\">lot led<\/a>.<\/li>\n<li>Caixes de fusta <a href=\"https:\/\/www.amazon.es\/gp\/product\/B0757DWGXN\/ref=oh_aui_detailpage_o07_s00?ie=UTF8&amp;psc=1\">exemple<\/a>.<\/li>\n<li>Altres tipus de caixa: de <a href=\"https:\/\/www.amazon.es\/gp\/product\/B002T23CTI\/ref=oh_aui_detailpage_o05_s00?ie=UTF8&amp;psc=1\">cartr\u00f3<\/a> ,<a href=\"https:\/\/www.amazon.es\/gp\/product\/B075DGNGH2\/ref=oh_aui_detailpage_o02_s00?ie=UTF8&amp;psc=1\">\u00a0minis\u00a0<\/a>( afegir claus escrites) o sobres lacrats amb codi.<\/li>\n<li><a href=\"https:\/\/www.amazon.es\/gp\/product\/B074JJJKDQ\/ref=oh_aui_detailpage_o08_s00?ie=UTF8&amp;psc=1\">Bosses multi\u00fas.<\/a><\/li>\n<li><a href=\"https:\/\/www.amazon.es\/gp\/product\/B00Y7KAM48\/ref=oh_aui_detailpage_o00_s00?ie=UTF8&amp;psc=1\">P\u00edndoles<\/a> per guardar secrets.<\/li>\n<li><a href=\"https:\/\/www.amazon.es\/gp\/product\/B000VRVX12\/ref=oh_aui_detailpage_o04_s00?ie=UTF8&amp;psc=1\">Formes <\/a>de goma eva per a codis.<\/li>\n<li>QR (imatges, text, \u00e0udios\u2026).<\/li>\n<li>Papers Especials.<\/li>\n<li>Experiments: amb imans per trobar claus o obrir candaus, amb aigua (alguna cosa flota amb missatge), miralls (alguna cosa oculta escrita).<\/li>\n<li>Apps:\u00a0<a href=\"http:\/\/hidesee.com\/\">HideSee<\/a>,\u00a0<a href=\"http:\/\/snotes.com\/snotes\/login.php\">Snotes<\/a>.<\/li>\n<li>Puzzles personalitzables, tangrams\u2026<\/li>\n<li>Mapes.<\/li>\n<\/ul>\n<\/li>\n<li><strong>Defineixo els reptes, el contingut did\u00e0ctic i els components <\/strong>que hauran d&#8217;utilitzar o amb el que hauran d&#8217;interactuar per a resoldre el repte i passar al seg\u00fcent.<\/li>\n<\/ol>\n","protected":false},"excerpt":{"rendered":"<p>Passos Necessito con\u00e8ixer l&#8216;espai i el nombre de participants. Com sol ser un nombre elevat de participants (30-40 persones) i l&#8217;espai no sol acompanyar a la immersi\u00f3 (una aula corrent \u00e9s l&#8217;habitual). Es pot repartir el grup en equips un cop dins de l&#8217;experi\u00e8ncia. \u00c9s a dir, el primer repte suposa trobar al teu equip. [&hellip;]<\/p>\n","protected":false},"author":3,"featured_media":0,"parent":17829,"menu_order":0,"comment_status":"closed","ping_status":"closed","template":"","meta":{"_bbp_topic_count":0,"_bbp_reply_count":0,"_bbp_total_topic_count":0,"_bbp_total_reply_count":0,"_bbp_voice_count":0,"_bbp_anonymous_reply_count":0,"_bbp_topic_count_hidden":0,"_bbp_reply_count_hidden":0,"_bbp_forum_subforum_count":0,"site-sidebar-layout":"default","site-content-layout":"","ast-site-content-layout":"","site-content-style":"default","site-sidebar-style":"default","ast-global-header-display":"","ast-banner-title-visibility":"","ast-main-header-display":"","ast-hfb-above-header-display":"","ast-hfb-below-header-display":"","ast-hfb-mobile-header-display":"","site-post-title":"","ast-breadcrumbs-content":"","ast-featured-img":"","footer-sml-layout":"","theme-transparent-header-meta":"","adv-header-id-meta":"","stick-header-meta":"","header-above-stick-meta":"","header-main-stick-meta":"","header-below-stick-meta":"","astra-migrate-meta-layouts":"default","ast-page-background-enabled":"default","ast-page-background-meta":{"desktop":{"background-color":"var(--ast-global-color-4)","background-image":"","background-repeat":"repeat","background-position":"center center","background-size":"auto","background-attachment":"scroll","background-type":"","background-media":"","overlay-type":"","overlay-color":"","overlay-opacity":"","overlay-gradient":""},"tablet":{"background-color":"","background-image":"","background-repeat":"repeat","background-position":"center center","background-size":"auto","background-attachment":"scroll","background-type":"","background-media":"","overlay-type":"","overlay-color":"","overlay-opacity":"","overlay-gradient":""},"mobile":{"background-color":"","background-image":"","background-repeat":"repeat","background-position":"center center","background-size":"auto","background-attachment":"scroll","background-type":"","background-media":"","overlay-type":"","overlay-color":"","overlay-opacity":"","overlay-gradient":""}},"ast-content-background-meta":{"desktop":{"background-color":"var(--ast-global-color-5)","background-image":"","background-repeat":"repeat","background-position":"center center","background-size":"auto","background-attachment":"scroll","background-type":"","background-media":"","overlay-type":"","overlay-color":"","overlay-opacity":"","overlay-gradient":""},"tablet":{"background-color":"var(--ast-global-color-5)","background-image":"","background-repeat":"repeat","background-position":"center center","background-size":"auto","background-attachment":"scroll","background-type":"","background-media":"","overlay-type":"","overlay-color":"","overlay-opacity":"","overlay-gradient":""},"mobile":{"background-color":"var(--ast-global-color-5)","background-image":"","background-repeat":"repeat","background-position":"center center","background-size":"auto","background-attachment":"scroll","background-type":"","background-media":"","overlay-type":"","overlay-color":"","overlay-opacity":"","overlay-gradient":""}},"footnotes":""},"class_list":["post-17843","page","type-page","status-publish","hentry"],"post_mailing_queue_ids":[],"_links":{"self":[{"href":"https:\/\/serveiseducatius.xtec.cat\/garrigues\/wp-json\/wp\/v2\/pages\/17843","targetHints":{"allow":["GET"]}}],"collection":[{"href":"https:\/\/serveiseducatius.xtec.cat\/garrigues\/wp-json\/wp\/v2\/pages"}],"about":[{"href":"https:\/\/serveiseducatius.xtec.cat\/garrigues\/wp-json\/wp\/v2\/types\/page"}],"author":[{"embeddable":true,"href":"https:\/\/serveiseducatius.xtec.cat\/garrigues\/wp-json\/wp\/v2\/users\/3"}],"replies":[{"embeddable":true,"href":"https:\/\/serveiseducatius.xtec.cat\/garrigues\/wp-json\/wp\/v2\/comments?post=17843"}],"version-history":[{"count":3,"href":"https:\/\/serveiseducatius.xtec.cat\/garrigues\/wp-json\/wp\/v2\/pages\/17843\/revisions"}],"predecessor-version":[{"id":20397,"href":"https:\/\/serveiseducatius.xtec.cat\/garrigues\/wp-json\/wp\/v2\/pages\/17843\/revisions\/20397"}],"up":[{"embeddable":true,"href":"https:\/\/serveiseducatius.xtec.cat\/garrigues\/wp-json\/wp\/v2\/pages\/17829"}],"wp:attachment":[{"href":"https:\/\/serveiseducatius.xtec.cat\/garrigues\/wp-json\/wp\/v2\/media?parent=17843"}],"curies":[{"name":"wp","href":"https:\/\/api.w.org\/{rel}","templated":true}]}}