{"id":17836,"date":"2019-10-16T13:21:32","date_gmt":"2019-10-16T11:21:32","guid":{"rendered":"https:\/\/serveiseducatius.xtec.cat\/garrigues\/?page_id=17836"},"modified":"2023-03-22T09:43:53","modified_gmt":"2023-03-22T08:43:53","slug":"break-out-edu-caixa-eines","status":"publish","type":"page","link":"https:\/\/serveiseducatius.xtec.cat\/garrigues\/recursos\/breakout-edu\/break-out-edu-caixa-eines\/","title":{"rendered":"Break out edu. Caixa Eines"},"content":{"rendered":"<h3><strong>La caixa d\u2019eines <\/strong><strong>\u00a0<\/strong><\/h3>\n<p>Una vegada que s&#8217;ha guardat la recompensa, la caixa es tancar\u00e0 i s\u2019haur\u00e0 de posar el cadenat o cadenats\u00a0 amb una combinaci\u00f3 de n\u00fameros o lletres que els alumnes hauran de desxifrar per poder-lo obrir.<\/p>\n<p><strong>La caixa d\u2019eines cont\u00e9:<\/strong><\/p>\n<p>&nbsp;<\/p>\n<table style=\"width: 453px;\">\n<tbody>\n<tr>\n<td style=\"width: 247px;\"><strong>1 Caixa<\/strong><\/td>\n<td style=\"width: 198px;\"><a href=\"https:\/\/serveiseducatius.xtec.cat\/garrigues\/wp-content\/uploads\/usu142\/2019\/10\/caixa.png\"><img loading=\"lazy\" decoding=\"async\" class=\"alignnone wp-image-17892\" src=\"https:\/\/serveiseducatius.xtec.cat\/garrigues\/wp-content\/uploads\/usu142\/2019\/10\/caixa.png\" alt=\"\" width=\"140\" height=\"140\" srcset=\"https:\/\/serveiseducatius.xtec.cat\/garrigues\/wp-content\/uploads\/usu142\/2019\/10\/caixa.png 200w, https:\/\/serveiseducatius.xtec.cat\/garrigues\/wp-content\/uploads\/usu142\/2019\/10\/caixa-150x150.png 150w\" sizes=\"auto, (max-width: 140px) 100vw, 140px\" \/><\/a><\/td>\n<\/tr>\n<tr>\n<td style=\"width: 247px;\"><strong>\u00a0<\/strong><strong>4 C<\/strong><strong>adenats num\u00e8rics<\/strong><\/p>\n<p>Formats per 4 n\u00fameros amb ruleta entre le 0 i el 9, els quals han d&#8217;alinear-se.<\/td>\n<td style=\"width: 198px;\"><a href=\"https:\/\/serveiseducatius.xtec.cat\/garrigues\/wp-content\/uploads\/usu142\/2019\/10\/candau-numeros.png\"><img loading=\"lazy\" decoding=\"async\" class=\"alignnone size-full wp-image-17902\" src=\"https:\/\/serveiseducatius.xtec.cat\/garrigues\/wp-content\/uploads\/usu142\/2019\/10\/candau-numeros.png\" alt=\"\" width=\"150\" height=\"150\" \/><\/a><\/td>\n<\/tr>\n<tr>\n<td style=\"width: 247px;\"><strong>1<\/strong><strong> Cadenat amb lletres<\/strong><\/p>\n<p>S\u00f3n cadenats iguals que els num\u00e8rics, per\u00f2 amb lletres en lloc de n\u00fameros.<\/td>\n<td style=\"width: 198px;\"><a href=\"https:\/\/serveiseducatius.xtec.cat\/garrigues\/wp-content\/uploads\/usu142\/2019\/10\/candau-lletres.png\"><img loading=\"lazy\" decoding=\"async\" class=\"alignnone size-full wp-image-17901\" src=\"https:\/\/serveiseducatius.xtec.cat\/garrigues\/wp-content\/uploads\/usu142\/2019\/10\/candau-lletres.png\" alt=\"\" width=\"150\" height=\"150\" \/><\/a><\/td>\n<\/tr>\n<tr>\n<td style=\"width: 247px;\"><strong>1<\/strong><strong> Cadenat de moviments direccionals<br \/>\n<\/strong>S\u00f3n cadenat que requereixen introduir una seq\u00fc\u00e8ncia en forma de direcci\u00f3.<\/td>\n<td style=\"width: 198px;\"><a href=\"https:\/\/serveiseducatius.xtec.cat\/garrigues\/wp-content\/uploads\/usu142\/2019\/10\/candau-direccional.png\"><img loading=\"lazy\" decoding=\"async\" class=\"alignnone size-full wp-image-17900\" src=\"https:\/\/serveiseducatius.xtec.cat\/garrigues\/wp-content\/uploads\/usu142\/2019\/10\/candau-direccional.png\" alt=\"\" width=\"150\" height=\"150\" \/><\/a><\/td>\n<\/tr>\n<tr>\n<td style=\"width: 247px;\"><strong>1<\/strong><strong> Retolador de tinta invisible<\/strong><\/p>\n<p>Escriu sobre gaireb\u00e9 tots els materials i nom\u00e9s amb una llum ultraviolada es poden llegir les endevinalles i les pistes indicades perseguir\u00a0 amb el joc.<\/td>\n<td style=\"width: 198px;\"><a href=\"https:\/\/serveiseducatius.xtec.cat\/garrigues\/wp-content\/uploads\/usu142\/2019\/10\/retolador.png\"><img loading=\"lazy\" decoding=\"async\" class=\"alignnone size-full wp-image-17907\" src=\"https:\/\/serveiseducatius.xtec.cat\/garrigues\/wp-content\/uploads\/usu142\/2019\/10\/retolador.png\" alt=\"\" width=\"150\" height=\"150\" \/><\/a><\/td>\n<\/tr>\n<tr>\n<td style=\"width: 247px;\"><strong>1<\/strong><strong> Lot de llum ultraviolada (amb 3 piles)<\/strong><\/p>\n<p>Permet llegir els missatges ocults amagats a l&#8217;aula.<\/td>\n<td style=\"width: 198px;\"><a href=\"https:\/\/serveiseducatius.xtec.cat\/garrigues\/wp-content\/uploads\/usu142\/2019\/10\/lot.png\"><img loading=\"lazy\" decoding=\"async\" class=\"alignnone size-full wp-image-17905\" src=\"https:\/\/serveiseducatius.xtec.cat\/garrigues\/wp-content\/uploads\/usu142\/2019\/10\/lot.png\" alt=\"\" width=\"150\" height=\"150\" \/><\/a><\/td>\n<\/tr>\n<tr>\n<td style=\"width: 247px;\"><strong>1 Minuter amb d\u00edgits extragrans (amb una pila)<\/strong><\/p>\n<p>Permet controlar el temps del joc.<\/td>\n<td style=\"width: 198px;\"><a href=\"https:\/\/serveiseducatius.xtec.cat\/garrigues\/wp-content\/uploads\/usu142\/2019\/10\/minuter.png\"><img loading=\"lazy\" decoding=\"async\" class=\"alignnone size-full wp-image-17906\" src=\"https:\/\/serveiseducatius.xtec.cat\/garrigues\/wp-content\/uploads\/usu142\/2019\/10\/minuter.png\" alt=\"\" width=\"150\" height=\"150\" \/><\/a><\/td>\n<\/tr>\n<tr>\n<td style=\"width: 247px;\"><strong>1 Aspa de control<\/strong><\/p>\n<p>Per afegir fins a 12 cadenats.<\/td>\n<td style=\"width: 198px;\"><a href=\"https:\/\/serveiseducatius.xtec.cat\/garrigues\/wp-content\/uploads\/usu142\/2019\/10\/aspa.png\"><img loading=\"lazy\" decoding=\"async\" class=\"alignnone size-full wp-image-17898\" src=\"https:\/\/serveiseducatius.xtec.cat\/garrigues\/wp-content\/uploads\/usu142\/2019\/10\/aspa.png\" alt=\"\" width=\"150\" height=\"150\" \/><\/a><\/td>\n<\/tr>\n<tr>\n<td style=\"width: 247px;\"><strong>1 Caixa m\u00e0gica de fusta<\/strong><\/p>\n<p>Per poder amagar un codi, una pista&#8230;<\/td>\n<td style=\"width: 198px;\"><a href=\"https:\/\/serveiseducatius.xtec.cat\/garrigues\/wp-content\/uploads\/usu142\/2019\/10\/caixeta.png\"><img loading=\"lazy\" decoding=\"async\" class=\"alignnone size-full wp-image-17899\" src=\"https:\/\/serveiseducatius.xtec.cat\/garrigues\/wp-content\/uploads\/usu142\/2019\/10\/caixeta.png\" alt=\"\" width=\"150\" height=\"150\" \/><\/a><\/td>\n<\/tr>\n<tr>\n<td style=\"width: 247px;\"><strong>50 C\u00e0psules amb missatge secret<\/strong><\/p>\n<p>Per poder amagar un codi, una pista&#8230;<\/td>\n<td style=\"width: 198px;\"><a href=\"https:\/\/serveiseducatius.xtec.cat\/garrigues\/wp-content\/uploads\/usu142\/2019\/10\/capsula.png\"><img loading=\"lazy\" decoding=\"async\" class=\"alignnone size-full wp-image-17903\" src=\"https:\/\/serveiseducatius.xtec.cat\/garrigues\/wp-content\/uploads\/usu142\/2019\/10\/capsula.png\" alt=\"\" width=\"150\" height=\"150\" \/><\/a><\/td>\n<\/tr>\n<tr>\n<td style=\"width: 247px;\"><strong>1 Joc de combinaci\u00f3 de pany<\/strong><\/p>\n<p>Per poder amagar un codi, una pista&#8230;<\/td>\n<td style=\"width: 198px;\">\u00a0<img loading=\"lazy\" decoding=\"async\" class=\"wp-image-17922 aligncenter\" style=\"font-size: 16px;\" src=\"https:\/\/serveiseducatius.xtec.cat\/garrigues\/wp-content\/uploads\/usu142\/2019\/10\/joc1.jpg\" alt=\"\" width=\"113\" height=\"149\" \/><\/td>\n<\/tr>\n<\/tbody>\n<\/table>\n<p>En el seg\u00fcent enlla\u00e7 podeu consultar les <a href=\"https:\/\/docs.google.com\/document\/d\/1k1u2js96lgFYNUwWQqlIgfifdCACr9V7\/edit?usp=share_link&amp;ouid=109308337327729485403&amp;rtpof=true&amp;sd=true\"><strong>instruccions<\/strong> <\/a>d&#8217;\u00fas del material<\/p>\n","protected":false},"excerpt":{"rendered":"<p>La caixa d\u2019eines \u00a0 Una vegada que s&#8217;ha guardat la recompensa, la caixa es tancar\u00e0 i s\u2019haur\u00e0 de posar el cadenat o cadenats\u00a0 amb una combinaci\u00f3 de n\u00fameros o lletres que els alumnes hauran de desxifrar per poder-lo obrir. La caixa d\u2019eines cont\u00e9: &nbsp; 1 Caixa \u00a04 Cadenats num\u00e8rics Formats per 4 n\u00fameros amb ruleta [&hellip;]<\/p>\n","protected":false},"author":3,"featured_media":0,"parent":17829,"menu_order":0,"comment_status":"closed","ping_status":"closed","template":"","meta":{"_bbp_topic_count":0,"_bbp_reply_count":0,"_bbp_total_topic_count":0,"_bbp_total_reply_count":0,"_bbp_voice_count":0,"_bbp_anonymous_reply_count":0,"_bbp_topic_count_hidden":0,"_bbp_reply_count_hidden":0,"_bbp_forum_subforum_count":0,"site-sidebar-layout":"default","site-content-layout":"","ast-site-content-layout":"","site-content-style":"default","site-sidebar-style":"default","ast-global-header-display":"","ast-banner-title-visibility":"","ast-main-header-display":"","ast-hfb-above-header-display":"","ast-hfb-below-header-display":"","ast-hfb-mobile-header-display":"","site-post-title":"","ast-breadcrumbs-content":"","ast-featured-img":"","footer-sml-layout":"","theme-transparent-header-meta":"","adv-header-id-meta":"","stick-header-meta":"","header-above-stick-meta":"","header-main-stick-meta":"","header-below-stick-meta":"","astra-migrate-meta-layouts":"default","ast-page-background-enabled":"default","ast-page-background-meta":{"desktop":{"background-color":"var(--ast-global-color-4)","background-image":"","background-repeat":"repeat","background-position":"center center","background-size":"auto","background-attachment":"scroll","background-type":"","background-media":"","overlay-type":"","overlay-color":"","overlay-opacity":"","overlay-gradient":""},"tablet":{"background-color":"","background-image":"","background-repeat":"repeat","background-position":"center center","background-size":"auto","background-attachment":"scroll","background-type":"","background-media":"","overlay-type":"","overlay-color":"","overlay-opacity":"","overlay-gradient":""},"mobile":{"background-color":"","background-image":"","background-repeat":"repeat","background-position":"center center","background-size":"auto","background-attachment":"scroll","background-type":"","background-media":"","overlay-type":"","overlay-color":"","overlay-opacity":"","overlay-gradient":""}},"ast-content-background-meta":{"desktop":{"background-color":"var(--ast-global-color-5)","background-image":"","background-repeat":"repeat","background-position":"center center","background-size":"auto","background-attachment":"scroll","background-type":"","background-media":"","overlay-type":"","overlay-color":"","overlay-opacity":"","overlay-gradient":""},"tablet":{"background-color":"var(--ast-global-color-5)","background-image":"","background-repeat":"repeat","background-position":"center center","background-size":"auto","background-attachment":"scroll","background-type":"","background-media":"","overlay-type":"","overlay-color":"","overlay-opacity":"","overlay-gradient":""},"mobile":{"background-color":"var(--ast-global-color-5)","background-image":"","background-repeat":"repeat","background-position":"center center","background-size":"auto","background-attachment":"scroll","background-type":"","background-media":"","overlay-type":"","overlay-color":"","overlay-opacity":"","overlay-gradient":""}},"footnotes":""},"class_list":["post-17836","page","type-page","status-publish","hentry"],"post_mailing_queue_ids":[],"_links":{"self":[{"href":"https:\/\/serveiseducatius.xtec.cat\/garrigues\/wp-json\/wp\/v2\/pages\/17836","targetHints":{"allow":["GET"]}}],"collection":[{"href":"https:\/\/serveiseducatius.xtec.cat\/garrigues\/wp-json\/wp\/v2\/pages"}],"about":[{"href":"https:\/\/serveiseducatius.xtec.cat\/garrigues\/wp-json\/wp\/v2\/types\/page"}],"author":[{"embeddable":true,"href":"https:\/\/serveiseducatius.xtec.cat\/garrigues\/wp-json\/wp\/v2\/users\/3"}],"replies":[{"embeddable":true,"href":"https:\/\/serveiseducatius.xtec.cat\/garrigues\/wp-json\/wp\/v2\/comments?post=17836"}],"version-history":[{"count":4,"href":"https:\/\/serveiseducatius.xtec.cat\/garrigues\/wp-json\/wp\/v2\/pages\/17836\/revisions"}],"predecessor-version":[{"id":21585,"href":"https:\/\/serveiseducatius.xtec.cat\/garrigues\/wp-json\/wp\/v2\/pages\/17836\/revisions\/21585"}],"up":[{"embeddable":true,"href":"https:\/\/serveiseducatius.xtec.cat\/garrigues\/wp-json\/wp\/v2\/pages\/17829"}],"wp:attachment":[{"href":"https:\/\/serveiseducatius.xtec.cat\/garrigues\/wp-json\/wp\/v2\/media?parent=17836"}],"curies":[{"name":"wp","href":"https:\/\/api.w.org\/{rel}","templated":true}]}}