{"id":17829,"date":"2019-10-08T11:18:20","date_gmt":"2019-10-08T09:18:20","guid":{"rendered":"http:\/\/serveiseducatius.xtec.cat\/garrigues\/?page_id=17829"},"modified":"2025-11-05T12:28:16","modified_gmt":"2025-11-05T11:28:16","slug":"breakout-edu","status":"publish","type":"page","link":"https:\/\/serveiseducatius.xtec.cat\/garrigues\/recursos\/breakout-edu\/","title":{"rendered":"Breakout Edu"},"content":{"rendered":"<p>Un &#8220;<strong>breakout<\/strong>&#8221; educatiu \u00e9s un joc immersiu derivat dels populars Escape Room. \u00c9s una tipologia de gammificaci\u00f3 que consisteix en resoldre reptes per tal d&#8217;anar obrint una s\u00e8rie de cadenats fins a arribar a la recompensa final, introduint aix\u00ed a la nostra tasca docent mec\u00e0niques, din\u00e0miques i la psicologia del joc.<\/p>\n<p>En un breakout no cal sortir d&#8217;una habitaci\u00f3 en la qual un grup est\u00e0 tancat; aqu\u00ed <strong>l&#8217;objectiu<\/strong> consisteix en obrir una caixa tancada amb diferents tipus de cadenats.<\/p>\n<p>Per aconseguir els codis que els obren cal resoldre problemes, q\u00fcestionaris i enigmes.<\/p>\n<p>Una breu narrativa transforma als participants en agents secrets, cient\u00edfics, aventurers o qualsevol personatge que imaginem, disposat a salvar el m\u00f3n sencer!<\/p>\n<p><a href=\"https:\/\/serveiseducatius.xtec.cat\/garrigues\/wp-content\/uploads\/usu142\/2019\/10\/general.jpg\"><img loading=\"lazy\" decoding=\"async\" class=\"wp-image-17830 aligncenter\" src=\"https:\/\/serveiseducatius.xtec.cat\/garrigues\/wp-content\/uploads\/usu142\/2019\/10\/general-1024x768.jpg\" alt=\"\" width=\"569\" height=\"427\" srcset=\"https:\/\/serveiseducatius.xtec.cat\/garrigues\/wp-content\/uploads\/usu142\/2019\/10\/general-1024x768.jpg 1024w, https:\/\/serveiseducatius.xtec.cat\/garrigues\/wp-content\/uploads\/usu142\/2019\/10\/general-300x225.jpg 300w, https:\/\/serveiseducatius.xtec.cat\/garrigues\/wp-content\/uploads\/usu142\/2019\/10\/general-768x576.jpg 768w, https:\/\/serveiseducatius.xtec.cat\/garrigues\/wp-content\/uploads\/usu142\/2019\/10\/general-200x150.jpg 200w, https:\/\/serveiseducatius.xtec.cat\/garrigues\/wp-content\/uploads\/usu142\/2019\/10\/general.jpg 1600w\" sizes=\"auto, (max-width: 569px) 100vw, 569px\" \/><\/a><\/p>\n<p>&nbsp;<\/p>\n<p>&nbsp;<\/p>\n<p>&nbsp;<\/p>\n<table style=\"width: 973px; height: 298px;\">\n<tbody>\n<tr>\n<td style=\"text-align: center; width: 163px;\"><a href=\"https:\/\/serveiseducatius.xtec.cat\/garrigues\/wp-content\/uploads\/usu142\/2019\/10\/caixa.png\"><img loading=\"lazy\" decoding=\"async\" class=\"alignnone size-full wp-image-17892\" src=\"https:\/\/serveiseducatius.xtec.cat\/garrigues\/wp-content\/uploads\/usu142\/2019\/10\/caixa.png\" alt=\"\" width=\"200\" height=\"200\" srcset=\"https:\/\/serveiseducatius.xtec.cat\/garrigues\/wp-content\/uploads\/usu142\/2019\/10\/caixa.png 200w, https:\/\/serveiseducatius.xtec.cat\/garrigues\/wp-content\/uploads\/usu142\/2019\/10\/caixa-150x150.png 150w\" sizes=\"auto, (max-width: 200px) 100vw, 200px\" \/><\/a><\/p>\n<p><a href=\"https:\/\/serveiseducatius.xtec.cat\/garrigues\/breakout-edu\/break-out-edu-caixa-eines\/\">MATERIAL<\/a><\/td>\n<td style=\"text-align: center; width: 150px;\"><a href=\"https:\/\/serveiseducatius.xtec.cat\/garrigues\/wp-content\/uploads\/usu142\/2019\/10\/repte.png\"><img loading=\"lazy\" decoding=\"async\" class=\"alignnone size-full wp-image-17894\" src=\"https:\/\/serveiseducatius.xtec.cat\/garrigues\/wp-content\/uploads\/usu142\/2019\/10\/repte.png\" alt=\"\" width=\"200\" height=\"200\" srcset=\"https:\/\/serveiseducatius.xtec.cat\/garrigues\/wp-content\/uploads\/usu142\/2019\/10\/repte.png 200w, https:\/\/serveiseducatius.xtec.cat\/garrigues\/wp-content\/uploads\/usu142\/2019\/10\/repte-150x150.png 150w\" sizes=\"auto, (max-width: 200px) 100vw, 200px\" \/><\/a><\/p>\n<p><a href=\"https:\/\/serveiseducatius.xtec.cat\/garrigues\/breakout-edu\/break-out-edu-reptes\/\">REPTES<\/a><\/td>\n<td style=\"text-align: center; width: 160px;\"><a href=\"https:\/\/serveiseducatius.xtec.cat\/garrigues\/wp-content\/uploads\/usu142\/2019\/10\/passos.png\"><img loading=\"lazy\" decoding=\"async\" class=\"alignnone wp-image-17893\" src=\"https:\/\/serveiseducatius.xtec.cat\/garrigues\/wp-content\/uploads\/usu142\/2019\/10\/passos.png\" alt=\"\" width=\"166\" height=\"166\" srcset=\"https:\/\/serveiseducatius.xtec.cat\/garrigues\/wp-content\/uploads\/usu142\/2019\/10\/passos.png 200w, https:\/\/serveiseducatius.xtec.cat\/garrigues\/wp-content\/uploads\/usu142\/2019\/10\/passos-150x150.png 150w\" sizes=\"auto, (max-width: 166px) 100vw, 166px\" \/><\/a><\/p>\n<p><a href=\"https:\/\/serveiseducatius.xtec.cat\/garrigues\/breakout-edu\/break-out-edu-passos\/\">PASSOS<\/a><\/td>\n<td style=\"text-align: center; width: 157px;\"><a href=\"https:\/\/serveiseducatius.xtec.cat\/garrigues\/wp-content\/uploads\/usu142\/2019\/10\/eines.png\"><img loading=\"lazy\" decoding=\"async\" class=\"alignnone wp-image-17914\" src=\"https:\/\/serveiseducatius.xtec.cat\/garrigues\/wp-content\/uploads\/usu142\/2019\/10\/eines.png\" alt=\"\" width=\"146\" height=\"146\" srcset=\"https:\/\/serveiseducatius.xtec.cat\/garrigues\/wp-content\/uploads\/usu142\/2019\/10\/eines.png 200w, https:\/\/serveiseducatius.xtec.cat\/garrigues\/wp-content\/uploads\/usu142\/2019\/10\/eines-150x150.png 150w\" sizes=\"auto, (max-width: 146px) 100vw, 146px\" \/><\/a><\/p>\n<p><a href=\"https:\/\/serveiseducatius.xtec.cat\/garrigues\/breakout-edu\/break-out-edu-eines\/\">EINES<\/a><\/td>\n<td style=\"text-align: center; width: 168px;\"><a href=\"https:\/\/serveiseducatius.xtec.cat\/garrigues\/wp-content\/uploads\/usu142\/2019\/10\/jocs.png\"><img loading=\"lazy\" decoding=\"async\" class=\"alignnone size-full wp-image-17913\" src=\"https:\/\/serveiseducatius.xtec.cat\/garrigues\/wp-content\/uploads\/usu142\/2019\/10\/jocs.png\" alt=\"\" width=\"200\" height=\"200\" srcset=\"https:\/\/serveiseducatius.xtec.cat\/garrigues\/wp-content\/uploads\/usu142\/2019\/10\/jocs.png 200w, https:\/\/serveiseducatius.xtec.cat\/garrigues\/wp-content\/uploads\/usu142\/2019\/10\/jocs-150x150.png 150w\" sizes=\"auto, (max-width: 200px) 100vw, 200px\" \/><\/a><\/p>\n<p><a href=\"https:\/\/serveiseducatius.xtec.cat\/garrigues\/breakout-edu\/break-out-edu-jocs\/\">JOCS I EXPERI\u00c8NCIES<\/a><\/td>\n<td style=\"text-align: center; width: 159px;\"><a href=\"https:\/\/serveiseducatius.xtec.cat\/garrigues\/wp-content\/uploads\/usu142\/2019\/10\/videos.png\"><img loading=\"lazy\" decoding=\"async\" class=\"alignnone size-full wp-image-17895\" src=\"https:\/\/serveiseducatius.xtec.cat\/garrigues\/wp-content\/uploads\/usu142\/2019\/10\/videos.png\" alt=\"\" width=\"200\" height=\"200\" \/><\/a><\/p>\n<p><a href=\"https:\/\/serveiseducatius.xtec.cat\/garrigues\/breakout-edu\/break-out-edu-videos\/\">V\u00cdDEOS<\/a><\/td>\n<\/tr>\n<\/tbody>\n<\/table>\n<p>&nbsp;<\/p>\n<p>&nbsp;<\/p>\n<p>&nbsp;<\/p>\n","protected":false},"excerpt":{"rendered":"<p>Un &#8220;breakout&#8221; educatiu \u00e9s un joc immersiu derivat dels populars Escape Room. \u00c9s una tipologia de gammificaci\u00f3 que consisteix en resoldre reptes per tal d&#8217;anar obrint una s\u00e8rie de cadenats fins a arribar a la recompensa final, introduint aix\u00ed a la nostra tasca docent mec\u00e0niques, din\u00e0miques i la psicologia del joc. En un breakout no [&hellip;]<\/p>\n","protected":false},"author":3,"featured_media":0,"parent":906,"menu_order":0,"comment_status":"closed","ping_status":"closed","template":"","meta":{"_bbp_topic_count":0,"_bbp_reply_count":0,"_bbp_total_topic_count":0,"_bbp_total_reply_count":0,"_bbp_voice_count":0,"_bbp_anonymous_reply_count":0,"_bbp_topic_count_hidden":0,"_bbp_reply_count_hidden":0,"_bbp_forum_subforum_count":0,"site-sidebar-layout":"default","site-content-layout":"","ast-site-content-layout":"default","site-content-style":"default","site-sidebar-style":"default","ast-global-header-display":"","ast-banner-title-visibility":"","ast-main-header-display":"","ast-hfb-above-header-display":"","ast-hfb-below-header-display":"","ast-hfb-mobile-header-display":"","site-post-title":"","ast-breadcrumbs-content":"","ast-featured-img":"","footer-sml-layout":"","theme-transparent-header-meta":"default","adv-header-id-meta":"","stick-header-meta":"","header-above-stick-meta":"","header-main-stick-meta":"","header-below-stick-meta":"","astra-migrate-meta-layouts":"set","ast-page-background-enabled":"default","ast-page-background-meta":{"desktop":{"background-color":"var(--ast-global-color-4)","background-image":"","background-repeat":"repeat","background-position":"center center","background-size":"auto","background-attachment":"scroll","background-type":"","background-media":"","overlay-type":"","overlay-color":"","overlay-opacity":"","overlay-gradient":""},"tablet":{"background-color":"","background-image":"","background-repeat":"repeat","background-position":"center center","background-size":"auto","background-attachment":"scroll","background-type":"","background-media":"","overlay-type":"","overlay-color":"","overlay-opacity":"","overlay-gradient":""},"mobile":{"background-color":"","background-image":"","background-repeat":"repeat","background-position":"center center","background-size":"auto","background-attachment":"scroll","background-type":"","background-media":"","overlay-type":"","overlay-color":"","overlay-opacity":"","overlay-gradient":""}},"ast-content-background-meta":{"desktop":{"background-color":"var(--ast-global-color-5)","background-image":"","background-repeat":"repeat","background-position":"center center","background-size":"auto","background-attachment":"scroll","background-type":"","background-media":"","overlay-type":"","overlay-color":"","overlay-opacity":"","overlay-gradient":""},"tablet":{"background-color":"var(--ast-global-color-5)","background-image":"","background-repeat":"repeat","background-position":"center center","background-size":"auto","background-attachment":"scroll","background-type":"","background-media":"","overlay-type":"","overlay-color":"","overlay-opacity":"","overlay-gradient":""},"mobile":{"background-color":"var(--ast-global-color-5)","background-image":"","background-repeat":"repeat","background-position":"center center","background-size":"auto","background-attachment":"scroll","background-type":"","background-media":"","overlay-type":"","overlay-color":"","overlay-opacity":"","overlay-gradient":""}},"footnotes":""},"class_list":["post-17829","page","type-page","status-publish","hentry"],"post_mailing_queue_ids":[],"_links":{"self":[{"href":"https:\/\/serveiseducatius.xtec.cat\/garrigues\/wp-json\/wp\/v2\/pages\/17829","targetHints":{"allow":["GET"]}}],"collection":[{"href":"https:\/\/serveiseducatius.xtec.cat\/garrigues\/wp-json\/wp\/v2\/pages"}],"about":[{"href":"https:\/\/serveiseducatius.xtec.cat\/garrigues\/wp-json\/wp\/v2\/types\/page"}],"author":[{"embeddable":true,"href":"https:\/\/serveiseducatius.xtec.cat\/garrigues\/wp-json\/wp\/v2\/users\/3"}],"replies":[{"embeddable":true,"href":"https:\/\/serveiseducatius.xtec.cat\/garrigues\/wp-json\/wp\/v2\/comments?post=17829"}],"version-history":[{"count":4,"href":"https:\/\/serveiseducatius.xtec.cat\/garrigues\/wp-json\/wp\/v2\/pages\/17829\/revisions"}],"predecessor-version":[{"id":17944,"href":"https:\/\/serveiseducatius.xtec.cat\/garrigues\/wp-json\/wp\/v2\/pages\/17829\/revisions\/17944"}],"up":[{"embeddable":true,"href":"https:\/\/serveiseducatius.xtec.cat\/garrigues\/wp-json\/wp\/v2\/pages\/906"}],"wp:attachment":[{"href":"https:\/\/serveiseducatius.xtec.cat\/garrigues\/wp-json\/wp\/v2\/media?parent=17829"}],"curies":[{"name":"wp","href":"https:\/\/api.w.org\/{rel}","templated":true}]}}