{"id":9907,"date":"2018-12-05T10:06:53","date_gmt":"2018-12-05T09:06:53","guid":{"rendered":"http:\/\/serveiseducatius.xtec.cat\/garraf\/?page_id=9907"},"modified":"2025-11-12T17:31:27","modified_gmt":"2025-11-12T16:31:27","slug":"robot-mouse","status":"publish","type":"page","link":"https:\/\/serveiseducatius.xtec.cat\/garraf\/material-de-prestec\/robot-mouse\/","title":{"rendered":"Robot Mouse"},"content":{"rendered":"\n<p class=\"has-white-color has-ast-global-color-1-background-color has-text-color has-background has-link-color has-medium-font-size wp-elements-68aadcb96259a9e960e5c7833067f726\"><strong>Caracter\u00edstiques<\/strong><\/p>\n\n\n\n<p>El Robot Mouse est\u00e0 preparat per seguir diferents comandaments de programaci\u00f3, es pot coordinar creant una ruta pas a pas utilitzant targetes de doble cara. Els colors dels seus botons han estat dissenyats en conjunt amb les targetes per facilitar la seva programaci\u00f3. Ideal per comen\u00e7ar a familiaritzar-se amb els conceptes b\u00e0sics de programaci\u00f3.<\/p>\n\n\n\n<p class=\"has-white-color has-ast-global-color-1-background-color has-text-color has-background has-link-color has-medium-font-size wp-elements-fc933459088506a65e5925f2eb87ab81\"><strong>Materials<\/strong><\/p>\n\n\n\n<ul class=\"wp-block-list\">\n<li>30 targetes de codificaci\u00f3<\/li>\n\n\n\n<li>22 parets de laberint<\/li>\n\n\n\n<li>16 quadr\u00edcules de laberint<\/li>\n\n\n\n<li>10 targetes d&#8217;activitats de doble cara<\/li>\n\n\n\n<li>3 t\u00fanels<\/li>\n\n\n\n<li>1 falca de formatge<\/li>\n\n\n\n<li>Guia d&#8217;activitats per a ampliar les oportunitats de joc.<\/li>\n<\/ul>\n\n\n\n<div class=\"wp-block-buttons is-content-justification-center is-layout-flex wp-container-core-buttons-is-layout-1 wp-block-buttons-is-layout-flex\">\n<div class=\"wp-block-button\"><a class=\"wp-block-button__link wp-element-button\" href=\"https:\/\/projectes.xtec.cat\/digital\/wp-content\/uploads\/usu2317\/2024\/10\/Code-Go-Robot-Mouse.pdf\"><strong>Manual de l&#8217;usuari<\/strong><\/a><\/div>\n\n\n\n<div class=\"wp-block-button\"><a class=\"wp-block-button__link wp-element-button\" href=\"https:\/\/projectes.xtec.cat\/digital\/equipaments-i-infraestructures\/robotica\/formacio-tecnica-robotica\/robots-educatius\/codego-robot-mouse-2\/\"><strong>M\u00e9s recursos<\/strong><\/a><\/div>\n<\/div>\n","protected":false},"excerpt":{"rendered":"<p>Caracter\u00edstiques El Robot Mouse est\u00e0 preparat per seguir diferents comandaments de programaci\u00f3, es pot coordinar creant una ruta pas a pas utilitzant targetes de doble cara. Els colors dels seus botons han estat dissenyats en conjunt amb les targetes per facilitar la seva programaci\u00f3. Ideal per comen\u00e7ar a familiaritzar-se amb els conceptes b\u00e0sics de programaci\u00f3. [&hellip;]<\/p>\n","protected":false},"author":10,"featured_media":0,"parent":17048,"menu_order":0,"comment_status":"closed","ping_status":"closed","template":"","meta":{"_bbp_topic_count":0,"_bbp_reply_count":0,"_bbp_total_topic_count":0,"_bbp_total_reply_count":0,"_bbp_voice_count":0,"_bbp_anonymous_reply_count":0,"_bbp_topic_count_hidden":0,"_bbp_reply_count_hidden":0,"_bbp_forum_subforum_count":0,"site-sidebar-layout":"default","site-content-layout":"","ast-site-content-layout":"default","site-content-style":"default","site-sidebar-style":"default","ast-global-header-display":"","ast-banner-title-visibility":"","ast-main-header-display":"","ast-hfb-above-header-display":"","ast-hfb-below-header-display":"","ast-hfb-mobile-header-display":"","site-post-title":"","ast-breadcrumbs-content":"","ast-featured-img":"","footer-sml-layout":"","theme-transparent-header-meta":"","adv-header-id-meta":"","stick-header-meta":"","header-above-stick-meta":"","header-main-stick-meta":"","header-below-stick-meta":"","astra-migrate-meta-layouts":"set","ast-page-background-enabled":"default","ast-page-background-meta":{"desktop":{"background-color":"var(--ast-global-color-4)","background-image":"","background-repeat":"repeat","background-position":"center center","background-size":"auto","background-attachment":"scroll","background-type":"","background-media":"","overlay-type":"","overlay-color":"","overlay-opacity":"","overlay-gradient":""},"tablet":{"background-color":"","background-image":"","background-repeat":"repeat","background-position":"center center","background-size":"auto","background-attachment":"scroll","background-type":"","background-media":"","overlay-type":"","overlay-color":"","overlay-opacity":"","overlay-gradient":""},"mobile":{"background-color":"","background-image":"","background-repeat":"repeat","background-position":"center center","background-size":"auto","background-attachment":"scroll","background-type":"","background-media":"","overlay-type":"","overlay-color":"","overlay-opacity":"","overlay-gradient":""}},"ast-content-background-meta":{"desktop":{"background-color":"var(--ast-global-color-5)","background-image":"","background-repeat":"repeat","background-position":"center center","background-size":"auto","background-attachment":"scroll","background-type":"","background-media":"","overlay-type":"","overlay-color":"","overlay-opacity":"","overlay-gradient":""},"tablet":{"background-color":"var(--ast-global-color-5)","background-image":"","background-repeat":"repeat","background-position":"center center","background-size":"auto","background-attachment":"scroll","background-type":"","background-media":"","overlay-type":"","overlay-color":"","overlay-opacity":"","overlay-gradient":""},"mobile":{"background-color":"var(--ast-global-color-5)","background-image":"","background-repeat":"repeat","background-position":"center center","background-size":"auto","background-attachment":"scroll","background-type":"","background-media":"","overlay-type":"","overlay-color":"","overlay-opacity":"","overlay-gradient":""}},"footnotes":""},"class_list":["post-9907","page","type-page","status-publish","hentry"],"post_mailing_queue_ids":[],"_links":{"self":[{"href":"https:\/\/serveiseducatius.xtec.cat\/garraf\/wp-json\/wp\/v2\/pages\/9907","targetHints":{"allow":["GET"]}}],"collection":[{"href":"https:\/\/serveiseducatius.xtec.cat\/garraf\/wp-json\/wp\/v2\/pages"}],"about":[{"href":"https:\/\/serveiseducatius.xtec.cat\/garraf\/wp-json\/wp\/v2\/types\/page"}],"author":[{"embeddable":true,"href":"https:\/\/serveiseducatius.xtec.cat\/garraf\/wp-json\/wp\/v2\/users\/10"}],"replies":[{"embeddable":true,"href":"https:\/\/serveiseducatius.xtec.cat\/garraf\/wp-json\/wp\/v2\/comments?post=9907"}],"version-history":[{"count":5,"href":"https:\/\/serveiseducatius.xtec.cat\/garraf\/wp-json\/wp\/v2\/pages\/9907\/revisions"}],"predecessor-version":[{"id":19146,"href":"https:\/\/serveiseducatius.xtec.cat\/garraf\/wp-json\/wp\/v2\/pages\/9907\/revisions\/19146"}],"up":[{"embeddable":true,"href":"https:\/\/serveiseducatius.xtec.cat\/garraf\/wp-json\/wp\/v2\/pages\/17048"}],"wp:attachment":[{"href":"https:\/\/serveiseducatius.xtec.cat\/garraf\/wp-json\/wp\/v2\/media?parent=9907"}],"curies":[{"name":"wp","href":"https:\/\/api.w.org\/{rel}","templated":true}]}}