{"id":9619,"date":"2018-11-08T11:34:22","date_gmt":"2018-11-08T10:34:22","guid":{"rendered":"http:\/\/serveiseducatius.xtec.cat\/garraf\/?page_id=9619"},"modified":"2026-01-27T09:18:13","modified_gmt":"2026-01-27T08:18:13","slug":"cataleg-de-recursos-educatius","status":"publish","type":"page","link":"https:\/\/serveiseducatius.xtec.cat\/garraf\/cataleg-de-recursos-educatius\/","title":{"rendered":"Cat\u00e0leg de recursos educatius"},"content":{"rendered":"\n<p class=\"has-white-color has-ast-global-color-1-background-color has-text-color has-background has-link-color has-medium-font-size wp-elements-ae7bd9f086009dca93076b14499e96eb\"><strong>Recursos<\/strong><\/p>\n\n\n\n<div class=\"wp-block-columns is-layout-flex wp-container-core-columns-is-layout-1 wp-block-columns-is-layout-flex\">\n<div class=\"wp-block-column is-layout-flow wp-block-column-is-layout-flow\">\n<figure class=\"wp-block-image aligncenter size-full is-resized\"><img loading=\"lazy\" decoding=\"async\" width=\"1280\" height=\"720\" src=\"https:\/\/serveiseducatius.xtec.cat\/garraf\/wp-content\/uploads\/usu1185\/2025\/10\/inclusiva.jpg\" alt=\"\" class=\"wp-image-18461\" style=\"width:277px;height:auto\" srcset=\"https:\/\/serveiseducatius.xtec.cat\/garraf\/wp-content\/uploads\/usu1185\/2025\/10\/inclusiva.jpg 1280w, https:\/\/serveiseducatius.xtec.cat\/garraf\/wp-content\/uploads\/usu1185\/2025\/10\/inclusiva-300x169.jpg 300w, https:\/\/serveiseducatius.xtec.cat\/garraf\/wp-content\/uploads\/usu1185\/2025\/10\/inclusiva-1024x576.jpg 1024w, https:\/\/serveiseducatius.xtec.cat\/garraf\/wp-content\/uploads\/usu1185\/2025\/10\/inclusiva-768x432.jpg 768w\" sizes=\"auto, (max-width: 1280px) 100vw, 1280px\" \/><\/figure>\n\n\n\n<p class=\"has-text-align-center\">Documents per atendre la diversitat i la inclusi\u00f3<\/p>\n\n\n\n<div class=\"wp-block-buttons alignwide is-content-justification-center is-layout-flex wp-container-core-buttons-is-layout-1 wp-block-buttons-is-layout-flex\">\n<div class=\"wp-block-button\"><a class=\"wp-block-button__link wp-element-button\"><strong>Acc\u00e9s<\/strong><\/a><\/div>\n<\/div>\n<\/div>\n\n\n\n<div class=\"wp-block-column is-layout-flow wp-block-column-is-layout-flow\">\n<figure class=\"wp-block-image aligncenter size-full is-resized\"><a href=\"https:\/\/serveiseducatius.xtec.cat\/garraf\/salut-escolar-al-garraf\/\"><img loading=\"lazy\" decoding=\"async\" width=\"270\" height=\"294\" src=\"https:\/\/serveiseducatius.xtec.cat\/garraf\/wp-content\/uploads\/usu1185\/2023\/05\/Salut-escolar-1.png\" alt=\"\" class=\"wp-image-16477\" style=\"width:117px;height:auto\"\/><\/a><\/figure>\n\n\n\n<p class=\"has-text-align-center\">Activitats, materials i recursos que poden ser interessants per treballar i gestionar la salut als centres educatius de la comarca.<\/p>\n\n\n\n<div class=\"wp-block-buttons is-content-justification-center is-layout-flex wp-container-core-buttons-is-layout-2 wp-block-buttons-is-layout-flex\">\n<div class=\"wp-block-button\"><a class=\"wp-block-button__link wp-element-button\" href=\"https:\/\/serveiseducatius.xtec.cat\/garraf\/salut-escolar-al-garraf\/\"><strong>Acc\u00e9s<\/strong><\/a><\/div>\n<\/div>\n<\/div>\n\n\n\n<div class=\"wp-block-column is-layout-flow wp-block-column-is-layout-flow\">\n<figure class=\"wp-block-image aligncenter size-full is-resized\"><a href=\"https:\/\/serveiseducatius.xtec.cat\/garraf\/llengues-estrangeres-i-projectes-internacionals\/\"><img loading=\"lazy\" decoding=\"async\" width=\"433\" height=\"314\" src=\"https:\/\/serveiseducatius.xtec.cat\/garraf\/wp-content\/uploads\/usu1185\/2022\/10\/Eapproved.jpg\" alt=\"\" class=\"wp-image-15624\" style=\"width:170px;height:auto\" srcset=\"https:\/\/serveiseducatius.xtec.cat\/garraf\/wp-content\/uploads\/usu1185\/2022\/10\/Eapproved.jpg 433w, https:\/\/serveiseducatius.xtec.cat\/garraf\/wp-content\/uploads\/usu1185\/2022\/10\/Eapproved-300x218.jpg 300w\" sizes=\"auto, (max-width: 433px) 100vw, 433px\" \/><\/a><\/figure>\n\n\n\n<p class=\"has-text-align-center\">Les informacions rellevants sobre la participaci\u00f3 en projectes internacionals i els programes i les activitats relacionades amb les lleng\u00fces estrangeres.<\/p>\n\n\n\n<div class=\"wp-block-buttons is-content-justification-center is-layout-flex wp-container-core-buttons-is-layout-3 wp-block-buttons-is-layout-flex\">\n<div class=\"wp-block-button\"><a class=\"wp-block-button__link wp-element-button\" href=\"https:\/\/serveiseducatius.xtec.cat\/garraf\/llengues-estrangeres-i-projectes-internacionals\/\"><strong>Acc\u00e9s<\/strong><\/a><\/div>\n<\/div>\n<\/div>\n<\/div>\n\n\n\n<div class=\"wp-block-columns is-layout-flex wp-container-core-columns-is-layout-2 wp-block-columns-is-layout-flex\">\n<div class=\"wp-block-column is-layout-flow wp-block-column-is-layout-flow\">\n<figure class=\"wp-block-image aligncenter size-full is-resized\"><a href=\"https:\/\/gamma.app\/docs\/Recursos-per-a-lalumnat-nouvingut--m0kx291b0t8sul3?mode=doc\"><img loading=\"lazy\" decoding=\"async\" width=\"246\" height=\"127\" src=\"https:\/\/serveiseducatius.xtec.cat\/garraf\/wp-content\/uploads\/usu1185\/2023\/10\/logo_acollida-e1622791979931.png\" alt=\"\" class=\"wp-image-16654\" style=\"width:252px;height:auto\"\/><\/a><\/figure>\n\n\n\n<p class=\"has-text-align-center\">Recursos i materials per atendre l&#8217;alumnat d\u2019Aula d\u2019Acollida.<\/p>\n\n\n\n<div class=\"wp-block-buttons alignwide is-content-justification-center is-layout-flex wp-container-core-buttons-is-layout-4 wp-block-buttons-is-layout-flex\">\n<div class=\"wp-block-button\"><a class=\"wp-block-button__link wp-element-button\" href=\"https:\/\/gamma.app\/docs\/Recursos-per-a-lalumnat-nouvingut--m0kx291b0t8sul3?mode=doc\"><strong>Acc\u00e9s<\/strong><\/a><\/div>\n<\/div>\n<\/div>\n\n\n\n<div class=\"wp-block-column is-layout-flow wp-block-column-is-layout-flow\"><\/div>\n\n\n\n<div class=\"wp-block-column is-layout-flow wp-block-column-is-layout-flow\"><\/div>\n<\/div>\n\n\n\n<p class=\"has-white-color has-ast-global-color-1-background-color has-text-color has-background has-link-color has-medium-font-size wp-elements-2c4bd9399e4abea5d87c92a473fe6a66\"><strong>Assessoraments i materials espec\u00edfics<\/strong><\/p>\n\n\n\n<div class=\"wp-block-columns is-layout-flex wp-container-core-columns-is-layout-3 wp-block-columns-is-layout-flex\">\n<div class=\"wp-block-column is-layout-flow wp-block-column-is-layout-flow\">\n<figure class=\"wp-block-image aligncenter size-full is-resized\"><a href=\"https:\/\/www.diba.cat\/es\/web\/cem\/treballs_recreca\"><img loading=\"lazy\" decoding=\"async\" width=\"1006\" height=\"383\" src=\"https:\/\/serveiseducatius.xtec.cat\/garraf\/wp-content\/uploads\/usu1185\/2024\/03\/Capcalera-CEM.jpg\" alt=\"\" class=\"wp-image-17022\" style=\"width:331px;height:auto\" srcset=\"https:\/\/serveiseducatius.xtec.cat\/garraf\/wp-content\/uploads\/usu1185\/2024\/03\/Capcalera-CEM.jpg 1006w, https:\/\/serveiseducatius.xtec.cat\/garraf\/wp-content\/uploads\/usu1185\/2024\/03\/Capcalera-CEM-300x114.jpg 300w, https:\/\/serveiseducatius.xtec.cat\/garraf\/wp-content\/uploads\/usu1185\/2024\/03\/Capcalera-CEM-768x292.jpg 768w\" sizes=\"auto, (max-width: 1006px) 100vw, 1006px\" \/><\/a><\/figure>\n\n\n\n<p class=\"has-text-align-center\">Assessorament i acompanyament a l&#8217;alumnat de Batxillerat que estigui desenvolupant el seu treball de recerca sobre algun aspecte relacionat amb el medi mar\u00ed.<\/p>\n\n\n\n<div class=\"wp-block-buttons alignwide is-content-justification-center is-layout-flex wp-container-core-buttons-is-layout-5 wp-block-buttons-is-layout-flex\">\n<div class=\"wp-block-button\"><a class=\"wp-block-button__link wp-element-button\" href=\"https:\/\/www.diba.cat\/ca\/web\/cem\/treballs_recerca\"><strong>M\u00e9s informaci\u00f3<\/strong><\/a><\/div>\n\n\n\n<div class=\"wp-block-button\"><a class=\"wp-block-button__link wp-element-button\" href=\"cem@diba.cat\"><strong>Contacte<\/strong><\/a><\/div>\n\n\n\n<div class=\"wp-block-button\"><a class=\"wp-block-button__link wp-element-button\" href=\"https:\/\/formularis.diba.cat\/diba\/peticio-dassessorament-per-treballs-recerca-lambit-batxillerat\"><strong>Formulari de sol\u00b7licitud<\/strong><\/a><\/div>\n<\/div>\n<\/div>\n\n\n\n<div class=\"wp-block-column is-layout-flow wp-block-column-is-layout-flow\">\n<figure class=\"wp-block-image aligncenter size-full is-resized\"><a href=\"https:\/\/www.urv.cat\/ca\/societat-empresa\/catedres\/catedra-urv-per-a-l-estudi-del-fet-casteller\/\"><img loading=\"lazy\" decoding=\"async\" width=\"400\" height=\"400\" src=\"https:\/\/serveiseducatius.xtec.cat\/garraf\/wp-content\/uploads\/usu1185\/2024\/10\/Catedra-Castells.png\" alt=\"\" class=\"wp-image-17697\" style=\"width:134px;height:auto\" srcset=\"https:\/\/serveiseducatius.xtec.cat\/garraf\/wp-content\/uploads\/usu1185\/2024\/10\/Catedra-Castells.png 400w, https:\/\/serveiseducatius.xtec.cat\/garraf\/wp-content\/uploads\/usu1185\/2024\/10\/Catedra-Castells-300x300.png 300w, https:\/\/serveiseducatius.xtec.cat\/garraf\/wp-content\/uploads\/usu1185\/2024\/10\/Catedra-Castells-150x150.png 150w\" sizes=\"auto, (max-width: 400px) 100vw, 400px\" \/><\/a><\/figure>\n\n\n\n<p class=\"has-text-align-center\">Proposta did\u00e0ctica creada a partir de la investigaci\u00f3 de l&#8217;historiador Alexandre Cervell\u00f3 i Salvad\u00f3 al voltant del naixement dels castells humans, mitjan\u00e7ant l&#8217;apropament i la descoberta dels or\u00edgens dels Xiquets de Valls. <\/p>\n\n\n\n<div class=\"wp-block-buttons is-content-justification-center is-layout-flex wp-container-core-buttons-is-layout-6 wp-block-buttons-is-layout-flex\">\n<div class=\"wp-block-button\"><a class=\"wp-block-button__link wp-element-button\" href=\"https:\/\/llibres.urv.cat\/index.php\/purv\/catalog\/view\/559\/579\/1265\"><strong>Guia did\u00e0ctica<\/strong><\/a><\/div>\n<\/div>\n<\/div>\n\n\n\n<div class=\"wp-block-column is-layout-flow wp-block-column-is-layout-flow\">\n<figure class=\"wp-block-image aligncenter size-full\"><a href=\"https:\/\/serveiseducatius.xtec.cat\/garraf\/wp-content\/uploads\/usu1185\/2024\/09\/Servei-Catala-de-Transit.png\"><img loading=\"lazy\" decoding=\"async\" width=\"435\" height=\"116\" src=\"https:\/\/serveiseducatius.xtec.cat\/garraf\/wp-content\/uploads\/usu1185\/2024\/09\/Servei-Catala-de-Transit.png\" alt=\"\" class=\"wp-image-17595\" style=\"object-fit:cover\" srcset=\"https:\/\/serveiseducatius.xtec.cat\/garraf\/wp-content\/uploads\/usu1185\/2024\/09\/Servei-Catala-de-Transit.png 435w, https:\/\/serveiseducatius.xtec.cat\/garraf\/wp-content\/uploads\/usu1185\/2024\/09\/Servei-Catala-de-Transit-300x80.png 300w\" sizes=\"auto, (max-width: 435px) 100vw, 435px\" \/><\/a><\/figure>\n\n\n\n<p>Web que inclou totes aquelles accions i recursos dissenyats perqu\u00e8 les persones desenvolupin les compet\u00e8ncies necess\u00e0ries per a una mobilitat efica\u00e7, sostenible i segura per la seva salut i la dels altres.<\/p>\n\n\n\n<div class=\"wp-block-buttons is-content-justification-center is-layout-flex wp-container-core-buttons-is-layout-7 wp-block-buttons-is-layout-flex\">\n<div class=\"wp-block-button\"><a class=\"wp-block-button__link wp-element-button\" href=\"https:\/\/transit.gencat.cat\/ca\/formacio_i_educacio\/educacio-per-a-la-mobilitat-segura-edums\/inici\/\"><strong>Acc\u00e9s als materials<\/strong><\/a><\/div>\n<\/div>\n<\/div>\n<\/div>\n\n\n\n<p class=\"has-white-color has-ast-global-color-1-background-color has-text-color has-background has-link-color has-medium-font-size wp-elements-5fcab5c9eddfc86afffd95a66f4b6b1b\"><strong>Activitats complement\u00e0ries per l&#8217;alumnat<\/strong><\/p>\n\n\n\n<div class=\"wp-block-columns is-layout-flex wp-container-core-columns-is-layout-4 wp-block-columns-is-layout-flex\">\n<div class=\"wp-block-column is-layout-flow wp-block-column-is-layout-flow\">\n<figure class=\"wp-block-image aligncenter size-full is-resized\"><a href=\"https:\/\/paucasalseduca.org\/\"><img loading=\"lazy\" decoding=\"async\" width=\"225\" height=\"225\" src=\"https:\/\/serveiseducatius.xtec.cat\/garraf\/wp-content\/uploads\/usu1185\/2024\/01\/baixa-4.png\" alt=\"\" class=\"wp-image-16787\" style=\"width:118px;height:auto\" srcset=\"https:\/\/serveiseducatius.xtec.cat\/garraf\/wp-content\/uploads\/usu1185\/2024\/01\/baixa-4.png 225w, https:\/\/serveiseducatius.xtec.cat\/garraf\/wp-content\/uploads\/usu1185\/2024\/01\/baixa-4-150x150.png 150w\" sizes=\"auto, (max-width: 225px) 100vw, 225px\" \/><\/a><\/figure>\n\n\n\n<p class=\"has-text-align-center\">Projecte educatiu del Museu Pau Casals on es treballa la figura de l&#8217;artista a trav\u00e9s de la m\u00fasica, la cultura per la pau i el comprom\u00eds social per a una educaci\u00f3 de qualitat inclusiva i oberta tothom.<\/p>\n\n\n\n<div class=\"wp-block-buttons alignwide is-content-justification-center is-layout-flex wp-container-core-buttons-is-layout-8 wp-block-buttons-is-layout-flex\">\n<div class=\"wp-block-button\"><a class=\"wp-block-button__link wp-element-button\" href=\"https:\/\/paucasalseduca.org\/\"><strong>Programa d&#8217;activitats ordin\u00e0ries<\/strong><\/a><\/div>\n\n\n\n<div class=\"wp-block-button\"><a class=\"wp-block-button__link wp-element-button\" href=\"https:\/\/paucasalseduca.org\/activitats-recursos\/teixint-musiques\/\"><strong>Programa d&#8217;activitats per a centres d&#8217;alta i m\u00e0xima complexitat<\/strong><\/a><\/div>\n<\/div>\n<\/div>\n\n\n\n<div class=\"wp-block-column is-layout-flow wp-block-column-is-layout-flow\">\n<figure class=\"wp-block-image aligncenter size-full is-resized\"><a href=\"https:\/\/www.museusdesitges.cat\/ca\/educacio\"><img loading=\"lazy\" decoding=\"async\" width=\"410\" height=\"390\" src=\"https:\/\/serveiseducatius.xtec.cat\/garraf\/wp-content\/uploads\/usu1185\/2024\/07\/Museus-de-Sitges.jpg\" alt=\"\" class=\"wp-image-17483\" style=\"width:138px;height:auto\" srcset=\"https:\/\/serveiseducatius.xtec.cat\/garraf\/wp-content\/uploads\/usu1185\/2024\/07\/Museus-de-Sitges.jpg 410w, https:\/\/serveiseducatius.xtec.cat\/garraf\/wp-content\/uploads\/usu1185\/2024\/07\/Museus-de-Sitges-300x285.jpg 300w\" sizes=\"auto, (max-width: 410px) 100vw, 410px\" \/><\/a><\/figure>\n\n\n\n<p class=\"has-text-align-center\">Visites guiades al Museu del Cau Ferrat, al Museu i Palau de Maricel, a la Fundaci\u00f3 St\u00e4mpfli, a la Parr\u00f2quia de Sant Bartomeu i Santa Tecla, aix\u00ed com a les ermites del Vinyet i de Sant Sebasti\u00e0 i a les exposicions temporals.<\/p>\n\n\n\n<div class=\"wp-block-buttons is-content-justification-center is-layout-flex wp-container-core-buttons-is-layout-9 wp-block-buttons-is-layout-flex\">\n<div class=\"wp-block-button\"><a class=\"wp-block-button__link wp-element-button\" href=\"https:\/\/www.museusdesitges.cat\/ca\/educacio\"><strong>Programa d&#8217;activitats<\/strong><\/a><\/div>\n<\/div>\n<\/div>\n\n\n\n<div class=\"wp-block-column is-layout-flow wp-block-column-is-layout-flow\">\n<figure class=\"wp-block-image aligncenter size-full is-resized\"><img loading=\"lazy\" decoding=\"async\" width=\"1814\" height=\"426\" src=\"https:\/\/serveiseducatius.xtec.cat\/garraf\/wp-content\/uploads\/usu1185\/2024\/07\/MNACTEC_Museu_de_la_Pell_Igualada-1.png\" alt=\"\" class=\"wp-image-17492\" style=\"width:332px;height:auto\" srcset=\"https:\/\/serveiseducatius.xtec.cat\/garraf\/wp-content\/uploads\/usu1185\/2024\/07\/MNACTEC_Museu_de_la_Pell_Igualada-1.png 1814w, https:\/\/serveiseducatius.xtec.cat\/garraf\/wp-content\/uploads\/usu1185\/2024\/07\/MNACTEC_Museu_de_la_Pell_Igualada-1-300x70.png 300w, https:\/\/serveiseducatius.xtec.cat\/garraf\/wp-content\/uploads\/usu1185\/2024\/07\/MNACTEC_Museu_de_la_Pell_Igualada-1-1024x240.png 1024w, https:\/\/serveiseducatius.xtec.cat\/garraf\/wp-content\/uploads\/usu1185\/2024\/07\/MNACTEC_Museu_de_la_Pell_Igualada-1-768x180.png 768w, https:\/\/serveiseducatius.xtec.cat\/garraf\/wp-content\/uploads\/usu1185\/2024\/07\/MNACTEC_Museu_de_la_Pell_Igualada-1-1536x361.png 1536w\" sizes=\"auto, (max-width: 1814px) 100vw, 1814px\" \/><\/figure>\n\n\n\n<p><\/p>\n\n\n\n<p class=\"has-text-align-center\">Activitats al voltant de la pell, de l\u2019aigua, la sostenibilitat i del barri del Rec, aix\u00ed com dels elements patrimonials dinamitzats des del Museu: l\u2019adoberia, la Casa de la Festa, la vil\u00b7la romana, l\u2019esgle\u0301sia de Sant Jaume Sesoliveres i el Gasogen de Cal Pasqual.<\/p>\n\n\n\n<div class=\"wp-block-buttons is-content-justification-center is-layout-flex wp-container-core-buttons-is-layout-10 wp-block-buttons-is-layout-flex\">\n<div class=\"wp-block-button\"><a class=\"wp-block-button__link wp-element-button\" href=\"https:\/\/museupelligualada.cat\/escoles\/#Oferta-educativa\"><strong>Programa d&#8217;activitats<\/strong><\/a><\/div>\n<\/div>\n<\/div>\n<\/div>\n\n\n\n<p class=\"has-white-color has-ast-global-color-1-background-color has-text-color has-background has-link-color has-medium-font-size wp-elements-9e3e49874bed65dcb1d40c9d07784d18\"><strong>Bibliografia<\/strong><\/p>\n\n\n\n<div class=\"wp-block-columns is-layout-flex wp-container-core-columns-is-layout-5 wp-block-columns-is-layout-flex\">\n<div class=\"wp-block-column is-layout-flow wp-block-column-is-layout-flow\">\n<figure class=\"wp-block-image aligncenter size-full is-resized\"><a href=\"https:\/\/educacio.gencat.cat\/ca\/departament\/biblioteca\/\"><img loading=\"lazy\" decoding=\"async\" width=\"1070\" height=\"1208\" src=\"https:\/\/serveiseducatius.xtec.cat\/garraf\/wp-content\/uploads\/usu1185\/2024\/03\/biblioteca.jpg\" alt=\"\" class=\"wp-image-17026\" style=\"width:117px;height:auto\" srcset=\"https:\/\/serveiseducatius.xtec.cat\/garraf\/wp-content\/uploads\/usu1185\/2024\/03\/biblioteca.jpg 1070w, https:\/\/serveiseducatius.xtec.cat\/garraf\/wp-content\/uploads\/usu1185\/2024\/03\/biblioteca-266x300.jpg 266w, https:\/\/serveiseducatius.xtec.cat\/garraf\/wp-content\/uploads\/usu1185\/2024\/03\/biblioteca-907x1024.jpg 907w, https:\/\/serveiseducatius.xtec.cat\/garraf\/wp-content\/uploads\/usu1185\/2024\/03\/biblioteca-768x867.jpg 768w\" sizes=\"auto, (max-width: 1070px) 100vw, 1070px\" \/><\/a><\/figure>\n\n\n\n<p class=\"has-text-align-center\">Biblioteca especialitzada en temes d&#8217;educaci\u00f3 de lliure acc\u00e9s al p\u00fablic en general, concretament donant suport a investigadors i professionals de l&#8217;ensenyament.<\/p>\n\n\n\n<div class=\"wp-block-buttons alignwide is-content-justification-center is-layout-flex wp-container-core-buttons-is-layout-11 wp-block-buttons-is-layout-flex\">\n<div class=\"wp-block-button\"><a class=\"wp-block-button__link wp-element-button\" href=\"https:\/\/educacio.gencat.cat\/ca\/departament\/biblioteca\/\"><strong>Acc\u00e9s<\/strong><\/a><\/div>\n<\/div>\n<\/div>\n\n\n\n<div class=\"wp-block-column is-layout-flow wp-block-column-is-layout-flow\">\n<figure class=\"wp-block-image aligncenter size-full is-resized\"><a href=\"https:\/\/ccuc.csuc.cat\/discovery\/search?vid=34CSUC_NETWORK:CSUC_CCUC_UNION\"><img loading=\"lazy\" decoding=\"async\" width=\"437\" height=\"546\" src=\"https:\/\/serveiseducatius.xtec.cat\/garraf\/wp-content\/uploads\/usu1185\/2025\/10\/ccuc.jpg\" alt=\"\" class=\"wp-image-18549\" style=\"width:110px;height:auto\" srcset=\"https:\/\/serveiseducatius.xtec.cat\/garraf\/wp-content\/uploads\/usu1185\/2025\/10\/ccuc.jpg 437w, https:\/\/serveiseducatius.xtec.cat\/garraf\/wp-content\/uploads\/usu1185\/2025\/10\/ccuc-240x300.jpg 240w\" sizes=\"auto, (max-width: 437px) 100vw, 437px\" \/><\/a><\/figure>\n\n\n\n<p class=\"has-text-align-center\">Eina d&#8217;informaci\u00f3 bibliogr\u00e0fica molt \u00fatil per a descobrir, identificar i localitzar documents i altres recursos que es troben dipositats a les biblioteques de les universitats catalanes a trav\u00e9s d&#8217;una plataforma \u00fanica.<\/p>\n\n\n\n<div class=\"wp-block-buttons is-content-justification-center is-layout-flex wp-container-core-buttons-is-layout-12 wp-block-buttons-is-layout-flex\">\n<div class=\"wp-block-button\"><a class=\"wp-block-button__link wp-element-button\" href=\"https:\/\/ccuc.csuc.cat\/discovery\/search?vid=34CSUC_NETWORK:CSUC_CCUC_UNION\"><strong>Acc\u00e9s<\/strong><\/a><\/div>\n<\/div>\n<\/div>\n\n\n\n<div class=\"wp-block-column is-layout-flow wp-block-column-is-layout-flow\"><\/div>\n<\/div>\n","protected":false},"excerpt":{"rendered":"<p>Recursos Documents per atendre la diversitat i la inclusi\u00f3 Activitats, materials i recursos que poden ser interessants per treballar i gestionar la salut als centres educatius de la comarca. Les informacions rellevants sobre la participaci\u00f3 en projectes internacionals i els programes i les activitats relacionades amb les lleng\u00fces estrangeres. Recursos i materials per atendre l&#8217;alumnat [&hellip;]<\/p>\n","protected":false},"author":10,"featured_media":0,"parent":0,"menu_order":0,"comment_status":"closed","ping_status":"closed","template":"","meta":{"_bbp_topic_count":0,"_bbp_reply_count":0,"_bbp_total_topic_count":0,"_bbp_total_reply_count":0,"_bbp_voice_count":0,"_bbp_anonymous_reply_count":0,"_bbp_topic_count_hidden":0,"_bbp_reply_count_hidden":0,"_bbp_forum_subforum_count":0,"site-sidebar-layout":"default","site-content-layout":"","ast-site-content-layout":"default","site-content-style":"default","site-sidebar-style":"default","ast-global-header-display":"","ast-banner-title-visibility":"","ast-main-header-display":"","ast-hfb-above-header-display":"","ast-hfb-below-header-display":"","ast-hfb-mobile-header-display":"","site-post-title":"","ast-breadcrumbs-content":"","ast-featured-img":"","footer-sml-layout":"","theme-transparent-header-meta":"","adv-header-id-meta":"","stick-header-meta":"","header-above-stick-meta":"","header-main-stick-meta":"","header-below-stick-meta":"","astra-migrate-meta-layouts":"set","ast-page-background-enabled":"default","ast-page-background-meta":{"desktop":{"background-color":"var(--ast-global-color-4)","background-image":"","background-repeat":"repeat","background-position":"center center","background-size":"auto","background-attachment":"scroll","background-type":"","background-media":"","overlay-type":"","overlay-color":"","overlay-opacity":"","overlay-gradient":""},"tablet":{"background-color":"","background-image":"","background-repeat":"repeat","background-position":"center center","background-size":"auto","background-attachment":"scroll","background-type":"","background-media":"","overlay-type":"","overlay-color":"","overlay-opacity":"","overlay-gradient":""},"mobile":{"background-color":"","background-image":"","background-repeat":"repeat","background-position":"center center","background-size":"auto","background-attachment":"scroll","background-type":"","background-media":"","overlay-type":"","overlay-color":"","overlay-opacity":"","overlay-gradient":""}},"ast-content-background-meta":{"desktop":{"background-color":"var(--ast-global-color-5)","background-image":"","background-repeat":"repeat","background-position":"center center","background-size":"auto","background-attachment":"scroll","background-type":"","background-media":"","overlay-type":"","overlay-color":"","overlay-opacity":"","overlay-gradient":""},"tablet":{"background-color":"var(--ast-global-color-5)","background-image":"","background-repeat":"repeat","background-position":"center center","background-size":"auto","background-attachment":"scroll","background-type":"","background-media":"","overlay-type":"","overlay-color":"","overlay-opacity":"","overlay-gradient":""},"mobile":{"background-color":"var(--ast-global-color-5)","background-image":"","background-repeat":"repeat","background-position":"center center","background-size":"auto","background-attachment":"scroll","background-type":"","background-media":"","overlay-type":"","overlay-color":"","overlay-opacity":"","overlay-gradient":""}},"footnotes":""},"class_list":["post-9619","page","type-page","status-publish","hentry"],"post_mailing_queue_ids":[],"_links":{"self":[{"href":"https:\/\/serveiseducatius.xtec.cat\/garraf\/wp-json\/wp\/v2\/pages\/9619","targetHints":{"allow":["GET"]}}],"collection":[{"href":"https:\/\/serveiseducatius.xtec.cat\/garraf\/wp-json\/wp\/v2\/pages"}],"about":[{"href":"https:\/\/serveiseducatius.xtec.cat\/garraf\/wp-json\/wp\/v2\/types\/page"}],"author":[{"embeddable":true,"href":"https:\/\/serveiseducatius.xtec.cat\/garraf\/wp-json\/wp\/v2\/users\/10"}],"replies":[{"embeddable":true,"href":"https:\/\/serveiseducatius.xtec.cat\/garraf\/wp-json\/wp\/v2\/comments?post=9619"}],"version-history":[{"count":6,"href":"https:\/\/serveiseducatius.xtec.cat\/garraf\/wp-json\/wp\/v2\/pages\/9619\/revisions"}],"predecessor-version":[{"id":19511,"href":"https:\/\/serveiseducatius.xtec.cat\/garraf\/wp-json\/wp\/v2\/pages\/9619\/revisions\/19511"}],"wp:attachment":[{"href":"https:\/\/serveiseducatius.xtec.cat\/garraf\/wp-json\/wp\/v2\/media?parent=9619"}],"curies":[{"name":"wp","href":"https:\/\/api.w.org\/{rel}","templated":true}]}}