{"id":9574,"date":"2018-11-06T18:19:14","date_gmt":"2018-11-06T17:19:14","guid":{"rendered":"http:\/\/serveiseducatius.xtec.cat\/garraf\/?page_id=9574"},"modified":"2023-06-26T08:42:38","modified_gmt":"2023-06-26T06:42:38","slug":"congres-de-ciencia","status":"publish","type":"page","link":"https:\/\/serveiseducatius.xtec.cat\/garraf\/congres-de-ciencia\/","title":{"rendered":"16\u00e8 Congr\u00e9s de Ci\u00e8ncia"},"content":{"rendered":"<div style=\"text-align: center;\">\n<div style=\"margin: 8px 0px 4px;\"><\/div>\n<p><iframe loading=\"lazy\" style=\"margin: 0 auto;\" src=\"\/\/v.calameo.com\/?bkcode=0067079039f8c0a0b80c1\" width=\"300\" height=\"194\" frameborder=\"0\" scrolling=\"no\" allowfullscreen=\"allowfullscreen\"><\/iframe><\/p>\n<div style=\"margin: 4px 0px 8px;\"><strong style=\"font-size: 1.6875em;\">Visualitzeu la<\/strong> <a style=\"font-size: 1.6875em; font-weight: bold;\" href=\"https:\/\/www.calameo.com\/books\/0067079039f8c0a0b80c1\">REVISTA DEL 16\u00e8 CONGR\u00c9S DE CI\u00c8NCIA<\/a><span style=\"font-size: 1.6875em; font-weight: bold;\">.<\/span><\/div>\n<\/div>\n<p>&nbsp;<\/p>\n<p><span class=\"JsGRdQ\"><a href=\"https:\/\/drive.google.com\/file\/d\/1vobrdrI7WFdxNWMNlCeIGjmK2UD7KoOH\/view?usp=share_link\"><img loading=\"lazy\" decoding=\"async\" class=\"wp-image-15751 alignright\" src=\"https:\/\/serveiseducatius.xtec.cat\/garraf\/wp-content\/uploads\/usu1185\/2022\/11\/Infografia-Congres-de-ciencia.jpg\" alt=\"\" width=\"426\" height=\"1065\" srcset=\"https:\/\/serveiseducatius.xtec.cat\/garraf\/wp-content\/uploads\/usu1185\/2022\/11\/Infografia-Congres-de-ciencia.jpg 800w, https:\/\/serveiseducatius.xtec.cat\/garraf\/wp-content\/uploads\/usu1185\/2022\/11\/Infografia-Congres-de-ciencia-120x300.jpg 120w, https:\/\/serveiseducatius.xtec.cat\/garraf\/wp-content\/uploads\/usu1185\/2022\/11\/Infografia-Congres-de-ciencia-410x1024.jpg 410w, https:\/\/serveiseducatius.xtec.cat\/garraf\/wp-content\/uploads\/usu1185\/2022\/11\/Infografia-Congres-de-ciencia-768x1920.jpg 768w, https:\/\/serveiseducatius.xtec.cat\/garraf\/wp-content\/uploads\/usu1185\/2022\/11\/Infografia-Congres-de-ciencia-614x1536.jpg 614w\" sizes=\"auto, (max-width: 426px) 100vw, 426px\" \/><\/a>El <\/span><span class=\"JsGRdQ\">Congr\u00e9s de Ci\u00e8ncia<\/span><span class=\"JsGRdQ\"> pret\u00e9n ser una eina m\u00e9s per potenciar tot el treball que s\u2019est\u00e0 duent a terme als centres d&#8217;Infantil i Prim\u00e0ria en l\u2019\u00e0mbit de l\u2019observaci\u00f3, la recerca i l\u2019experimentaci\u00f3 amb l&#8217;objectiu de:<\/span><\/p>\n<ul>\n<li><span class=\"JsGRdQ\">Situar l&#8217;alumnat com a centre de l&#8217;aprenentatge.<\/span><\/li>\n<li><span class=\"JsGRdQ\">Desenvolupar l&#8217;\u00e0mbit ling\u00fc\u00edstic i cient\u00edfic.<\/span><\/li>\n<li><span class=\"JsGRdQ\">Oferir un marc organitzatiu i comunicatiu per qu\u00e8 l&#8217;alumnat de la comarca mostrin els seus treballs d\u2019investigaci\u00f3 cient\u00edfica<\/span><span class=\"JsGRdQ\">.<\/span><\/li>\n<li><span class=\"JsGRdQ\">Valorar i potenciar les bones pr\u00e0ctiques en la recerca cient\u00edfica dels centres<\/span><\/li>\n<\/ul>\n<p><strong>La 16a edici\u00f3 del Congr\u00e9s de Ci\u00e8ncia tindr\u00e0 lloc entre el 15 i el 18 de maig de 2023 en format presencial.<\/strong><\/p>\n<p>Els centres interessats en participar-hi, poden <strong>inscriure&#8217;s entre el 21 de novembre i el 12 de desembre a trav\u00e9s d&#8217;aquest <a href=\"https:\/\/forms.gle\/m4MYmDoze5Fj6ewQ9\">formulari<\/a><\/strong>, tenint en compte els <strong>requisits<\/strong> seg\u00fcents:<\/p>\n<ul>\n<li class=\"_04xlpA direction-ltr align-start para-style-body\"><span class=\"JsGRdQ\">Presentar una pon\u00e8ncia.<\/span><\/li>\n<li class=\"_04xlpA direction-ltr align-end para-style-body\"><span class=\"JsGRdQ\">Realitzar la formaci\u00f3 per al professorat (els dijous 19 de gener, 2 de mar\u00e7 i 13 d&#8217;abril de 2023).<\/span><\/li>\n<li class=\"_04xlpA direction-ltr align-start para-style-body\"><span class=\"JsGRdQ\">Elaborar una ressenya per la <a href=\"https:\/\/publuu.com\/flip-book\/137661\/350060\">Revista del Congr\u00e9s<\/a>.<\/span><\/li>\n<li class=\"_04xlpA direction-ltr align-end para-style-body\"><span class=\"JsGRdQ\">Presentar una infografia de la pon\u00e8ncia.<\/span><\/li>\n<li class=\"_04xlpA direction-ltr align-start para-style-body\"><span class=\"JsGRdQ\">Lliurar una imatge del grup d&#8217;alumnes.<\/span><\/li>\n<\/ul>\n<p>Per m\u00e9s informaci\u00f3 cliqueu <a href=\"https:\/\/drive.google.com\/file\/d\/1vobrdrI7WFdxNWMNlCeIGjmK2UD7KoOH\/view?usp=share_link\"><strong>aqu\u00ed<\/strong><\/a>.<\/p>\n<p>Podeu accedir als enregistraments de les presentacions de les escoles\u00a0<strong><a href=\"https:\/\/canalblau.tv\/category\/congres-de-la-ciencia\/\">aqu\u00ed<\/a>.<\/strong><\/p>\n<p>&nbsp;<\/p>\n<p>Amb la col\u00b7laboraci\u00f3 de:<\/p>\n<p><img loading=\"lazy\" decoding=\"async\" class=\"wp-image-16258 alignleft\" src=\"https:\/\/serveiseducatius.xtec.cat\/garraf\/wp-content\/uploads\/usu1185\/2023\/04\/Canal-Blau.jpg\" alt=\"\" width=\"191\" height=\"184\" srcset=\"https:\/\/serveiseducatius.xtec.cat\/garraf\/wp-content\/uploads\/usu1185\/2023\/04\/Canal-Blau.jpg 335w, https:\/\/serveiseducatius.xtec.cat\/garraf\/wp-content\/uploads\/usu1185\/2023\/04\/Canal-Blau-300x289.jpg 300w\" sizes=\"auto, (max-width: 191px) 100vw, 191px\" \/><\/p>\n","protected":false},"excerpt":{"rendered":"<p>Visualitzeu la REVISTA DEL 16\u00e8 CONGR\u00c9S DE CI\u00c8NCIA. &nbsp; El Congr\u00e9s de Ci\u00e8ncia pret\u00e9n ser una eina m\u00e9s per potenciar tot el treball que s\u2019est\u00e0 duent a terme als centres d&#8217;Infantil i Prim\u00e0ria en l\u2019\u00e0mbit de l\u2019observaci\u00f3, la recerca i l\u2019experimentaci\u00f3 amb l&#8217;objectiu de: Situar l&#8217;alumnat com a centre de l&#8217;aprenentatge. Desenvolupar l&#8217;\u00e0mbit ling\u00fc\u00edstic i [&hellip;]<\/p>\n","protected":false},"author":10,"featured_media":0,"parent":0,"menu_order":0,"comment_status":"closed","ping_status":"closed","template":"","meta":{"_bbp_topic_count":0,"_bbp_reply_count":0,"_bbp_total_topic_count":0,"_bbp_total_reply_count":0,"_bbp_voice_count":0,"_bbp_anonymous_reply_count":0,"_bbp_topic_count_hidden":0,"_bbp_reply_count_hidden":0,"_bbp_forum_subforum_count":0,"site-sidebar-layout":"default","site-content-layout":"","ast-site-content-layout":"","site-content-style":"default","site-sidebar-style":"default","ast-global-header-display":"","ast-banner-title-visibility":"","ast-main-header-display":"","ast-hfb-above-header-display":"","ast-hfb-below-header-display":"","ast-hfb-mobile-header-display":"","site-post-title":"","ast-breadcrumbs-content":"","ast-featured-img":"","footer-sml-layout":"","theme-transparent-header-meta":"","adv-header-id-meta":"","stick-header-meta":"","header-above-stick-meta":"","header-main-stick-meta":"","header-below-stick-meta":"","astra-migrate-meta-layouts":"default","ast-page-background-enabled":"default","ast-page-background-meta":{"desktop":{"background-color":"var(--ast-global-color-4)","background-image":"","background-repeat":"repeat","background-position":"center center","background-size":"auto","background-attachment":"scroll","background-type":"","background-media":"","overlay-type":"","overlay-color":"","overlay-opacity":"","overlay-gradient":""},"tablet":{"background-color":"","background-image":"","background-repeat":"repeat","background-position":"center center","background-size":"auto","background-attachment":"scroll","background-type":"","background-media":"","overlay-type":"","overlay-color":"","overlay-opacity":"","overlay-gradient":""},"mobile":{"background-color":"","background-image":"","background-repeat":"repeat","background-position":"center center","background-size":"auto","background-attachment":"scroll","background-type":"","background-media":"","overlay-type":"","overlay-color":"","overlay-opacity":"","overlay-gradient":""}},"ast-content-background-meta":{"desktop":{"background-color":"var(--ast-global-color-5)","background-image":"","background-repeat":"repeat","background-position":"center center","background-size":"auto","background-attachment":"scroll","background-type":"","background-media":"","overlay-type":"","overlay-color":"","overlay-opacity":"","overlay-gradient":""},"tablet":{"background-color":"var(--ast-global-color-5)","background-image":"","background-repeat":"repeat","background-position":"center center","background-size":"auto","background-attachment":"scroll","background-type":"","background-media":"","overlay-type":"","overlay-color":"","overlay-opacity":"","overlay-gradient":""},"mobile":{"background-color":"var(--ast-global-color-5)","background-image":"","background-repeat":"repeat","background-position":"center center","background-size":"auto","background-attachment":"scroll","background-type":"","background-media":"","overlay-type":"","overlay-color":"","overlay-opacity":"","overlay-gradient":""}},"footnotes":""},"class_list":["post-9574","page","type-page","status-publish","hentry"],"post_mailing_queue_ids":[],"_links":{"self":[{"href":"https:\/\/serveiseducatius.xtec.cat\/garraf\/wp-json\/wp\/v2\/pages\/9574","targetHints":{"allow":["GET"]}}],"collection":[{"href":"https:\/\/serveiseducatius.xtec.cat\/garraf\/wp-json\/wp\/v2\/pages"}],"about":[{"href":"https:\/\/serveiseducatius.xtec.cat\/garraf\/wp-json\/wp\/v2\/types\/page"}],"author":[{"embeddable":true,"href":"https:\/\/serveiseducatius.xtec.cat\/garraf\/wp-json\/wp\/v2\/users\/10"}],"replies":[{"embeddable":true,"href":"https:\/\/serveiseducatius.xtec.cat\/garraf\/wp-json\/wp\/v2\/comments?post=9574"}],"version-history":[{"count":4,"href":"https:\/\/serveiseducatius.xtec.cat\/garraf\/wp-json\/wp\/v2\/pages\/9574\/revisions"}],"predecessor-version":[{"id":16259,"href":"https:\/\/serveiseducatius.xtec.cat\/garraf\/wp-json\/wp\/v2\/pages\/9574\/revisions\/16259"}],"wp:attachment":[{"href":"https:\/\/serveiseducatius.xtec.cat\/garraf\/wp-json\/wp\/v2\/media?parent=9574"}],"curies":[{"name":"wp","href":"https:\/\/api.w.org\/{rel}","templated":true}]}}