{"id":9522,"date":"2018-11-06T13:38:17","date_gmt":"2018-11-06T12:38:17","guid":{"rendered":"http:\/\/serveiseducatius.xtec.cat\/garraf\/?page_id=9522"},"modified":"2025-12-19T14:06:09","modified_gmt":"2025-12-19T13:06:09","slug":"cantem-al-nadal","status":"publish","type":"page","link":"https:\/\/serveiseducatius.xtec.cat\/garraf\/cantem-al-nadal\/","title":{"rendered":"Cantem al Nadal"},"content":{"rendered":"\n<p>Canal Blau TV, amb la participaci\u00f3 del Centre de Recursos Pedag\u00f2gics del Garraf, organitza cada any l\u2019activitat \u201cCantem al Nadal\u201d, en la que l&#8217;alumnat d&#8217;I5 de les escoles d&#8217;educaci\u00f3 prim\u00e0ria de la comarca enregistren una nadala que es retransmet durant les festes nadalenques a la cadena de televisi\u00f3 local.<\/p>\n\n\n\n<div class=\"wp-block-columns is-layout-flex wp-container-core-columns-is-layout-1 wp-block-columns-is-layout-flex\">\n<div class=\"wp-block-column is-layout-flow wp-block-column-is-layout-flow\">\n<div class=\"wp-block-buttons alignwide is-content-justification-center is-layout-flex wp-container-core-buttons-is-layout-1 wp-block-buttons-is-layout-flex\">\n<div class=\"wp-block-button\"><a class=\"wp-block-button__link wp-element-button\" href=\"https:\/\/forms.gle\/QNaQGHtCyUXJGL6k9\"><strong>Inscripci\u00f3<\/strong><\/a><\/div>\n<\/div>\n\n\n\n<p class=\"has-text-align-center\">de l&#8217;1 d&#8217;octubre al 2 de novembre de 2025<\/p>\n<\/div>\n\n\n\n<div class=\"wp-block-column is-layout-flow wp-block-column-is-layout-flow\">\n<p class=\"has-text-align-center\"><strong>Dates de gravaci\u00f3 als estudis de Canal Blau<\/strong><\/p>\n\n\n\n<p class=\"has-text-align-center\">del 9 al 12 de desembre de 2025*<\/p>\n\n\n\n<p class=\"has-text-align-center has-small-font-size\"><strong>*\u00c9s important que indiqueu les vostres prefer\u00e8ncies de dates al formulari d&#8217;inscripci\u00f3<\/strong><\/p>\n<\/div>\n<\/div>\n\n\n\n<div class=\"wp-block-columns is-layout-flex wp-container-core-columns-is-layout-2 wp-block-columns-is-layout-flex\">\n<div class=\"wp-block-column is-layout-flow wp-block-column-is-layout-flow\">\n<p class=\"has-text-align-center\"><strong>Dates d&#8217;emissi\u00f3 Cantem al Nadal 2025<\/strong><\/p>\n\n\n\n<ul class=\"wp-block-list\">\n<li style=\"font-size:15px\">Dimecres, 24 de desembre a les 13:00 i a les 22:00 h.<\/li>\n\n\n\n<li style=\"font-size:15px\">Dijous, 25 de desembre (Nadal) a les 8:30 i a les 22.00 h.<\/li>\n\n\n\n<li style=\"font-size:15px\">Divendres, 26 de desembre (Sant Esteve) a les 13:30 i a les 19:30 h.<\/li>\n\n\n\n<li style=\"font-size:15px\">Dimecres, 31 de desembre (nit de Cap d&#8217;Any) a les 10.30 h.<\/li>\n\n\n\n<li style=\"font-size:15px\">Dilluns, 5 de gener a les 10.30 h.<\/li>\n\n\n\n<li style=\"font-size:15px\">Dimarts, 6 de gener (Reis) a les 14:45 h.<\/li>\n<\/ul>\n\n\n\n<p class=\"has-text-align-center\">Podeu veure totes les nadales a <strong><a href=\"https:\/\/www.youtube.com\/watch?v=RtjbteLHAlQ\">YouTube<\/a><\/strong><\/p>\n<\/div>\n\n\n\n<div class=\"wp-block-column is-layout-flow wp-block-column-is-layout-flow\">\n<p class=\"has-text-align-center\"><strong>Emissi\u00f3 de Cantem al Nadal 2024<\/strong><\/p>\n\n\n\n<figure class=\"wp-block-embed is-type-video is-provider-youtube wp-block-embed-youtube wp-embed-aspect-16-9 wp-has-aspect-ratio\"><div class=\"wp-block-embed__wrapper\">\n<div class=\"ast-oembed-container \" style=\"height: 100%;\"><iframe loading=\"lazy\" title=\"Cantem al Nadal 2024\" width=\"500\" height=\"281\" src=\"https:\/\/www.youtube.com\/embed\/_ZINFyCbJM0?feature=oembed\" frameborder=\"0\" allow=\"accelerometer; autoplay; clipboard-write; encrypted-media; gyroscope; picture-in-picture; web-share\" referrerpolicy=\"strict-origin-when-cross-origin\" allowfullscreen><\/iframe><\/div>\n<\/div><figcaption class=\"wp-element-caption\">Podreu trobar totes les nadales a <a href=\"https:\/\/canalblau.tv\/\">www.canalblau.cat<\/a><\/figcaption><\/figure>\n<\/div>\n<\/div>\n","protected":false},"excerpt":{"rendered":"<p>Canal Blau TV, amb la participaci\u00f3 del Centre de Recursos Pedag\u00f2gics del Garraf, organitza cada any l\u2019activitat \u201cCantem al Nadal\u201d, en la que l&#8217;alumnat d&#8217;I5 de les escoles d&#8217;educaci\u00f3 prim\u00e0ria de la comarca enregistren una nadala que es retransmet durant les festes nadalenques a la cadena de televisi\u00f3 local. de l&#8217;1 d&#8217;octubre al 2 de [&hellip;]<\/p>\n","protected":false},"author":10,"featured_media":0,"parent":0,"menu_order":0,"comment_status":"closed","ping_status":"closed","template":"","meta":{"_bbp_topic_count":0,"_bbp_reply_count":0,"_bbp_total_topic_count":0,"_bbp_total_reply_count":0,"_bbp_voice_count":0,"_bbp_anonymous_reply_count":0,"_bbp_topic_count_hidden":0,"_bbp_reply_count_hidden":0,"_bbp_forum_subforum_count":0,"site-sidebar-layout":"default","site-content-layout":"","ast-site-content-layout":"default","site-content-style":"default","site-sidebar-style":"default","ast-global-header-display":"","ast-banner-title-visibility":"","ast-main-header-display":"","ast-hfb-above-header-display":"","ast-hfb-below-header-display":"","ast-hfb-mobile-header-display":"","site-post-title":"","ast-breadcrumbs-content":"","ast-featured-img":"","footer-sml-layout":"","theme-transparent-header-meta":"","adv-header-id-meta":"","stick-header-meta":"","header-above-stick-meta":"","header-main-stick-meta":"","header-below-stick-meta":"","astra-migrate-meta-layouts":"set","ast-page-background-enabled":"default","ast-page-background-meta":{"desktop":{"background-color":"var(--ast-global-color-4)","background-image":"","background-repeat":"repeat","background-position":"center center","background-size":"auto","background-attachment":"scroll","background-type":"","background-media":"","overlay-type":"","overlay-color":"","overlay-opacity":"","overlay-gradient":""},"tablet":{"background-color":"","background-image":"","background-repeat":"repeat","background-position":"center center","background-size":"auto","background-attachment":"scroll","background-type":"","background-media":"","overlay-type":"","overlay-color":"","overlay-opacity":"","overlay-gradient":""},"mobile":{"background-color":"","background-image":"","background-repeat":"repeat","background-position":"center center","background-size":"auto","background-attachment":"scroll","background-type":"","background-media":"","overlay-type":"","overlay-color":"","overlay-opacity":"","overlay-gradient":""}},"ast-content-background-meta":{"desktop":{"background-color":"var(--ast-global-color-5)","background-image":"","background-repeat":"repeat","background-position":"center center","background-size":"auto","background-attachment":"scroll","background-type":"","background-media":"","overlay-type":"","overlay-color":"","overlay-opacity":"","overlay-gradient":""},"tablet":{"background-color":"var(--ast-global-color-5)","background-image":"","background-repeat":"repeat","background-position":"center center","background-size":"auto","background-attachment":"scroll","background-type":"","background-media":"","overlay-type":"","overlay-color":"","overlay-opacity":"","overlay-gradient":""},"mobile":{"background-color":"var(--ast-global-color-5)","background-image":"","background-repeat":"repeat","background-position":"center center","background-size":"auto","background-attachment":"scroll","background-type":"","background-media":"","overlay-type":"","overlay-color":"","overlay-opacity":"","overlay-gradient":""}},"footnotes":""},"class_list":["post-9522","page","type-page","status-publish","hentry"],"post_mailing_queue_ids":[],"_links":{"self":[{"href":"https:\/\/serveiseducatius.xtec.cat\/garraf\/wp-json\/wp\/v2\/pages\/9522","targetHints":{"allow":["GET"]}}],"collection":[{"href":"https:\/\/serveiseducatius.xtec.cat\/garraf\/wp-json\/wp\/v2\/pages"}],"about":[{"href":"https:\/\/serveiseducatius.xtec.cat\/garraf\/wp-json\/wp\/v2\/types\/page"}],"author":[{"embeddable":true,"href":"https:\/\/serveiseducatius.xtec.cat\/garraf\/wp-json\/wp\/v2\/users\/10"}],"replies":[{"embeddable":true,"href":"https:\/\/serveiseducatius.xtec.cat\/garraf\/wp-json\/wp\/v2\/comments?post=9522"}],"version-history":[{"count":6,"href":"https:\/\/serveiseducatius.xtec.cat\/garraf\/wp-json\/wp\/v2\/pages\/9522\/revisions"}],"predecessor-version":[{"id":19425,"href":"https:\/\/serveiseducatius.xtec.cat\/garraf\/wp-json\/wp\/v2\/pages\/9522\/revisions\/19425"}],"wp:attachment":[{"href":"https:\/\/serveiseducatius.xtec.cat\/garraf\/wp-json\/wp\/v2\/media?parent=9522"}],"curies":[{"name":"wp","href":"https:\/\/api.w.org\/{rel}","templated":true}]}}