{"id":9145,"date":"2018-10-11T15:57:52","date_gmt":"2018-10-11T13:57:52","guid":{"rendered":"http:\/\/serveiseducatius.xtec.cat\/garraf\/?page_id=9145"},"modified":"2025-11-12T17:07:16","modified_gmt":"2025-11-12T16:07:16","slug":"lego-wedo","status":"publish","type":"page","link":"https:\/\/serveiseducatius.xtec.cat\/garraf\/material-de-prestec\/lego-wedo\/","title":{"rendered":"Lego Education WeDo2.0 Bluetooth"},"content":{"rendered":"\n<p class=\"has-white-color has-ast-global-color-1-background-color has-text-color has-background has-link-color has-medium-font-size wp-elements-68aadcb96259a9e960e5c7833067f726\"><strong>Caracter\u00edstiques<\/strong><\/p>\n\n\n\n<p>Education WeDo \u00e9s el robot ideal perqu\u00e8 els alumnes de prim\u00e0ria aprenguin rob\u00f2tica educativa, programaci\u00f3, ci\u00e8ncies, i tecnologia i enginyeria.<\/p>\n\n\n\n<p class=\"has-white-color has-ast-global-color-1-background-color has-text-color has-background has-link-color has-medium-font-size wp-elements-fc933459088506a65e5925f2eb87ab81\"><strong>Materials<\/strong><\/p>\n\n\n\n<div class=\"wp-block-columns is-layout-flex wp-container-core-columns-is-layout-1 wp-block-columns-is-layout-flex\" style=\"margin-top:0;margin-bottom:0\">\n<div class=\"wp-block-column is-layout-flow wp-block-column-is-layout-flow\" style=\"padding-top:0;padding-bottom:0\">\n<ul class=\"wp-block-list\">\n<li>Smarthub 2 I\/O WeDo 2 0<\/li>\n\n\n\n<li>Motor mitj\u00e0 WeDo 2 0<\/li>\n\n\n\n<li>Sensor de moviment WeDo 2 0<\/li>\n\n\n\n<li>Sensor d\u2019inclinaci\u00f3 WeDo 2 0<\/li>\n\n\n\n<li>Elements LEGO\u00ae System 280 peces<\/li>\n<\/ul>\n<\/div>\n\n\n\n<div class=\"wp-block-column is-layout-flow wp-block-column-is-layout-flow\">\n<ul class=\"wp-block-list\">\n<li style=\"margin-top:0;margin-bottom:0;padding-top:0;padding-bottom:0\">Programari LEGO Education WeDo 2 0<\/li>\n\n\n\n<li>Bateria<\/li>\n\n\n\n<li>Contenidor d&#8217;emmagatzematge<\/li>\n\n\n\n<li>Safata de classificaci\u00f3 <\/li>\n\n\n\n<li>Etiquetes de classificaci\u00f3<\/li>\n<\/ul>\n<\/div>\n<\/div>\n\n\n\n<p class=\"has-white-color has-ast-global-color-1-background-color has-text-color has-background has-link-color has-medium-font-size wp-elements-ae7bd9f086009dca93076b14499e96eb\"><strong>Recursos<\/strong><\/p>\n\n\n\n<ul class=\"wp-block-list\">\n<li><a href=\"https:\/\/www.youtube.com\/watch?v=DRWY7tOoOAk&amp;index=5&amp;list=PLm4fjeaKIaysm7Ni4sivJuL9VriNViZjK\" target=\"_blank\" rel=\"noreferrer noopener\">Unboxing Lego WeDo 2.0<\/a> (v\u00eddeo)<\/li>\n\n\n\n<li><a href=\"http:\/\/www.legoeducation.com\/start\">Primers passos<\/a><\/li>\n\n\n\n<li><a href=\"https:\/\/education.lego.com\/en-us\/downloads\/wedo-2\">Descarregar software<\/a><\/li>\n\n\n\n<li><a href=\"https:\/\/education.lego.com\/en-us\/support\/wedo-2\/building-instructions\">Muntatges LEGO WEDO 2.0<\/a><\/li>\n\n\n\n<li><a href=\"https:\/\/www.youtube.com\/results?search_query=lego+wedo+2.0\">Tutorials de YouTube<\/a><\/li>\n\n\n\n<li><a href=\"http:\/\/www.legoeducation.com\/lessons\">Activitats d&#8217;aula<\/a><\/li>\n\n\n\n<li><a href=\"https:\/\/docs.google.com\/document\/d\/1Q8PnKJdCy2D4V7qv2XqcofTCWfpEbTQFUTgfy0z8hdg\/edit\">M\u00e9s recursos<\/a><\/li>\n<\/ul>\n","protected":false},"excerpt":{"rendered":"<p>Caracter\u00edstiques Education WeDo \u00e9s el robot ideal perqu\u00e8 els alumnes de prim\u00e0ria aprenguin rob\u00f2tica educativa, programaci\u00f3, ci\u00e8ncies, i tecnologia i enginyeria. Materials Recursos<\/p>\n","protected":false},"author":10,"featured_media":0,"parent":17048,"menu_order":0,"comment_status":"closed","ping_status":"closed","template":"","meta":{"_bbp_topic_count":0,"_bbp_reply_count":0,"_bbp_total_topic_count":0,"_bbp_total_reply_count":0,"_bbp_voice_count":0,"_bbp_anonymous_reply_count":0,"_bbp_topic_count_hidden":0,"_bbp_reply_count_hidden":0,"_bbp_forum_subforum_count":0,"site-sidebar-layout":"default","site-content-layout":"","ast-site-content-layout":"default","site-content-style":"default","site-sidebar-style":"default","ast-global-header-display":"","ast-banner-title-visibility":"","ast-main-header-display":"","ast-hfb-above-header-display":"","ast-hfb-below-header-display":"","ast-hfb-mobile-header-display":"","site-post-title":"","ast-breadcrumbs-content":"","ast-featured-img":"","footer-sml-layout":"","theme-transparent-header-meta":"","adv-header-id-meta":"","stick-header-meta":"","header-above-stick-meta":"","header-main-stick-meta":"","header-below-stick-meta":"","astra-migrate-meta-layouts":"set","ast-page-background-enabled":"default","ast-page-background-meta":{"desktop":{"background-color":"var(--ast-global-color-4)","background-image":"","background-repeat":"repeat","background-position":"center center","background-size":"auto","background-attachment":"scroll","background-type":"","background-media":"","overlay-type":"","overlay-color":"","overlay-opacity":"","overlay-gradient":""},"tablet":{"background-color":"","background-image":"","background-repeat":"repeat","background-position":"center center","background-size":"auto","background-attachment":"scroll","background-type":"","background-media":"","overlay-type":"","overlay-color":"","overlay-opacity":"","overlay-gradient":""},"mobile":{"background-color":"","background-image":"","background-repeat":"repeat","background-position":"center center","background-size":"auto","background-attachment":"scroll","background-type":"","background-media":"","overlay-type":"","overlay-color":"","overlay-opacity":"","overlay-gradient":""}},"ast-content-background-meta":{"desktop":{"background-color":"var(--ast-global-color-5)","background-image":"","background-repeat":"repeat","background-position":"center center","background-size":"auto","background-attachment":"scroll","background-type":"","background-media":"","overlay-type":"","overlay-color":"","overlay-opacity":"","overlay-gradient":""},"tablet":{"background-color":"var(--ast-global-color-5)","background-image":"","background-repeat":"repeat","background-position":"center center","background-size":"auto","background-attachment":"scroll","background-type":"","background-media":"","overlay-type":"","overlay-color":"","overlay-opacity":"","overlay-gradient":""},"mobile":{"background-color":"var(--ast-global-color-5)","background-image":"","background-repeat":"repeat","background-position":"center center","background-size":"auto","background-attachment":"scroll","background-type":"","background-media":"","overlay-type":"","overlay-color":"","overlay-opacity":"","overlay-gradient":""}},"footnotes":""},"class_list":["post-9145","page","type-page","status-publish","hentry"],"post_mailing_queue_ids":[],"_links":{"self":[{"href":"https:\/\/serveiseducatius.xtec.cat\/garraf\/wp-json\/wp\/v2\/pages\/9145","targetHints":{"allow":["GET"]}}],"collection":[{"href":"https:\/\/serveiseducatius.xtec.cat\/garraf\/wp-json\/wp\/v2\/pages"}],"about":[{"href":"https:\/\/serveiseducatius.xtec.cat\/garraf\/wp-json\/wp\/v2\/types\/page"}],"author":[{"embeddable":true,"href":"https:\/\/serveiseducatius.xtec.cat\/garraf\/wp-json\/wp\/v2\/users\/10"}],"replies":[{"embeddable":true,"href":"https:\/\/serveiseducatius.xtec.cat\/garraf\/wp-json\/wp\/v2\/comments?post=9145"}],"version-history":[{"count":5,"href":"https:\/\/serveiseducatius.xtec.cat\/garraf\/wp-json\/wp\/v2\/pages\/9145\/revisions"}],"predecessor-version":[{"id":19138,"href":"https:\/\/serveiseducatius.xtec.cat\/garraf\/wp-json\/wp\/v2\/pages\/9145\/revisions\/19138"}],"up":[{"embeddable":true,"href":"https:\/\/serveiseducatius.xtec.cat\/garraf\/wp-json\/wp\/v2\/pages\/17048"}],"wp:attachment":[{"href":"https:\/\/serveiseducatius.xtec.cat\/garraf\/wp-json\/wp\/v2\/media?parent=9145"}],"curies":[{"name":"wp","href":"https:\/\/api.w.org\/{rel}","templated":true}]}}