{"id":9128,"date":"2018-10-11T12:34:51","date_gmt":"2018-10-11T10:34:51","guid":{"rendered":"http:\/\/serveiseducatius.xtec.cat\/garraf\/?page_id=9128"},"modified":"2025-11-12T11:41:04","modified_gmt":"2025-11-12T10:41:04","slug":"beebots","status":"publish","type":"page","link":"https:\/\/serveiseducatius.xtec.cat\/garraf\/material-de-prestec\/beebots\/","title":{"rendered":"Bee-Bots"},"content":{"rendered":"\n<p class=\"has-white-color has-ast-global-color-1-background-color has-text-color has-background has-link-color has-medium-font-size wp-elements-68aadcb96259a9e960e5c7833067f726\"><strong>Caracter\u00edstiques<\/strong><\/p>\n\n\n\n<p>Els Bee-bots s\u00f3n uns petits robots dissenyats per a ser utilitzats per a alumnat d&#8217;Educaci\u00f3 Infantil.<\/p>\n\n\n\n<p>\u00c9s una eina perfecta per a treballar f\u00e0cilment i de forma divertida la programaci\u00f3 rob\u00f2tica a trav\u00e9s de fletxes, la direccionalitat, la seq\u00fcenciaci\u00f3, l&#8217;estimaci\u00f3 i la resoluci\u00f3 de problemes.<\/p>\n\n\n\n<p class=\"has-white-color has-ast-global-color-1-background-color has-text-color has-background has-link-color has-medium-font-size wp-elements-fc933459088506a65e5925f2eb87ab81\"><strong>Materials<\/strong><\/p>\n\n\n\n<p>Inclou una connexi\u00f3 Bluetooth per dirigir els robots.<\/p>\n\n\n\n<div class=\"wp-block-buttons is-content-justification-center is-layout-flex wp-container-core-buttons-is-layout-1 wp-block-buttons-is-layout-flex\">\n<div class=\"wp-block-button\"><a class=\"wp-block-button__link wp-element-button\" href=\"https:\/\/drive.google.com\/file\/d\/1_dV8vvXtNgBJLaEdXWTnib66C9QoG08C\/view\"><strong>Llistat de material<\/strong><\/a><\/div>\n\n\n\n<div class=\"wp-block-button\"><a class=\"wp-block-button__link wp-element-button\" href=\"https:\/\/serveiseducatius.xtec.cat\/conca\/wp-content\/uploads\/usu1131\/2017\/11\/guia_bee_bot.pdf\"><strong>Guia de l&#8217;usuari<\/strong><\/a><\/div>\n<\/div>\n\n\n\n<p class=\"has-white-color has-ast-global-color-1-background-color has-text-color has-background has-link-color has-medium-font-size wp-elements-ae7bd9f086009dca93076b14499e96eb\"><strong>Recursos<\/strong><\/p>\n\n\n\n<ul class=\"wp-block-list\">\n<li><a href=\"https:\/\/apps.apple.com\/es\/app\/bee-bot\/id500131639\">Aplicaci\u00f3 Bee-Bots<\/a><\/li>\n\n\n\n<li><a href=\"https:\/\/docs.google.com\/document\/d\/1CCcYsHQykTfewAm79OSt27uSU5wnIOMTen20Mk6Z95o\/edit?usp=sharing\" target=\"_blank\" rel=\"noreferrer noopener\">Propostes did\u00e0ctiques i experi\u00e8ncies de centres<\/a><\/li>\n\n\n\n<li><a href=\"https:\/\/docs.google.com\/document\/d\/1HOOr6WyNXRWSMXAFdxGDa9MPNgjWkUR0ITNjy30H-bo\/edit?tab=t.0\">M\u00e9s recursos<\/a><\/li>\n<\/ul>\n\n\n<p><iframe loading=\"lazy\" src=\"https:\/\/www.youtube.com\/embed\/imWVcaCpVUo?ecver=1\" width=\"300\" height=\"170\" frameborder=\"0\" allowfullscreen=\"allowfullscreen\"><span data-mce-type=\"bookmark\" style=\"display: inline-block; width: 0px; overflow: hidden; line-height: 0;\" class=\"mce_SELRES_start\">\ufeff<\/span><\/iframe> <iframe loading=\"lazy\" src=\"https:\/\/www.youtube.com\/embed\/japzOHSSkzg?ecver=1\" width=\"300\" height=\"170\" frameborder=\"0\" allowfullscreen=\"allowfullscreen\"><\/iframe> <iframe loading=\"lazy\" src=\"https:\/\/www.youtube.com\/embed\/wcAHpLO0BWA?ecver=1\" width=\"300\" height=\"170\" frameborder=\"0\" allowfullscreen=\"allowfullscreen\"><span data-mce-type=\"bookmark\" style=\"display: inline-block; width: 0px; overflow: hidden; line-height: 0;\" class=\"mce_SELRES_start\">\ufeff<\/span><\/iframe><\/p>","protected":false},"excerpt":{"rendered":"<p>Caracter\u00edstiques Els Bee-bots s\u00f3n uns petits robots dissenyats per a ser utilitzats per a alumnat d&#8217;Educaci\u00f3 Infantil. \u00c9s una eina perfecta per a treballar f\u00e0cilment i de forma divertida la programaci\u00f3 rob\u00f2tica a trav\u00e9s de fletxes, la direccionalitat, la seq\u00fcenciaci\u00f3, l&#8217;estimaci\u00f3 i la resoluci\u00f3 de problemes. Materials Inclou una connexi\u00f3 Bluetooth per dirigir els robots. [&hellip;]<\/p>\n","protected":false},"author":10,"featured_media":0,"parent":17048,"menu_order":0,"comment_status":"closed","ping_status":"closed","template":"","meta":{"_bbp_topic_count":0,"_bbp_reply_count":0,"_bbp_total_topic_count":0,"_bbp_total_reply_count":0,"_bbp_voice_count":0,"_bbp_anonymous_reply_count":0,"_bbp_topic_count_hidden":0,"_bbp_reply_count_hidden":0,"_bbp_forum_subforum_count":0,"site-sidebar-layout":"default","site-content-layout":"","ast-site-content-layout":"default","site-content-style":"default","site-sidebar-style":"default","ast-global-header-display":"","ast-banner-title-visibility":"","ast-main-header-display":"","ast-hfb-above-header-display":"","ast-hfb-below-header-display":"","ast-hfb-mobile-header-display":"","site-post-title":"","ast-breadcrumbs-content":"","ast-featured-img":"","footer-sml-layout":"","theme-transparent-header-meta":"","adv-header-id-meta":"","stick-header-meta":"","header-above-stick-meta":"","header-main-stick-meta":"","header-below-stick-meta":"","astra-migrate-meta-layouts":"set","ast-page-background-enabled":"default","ast-page-background-meta":{"desktop":{"background-color":"var(--ast-global-color-4)","background-image":"","background-repeat":"repeat","background-position":"center center","background-size":"auto","background-attachment":"scroll","background-type":"","background-media":"","overlay-type":"","overlay-color":"","overlay-opacity":"","overlay-gradient":""},"tablet":{"background-color":"","background-image":"","background-repeat":"repeat","background-position":"center center","background-size":"auto","background-attachment":"scroll","background-type":"","background-media":"","overlay-type":"","overlay-color":"","overlay-opacity":"","overlay-gradient":""},"mobile":{"background-color":"","background-image":"","background-repeat":"repeat","background-position":"center center","background-size":"auto","background-attachment":"scroll","background-type":"","background-media":"","overlay-type":"","overlay-color":"","overlay-opacity":"","overlay-gradient":""}},"ast-content-background-meta":{"desktop":{"background-color":"var(--ast-global-color-5)","background-image":"","background-repeat":"repeat","background-position":"center center","background-size":"auto","background-attachment":"scroll","background-type":"","background-media":"","overlay-type":"","overlay-color":"","overlay-opacity":"","overlay-gradient":""},"tablet":{"background-color":"var(--ast-global-color-5)","background-image":"","background-repeat":"repeat","background-position":"center center","background-size":"auto","background-attachment":"scroll","background-type":"","background-media":"","overlay-type":"","overlay-color":"","overlay-opacity":"","overlay-gradient":""},"mobile":{"background-color":"var(--ast-global-color-5)","background-image":"","background-repeat":"repeat","background-position":"center center","background-size":"auto","background-attachment":"scroll","background-type":"","background-media":"","overlay-type":"","overlay-color":"","overlay-opacity":"","overlay-gradient":""}},"footnotes":""},"class_list":["post-9128","page","type-page","status-publish","hentry"],"post_mailing_queue_ids":[],"_links":{"self":[{"href":"https:\/\/serveiseducatius.xtec.cat\/garraf\/wp-json\/wp\/v2\/pages\/9128","targetHints":{"allow":["GET"]}}],"collection":[{"href":"https:\/\/serveiseducatius.xtec.cat\/garraf\/wp-json\/wp\/v2\/pages"}],"about":[{"href":"https:\/\/serveiseducatius.xtec.cat\/garraf\/wp-json\/wp\/v2\/types\/page"}],"author":[{"embeddable":true,"href":"https:\/\/serveiseducatius.xtec.cat\/garraf\/wp-json\/wp\/v2\/users\/10"}],"replies":[{"embeddable":true,"href":"https:\/\/serveiseducatius.xtec.cat\/garraf\/wp-json\/wp\/v2\/comments?post=9128"}],"version-history":[{"count":5,"href":"https:\/\/serveiseducatius.xtec.cat\/garraf\/wp-json\/wp\/v2\/pages\/9128\/revisions"}],"predecessor-version":[{"id":19128,"href":"https:\/\/serveiseducatius.xtec.cat\/garraf\/wp-json\/wp\/v2\/pages\/9128\/revisions\/19128"}],"up":[{"embeddable":true,"href":"https:\/\/serveiseducatius.xtec.cat\/garraf\/wp-json\/wp\/v2\/pages\/17048"}],"wp:attachment":[{"href":"https:\/\/serveiseducatius.xtec.cat\/garraf\/wp-json\/wp\/v2\/media?parent=9128"}],"curies":[{"name":"wp","href":"https:\/\/api.w.org\/{rel}","templated":true}]}}