{"id":9077,"date":"2018-10-10T18:06:07","date_gmt":"2018-10-10T16:06:07","guid":{"rendered":"http:\/\/serveiseducatius.xtec.cat\/garraf\/?page_id=9077"},"modified":"2025-12-12T13:13:50","modified_gmt":"2025-12-12T12:13:50","slug":"grup-de-treball-de-literatura-infantil-del-garraf","status":"publish","type":"page","link":"https:\/\/serveiseducatius.xtec.cat\/garraf\/grup-de-treball-de-literatura-infantil-del-garraf\/","title":{"rendered":"Grup de treball de Literatura Infantil del Garraf"},"content":{"rendered":"\n<div class=\"wp-block-buttons alignwide is-content-justification-center is-layout-flex wp-container-core-buttons-is-layout-1 wp-block-buttons-is-layout-flex\">\n<div class=\"wp-block-button has-custom-font-size has-medium-font-size\"><a class=\"wp-block-button__link has-luminous-vivid-amber-background-color has-background wp-element-button\" href=\"https:\/\/serveiseducatius.xtec.cat\/garraf\/guies-de-lectura\/\"><strong>Guies de lectura<\/strong><\/a><\/div>\n\n\n\n<div class=\"wp-block-button has-custom-font-size has-medium-font-size\"><a class=\"wp-block-button__link has-luminous-vivid-amber-background-color has-background wp-element-button\" href=\"https:\/\/serveiseducatius.xtec.cat\/garraf\/curs-2025-2026-2\/\"><strong>Curs 2025-2026<\/strong><\/a><\/div>\n<\/div>\n\n\n\n<p class=\"has-white-color has-ast-global-color-1-background-color has-text-color has-background has-link-color has-medium-font-size wp-elements-6f0b1f201677e1091072f8d942ae4fb3\"><strong>Descripci\u00f3<\/strong><\/p>\n\n\n\n<p>El grup de treball de literatura infantil del Garraf (GTLI) es va crear el curs 2017-2018 a partir d\u2019un replantejament de l\u2019antic seminari de biblioteques escolars del Garraf.<\/p>\n\n\n\n<p>Es tracta d\u2019un grup dedicat a formar-se en el coneixement de la literatura infantil i en la valoraci\u00f3 i selecci\u00f3 de llibres infantils, tant d\u2019imaginaci\u00f3 com de coneixements, adre\u00e7ats a infants d\u2019educaci\u00f3 infantil i prim\u00e0ria.<\/p>\n\n\n\n<p class=\"has-white-color has-ast-global-color-1-background-color has-text-color has-background has-link-color has-medium-font-size wp-elements-2df4f81d0b326f8445962e97de59b57a\"><strong>Funcionament<\/strong><\/p>\n\n\n\n<ul class=\"wp-block-list\">\n<li>Tres sessions formatives durant el curs.<\/li>\n\n\n\n<li>Sis sessions per a l\u2019elaboraci\u00f3 de tres&nbsp;<strong><em>Guies de Lectura <\/em><\/strong>anuals (<em>Nadal, Sant Jordi i estiu<\/em>) que es difonen a tots els centres d\u2019Educaci\u00f3 Infantil i Prim\u00e0ria de la comarca i tamb\u00e9 a les Biblioteques P\u00fabliques, entre altres. Per a l\u2019elaboraci\u00f3 de les guies de lectura \u00e9s fonamental l\u2019assessorament i la col\u00b7laboraci\u00f3 de la llibreria <em style=\"font-family: inherit; font-size: 1em;\">A tres tintes<\/em><span style=\"font-family: inherit; font-size: 1em;\">&nbsp;de Vilanova i la Geltr\u00fa.<\/span><\/li>\n\n\n\n<li>Un m\u00ednim de 10 hores de treball personal dedicat a la lectura, valoraci\u00f3 i selecci\u00f3 de llibres per a les guies de lectura i, tamb\u00e9 a l\u2019autoformaci\u00f3.<\/li>\n\n\n\n<li>Una sessi\u00f3 final de valoraci\u00f3 i planificaci\u00f3 d\u2019actuacions de millora per al curs seg\u00fcent.<\/li>\n<\/ul>\n\n\n\n<p class=\"has-white-color has-ast-global-color-1-background-color has-text-color has-background has-link-color has-medium-font-size wp-elements-0d0ad47579d278b3750f6e5cac9d3863\"><strong>Membres<\/strong><\/p>\n\n\n\n<p>Hi participen mestres responsables de Biblioteques Escolars, membres de la comissi\u00f3 de BE i altre professorat d\u2019Educaci\u00f3 Infantil i Prim\u00e0ria interessat en la literatura infantil i que tinguin coneixements i formaci\u00f3 pr\u00e8via sobre literatura infantil acreditada.<\/p>\n\n\n\n<ul class=\"wp-block-list\">\n<li>Neus Albesa Moreno (ESC Sant Nicolau de Canyelles)<\/li>\n\n\n\n<li>Rosa Ard\u00e8vol Rius (C El Cim de Vilanova i la Geltr\u00fa)<\/li>\n\n\n\n<li>Neus Ca\u00f1elles Daurell (mestra; Sant Pere de Ribes)<\/li>\n\n\n\n<li>Sonia Carrasco Llaves (ESC Canig\u00f3 de Vilanova i la Geltr\u00fa)<\/li>\n\n\n\n<li>N\u00faria Dom\u00e8nech Gibert (mestra; Vilanova i la Geltr\u00fa)<\/li>\n\n\n\n<li>Aida Franco Arias (ESC L\u2019Arjau de Vilanova i la Geltr\u00fa)<\/li>\n\n\n\n<li>Celia Ib\u00e1\u00f1ez Da Silva (ESC \u00cdtaca de Vilanova i la Geltr\u00fa)<\/li>\n\n\n\n<li>Marta March Solanes (ESC Cosset\u00e0nia de Vilanova i la Geltr\u00fa)<\/li>\n\n\n\n<li>Maria Teresa Mateo Romero (IE El Morsell d\u2019Olivella)<\/li>\n\n\n\n<li>N\u00faria Santacana Quintas (ESC Llebetx de Vilanova i la Geltr\u00fa)<\/li>\n\n\n\n<li>Marta Soler Masdeu (Escola Pia de Vilanova i la Geltr\u00fa)<\/li>\n\n\n\n<li>Maril\u00f3 Ventosa Hern\u00e1ndez (ESC \u00cdtaca de Vilanova i la Geltr\u00fa)<\/li>\n\n\n\n<li>Veri Pena Monfort (Llibreria A tres tintes de Vilanova i la Geltr\u00fa)<\/li>\n\n\n\n<li>Dolors Bund\u00f3 Mas (Coordinadora\/formadora del GTLI)<\/li>\n\n\n\n<li>Joana Carbonell Puerto (CRP del Garraf)<\/li>\n<\/ul>\n\n\n\n<figure class=\"wp-block-image aligncenter size-large is-resized\"><a href=\"https:\/\/serveiseducatius.xtec.cat\/garraf\/wp-content\/uploads\/usu1185\/2025\/11\/GT-Literatura-infantil.png\"><img loading=\"lazy\" decoding=\"async\" width=\"1024\" height=\"429\" src=\"https:\/\/serveiseducatius.xtec.cat\/garraf\/wp-content\/uploads\/usu1185\/2025\/11\/GT-Literatura-infantil-1024x429.png\" alt=\"\" class=\"wp-image-19208\" style=\"width:539px;height:auto\" srcset=\"https:\/\/serveiseducatius.xtec.cat\/garraf\/wp-content\/uploads\/usu1185\/2025\/11\/GT-Literatura-infantil-1024x429.png 1024w, https:\/\/serveiseducatius.xtec.cat\/garraf\/wp-content\/uploads\/usu1185\/2025\/11\/GT-Literatura-infantil-300x126.png 300w, https:\/\/serveiseducatius.xtec.cat\/garraf\/wp-content\/uploads\/usu1185\/2025\/11\/GT-Literatura-infantil-768x321.png 768w, https:\/\/serveiseducatius.xtec.cat\/garraf\/wp-content\/uploads\/usu1185\/2025\/11\/GT-Literatura-infantil-1536x643.png 1536w, https:\/\/serveiseducatius.xtec.cat\/garraf\/wp-content\/uploads\/usu1185\/2025\/11\/GT-Literatura-infantil-2048x857.png 2048w\" sizes=\"auto, (max-width: 1024px) 100vw, 1024px\" \/><\/a><\/figure>\n\n\n\n<hr class=\"wp-block-separator has-text-color has-ast-global-color-1-color has-alpha-channel-opacity has-ast-global-color-1-background-color has-background is-style-wide\"\/>\n\n\n\n<figure class=\"wp-block-image aligncenter size-full is-resized\"><a href=\"https:\/\/www.instagram.com\/literaturainfantilgarraf\/\"><img loading=\"lazy\" decoding=\"async\" width=\"184\" height=\"186\" src=\"https:\/\/serveiseducatius.xtec.cat\/garraf\/wp-content\/uploads\/usu1185\/2025\/10\/Instagram.png\" alt=\"\" class=\"wp-image-18848\" style=\"width:59px\"\/><\/a><\/figure>\n","protected":false},"excerpt":{"rendered":"<p>Descripci\u00f3 El grup de treball de literatura infantil del Garraf (GTLI) es va crear el curs 2017-2018 a partir d\u2019un replantejament de l\u2019antic seminari de biblioteques escolars del Garraf. Es tracta d\u2019un grup dedicat a formar-se en el coneixement de la literatura infantil i en la valoraci\u00f3 i selecci\u00f3 de llibres infantils, tant d\u2019imaginaci\u00f3 com [&hellip;]<\/p>\n","protected":false},"author":10,"featured_media":0,"parent":0,"menu_order":0,"comment_status":"closed","ping_status":"closed","template":"","meta":{"_bbp_topic_count":0,"_bbp_reply_count":0,"_bbp_total_topic_count":0,"_bbp_total_reply_count":0,"_bbp_voice_count":0,"_bbp_anonymous_reply_count":0,"_bbp_topic_count_hidden":0,"_bbp_reply_count_hidden":0,"_bbp_forum_subforum_count":0,"site-sidebar-layout":"default","site-content-layout":"","ast-site-content-layout":"default","site-content-style":"default","site-sidebar-style":"default","ast-global-header-display":"","ast-banner-title-visibility":"","ast-main-header-display":"","ast-hfb-above-header-display":"","ast-hfb-below-header-display":"","ast-hfb-mobile-header-display":"","site-post-title":"","ast-breadcrumbs-content":"","ast-featured-img":"","footer-sml-layout":"","theme-transparent-header-meta":"","adv-header-id-meta":"","stick-header-meta":"","header-above-stick-meta":"","header-main-stick-meta":"","header-below-stick-meta":"","astra-migrate-meta-layouts":"set","ast-page-background-enabled":"default","ast-page-background-meta":{"desktop":{"background-color":"var(--ast-global-color-4)","background-image":"","background-repeat":"repeat","background-position":"center center","background-size":"auto","background-attachment":"scroll","background-type":"","background-media":"","overlay-type":"","overlay-color":"","overlay-opacity":"","overlay-gradient":""},"tablet":{"background-color":"","background-image":"","background-repeat":"repeat","background-position":"center center","background-size":"auto","background-attachment":"scroll","background-type":"","background-media":"","overlay-type":"","overlay-color":"","overlay-opacity":"","overlay-gradient":""},"mobile":{"background-color":"","background-image":"","background-repeat":"repeat","background-position":"center center","background-size":"auto","background-attachment":"scroll","background-type":"","background-media":"","overlay-type":"","overlay-color":"","overlay-opacity":"","overlay-gradient":""}},"ast-content-background-meta":{"desktop":{"background-color":"var(--ast-global-color-5)","background-image":"","background-repeat":"repeat","background-position":"center center","background-size":"auto","background-attachment":"scroll","background-type":"","background-media":"","overlay-type":"","overlay-color":"","overlay-opacity":"","overlay-gradient":""},"tablet":{"background-color":"var(--ast-global-color-5)","background-image":"","background-repeat":"repeat","background-position":"center center","background-size":"auto","background-attachment":"scroll","background-type":"","background-media":"","overlay-type":"","overlay-color":"","overlay-opacity":"","overlay-gradient":""},"mobile":{"background-color":"var(--ast-global-color-5)","background-image":"","background-repeat":"repeat","background-position":"center center","background-size":"auto","background-attachment":"scroll","background-type":"","background-media":"","overlay-type":"","overlay-color":"","overlay-opacity":"","overlay-gradient":""}},"footnotes":""},"class_list":["post-9077","page","type-page","status-publish","hentry"],"post_mailing_queue_ids":[],"_links":{"self":[{"href":"https:\/\/serveiseducatius.xtec.cat\/garraf\/wp-json\/wp\/v2\/pages\/9077","targetHints":{"allow":["GET"]}}],"collection":[{"href":"https:\/\/serveiseducatius.xtec.cat\/garraf\/wp-json\/wp\/v2\/pages"}],"about":[{"href":"https:\/\/serveiseducatius.xtec.cat\/garraf\/wp-json\/wp\/v2\/types\/page"}],"author":[{"embeddable":true,"href":"https:\/\/serveiseducatius.xtec.cat\/garraf\/wp-json\/wp\/v2\/users\/10"}],"replies":[{"embeddable":true,"href":"https:\/\/serveiseducatius.xtec.cat\/garraf\/wp-json\/wp\/v2\/comments?post=9077"}],"version-history":[{"count":6,"href":"https:\/\/serveiseducatius.xtec.cat\/garraf\/wp-json\/wp\/v2\/pages\/9077\/revisions"}],"predecessor-version":[{"id":19382,"href":"https:\/\/serveiseducatius.xtec.cat\/garraf\/wp-json\/wp\/v2\/pages\/9077\/revisions\/19382"}],"wp:attachment":[{"href":"https:\/\/serveiseducatius.xtec.cat\/garraf\/wp-json\/wp\/v2\/media?parent=9077"}],"curies":[{"name":"wp","href":"https:\/\/api.w.org\/{rel}","templated":true}]}}