{"id":9031,"date":"2018-10-09T16:58:12","date_gmt":"2018-10-09T14:58:12","guid":{"rendered":"http:\/\/serveiseducatius.xtec.cat\/garraf\/?page_id=9031"},"modified":"2021-09-26T07:17:46","modified_gmt":"2021-09-26T05:17:46","slug":"kitcaixa-valors","status":"publish","type":"page","link":"https:\/\/serveiseducatius.xtec.cat\/garraf\/maletespedagogiques\/humanistic\/kitcaixa-valors\/","title":{"rendered":"KitCaixa Valors"},"content":{"rendered":"<p style=\"text-align: justify;\">Els <strong><a href=\"https:\/\/serveiseducatius.xtec.cat\/garraf\/maletespedagogiques\/humanistic\/kitcaixa-valors\/attachment\/kitcaixavalors\/\" rel=\"attachment wp-att-9037\"><img loading=\"lazy\" decoding=\"async\" class=\"alignright wp-image-9037\" src=\"https:\/\/serveiseducatius.xtec.cat\/garraf\/wp-content\/uploads\/usu1185\/2018\/10\/kitcaixavalors-139x300.jpg\" alt=\"\" width=\"103\" height=\"222\" srcset=\"https:\/\/serveiseducatius.xtec.cat\/garraf\/wp-content\/uploads\/usu1185\/2018\/10\/kitcaixavalors-139x300.jpg 139w, https:\/\/serveiseducatius.xtec.cat\/garraf\/wp-content\/uploads\/usu1185\/2018\/10\/kitcaixavalors.jpg 240w\" sizes=\"auto, (max-width: 103px) 100vw, 103px\" \/><\/a>KITSCAIXA VALORS<\/strong>\u00a0\u00e9s un\u00a0 recurs educatiu desenvolupat per l\u2019Obra Social \u201cla Caixa\u201d i adre\u00e7at als mestres i\u00a0<strong>alumnes de prim\u00e0ria (especialment de 8 a 12 anys)<\/strong>\u00a0amb la voluntat de refor\u00e7ar des de l\u2019escola els valors \u00e8tics i el comprom\u00eds social. Cadascun dels kits cont\u00e9 materials f\u00e0cils d\u2019utilitzar, polivalents i atractius, que permeten plantejar diverses q\u00fcestions relacionades amb el coneixement d\u2019un mateix i la relaci\u00f3 amb els altres. A partir de l\u2019autoestima i del reconeixement de les nostres qualitats, del domini de les pr\u00f2pies capacitats i emocions, podem aprendre a respectar les normes i valorar la diversitat, ser tolerants i preocupar-nos pels altres, dialogar i comprometre\u2019ns.<\/p>\n<ul>\n<li style=\"text-align: left;\"><strong>RELACI\u00d3 DE MATERIALS<\/strong><\/li>\n<\/ul>\n<p>La proposta s\u2019organitza en tres kits: i<strong>dentitat, conviv\u00e8ncia i reponsabilitat<\/strong>, que es poden utilitzar de manera independent. La guia d\u2019\u00fas ajuda a estructurar i dinamitzar les activitats.<\/p>\n<ul>\n<li style=\"list-style-type: none;\">\n<ul>\n<li style=\"text-align: justify;\"><a href=\"https:\/\/serveiseducatius.xtec.cat\/garraf\/maletespedagogiques\/humanistic\/kitcaixa-valors\/attachment\/responsabilitat\/\" rel=\"attachment wp-att-13895\"><img loading=\"lazy\" decoding=\"async\" class=\"size-full wp-image-13895 alignright\" src=\"https:\/\/serveiseducatius.xtec.cat\/garraf\/wp-content\/uploads\/usu1185\/2021\/09\/responsabilitat.jpg\" alt=\"\" width=\"200\" height=\"154\" \/><\/a>El\u00a0<strong>kit RESPONSABILITAT<\/strong>\u00a0ens convida a reflexionar sobre els mecanismes de la responsabilitat i els tipus de responsabilitat, aborda la gesti\u00f3 de situacions d\u2019elevada c\u00e0rrega emocional i proposa un exemple concret: la responsabilitat envers el medi ambient a partir de l\u2019estudi del consum familiar d\u2019aigua. \u00c0mbits de treball:\n<ul style=\"text-align: justify;\">\n<li style=\"list-style-type: none;\">\n<ul>\n<li style=\"list-style-type: none;\">\n<ul>\n<li style=\"text-align: justify;\">Qualitats personals.<\/li>\n<li>Autoretrat.<\/li>\n<li>Dibuixos centrats.<\/li>\n<li>Emocions i sentiments.<\/li>\n<\/ul>\n<\/li>\n<\/ul>\n<\/li>\n<\/ul>\n<\/li>\n<\/ul>\n<\/li>\n<\/ul>\n<ul>\n<li style=\"list-style-type: none;\">\n<ul>\n<li style=\"text-align: justify;\"><a href=\"https:\/\/serveiseducatius.xtec.cat\/garraf\/maletespedagogiques\/humanistic\/kitcaixa-valors\/attachment\/convivencia\/\" rel=\"attachment wp-att-13894\"><img loading=\"lazy\" decoding=\"async\" class=\"size-full wp-image-13894 alignright\" src=\"https:\/\/serveiseducatius.xtec.cat\/garraf\/wp-content\/uploads\/usu1185\/2021\/09\/convivencia.jpg\" alt=\"\" width=\"200\" height=\"153\" \/><\/a>El\u00a0<strong>kit CONVIV\u00c8NCIA<\/strong>\u00a0inclou exercicis d\u2019empatia per millorar la connexi\u00f3 i la comprensi\u00f3 dels altres, ajuda a desenvolupar el treball en col\u00b7laboraci\u00f3 i introdueix estrat\u00e8gies de resoluci\u00f3 de conflictes. \u00c0mbits de treball:\n<ul>\n<li style=\"list-style-type: none;\">\n<ul>\n<li style=\"list-style-type: none;\">\n<ul>\n<li>Empatia.<\/li>\n<li>Resoluci\u00f3 de conflictes.<\/li>\n<li>Treball col\u00b7laboratiu.<\/li>\n<\/ul>\n<\/li>\n<\/ul>\n<\/li>\n<\/ul>\n<\/li>\n<\/ul>\n<\/li>\n<\/ul>\n<ul>\n<li style=\"list-style-type: none;\">\n<ul>\n<li style=\"text-align: justify;\"><a href=\"https:\/\/serveiseducatius.xtec.cat\/garraf\/maletespedagogiques\/humanistic\/kitcaixa-valors\/attachment\/identitat\/\" rel=\"attachment wp-att-13893\"><img loading=\"lazy\" decoding=\"async\" class=\"size-full wp-image-13893 alignright\" src=\"https:\/\/serveiseducatius.xtec.cat\/garraf\/wp-content\/uploads\/usu1185\/2021\/09\/identitat.jpg\" alt=\"\" width=\"200\" height=\"173\" \/><\/a>El\u00a0<strong>kit IDENTITAT<\/strong>\u00a0permet treballar la valoraci\u00f3 de les qualitats personals i l\u2019autoestima, el reconeixement de les emocions i els sentiments que acompanyen els nostres actes. Proposa exercicis per millorar la concentraci\u00f3 i aprendre a relaxar-se i t\u00e8cniques d\u2019interioritzaci\u00f3. \u00c0mbits de treball:\n<ul style=\"text-align: justify;\">\n<li style=\"list-style-type: none;\">\n<ul>\n<li style=\"list-style-type: none;\">\n<ul>\n<li>\u00a0Gesti\u00f3 d\u2019estats d\u2019\u00e0nim.<\/li>\n<li>\u00a0Consum d\u2019aigua.<\/li>\n<li>\u00a0Cadena de responsabilitats.<\/li>\n<\/ul>\n<\/li>\n<\/ul>\n<\/li>\n<\/ul>\n<\/li>\n<\/ul>\n<\/li>\n<\/ul>\n<p>Els kits es poden demanar per separat.<\/p>\n<p><a href=\"https:\/\/drive.google.com\/file\/d\/1I5aGis_P_dg1zNU4Y6f6O8schVu92ceI\/view?usp=sharing\">Guia d&#8217;\u00fas del KitsCaixa Valors<\/a><\/p>\n<p><a href=\"https:\/\/drive.google.com\/file\/d\/1I5aGis_P_dg1zNU4Y6f6O8schVu92ceI\/view?usp=sharing\">Programa KitsCaixa Valors<\/a><\/p>\n<p><a href=\"https:\/\/www.educaixa.com\/ca\/-\/kitscaixa-valores\" target=\"_blank\" rel=\"noopener\">Enlla\u00e7 espai web KitCaixa Valors<\/a><\/p>\n<p>&nbsp;<\/p>\n","protected":false},"excerpt":{"rendered":"<p>Els KITSCAIXA VALORS\u00a0\u00e9s un\u00a0 recurs educatiu desenvolupat per l\u2019Obra Social \u201cla Caixa\u201d i adre\u00e7at als mestres i\u00a0alumnes de prim\u00e0ria (especialment de 8 a 12 anys)\u00a0amb la voluntat de refor\u00e7ar des de l\u2019escola els valors \u00e8tics i el comprom\u00eds social. Cadascun dels kits cont\u00e9 materials f\u00e0cils d\u2019utilitzar, polivalents i atractius, que permeten plantejar diverses q\u00fcestions relacionades [&hellip;]<\/p>\n","protected":false},"author":10,"featured_media":0,"parent":13620,"menu_order":0,"comment_status":"closed","ping_status":"closed","template":"page-templates\/side-menu.php","meta":{"_bbp_topic_count":0,"_bbp_reply_count":0,"_bbp_total_topic_count":0,"_bbp_total_reply_count":0,"_bbp_voice_count":0,"_bbp_anonymous_reply_count":0,"_bbp_topic_count_hidden":0,"_bbp_reply_count_hidden":0,"_bbp_forum_subforum_count":0,"site-sidebar-layout":"default","site-content-layout":"","ast-site-content-layout":"","site-content-style":"default","site-sidebar-style":"default","ast-global-header-display":"","ast-banner-title-visibility":"","ast-main-header-display":"","ast-hfb-above-header-display":"","ast-hfb-below-header-display":"","ast-hfb-mobile-header-display":"","site-post-title":"","ast-breadcrumbs-content":"","ast-featured-img":"","footer-sml-layout":"","theme-transparent-header-meta":"","adv-header-id-meta":"","stick-header-meta":"","header-above-stick-meta":"","header-main-stick-meta":"","header-below-stick-meta":"","astra-migrate-meta-layouts":"default","ast-page-background-enabled":"default","ast-page-background-meta":{"desktop":{"background-color":"var(--ast-global-color-4)","background-image":"","background-repeat":"repeat","background-position":"center center","background-size":"auto","background-attachment":"scroll","background-type":"","background-media":"","overlay-type":"","overlay-color":"","overlay-opacity":"","overlay-gradient":""},"tablet":{"background-color":"","background-image":"","background-repeat":"repeat","background-position":"center center","background-size":"auto","background-attachment":"scroll","background-type":"","background-media":"","overlay-type":"","overlay-color":"","overlay-opacity":"","overlay-gradient":""},"mobile":{"background-color":"","background-image":"","background-repeat":"repeat","background-position":"center center","background-size":"auto","background-attachment":"scroll","background-type":"","background-media":"","overlay-type":"","overlay-color":"","overlay-opacity":"","overlay-gradient":""}},"ast-content-background-meta":{"desktop":{"background-color":"var(--ast-global-color-5)","background-image":"","background-repeat":"repeat","background-position":"center center","background-size":"auto","background-attachment":"scroll","background-type":"","background-media":"","overlay-type":"","overlay-color":"","overlay-opacity":"","overlay-gradient":""},"tablet":{"background-color":"var(--ast-global-color-5)","background-image":"","background-repeat":"repeat","background-position":"center center","background-size":"auto","background-attachment":"scroll","background-type":"","background-media":"","overlay-type":"","overlay-color":"","overlay-opacity":"","overlay-gradient":""},"mobile":{"background-color":"var(--ast-global-color-5)","background-image":"","background-repeat":"repeat","background-position":"center center","background-size":"auto","background-attachment":"scroll","background-type":"","background-media":"","overlay-type":"","overlay-color":"","overlay-opacity":"","overlay-gradient":""}},"footnotes":""},"class_list":["post-9031","page","type-page","status-publish","hentry"],"post_mailing_queue_ids":[],"_links":{"self":[{"href":"https:\/\/serveiseducatius.xtec.cat\/garraf\/wp-json\/wp\/v2\/pages\/9031","targetHints":{"allow":["GET"]}}],"collection":[{"href":"https:\/\/serveiseducatius.xtec.cat\/garraf\/wp-json\/wp\/v2\/pages"}],"about":[{"href":"https:\/\/serveiseducatius.xtec.cat\/garraf\/wp-json\/wp\/v2\/types\/page"}],"author":[{"embeddable":true,"href":"https:\/\/serveiseducatius.xtec.cat\/garraf\/wp-json\/wp\/v2\/users\/10"}],"replies":[{"embeddable":true,"href":"https:\/\/serveiseducatius.xtec.cat\/garraf\/wp-json\/wp\/v2\/comments?post=9031"}],"version-history":[{"count":3,"href":"https:\/\/serveiseducatius.xtec.cat\/garraf\/wp-json\/wp\/v2\/pages\/9031\/revisions"}],"predecessor-version":[{"id":13887,"href":"https:\/\/serveiseducatius.xtec.cat\/garraf\/wp-json\/wp\/v2\/pages\/9031\/revisions\/13887"}],"up":[{"embeddable":true,"href":"https:\/\/serveiseducatius.xtec.cat\/garraf\/wp-json\/wp\/v2\/pages\/13620"}],"wp:attachment":[{"href":"https:\/\/serveiseducatius.xtec.cat\/garraf\/wp-json\/wp\/v2\/media?parent=9031"}],"curies":[{"name":"wp","href":"https:\/\/api.w.org\/{rel}","templated":true}]}}