{"id":8997,"date":"2018-10-09T12:39:20","date_gmt":"2018-10-09T10:39:20","guid":{"rendered":"http:\/\/serveiseducatius.xtec.cat\/garraf\/?page_id=8997"},"modified":"2025-11-27T16:59:24","modified_gmt":"2025-11-27T15:59:24","slug":"albums-illustrats","status":"publish","type":"page","link":"https:\/\/serveiseducatius.xtec.cat\/garraf\/material-de-prestec\/albums-illustrats\/","title":{"rendered":"\u00c0lbums il\u00b7lustrats"},"content":{"rendered":"\n<p class=\"has-white-color has-ast-global-color-1-background-color has-text-color has-background has-link-color has-medium-font-size wp-elements-68aadcb96259a9e960e5c7833067f726\"><strong>Caracter\u00edstiques<\/strong><\/p>\n\n\n\n<p>La maleta d&#8217;\u00e0lbums il\u00b7lustrats&nbsp;\u00e9s un conjunt de 30 propostes liter\u00e0ries amb les corresponents guies did\u00e0ctiques per treballar-les a l&#8217;aula amb alumnat des d&#8217;educaci\u00f3 infantil fins a l&#8217;ESO.<\/p>\n\n\n\n<p class=\"has-white-color has-ast-global-color-1-background-color has-text-color has-background has-link-color has-medium-font-size wp-elements-86cbeee11ae78bdb86eba5c23bb0dbc0\"><strong>Materials i recursos<\/strong><\/p>\n\n\n\n<ul class=\"wp-block-list\">\n<li><strong>Materials:<\/strong>\n<ul class=\"wp-block-list\">\n<li><a href=\"https:\/\/drive.google.com\/file\/d\/19dzKiYWpaXU9BGfOa3piUkH5wSyqE8yR\/view?usp=sharing\">Llistat de materials<\/a><\/li>\n\n\n\n<li><a href=\"https:\/\/drive.google.com\/file\/d\/13RshkeSim62NRZHg4juicJYsyoi3coOD\/view?usp=sharing\" target=\"_blank\" rel=\"noopener\">Fitxa espec\u00edfica per treballar els \u00e0lbums il\u00b7lustrats<\/a><\/li>\n<\/ul>\n<\/li>\n\n\n\n<li><strong>Recursos:<\/strong>\n<ul class=\"wp-block-list\">\n<li><a href=\"https:\/\/drive.google.com\/file\/d\/1Xf-4gtceRJv1UPfL3nntniCSxCUbuOm_\/view?usp=sharing\" target=\"_blank\" rel=\"noopener\">Dossier Els il\u00b7lustrats: una descoberta, diverses veus. Departament Ensenyament<\/a><\/li>\n\n\n\n<li><a href=\"https:\/\/drive.google.com\/file\/d\/1TPKLSeddm5NV-UDCh6GcPhg0F_BsEobj\/view?usp=sharing\" target=\"_blank\" rel=\"noopener\">La Lectura en un centre educatiu. Pla de Lectura de Centre. Departament Ensenyament<\/a><\/li>\n\n\n\n<li><a href=\"https:\/\/drive.google.com\/file\/d\/1KJIX2Vwm6fugX_NAmv9Wc3VKoSQUcDe7\/view?usp=sharing\" target=\"_blank\" rel=\"noopener\">LECXIT. Lectura per a l&#8217;\u00e8xit educatiu<\/a><\/li>\n\n\n\n<li><a href=\"https:\/\/drive.google.com\/file\/d\/1LCPzdBk-MWP4YyR-OBTFyWOrWPmym4I8\/view?usp=sharing\" target=\"_blank\" rel=\"noopener\">Treball fi de m\u00e0ster: L\u2019\u00e0lbum il\u00b7lustrat com a eina educativa per al desenvolupament lector i emocional dels lectors novells. Universitat de Barcelona<\/a><\/li>\n<\/ul>\n<\/li>\n<\/ul>\n","protected":false},"excerpt":{"rendered":"<p>Caracter\u00edstiques La maleta d&#8217;\u00e0lbums il\u00b7lustrats&nbsp;\u00e9s un conjunt de 30 propostes liter\u00e0ries amb les corresponents guies did\u00e0ctiques per treballar-les a l&#8217;aula amb alumnat des d&#8217;educaci\u00f3 infantil fins a l&#8217;ESO. Materials i recursos<\/p>\n","protected":false},"author":10,"featured_media":0,"parent":17048,"menu_order":0,"comment_status":"closed","ping_status":"closed","template":"","meta":{"_bbp_topic_count":0,"_bbp_reply_count":0,"_bbp_total_topic_count":0,"_bbp_total_reply_count":0,"_bbp_voice_count":0,"_bbp_anonymous_reply_count":0,"_bbp_topic_count_hidden":0,"_bbp_reply_count_hidden":0,"_bbp_forum_subforum_count":0,"site-sidebar-layout":"default","site-content-layout":"","ast-site-content-layout":"default","site-content-style":"default","site-sidebar-style":"default","ast-global-header-display":"","ast-banner-title-visibility":"","ast-main-header-display":"","ast-hfb-above-header-display":"","ast-hfb-below-header-display":"","ast-hfb-mobile-header-display":"","site-post-title":"","ast-breadcrumbs-content":"","ast-featured-img":"","footer-sml-layout":"","theme-transparent-header-meta":"","adv-header-id-meta":"","stick-header-meta":"","header-above-stick-meta":"","header-main-stick-meta":"","header-below-stick-meta":"","astra-migrate-meta-layouts":"set","ast-page-background-enabled":"default","ast-page-background-meta":{"desktop":{"background-color":"var(--ast-global-color-4)","background-image":"","background-repeat":"repeat","background-position":"center center","background-size":"auto","background-attachment":"scroll","background-type":"","background-media":"","overlay-type":"","overlay-color":"","overlay-opacity":"","overlay-gradient":""},"tablet":{"background-color":"","background-image":"","background-repeat":"repeat","background-position":"center center","background-size":"auto","background-attachment":"scroll","background-type":"","background-media":"","overlay-type":"","overlay-color":"","overlay-opacity":"","overlay-gradient":""},"mobile":{"background-color":"","background-image":"","background-repeat":"repeat","background-position":"center center","background-size":"auto","background-attachment":"scroll","background-type":"","background-media":"","overlay-type":"","overlay-color":"","overlay-opacity":"","overlay-gradient":""}},"ast-content-background-meta":{"desktop":{"background-color":"var(--ast-global-color-5)","background-image":"","background-repeat":"repeat","background-position":"center center","background-size":"auto","background-attachment":"scroll","background-type":"","background-media":"","overlay-type":"","overlay-color":"","overlay-opacity":"","overlay-gradient":""},"tablet":{"background-color":"var(--ast-global-color-5)","background-image":"","background-repeat":"repeat","background-position":"center center","background-size":"auto","background-attachment":"scroll","background-type":"","background-media":"","overlay-type":"","overlay-color":"","overlay-opacity":"","overlay-gradient":""},"mobile":{"background-color":"var(--ast-global-color-5)","background-image":"","background-repeat":"repeat","background-position":"center center","background-size":"auto","background-attachment":"scroll","background-type":"","background-media":"","overlay-type":"","overlay-color":"","overlay-opacity":"","overlay-gradient":""}},"footnotes":""},"class_list":["post-8997","page","type-page","status-publish","hentry"],"post_mailing_queue_ids":[],"_links":{"self":[{"href":"https:\/\/serveiseducatius.xtec.cat\/garraf\/wp-json\/wp\/v2\/pages\/8997","targetHints":{"allow":["GET"]}}],"collection":[{"href":"https:\/\/serveiseducatius.xtec.cat\/garraf\/wp-json\/wp\/v2\/pages"}],"about":[{"href":"https:\/\/serveiseducatius.xtec.cat\/garraf\/wp-json\/wp\/v2\/types\/page"}],"author":[{"embeddable":true,"href":"https:\/\/serveiseducatius.xtec.cat\/garraf\/wp-json\/wp\/v2\/users\/10"}],"replies":[{"embeddable":true,"href":"https:\/\/serveiseducatius.xtec.cat\/garraf\/wp-json\/wp\/v2\/comments?post=8997"}],"version-history":[{"count":4,"href":"https:\/\/serveiseducatius.xtec.cat\/garraf\/wp-json\/wp\/v2\/pages\/8997\/revisions"}],"predecessor-version":[{"id":19269,"href":"https:\/\/serveiseducatius.xtec.cat\/garraf\/wp-json\/wp\/v2\/pages\/8997\/revisions\/19269"}],"up":[{"embeddable":true,"href":"https:\/\/serveiseducatius.xtec.cat\/garraf\/wp-json\/wp\/v2\/pages\/17048"}],"wp:attachment":[{"href":"https:\/\/serveiseducatius.xtec.cat\/garraf\/wp-json\/wp\/v2\/media?parent=8997"}],"curies":[{"name":"wp","href":"https:\/\/api.w.org\/{rel}","templated":true}]}}