{"id":8919,"date":"2018-10-05T13:11:50","date_gmt":"2018-10-05T11:11:50","guid":{"rendered":"http:\/\/serveiseducatius.xtec.cat\/garraf\/?page_id=8919"},"modified":"2022-07-23T18:41:45","modified_gmt":"2022-07-23T16:41:45","slug":"interculturalitat-i-historia","status":"publish","type":"page","link":"https:\/\/serveiseducatius.xtec.cat\/garraf\/maletespedagogiques\/humanistic\/interculturalitat-i-historia\/","title":{"rendered":"Interculturalitat i hist\u00f2ria"},"content":{"rendered":"<p>Aquest recurs \u00e9s una maleta de propostes did\u00e0ctiques per treballar la interculturalitat. Els seus objectius s\u00f3n:<\/p>\n<ul>\n<li>Con\u00e8ixer i reflexionar sobre el concepte de diversitat cultural a trav\u00e9s de diferents recursos educatius: llibres, can\u00e7ons, jocs, dibuixos&#8230;<\/li>\n<li>Recon\u00e8ixer els conceptes de respecte, igualtat, toler\u00e0ncia i solidaritat<\/li>\n<li>Distingir algunes de les minories \u00e8tniques i culturals, aix\u00ed com les seves costums i particularitats a trav\u00e9s de la hist\u00f2ria<\/li>\n<li>Empatitzar amb les persones nouvingudes i les seves experi\u00e8ncies d\u2019adaptaci\u00f3<\/li>\n<li>Fomentar una conviv\u00e8ncia sana i pac\u00edfica entre els alumnes de diferents cultures<\/li>\n<li>Identificar l\u2019exist\u00e8ncia de conductes racistes i no respectuoses amb els altres<\/li>\n<li>Considerar els coneixements de la hist\u00f2ria antiga i donar valor a les seves cultures<\/li>\n<li>Desenvolupar compet\u00e8ncies multiculturals: cooperaci\u00f3, comunicaci\u00f3, empatia&#8230;<\/li>\n<\/ul>\n<p>Aquesta maleta est\u00e0 adre\u00e7ada a l&#8217;alumnat, des\u00a0dels cicles d&#8217;educaci\u00f3 infantil fins a cicle superior d&#8217;educaci\u00f3 prim\u00e0ria.<\/p>\n<p><a href=\"https:\/\/drive.google.com\/file\/d\/1hNtXHhdTPiC_KB3PmkB6j3ehQ_Byslox\/view?usp=sharing\" target=\"_blank\" rel=\"noopener\">Full de s\u00edntesi de la maleta<\/a><br \/>\n<a href=\"https:\/\/drive.google.com\/file\/d\/1Fa8wifKFp1PJ_5ihVxaZTvqYFeSokwG_\/view?usp=sharing\" target=\"_blank\" rel=\"noopener\">Llistat bibliografia<\/a><br \/>\n<a href=\"https:\/\/drive.google.com\/drive\/folders\/1sCNB1lcxbVS2UjVZdNEW7v_jbNG8fCk9?usp=sharing\" target=\"_blank\" rel=\"noopener\">Carpeta materials<\/a><\/p>\n<p><strong>Elaboraci\u00f3:<\/strong><br \/>\nMaterial elaborat com a treball final de pr\u00e0cticum dels estudis de pedagogia (UB) al\u00a0<strong>Centre de Recursos Pedag\u00f2gics del Garraf\u00a0<\/strong>durant el curs 2015-2016.\u00a0Clara Gen\u00e9 Ferret, alumna de pr\u00e0ctiques del Grau de Pedagogia de la Universitat de Barcelona.<\/p>\n","protected":false},"excerpt":{"rendered":"<p>Aquest recurs \u00e9s una maleta de propostes did\u00e0ctiques per treballar la interculturalitat. Els seus objectius s\u00f3n: Con\u00e8ixer i reflexionar sobre el concepte de diversitat cultural a trav\u00e9s de diferents recursos educatius: llibres, can\u00e7ons, jocs, dibuixos&#8230; Recon\u00e8ixer els conceptes de respecte, igualtat, toler\u00e0ncia i solidaritat Distingir algunes de les minories \u00e8tniques i culturals, aix\u00ed com les [&hellip;]<\/p>\n","protected":false},"author":10,"featured_media":0,"parent":13620,"menu_order":5,"comment_status":"closed","ping_status":"closed","template":"page-templates\/side-menu.php","meta":{"_bbp_topic_count":0,"_bbp_reply_count":0,"_bbp_total_topic_count":0,"_bbp_total_reply_count":0,"_bbp_voice_count":0,"_bbp_anonymous_reply_count":0,"_bbp_topic_count_hidden":0,"_bbp_reply_count_hidden":0,"_bbp_forum_subforum_count":0,"site-sidebar-layout":"default","site-content-layout":"","ast-site-content-layout":"","site-content-style":"default","site-sidebar-style":"default","ast-global-header-display":"","ast-banner-title-visibility":"","ast-main-header-display":"","ast-hfb-above-header-display":"","ast-hfb-below-header-display":"","ast-hfb-mobile-header-display":"","site-post-title":"","ast-breadcrumbs-content":"","ast-featured-img":"","footer-sml-layout":"","theme-transparent-header-meta":"","adv-header-id-meta":"","stick-header-meta":"","header-above-stick-meta":"","header-main-stick-meta":"","header-below-stick-meta":"","astra-migrate-meta-layouts":"default","ast-page-background-enabled":"default","ast-page-background-meta":{"desktop":{"background-color":"var(--ast-global-color-4)","background-image":"","background-repeat":"repeat","background-position":"center center","background-size":"auto","background-attachment":"scroll","background-type":"","background-media":"","overlay-type":"","overlay-color":"","overlay-opacity":"","overlay-gradient":""},"tablet":{"background-color":"","background-image":"","background-repeat":"repeat","background-position":"center center","background-size":"auto","background-attachment":"scroll","background-type":"","background-media":"","overlay-type":"","overlay-color":"","overlay-opacity":"","overlay-gradient":""},"mobile":{"background-color":"","background-image":"","background-repeat":"repeat","background-position":"center center","background-size":"auto","background-attachment":"scroll","background-type":"","background-media":"","overlay-type":"","overlay-color":"","overlay-opacity":"","overlay-gradient":""}},"ast-content-background-meta":{"desktop":{"background-color":"var(--ast-global-color-5)","background-image":"","background-repeat":"repeat","background-position":"center center","background-size":"auto","background-attachment":"scroll","background-type":"","background-media":"","overlay-type":"","overlay-color":"","overlay-opacity":"","overlay-gradient":""},"tablet":{"background-color":"var(--ast-global-color-5)","background-image":"","background-repeat":"repeat","background-position":"center center","background-size":"auto","background-attachment":"scroll","background-type":"","background-media":"","overlay-type":"","overlay-color":"","overlay-opacity":"","overlay-gradient":""},"mobile":{"background-color":"var(--ast-global-color-5)","background-image":"","background-repeat":"repeat","background-position":"center center","background-size":"auto","background-attachment":"scroll","background-type":"","background-media":"","overlay-type":"","overlay-color":"","overlay-opacity":"","overlay-gradient":""}},"footnotes":""},"class_list":["post-8919","page","type-page","status-publish","hentry"],"post_mailing_queue_ids":[],"_links":{"self":[{"href":"https:\/\/serveiseducatius.xtec.cat\/garraf\/wp-json\/wp\/v2\/pages\/8919","targetHints":{"allow":["GET"]}}],"collection":[{"href":"https:\/\/serveiseducatius.xtec.cat\/garraf\/wp-json\/wp\/v2\/pages"}],"about":[{"href":"https:\/\/serveiseducatius.xtec.cat\/garraf\/wp-json\/wp\/v2\/types\/page"}],"author":[{"embeddable":true,"href":"https:\/\/serveiseducatius.xtec.cat\/garraf\/wp-json\/wp\/v2\/users\/10"}],"replies":[{"embeddable":true,"href":"https:\/\/serveiseducatius.xtec.cat\/garraf\/wp-json\/wp\/v2\/comments?post=8919"}],"version-history":[{"count":3,"href":"https:\/\/serveiseducatius.xtec.cat\/garraf\/wp-json\/wp\/v2\/pages\/8919\/revisions"}],"predecessor-version":[{"id":8929,"href":"https:\/\/serveiseducatius.xtec.cat\/garraf\/wp-json\/wp\/v2\/pages\/8919\/revisions\/8929"}],"up":[{"embeddable":true,"href":"https:\/\/serveiseducatius.xtec.cat\/garraf\/wp-json\/wp\/v2\/pages\/13620"}],"wp:attachment":[{"href":"https:\/\/serveiseducatius.xtec.cat\/garraf\/wp-json\/wp\/v2\/media?parent=8919"}],"curies":[{"name":"wp","href":"https:\/\/api.w.org\/{rel}","templated":true}]}}