{"id":8848,"date":"2018-10-02T18:02:44","date_gmt":"2018-10-02T16:02:44","guid":{"rendered":"http:\/\/serveiseducatius.xtec.cat\/garraf\/?page_id=8848"},"modified":"2025-10-16T15:34:14","modified_gmt":"2025-10-16T13:34:14","slug":"que-es-la-xepig","status":"publish","type":"page","link":"https:\/\/serveiseducatius.xtec.cat\/garraf\/que-es-la-xepig\/","title":{"rendered":"La XEPIG"},"content":{"rendered":"\n<p>La <strong><a href=\"https:\/\/drive.google.com\/file\/d\/1JR4I6bjvIqMZ3LTU_jX8-9je_LJExFha\/view?usp=sharing\">Xarxa d&#8217;Escoles P\u00fabliques Inquietes del Garraf<\/a>, la XEPIG<\/strong>, aplega escoles que, amb l\u2019acompanyament de la inspecci\u00f3 educativa, direccions, el CRP i el Moviment de Renovaci\u00f3 Pedag\u00f2gica del Garraf, pretenem posar en valor la reflexi\u00f3 pedag\u00f2gica entre docents per generar accions que possibilitin la transformaci\u00f3 educativa a cada centre. Compartim experi\u00e8ncies, constru\u00efm projectes amb sentit, entre d\u2019altres, per tal de generar una veritable revolta pedag\u00f2gica a la comarca.<\/p>\n\n\n\n<div class=\"wp-block-buttons is-content-justification-center is-layout-flex wp-container-core-buttons-is-layout-1 wp-block-buttons-is-layout-flex\">\n<div class=\"wp-block-button has-custom-font-size\" style=\"font-size:16px\"><a class=\"wp-block-button__link wp-element-button\" href=\"https:\/\/serveiseducatius.xtec.cat\/garraf\/curs-2024-2025\/\"><strong>Curs 2024-2025<\/strong><\/a><\/div>\n\n\n\n<div class=\"wp-block-button has-custom-font-size\" style=\"font-size:16px\"><a class=\"wp-block-button__link wp-element-button\" href=\"https:\/\/serveiseducatius.xtec.cat\/garraf\/curs-2025-2026\/\"><strong>Curs 2025-2026<\/strong><\/a><\/div>\n\n\n\n<div class=\"wp-block-button has-custom-font-size\" style=\"font-size:16px\"><a class=\"wp-block-button__link wp-element-button\" href=\"https:\/\/docs.google.com\/document\/d\/1f9Y9iKZzimwpQ8o2YyAPc5UdBqSMjKy3xtx4Ra7K3Ek\/edit?usp=drive_link\"><strong>Preguntes freq\u00fcents<\/strong><\/a><\/div>\n<\/div>\n\n\n\n<div class=\"wp-block-columns is-layout-flex wp-container-core-columns-is-layout-1 wp-block-columns-is-layout-flex\">\n<div class=\"wp-block-column is-layout-flow wp-block-column-is-layout-flow\">\n<figure class=\"wp-block-image aligncenter size-full is-resized\"><a href=\"https:\/\/x.com\/xepig16?s=11&amp;t=V0xbunsrethMzoxv08gR6g\"><img loading=\"lazy\" decoding=\"async\" width=\"200\" height=\"206\" src=\"https:\/\/serveiseducatius.xtec.cat\/garraf\/wp-content\/uploads\/usu1185\/2025\/10\/X-bo.png\" alt=\"\" class=\"wp-image-18895\" style=\"width:59px\"\/><\/a><\/figure>\n<\/div>\n\n\n\n<div class=\"wp-block-column is-layout-flow wp-block-column-is-layout-flow\">\n<figure class=\"wp-block-image aligncenter size-full is-resized\"><a href=\"https:\/\/www.instagram.com\/escolesinquietes?igsh=MWs3bmI4czZ4Y2lpbw==\"><img loading=\"lazy\" decoding=\"async\" width=\"184\" height=\"186\" src=\"https:\/\/serveiseducatius.xtec.cat\/garraf\/wp-content\/uploads\/usu1185\/2025\/10\/Instagram.png\" alt=\"\" class=\"wp-image-18848\" style=\"width:59px\"\/><\/a><\/figure>\n<\/div>\n<\/div>\n","protected":false},"excerpt":{"rendered":"<p>La Xarxa d&#8217;Escoles P\u00fabliques Inquietes del Garraf, la XEPIG, aplega escoles que, amb l\u2019acompanyament de la inspecci\u00f3 educativa, direccions, el CRP i el Moviment de Renovaci\u00f3 Pedag\u00f2gica del Garraf, pretenem posar en valor la reflexi\u00f3 pedag\u00f2gica entre docents per generar accions que possibilitin la transformaci\u00f3 educativa a cada centre. Compartim experi\u00e8ncies, constru\u00efm projectes amb sentit, [&hellip;]<\/p>\n","protected":false},"author":10,"featured_media":0,"parent":0,"menu_order":0,"comment_status":"closed","ping_status":"closed","template":"","meta":{"_bbp_topic_count":0,"_bbp_reply_count":0,"_bbp_total_topic_count":0,"_bbp_total_reply_count":0,"_bbp_voice_count":0,"_bbp_anonymous_reply_count":0,"_bbp_topic_count_hidden":0,"_bbp_reply_count_hidden":0,"_bbp_forum_subforum_count":0,"site-sidebar-layout":"default","site-content-layout":"","ast-site-content-layout":"default","site-content-style":"default","site-sidebar-style":"default","ast-global-header-display":"","ast-banner-title-visibility":"","ast-main-header-display":"","ast-hfb-above-header-display":"","ast-hfb-below-header-display":"","ast-hfb-mobile-header-display":"","site-post-title":"","ast-breadcrumbs-content":"","ast-featured-img":"","footer-sml-layout":"","theme-transparent-header-meta":"","adv-header-id-meta":"","stick-header-meta":"","header-above-stick-meta":"","header-main-stick-meta":"","header-below-stick-meta":"","astra-migrate-meta-layouts":"set","ast-page-background-enabled":"default","ast-page-background-meta":{"desktop":{"background-color":"var(--ast-global-color-4)","background-image":"","background-repeat":"repeat","background-position":"center center","background-size":"auto","background-attachment":"scroll","background-type":"","background-media":"","overlay-type":"","overlay-color":"","overlay-opacity":"","overlay-gradient":""},"tablet":{"background-color":"","background-image":"","background-repeat":"repeat","background-position":"center center","background-size":"auto","background-attachment":"scroll","background-type":"","background-media":"","overlay-type":"","overlay-color":"","overlay-opacity":"","overlay-gradient":""},"mobile":{"background-color":"","background-image":"","background-repeat":"repeat","background-position":"center center","background-size":"auto","background-attachment":"scroll","background-type":"","background-media":"","overlay-type":"","overlay-color":"","overlay-opacity":"","overlay-gradient":""}},"ast-content-background-meta":{"desktop":{"background-color":"var(--ast-global-color-5)","background-image":"","background-repeat":"repeat","background-position":"center center","background-size":"auto","background-attachment":"scroll","background-type":"","background-media":"","overlay-type":"","overlay-color":"","overlay-opacity":"","overlay-gradient":""},"tablet":{"background-color":"var(--ast-global-color-5)","background-image":"","background-repeat":"repeat","background-position":"center center","background-size":"auto","background-attachment":"scroll","background-type":"","background-media":"","overlay-type":"","overlay-color":"","overlay-opacity":"","overlay-gradient":""},"mobile":{"background-color":"var(--ast-global-color-5)","background-image":"","background-repeat":"repeat","background-position":"center center","background-size":"auto","background-attachment":"scroll","background-type":"","background-media":"","overlay-type":"","overlay-color":"","overlay-opacity":"","overlay-gradient":""}},"footnotes":""},"class_list":["post-8848","page","type-page","status-publish","hentry"],"post_mailing_queue_ids":[],"_links":{"self":[{"href":"https:\/\/serveiseducatius.xtec.cat\/garraf\/wp-json\/wp\/v2\/pages\/8848","targetHints":{"allow":["GET"]}}],"collection":[{"href":"https:\/\/serveiseducatius.xtec.cat\/garraf\/wp-json\/wp\/v2\/pages"}],"about":[{"href":"https:\/\/serveiseducatius.xtec.cat\/garraf\/wp-json\/wp\/v2\/types\/page"}],"author":[{"embeddable":true,"href":"https:\/\/serveiseducatius.xtec.cat\/garraf\/wp-json\/wp\/v2\/users\/10"}],"replies":[{"embeddable":true,"href":"https:\/\/serveiseducatius.xtec.cat\/garraf\/wp-json\/wp\/v2\/comments?post=8848"}],"version-history":[{"count":6,"href":"https:\/\/serveiseducatius.xtec.cat\/garraf\/wp-json\/wp\/v2\/pages\/8848\/revisions"}],"predecessor-version":[{"id":18897,"href":"https:\/\/serveiseducatius.xtec.cat\/garraf\/wp-json\/wp\/v2\/pages\/8848\/revisions\/18897"}],"wp:attachment":[{"href":"https:\/\/serveiseducatius.xtec.cat\/garraf\/wp-json\/wp\/v2\/media?parent=8848"}],"curies":[{"name":"wp","href":"https:\/\/api.w.org\/{rel}","templated":true}]}}