{"id":8634,"date":"2018-09-26T14:56:46","date_gmt":"2018-09-26T12:56:46","guid":{"rendered":"http:\/\/serveiseducatius.xtec.cat\/garraf\/?page_id=8634"},"modified":"2025-11-25T16:47:47","modified_gmt":"2025-11-25T15:47:47","slug":"biblioteques-escolars-del-garraf","status":"publish","type":"page","link":"https:\/\/serveiseducatius.xtec.cat\/garraf\/biblioteques-escolars-del-garraf\/","title":{"rendered":"Biblioteca escolar"},"content":{"rendered":"\n<div class=\"wp-block-buttons is-content-justification-center is-layout-flex wp-container-core-buttons-is-layout-1 wp-block-buttons-is-layout-flex\">\n<div class=\"wp-block-button has-custom-font-size has-medium-font-size\"><a class=\"wp-block-button__link has-luminous-vivid-amber-background-color has-background wp-element-button\" href=\"https:\/\/serveiseducatius.xtec.cat\/garraf\/seminari-de-biblioteques-escolars-del-garraf\/\"><strong>Seminari de biblioteques escolars del Garraf<\/strong><\/a><\/div>\n\n\n\n<div class=\"wp-block-button has-custom-font-size has-medium-font-size\"><a class=\"wp-block-button__link has-luminous-vivid-amber-background-color has-background wp-element-button\" href=\"https:\/\/serveiseducatius.xtec.cat\/garraf\/grup-de-treball-de-literatura-infantil-del-garraf\/\"><strong>Grup de treball de Literatura infantil<\/strong><\/a><\/div>\n<\/div>\n\n\n\n<p class=\"has-black-color has-text-color has-link-color wp-elements-071db4c046f1874ec363e34716031bf6\">La biblioteca escolar \u00e9s un espai educatiu i din\u00e0mic, un centre de recursos que cont\u00e9 documents en tota mena de suports per a l&#8217;aprenentatge i per a la recerca. \u00c9s un servei per al desenvolupament del curr\u00edculum, l&#8217;adquisici\u00f3 de les compet\u00e8ncies b\u00e0siques i el desplegament dels continguts de totes les \u00e0rees i etapes educatives, aix\u00ed com el creixement del projecte educatiu de centre. Esdev\u00e9, doncs, un element clau amb la missi\u00f3 de facilitar l&#8217;acc\u00e9s i difondre els recursos d&#8217;informaci\u00f3 afavorint els processos de creaci\u00f3 de coneixement, encarat a l&#8217;assoliment de la compet\u00e8ncia informacional, el foment de la lectura i l&#8217;adquisici\u00f3 d&#8217;aprenentatges aut\u00f2noms adre\u00e7at al professorat, a l&#8217;alumnat i a tota la comunitat educativa.<\/p>\n\n\n\n<p>Les funcions de la biblioteca escolar s\u00f3n:<\/p>\n\n\n\n<ul class=\"wp-block-list\">\n<li>Organitzar i gestionar la informaci\u00f3 i el fons documental.<\/li>\n\n\n\n<li>Fomentar el gust per la lectura i els h\u00e0bits lectors.<\/li>\n\n\n\n<li>Facilitar l&#8217;adquisici\u00f3 de les compet\u00e8ncies en l&#8217;\u00fas de la informaci\u00f3.<\/li>\n\n\n\n<li>Proveir de serveis i recursos per a l&#8217;aprenentatge.<\/li>\n\n\n\n<li>Col\u00b7laborar amb l&#8217;entorn.<\/li>\n<\/ul>\n\n\n\n<p>Des del CRP del Garraf es dona suport i assessorament a les biblioteques escolars de la comarca a trav\u00e9s de la formaci\u00f3 i la difusi\u00f3 de recursos relacionats amb la biblioteca i la lectura:<\/p>\n\n\n\n<figure class=\"wp-block-image aligncenter size-large is-resized\"><a href=\"https:\/\/drive.google.com\/file\/d\/1UIeJBFlWjeobuEOzE0SuhZXNyZMNsjBm\/view?usp=sharing\"><img loading=\"lazy\" decoding=\"async\" width=\"1024\" height=\"719\" src=\"https:\/\/serveiseducatius.xtec.cat\/garraf\/wp-content\/uploads\/usu1185\/2025\/10\/Responsable-de-BE-en-el-CRP-1024x719.jpg\" alt=\"\" class=\"wp-image-18908\" style=\"width:688px;height:auto\" srcset=\"https:\/\/serveiseducatius.xtec.cat\/garraf\/wp-content\/uploads\/usu1185\/2025\/10\/Responsable-de-BE-en-el-CRP-1024x719.jpg 1024w, https:\/\/serveiseducatius.xtec.cat\/garraf\/wp-content\/uploads\/usu1185\/2025\/10\/Responsable-de-BE-en-el-CRP-300x211.jpg 300w, https:\/\/serveiseducatius.xtec.cat\/garraf\/wp-content\/uploads\/usu1185\/2025\/10\/Responsable-de-BE-en-el-CRP-768x539.jpg 768w, https:\/\/serveiseducatius.xtec.cat\/garraf\/wp-content\/uploads\/usu1185\/2025\/10\/Responsable-de-BE-en-el-CRP-1536x1079.jpg 1536w, https:\/\/serveiseducatius.xtec.cat\/garraf\/wp-content\/uploads\/usu1185\/2025\/10\/Responsable-de-BE-en-el-CRP-2048x1439.jpg 2048w\" sizes=\"auto, (max-width: 1024px) 100vw, 1024px\" \/><\/a><\/figure>\n\n\n\n<p class=\"has-white-color has-ast-global-color-1-background-color has-text-color has-background has-link-color has-medium-font-size wp-elements-86cbeee11ae78bdb86eba5c23bb0dbc0\"><strong>Materials i recursos<\/strong><\/p>\n\n\n\n<ul class=\"wp-block-list\">\n<li><span style=\"color: #3366ff;\"><a style=\"color: #3366ff;\" href=\"http:\/\/www.cobdc.org\/publica\/directrius\/biblio_centres.pdf\">Directrius i est\u00e0ndards per a les biblioteques escolars dels centres educatius de Catalunya<\/a><\/span><\/li>\n\n\n\n<li><span style=\"color: #3366ff;\"><a style=\"color: #3366ff;\" href=\"https:\/\/www.ifla.org\/files\/assets\/hq\/publications\/series\/147-ca.pdf\">Segon<\/a><\/span><a style=\"color: #3366ff;\" href=\"https:\/\/www.ifla.org\/files\/assets\/hq\/publications\/series\/147-ca.pdf\">a edici\u00f3 de les Directrius IFLA per a les Biblioteques escolars<\/a><\/li>\n<\/ul>\n","protected":false},"excerpt":{"rendered":"<p>La biblioteca escolar \u00e9s un espai educatiu i din\u00e0mic, un centre de recursos que cont\u00e9 documents en tota mena de suports per a l&#8217;aprenentatge i per a la recerca. \u00c9s un servei per al desenvolupament del curr\u00edculum, l&#8217;adquisici\u00f3 de les compet\u00e8ncies b\u00e0siques i el desplegament dels continguts de totes les \u00e0rees i etapes educatives, aix\u00ed [&hellip;]<\/p>\n","protected":false},"author":10,"featured_media":0,"parent":0,"menu_order":0,"comment_status":"closed","ping_status":"closed","template":"","meta":{"_bbp_topic_count":0,"_bbp_reply_count":0,"_bbp_total_topic_count":0,"_bbp_total_reply_count":0,"_bbp_voice_count":0,"_bbp_anonymous_reply_count":0,"_bbp_topic_count_hidden":0,"_bbp_reply_count_hidden":0,"_bbp_forum_subforum_count":0,"site-sidebar-layout":"default","site-content-layout":"","ast-site-content-layout":"default","site-content-style":"default","site-sidebar-style":"default","ast-global-header-display":"","ast-banner-title-visibility":"","ast-main-header-display":"","ast-hfb-above-header-display":"","ast-hfb-below-header-display":"","ast-hfb-mobile-header-display":"","site-post-title":"","ast-breadcrumbs-content":"","ast-featured-img":"","footer-sml-layout":"","theme-transparent-header-meta":"","adv-header-id-meta":"","stick-header-meta":"","header-above-stick-meta":"","header-main-stick-meta":"","header-below-stick-meta":"","astra-migrate-meta-layouts":"set","ast-page-background-enabled":"default","ast-page-background-meta":{"desktop":{"background-color":"var(--ast-global-color-4)","background-image":"","background-repeat":"repeat","background-position":"center center","background-size":"auto","background-attachment":"scroll","background-type":"","background-media":"","overlay-type":"","overlay-color":"","overlay-opacity":"","overlay-gradient":""},"tablet":{"background-color":"","background-image":"","background-repeat":"repeat","background-position":"center center","background-size":"auto","background-attachment":"scroll","background-type":"","background-media":"","overlay-type":"","overlay-color":"","overlay-opacity":"","overlay-gradient":""},"mobile":{"background-color":"","background-image":"","background-repeat":"repeat","background-position":"center center","background-size":"auto","background-attachment":"scroll","background-type":"","background-media":"","overlay-type":"","overlay-color":"","overlay-opacity":"","overlay-gradient":""}},"ast-content-background-meta":{"desktop":{"background-color":"var(--ast-global-color-5)","background-image":"","background-repeat":"repeat","background-position":"center center","background-size":"auto","background-attachment":"scroll","background-type":"","background-media":"","overlay-type":"","overlay-color":"","overlay-opacity":"","overlay-gradient":""},"tablet":{"background-color":"var(--ast-global-color-5)","background-image":"","background-repeat":"repeat","background-position":"center center","background-size":"auto","background-attachment":"scroll","background-type":"","background-media":"","overlay-type":"","overlay-color":"","overlay-opacity":"","overlay-gradient":""},"mobile":{"background-color":"var(--ast-global-color-5)","background-image":"","background-repeat":"repeat","background-position":"center center","background-size":"auto","background-attachment":"scroll","background-type":"","background-media":"","overlay-type":"","overlay-color":"","overlay-opacity":"","overlay-gradient":""}},"footnotes":""},"class_list":["post-8634","page","type-page","status-publish","hentry"],"post_mailing_queue_ids":[],"_links":{"self":[{"href":"https:\/\/serveiseducatius.xtec.cat\/garraf\/wp-json\/wp\/v2\/pages\/8634","targetHints":{"allow":["GET"]}}],"collection":[{"href":"https:\/\/serveiseducatius.xtec.cat\/garraf\/wp-json\/wp\/v2\/pages"}],"about":[{"href":"https:\/\/serveiseducatius.xtec.cat\/garraf\/wp-json\/wp\/v2\/types\/page"}],"author":[{"embeddable":true,"href":"https:\/\/serveiseducatius.xtec.cat\/garraf\/wp-json\/wp\/v2\/users\/10"}],"replies":[{"embeddable":true,"href":"https:\/\/serveiseducatius.xtec.cat\/garraf\/wp-json\/wp\/v2\/comments?post=8634"}],"version-history":[{"count":6,"href":"https:\/\/serveiseducatius.xtec.cat\/garraf\/wp-json\/wp\/v2\/pages\/8634\/revisions"}],"predecessor-version":[{"id":19254,"href":"https:\/\/serveiseducatius.xtec.cat\/garraf\/wp-json\/wp\/v2\/pages\/8634\/revisions\/19254"}],"wp:attachment":[{"href":"https:\/\/serveiseducatius.xtec.cat\/garraf\/wp-json\/wp\/v2\/media?parent=8634"}],"curies":[{"name":"wp","href":"https:\/\/api.w.org\/{rel}","templated":true}]}}