{"id":8622,"date":"2018-09-26T12:42:52","date_gmt":"2018-09-26T10:42:52","guid":{"rendered":"http:\/\/serveiseducatius.xtec.cat\/garraf\/?page_id=8622"},"modified":"2025-11-04T16:45:58","modified_gmt":"2025-11-04T15:45:58","slug":"nanokit","status":"publish","type":"page","link":"https:\/\/serveiseducatius.xtec.cat\/garraf\/material-de-prestec\/nanokit\/","title":{"rendered":"NanoKit"},"content":{"rendered":"\n<p class=\"has-white-color has-ast-global-color-1-background-color has-text-color has-background has-link-color has-medium-font-size wp-elements-68aadcb96259a9e960e5c7833067f726\"><strong>Caracter\u00edstiques<\/strong><\/p>\n\n\n\n<p>Es tracta d\u2019una proposta interdisciplin\u00e0ria que engloba tem\u00e0tica pr\u00f2pia de la ci\u00e8ncia m\u00e9s te\u00f2rica i la&nbsp;recerca b\u00e0sica&nbsp;(per exemple, amb l\u2019experiment de les propietats conductores del graf\u00e8) amb d\u2019altres amb una&nbsp;aplicaci\u00f3 tecnol\u00f2gica&nbsp;directa (el disseny d\u2019un sensor piezoel\u00e8ctric).<\/p>\n\n\n\n<p>La \u2018nano\u2019 \u00e9s un camp de la ci\u00e8ncia en el qual treballen tant investigadors especialitzats en ci\u00e8ncia fonamental i teoritzaci\u00f3 matem\u00e0tica com enginyers i t\u00e8cnics que centren els seus esfor\u00e7os en el disseny de noves aplicacions. Aquesta visi\u00f3 d\u2019interconnexi\u00f3 i complementarietat entre disciplines, molt en l\u00ednia amb el concepte d\u2019educaci\u00f3 STEM, \u00e9s una de les idees que transmet el <strong>NanoKit<\/strong> als alumnes. Tamb\u00e9 se\u2019ls transmet la idea que la nanoci\u00e8ncia i la nanotecnologia \u00e9s un camp d\u2019estudi al qual es pot accedir des de molts vessants i&nbsp;molts \u00e0mbits.<\/p>\n\n\n\n<p>Aquest material est\u00e0 adre\u00e7at a l&#8217;alumnat d&#8217;ESO i Batxillerat.<\/p>\n\n\n\n<p class=\"has-white-color has-ast-global-color-1-background-color has-text-color has-background has-link-color has-medium-font-size wp-elements-fc933459088506a65e5925f2eb87ab81\"><strong>Materials<\/strong><\/p>\n\n\n\n<ul class=\"wp-block-list\">\n<li><a href=\"https:\/\/agora.xtec.cat\/cesire\/wp-content\/uploads\/usu397\/2017\/03\/Inventario_final_Nanokit.pdf\">Inventari NANOKIT<\/a><\/li>\n\n\n\n<li><a href=\"http:\/\/agora.xtec.cat\/cesire\/wp-content\/uploads\/usu397\/2017\/03\/Carta_presentaci%C3%B3.pdf\" target=\"_blank\" rel=\"noopener\">Carta de benvinguda al professorat<\/a><\/li>\n<\/ul>\n\n\n\n<p class=\"has-pale-cyan-blue-background-color has-background\" style=\"padding-top:0;padding-bottom:0\"><strong>Descarregables<\/strong><\/p>\n\n\n\n<ul style=\"padding-top:0;padding-bottom:0\" class=\"wp-block-list\">\n<li><a href=\"https:\/\/nanoeduca.cat\/wp-content\/uploads\/Alumnes.zip\">Material per l\u2019alumnat<\/a> <\/li>\n\n\n\n<li><a href=\"https:\/\/nanoeduca.cat\/wp-content\/uploads\/Professors_1.zip\">Material pel professorat 1<\/a> <\/li>\n\n\n\n<li><a href=\"https:\/\/nanoeduca.cat\/wp-content\/uploads\/Professors_2.zip\">Material pel professorat 2<\/a> <\/li>\n\n\n\n<li><a href=\"https:\/\/nanoeduca.cat\/wp-content\/uploads\/tauler-joc-fitxes-cat.zip\">Material imprimible cartes i taulell de treball<\/a> <\/li>\n<\/ul>\n\n\n\n<p class=\"has-white-color has-ast-global-color-1-background-color has-text-color has-background has-link-color has-medium-font-size wp-elements-ae7bd9f086009dca93076b14499e96eb\"><strong>Recursos<\/strong><\/p>\n\n\n\n<ul class=\"wp-block-list\">\n<li><strong><a href=\"https:\/\/www.youtube.com\/channel\/UCnPqpEEQ2SLxOwiM57tkHjg\">Canal Nanoduca<\/a><\/strong> de YouTube<\/li>\n<\/ul>\n\n\n\n<p><\/p>\n","protected":false},"excerpt":{"rendered":"<p>Caracter\u00edstiques Es tracta d\u2019una proposta interdisciplin\u00e0ria que engloba tem\u00e0tica pr\u00f2pia de la ci\u00e8ncia m\u00e9s te\u00f2rica i la&nbsp;recerca b\u00e0sica&nbsp;(per exemple, amb l\u2019experiment de les propietats conductores del graf\u00e8) amb d\u2019altres amb una&nbsp;aplicaci\u00f3 tecnol\u00f2gica&nbsp;directa (el disseny d\u2019un sensor piezoel\u00e8ctric). La \u2018nano\u2019 \u00e9s un camp de la ci\u00e8ncia en el qual treballen tant investigadors especialitzats en ci\u00e8ncia fonamental [&hellip;]<\/p>\n","protected":false},"author":10,"featured_media":0,"parent":17048,"menu_order":0,"comment_status":"closed","ping_status":"closed","template":"","meta":{"_bbp_topic_count":0,"_bbp_reply_count":0,"_bbp_total_topic_count":0,"_bbp_total_reply_count":0,"_bbp_voice_count":0,"_bbp_anonymous_reply_count":0,"_bbp_topic_count_hidden":0,"_bbp_reply_count_hidden":0,"_bbp_forum_subforum_count":0,"site-sidebar-layout":"default","site-content-layout":"","ast-site-content-layout":"default","site-content-style":"default","site-sidebar-style":"default","ast-global-header-display":"","ast-banner-title-visibility":"","ast-main-header-display":"","ast-hfb-above-header-display":"","ast-hfb-below-header-display":"","ast-hfb-mobile-header-display":"","site-post-title":"","ast-breadcrumbs-content":"","ast-featured-img":"","footer-sml-layout":"","theme-transparent-header-meta":"","adv-header-id-meta":"","stick-header-meta":"","header-above-stick-meta":"","header-main-stick-meta":"","header-below-stick-meta":"","astra-migrate-meta-layouts":"set","ast-page-background-enabled":"default","ast-page-background-meta":{"desktop":{"background-color":"var(--ast-global-color-4)","background-image":"","background-repeat":"repeat","background-position":"center center","background-size":"auto","background-attachment":"scroll","background-type":"","background-media":"","overlay-type":"","overlay-color":"","overlay-opacity":"","overlay-gradient":""},"tablet":{"background-color":"","background-image":"","background-repeat":"repeat","background-position":"center center","background-size":"auto","background-attachment":"scroll","background-type":"","background-media":"","overlay-type":"","overlay-color":"","overlay-opacity":"","overlay-gradient":""},"mobile":{"background-color":"","background-image":"","background-repeat":"repeat","background-position":"center center","background-size":"auto","background-attachment":"scroll","background-type":"","background-media":"","overlay-type":"","overlay-color":"","overlay-opacity":"","overlay-gradient":""}},"ast-content-background-meta":{"desktop":{"background-color":"var(--ast-global-color-5)","background-image":"","background-repeat":"repeat","background-position":"center center","background-size":"auto","background-attachment":"scroll","background-type":"","background-media":"","overlay-type":"","overlay-color":"","overlay-opacity":"","overlay-gradient":""},"tablet":{"background-color":"var(--ast-global-color-5)","background-image":"","background-repeat":"repeat","background-position":"center center","background-size":"auto","background-attachment":"scroll","background-type":"","background-media":"","overlay-type":"","overlay-color":"","overlay-opacity":"","overlay-gradient":""},"mobile":{"background-color":"var(--ast-global-color-5)","background-image":"","background-repeat":"repeat","background-position":"center center","background-size":"auto","background-attachment":"scroll","background-type":"","background-media":"","overlay-type":"","overlay-color":"","overlay-opacity":"","overlay-gradient":""}},"footnotes":""},"class_list":["post-8622","page","type-page","status-publish","hentry"],"post_mailing_queue_ids":[],"_links":{"self":[{"href":"https:\/\/serveiseducatius.xtec.cat\/garraf\/wp-json\/wp\/v2\/pages\/8622","targetHints":{"allow":["GET"]}}],"collection":[{"href":"https:\/\/serveiseducatius.xtec.cat\/garraf\/wp-json\/wp\/v2\/pages"}],"about":[{"href":"https:\/\/serveiseducatius.xtec.cat\/garraf\/wp-json\/wp\/v2\/types\/page"}],"author":[{"embeddable":true,"href":"https:\/\/serveiseducatius.xtec.cat\/garraf\/wp-json\/wp\/v2\/users\/10"}],"replies":[{"embeddable":true,"href":"https:\/\/serveiseducatius.xtec.cat\/garraf\/wp-json\/wp\/v2\/comments?post=8622"}],"version-history":[{"count":6,"href":"https:\/\/serveiseducatius.xtec.cat\/garraf\/wp-json\/wp\/v2\/pages\/8622\/revisions"}],"predecessor-version":[{"id":19075,"href":"https:\/\/serveiseducatius.xtec.cat\/garraf\/wp-json\/wp\/v2\/pages\/8622\/revisions\/19075"}],"up":[{"embeddable":true,"href":"https:\/\/serveiseducatius.xtec.cat\/garraf\/wp-json\/wp\/v2\/pages\/17048"}],"wp:attachment":[{"href":"https:\/\/serveiseducatius.xtec.cat\/garraf\/wp-json\/wp\/v2\/media?parent=8622"}],"curies":[{"name":"wp","href":"https:\/\/api.w.org\/{rel}","templated":true}]}}