{"id":8479,"date":"2018-09-19T09:58:14","date_gmt":"2018-09-19T07:58:14","guid":{"rendered":"http:\/\/serveiseducatius.xtec.cat\/garraf\/?page_id=8479"},"modified":"2025-12-10T16:17:13","modified_gmt":"2025-12-10T15:17:13","slug":"formacio-per-a-centres","status":"publish","type":"page","link":"https:\/\/serveiseducatius.xtec.cat\/garraf\/modalitats-de-formacio\/formacio-per-a-centres\/","title":{"rendered":"Formaci\u00f3 per a centres"},"content":{"rendered":"\n<div class=\"wp-block-buttons is-content-justification-center is-layout-flex wp-container-core-buttons-is-layout-1 wp-block-buttons-is-layout-flex\">\n<div class=\"wp-block-button has-custom-font-size has-medium-font-size\"><a class=\"wp-block-button__link has-luminous-vivid-amber-background-color has-background wp-element-button\" href=\"https:\/\/docs.google.com\/forms\/d\/e\/1FAIpQLSfJEpHwj8S2QCCoMxG-YU5_K-MzCa8yxjThAWP5eLTuaqLVUQ\/viewform\"><strong>Formulari de sol\u00b7licitud<\/strong><\/a><\/div>\n<\/div>\n\n\n\n<p>La <strong>formaci\u00f3 per a centres<\/strong> \u00e9s considerada una <strong>prioritat<\/strong> del Departament d\u2019Educaci\u00f3 i Formaci\u00f3 Professional. Aquesta modalitat serveix com a eina de suport i enfortiment del projecte educatiu de cada centre, aprofitant l\u2019intercanvi pedag\u00f2gic i la formaci\u00f3 de professionals de diferents centres. Les persones que hi participen tenen el comprom\u00eds de transferir i compartir el treball de la formaci\u00f3 al seu propi centre. <\/p>\n\n\n\n<p class=\"has-white-color has-ast-global-color-1-background-color has-text-color has-background has-link-color has-medium-font-size wp-elements-b2f8f1dabafee43f600788d347d5d6a6\"><strong>Modalitats<\/strong><\/p>\n\n\n\n<ol class=\"wp-block-list\">\n<li class=\"has-medium-font-size\"><strong>Seminari de coordinaci\u00f3<\/strong><\/li>\n<\/ol>\n\n\n\n<figure class=\"wp-block-table is-style-stripes\" style=\"font-size:16px\"><table class=\"has-background\" style=\"background-color:#0db2ff33\"><tbody><tr><td><strong>Descripci\u00f3<\/strong><\/td><td>Aquesta modalitat s\u2019utilitza per compartir i intercanviar projectes i experi\u00e8ncies entre professorat d&#8217;etapes consecutives o de la mateixa etapa de centres diferents.<\/td><\/tr><tr><td><strong>Finalitat<\/strong><\/td><td>L\u2019objectiu \u00e9s enriquir el potencial educatiu de cada centre amb les aportacions col\u00b7lectives per avan\u00e7ar en la millora dels projectes propis.<\/td><\/tr><tr><td><strong>Caracter\u00edstiques<\/strong><\/td><td><strong>Assignaci\u00f3:<\/strong> m\u00ednim de 15 persones o el 80% del professorat al qual va dirigida l\u2019activitat.<br><strong>Durada:<\/strong> m\u00ednim de 15 hores.<br><strong><sup data-fn=\"e3d7c73d-e881-4044-bfd4-c35d77126f7b\" class=\"fn\"><a href=\"#e3d7c73d-e881-4044-bfd4-c35d77126f7b\" id=\"e3d7c73d-e881-4044-bfd4-c35d77126f7b-link\">1<\/a><\/sup>Altres requisits:<\/strong> es recomana 1\/3 de les hores totals.<br><strong>Format:<\/strong> presencial, semipresencial (s\u00edncron, mixt o as\u00edncron) o en l\u00ednia (s\u00edncron o mixt).<\/td><\/tr><tr><td><strong>Certificaci\u00f3<\/strong><\/td><td>Requereix una assist\u00e8ncia m\u00ednima del <strong>80% de les hores s\u00edncrones<\/strong> i l\u2019avaluaci\u00f3 positiva de les tasques individuals i grupals en relaci\u00f3 amb l\u2019aprofitament i la transfer\u00e8ncia immediata, d\u2019acord amb el document de valoraci\u00f3 i l\u2019informe de seguiment dels serveis educatius amb el vistiplau de la inspecci\u00f3.<\/td><\/tr><\/tbody><\/table><\/figure>\n\n\n\n<ul class=\"wp-block-list\">\n<li class=\"has-medium-font-size\"><strong>Curs o seminari d&#8217;equips de centre<\/strong><\/li>\n<\/ul>\n\n\n\n<figure class=\"wp-block-table is-style-stripes\" style=\"font-size:16px\"><table class=\"has-background\" style=\"background-color:#0db2ff33\"><tbody><tr><td><strong>Descripci\u00f3<\/strong><\/td><td>Aquesta modalitat s\u2019adre\u00e7a a equips professionals de centres, on almenys una persona ha de formar part de l\u2019equip directiu. Els participants tenen el comprom\u00eds de la transfer\u00e8ncia del contingut al seu centre. La seva estructura formativa inclou la planificaci\u00f3, l\u2019experimentaci\u00f3 i l\u2019avaluaci\u00f3 del pla d\u2019actuaci\u00f3 de la tem\u00e0tica treballada en el centre.<\/td><\/tr><tr><td><strong>Finalitat<\/strong><\/td><td>L\u2019objectiu \u00e9s compartir projectes i metodologies, i enriquir el potencial educatiu mitjan\u00e7ant aportacions col\u00b7lectives.<\/td><\/tr><tr><td><strong>Caracter\u00edstiques<\/strong><\/td><td><strong>Assignaci\u00f3:<\/strong> m\u00ednim de 2 centres.<br><strong>Durada:<\/strong> m\u00ednim de 20 hores.<br><strong>Altres requisits:<\/strong> es recomana 1\/3 i m\u00e0xim de 2\/3 de les hores totals.<br><strong>Format:<\/strong> presencial, semipresencial (s\u00edncron, mixt o as\u00edncron) o en l\u00ednia (s\u00edncron o mixt).<\/td><\/tr><tr><td><strong>Certificaci\u00f3<\/strong><\/td><td>Requereix una assist\u00e8ncia m\u00ednima del <strong>80% de les hores s\u00edncrones<\/strong> i l\u2019avaluaci\u00f3 positiva de les tasques individuals i grupals en relaci\u00f3 amb l\u2019aprofitament i la transfer\u00e8ncia immediata, d\u2019acord amb el document de valoraci\u00f3 i l\u2019informe de seguiment dels serveis educatius amb el vistiplau de la inspecci\u00f3.<\/td><\/tr><\/tbody><\/table><\/figure>\n\n\n\n<ul class=\"wp-block-list\">\n<li class=\"has-medium-font-size\"><strong>Taller d&#8217;equips de centre<\/strong><\/li>\n<\/ul>\n\n\n\n<figure class=\"wp-block-table is-style-stripes\" style=\"font-size:16px\"><table class=\"has-background\" style=\"background-color:#0db2ff33\"><tbody><tr><td><strong>Descripci\u00f3<\/strong><\/td><td>Aquesta modalitat s\u2019adre\u00e7a a equips professionals de centres, on almenys una persona ha de formar part de l\u2019equip directiu. Els participants tenen el comprom\u00eds de la transfer\u00e8ncia del contingut al seu centre. <\/td><\/tr><tr><td><strong>Finalitat<\/strong><\/td><td>L\u2019objectiu \u00e9s intercanviar projectes i metodologies i enriquir el potencial educatiu dels centres.<\/td><\/tr><tr><td><strong>Caracter\u00edstiques<\/strong><\/td><td><strong>Assignaci\u00f3:<\/strong> m\u00ednim de 2 centres.<br><strong>Durada:<\/strong> sense l\u00edmit m\u00e0xim ni m\u00ednim.<br><strong>Altres requisits:<\/strong> es recomana 1\/3 i m\u00e0xim de 2\/3 de les hores totals.<br><strong>Format:<\/strong> presencial, semipresencial (s\u00edncron, mixt o as\u00edncron) o en l\u00ednia (s\u00edncron o mixt).<\/td><\/tr><tr><td><strong>Certificaci\u00f3<\/strong><\/td><td>Requereix una assist\u00e8ncia m\u00ednima del <strong>80% de les hores s\u00edncrones<\/strong> i l\u2019avaluaci\u00f3 positiva de les tasques individuals i grupals en relaci\u00f3 amb l\u2019aprofitament i la transfer\u00e8ncia immediata, d\u2019acord amb el document de valoraci\u00f3 i l\u2019informe de seguiment dels serveis educatius amb el vistiplau de la inspecci\u00f3.<\/td><\/tr><\/tbody><\/table><\/figure>\n\n\n<ol class=\"wp-block-footnotes has-small-font-size\"><li id=\"e3d7c73d-e881-4044-bfd4-c35d77126f7b\">Es consideren altres requisits a les tasques planificades que es realitza fora de les sessions de formaci\u00f3 i que tenen a veure amb el desenvolupament del pla d&#8217;actuaci\u00f3 lligat a l&#8217;activitat, al treball aut\u00f2nom o a les activitats de transfer\u00e8ncia al centre. <a href=\"#e3d7c73d-e881-4044-bfd4-c35d77126f7b-link\" aria-label=\"Ves a la refer\u00e8ncia de la nota al peu 1\">\u21a9\ufe0e<\/a><\/li><\/ol>","protected":false},"excerpt":{"rendered":"<p>La formaci\u00f3 per a centres \u00e9s considerada una prioritat del Departament d\u2019Educaci\u00f3 i Formaci\u00f3 Professional. Aquesta modalitat serveix com a eina de suport i enfortiment del projecte educatiu de cada centre, aprofitant l\u2019intercanvi pedag\u00f2gic i la formaci\u00f3 de professionals de diferents centres. Les persones que hi participen tenen el comprom\u00eds de transferir i compartir el [&hellip;]<\/p>\n","protected":false},"author":10,"featured_media":0,"parent":8444,"menu_order":0,"comment_status":"closed","ping_status":"closed","template":"","meta":{"_bbp_topic_count":0,"_bbp_reply_count":0,"_bbp_total_topic_count":0,"_bbp_total_reply_count":0,"_bbp_voice_count":0,"_bbp_anonymous_reply_count":0,"_bbp_topic_count_hidden":0,"_bbp_reply_count_hidden":0,"_bbp_forum_subforum_count":0,"site-sidebar-layout":"default","site-content-layout":"","ast-site-content-layout":"default","site-content-style":"default","site-sidebar-style":"default","ast-global-header-display":"","ast-banner-title-visibility":"","ast-main-header-display":"","ast-hfb-above-header-display":"","ast-hfb-below-header-display":"","ast-hfb-mobile-header-display":"","site-post-title":"","ast-breadcrumbs-content":"","ast-featured-img":"","footer-sml-layout":"","theme-transparent-header-meta":"","adv-header-id-meta":"","stick-header-meta":"","header-above-stick-meta":"","header-main-stick-meta":"","header-below-stick-meta":"","astra-migrate-meta-layouts":"set","ast-page-background-enabled":"default","ast-page-background-meta":{"desktop":{"background-color":"var(--ast-global-color-4)","background-image":"","background-repeat":"repeat","background-position":"center center","background-size":"auto","background-attachment":"scroll","background-type":"","background-media":"","overlay-type":"","overlay-color":"","overlay-opacity":"","overlay-gradient":""},"tablet":{"background-color":"","background-image":"","background-repeat":"repeat","background-position":"center center","background-size":"auto","background-attachment":"scroll","background-type":"","background-media":"","overlay-type":"","overlay-color":"","overlay-opacity":"","overlay-gradient":""},"mobile":{"background-color":"","background-image":"","background-repeat":"repeat","background-position":"center center","background-size":"auto","background-attachment":"scroll","background-type":"","background-media":"","overlay-type":"","overlay-color":"","overlay-opacity":"","overlay-gradient":""}},"ast-content-background-meta":{"desktop":{"background-color":"var(--ast-global-color-5)","background-image":"","background-repeat":"repeat","background-position":"center center","background-size":"auto","background-attachment":"scroll","background-type":"","background-media":"","overlay-type":"","overlay-color":"","overlay-opacity":"","overlay-gradient":""},"tablet":{"background-color":"var(--ast-global-color-5)","background-image":"","background-repeat":"repeat","background-position":"center center","background-size":"auto","background-attachment":"scroll","background-type":"","background-media":"","overlay-type":"","overlay-color":"","overlay-opacity":"","overlay-gradient":""},"mobile":{"background-color":"var(--ast-global-color-5)","background-image":"","background-repeat":"repeat","background-position":"center center","background-size":"auto","background-attachment":"scroll","background-type":"","background-media":"","overlay-type":"","overlay-color":"","overlay-opacity":"","overlay-gradient":""}},"footnotes":"[{\"content\":\"Es consideren altres requisits a les tasques planificades que es realitza fora de les sessions de formaci\u00f3 i que tenen a veure amb el desenvolupament del pla d'actuaci\u00f3 lligat a l'activitat, al treball aut\u00f2nom o a les activitats de transfer\u00e8ncia al centre.\",\"id\":\"e3d7c73d-e881-4044-bfd4-c35d77126f7b\"}]"},"class_list":["post-8479","page","type-page","status-publish","hentry"],"post_mailing_queue_ids":[],"_links":{"self":[{"href":"https:\/\/serveiseducatius.xtec.cat\/garraf\/wp-json\/wp\/v2\/pages\/8479","targetHints":{"allow":["GET"]}}],"collection":[{"href":"https:\/\/serveiseducatius.xtec.cat\/garraf\/wp-json\/wp\/v2\/pages"}],"about":[{"href":"https:\/\/serveiseducatius.xtec.cat\/garraf\/wp-json\/wp\/v2\/types\/page"}],"author":[{"embeddable":true,"href":"https:\/\/serveiseducatius.xtec.cat\/garraf\/wp-json\/wp\/v2\/users\/10"}],"replies":[{"embeddable":true,"href":"https:\/\/serveiseducatius.xtec.cat\/garraf\/wp-json\/wp\/v2\/comments?post=8479"}],"version-history":[{"count":5,"href":"https:\/\/serveiseducatius.xtec.cat\/garraf\/wp-json\/wp\/v2\/pages\/8479\/revisions"}],"predecessor-version":[{"id":19338,"href":"https:\/\/serveiseducatius.xtec.cat\/garraf\/wp-json\/wp\/v2\/pages\/8479\/revisions\/19338"}],"up":[{"embeddable":true,"href":"https:\/\/serveiseducatius.xtec.cat\/garraf\/wp-json\/wp\/v2\/pages\/8444"}],"wp:attachment":[{"href":"https:\/\/serveiseducatius.xtec.cat\/garraf\/wp-json\/wp\/v2\/media?parent=8479"}],"curies":[{"name":"wp","href":"https:\/\/api.w.org\/{rel}","templated":true}]}}