{"id":8471,"date":"2018-09-19T09:21:51","date_gmt":"2018-09-19T07:21:51","guid":{"rendered":"http:\/\/serveiseducatius.xtec.cat\/garraf\/?page_id=8471"},"modified":"2025-12-10T16:08:35","modified_gmt":"2025-12-10T15:08:35","slug":"formacio-en-centre","status":"publish","type":"page","link":"https:\/\/serveiseducatius.xtec.cat\/garraf\/modalitats-de-formacio\/formacio-en-centre\/","title":{"rendered":"Formaci\u00f3 en centre"},"content":{"rendered":"\n<div class=\"wp-block-buttons is-content-justification-center is-layout-flex wp-container-core-buttons-is-layout-1 wp-block-buttons-is-layout-flex\">\n<div class=\"wp-block-button has-custom-font-size has-medium-font-size\"><a class=\"wp-block-button__link has-luminous-vivid-amber-background-color has-background wp-element-button\" href=\"https:\/\/docs.google.com\/forms\/d\/e\/1FAIpQLSf2MesLuJytU_-jql4KuZzYa2Q_kjomXh8zEZh2H9ibWGprAQ\/viewform\"><strong>Formulari de sol\u00b7licitud<\/strong><\/a><\/div>\n<\/div>\n\n\n\n<p>La <strong>formaci\u00f3 en centre<\/strong> \u00e9s considerada <strong>priorit\u00e0ria<\/strong> pel Departament d&#8217;Educaci\u00f3 i Formaci\u00f3 Professional. Aquesta modalitat actua com a eina fonamental per al suport i l&#8217;enfortiment del projecte educatiu de cada centre sent la millora de les <strong>compet\u00e8ncies b\u00e0siques<\/strong> el seu contingut preferent.<\/p>\n\n\n\n<h2 class=\"wp-block-heading has-white-color has-ast-global-color-1-background-color has-text-color has-background has-link-color has-medium-font-size wp-elements-ac1410afc5fb21a60d003ef21e669e2a\">Modalitats<\/h2>\n\n\n\n<ul class=\"wp-block-list\">\n<li style=\"font-size:20px\"><strong>Assessorament<\/strong><\/li>\n<\/ul>\n\n\n\n<figure class=\"wp-block-table is-style-stripes\" style=\"font-size:16px\"><table class=\"has-background\" style=\"background-color:#0db2ff33\"><tbody><tr><td><strong>Descripci\u00f3<\/strong><\/td><td>Implica la intervenci\u00f3 d\u2019un professional (generalment extern) que s\u2019adre\u00e7a a la majoria del claustre o a un col\u00b7lectiu concret del centre. \u00c9s liderat per l\u2019equip directiu. Si la formaci\u00f3 \u00e9s impartida per un professional del claustre, caldr\u00e0 que hagi realitzat pr\u00e8viament assessoraments a altres centres i compti amb el vistiplau de la Inspecci\u00f3.<\/td><\/tr><tr><td><strong>Finalitat<\/strong><\/td><td>Generar din\u00e0miques de debat pedag\u00f2gic per desenvolupar projectes compartits i promoure la consolidaci\u00f3 de pr\u00e0ctiques educatives que millorin els aprenentatges de l\u2019alumnat.<\/td><\/tr><tr><td><strong>Durada<\/strong><\/td><td><strong>M\u00ednim 20 hores totals<\/strong>. El per\u00edode d'&#8221;Altres requisits&#8221; (treball destinat a l\u2019aprofitament i la transfer\u00e8ncia immediata) ha de ser d\u2019un m\u00ednim d\u20191\/3 i un m\u00e0xim d\u20191\/2 de la durada total.<\/td><\/tr><tr><td><strong>Certificaci\u00f3<\/strong><\/td><td>Requereix una assist\u00e8ncia m\u00ednima del <strong>80% de les hores s\u00edncrones<\/strong> i l\u2019avaluaci\u00f3 positiva de les tasques individuals i grupals en relaci\u00f3 amb l\u2019aprofitament i la transfer\u00e8ncia immediata.<\/td><\/tr><\/tbody><\/table><\/figure>\n\n\n\n<ul start=\"2\" class=\"wp-block-list\">\n<li class=\"has-medium-font-size\"><strong>Taller a centre<\/strong><\/li>\n<\/ul>\n\n\n\n<figure class=\"wp-block-table is-style-stripes\" style=\"font-size:16px\"><table class=\"has-background\" style=\"background-color:#0db2ff33\"><tbody><tr><td><strong>Descripci\u00f3<\/strong><\/td><td>Modalitat de <strong>car\u00e0cter concret i pr\u00e0ctic<\/strong>, orientada a la millora d\u2019alguna compet\u00e8ncia professional del professorat, adre\u00e7ada a la majoria del claustre o a un col\u00b7lectiu del centre.<\/td><\/tr><tr><td><strong>Finalitat<\/strong><\/td><td>Semblant a l\u2019assessorament: generar debat pedag\u00f2gic per a projectes compartits i promoure pr\u00e0ctiques que reverteixin en la millora dels resultats d\u2019aprenentatge.<\/td><\/tr><tr><td><strong>Durada<\/strong><\/td><td><strong>Sense l\u00edmit m\u00e0xim ni m\u00ednim total<\/strong>. El per\u00edode d'&#8221;Altres requisits&#8221; (treball individual o col\u00b7lectiu) ha de ser d\u2019un m\u00ednim d\u20191\/3 i un m\u00e0xim de 2\/3 de la durada total.<\/td><\/tr><tr><td><strong>Certificaci\u00f3<\/strong><\/td><td>Requereix una assist\u00e8ncia m\u00ednima del <strong>80% de les hores s\u00edncrones<\/strong> de la formaci\u00f3 i avaluaci\u00f3 positiva de les tasques d\u2019aprofitament i transfer\u00e8ncia immediata.<\/td><\/tr><\/tbody><\/table><\/figure>\n\n\n\n<ul start=\"3\" class=\"wp-block-list\">\n<li class=\"has-medium-font-size\"><strong>Formaci\u00f3 Interna de Centre (FIC)<\/strong><\/li>\n<\/ul>\n\n\n\n<figure class=\"wp-block-table is-style-stripes\" style=\"font-size:16px\"><table class=\"has-background\" style=\"background-color:#0db2ff33\"><tbody><tr><td><strong>Descripci\u00f3<\/strong><\/td><td>T\u00e9 lloc dins el centre, liderada i dinamitzada per un <strong>equip de coordinaci\u00f3 del centre<\/strong> (amb almenys un membre de l\u2019equip directiu). El proc\u00e9s formatiu inclou autodiagnosi, planificaci\u00f3, construcci\u00f3\/experimentaci\u00f3 i avaluaci\u00f3. Es poden seguir Itineraris guiats pel Departament o Itineraris propis.<\/td><\/tr><tr><td><strong>Finalitat<\/strong><\/td><td>Generar debat pedag\u00f2gic compartit i promoure la consolidaci\u00f3 de pr\u00e0ctiques educatives que millorin els aprenentatges.<\/td><\/tr><tr><td><strong>Durada<\/strong><\/td><td><strong>45 hores totals<\/strong> (no admet variacions) amb 15 hores d'&#8221;Altres requisits&#8221;. Tamb\u00e9 existeix un format de <strong>30 hores totals<\/strong> (no admet variacions) amb entre 5 i 10 hores d'&#8221;Altres requisits&#8221;.<\/td><\/tr><tr><td><strong>Certificaci\u00f3<\/strong><\/td><td>Requereix assist\u00e8ncia a un m\u00ednim del <strong>80% de les hores s\u00edncrones<\/strong>. Cal obtenir avaluaci\u00f3 positiva de les tasques individuals i grupals d\u2019aprofitament i transfer\u00e8ncia, d\u2019acord amb el document de valoraci\u00f3 final del centre i l\u2019informe de seguiment del servei educatiu amb el vistiplau de l\u2019inspector\/a.<\/td><\/tr><\/tbody><\/table><\/figure>\n\n\n\n<ul start=\"4\" class=\"wp-block-list\">\n<li class=\"has-medium-font-size\"><strong>Visita formativa a centre<\/strong><\/li>\n<\/ul>\n\n\n\n<figure class=\"wp-block-table is-style-stripes\" style=\"margin-right:0px;margin-left:0px;font-size:16px\"><table class=\"has-background\" style=\"background-color:#0db2ff33;border-style:none;border-width:0px\"><tbody><tr><td><strong>Descripci\u00f3<\/strong><\/td><td>Modalitat de car\u00e0cter concret i pr\u00e0ctic, orientada a promoure la reflexi\u00f3 sobre la pr\u00f2pia pr\u00e0ctica a partir de con\u00e8ixer i compartir <strong>experi\u00e8ncies d\u2019\u00e8xit o bones pr\u00e0ctiques consolidades<\/strong> d\u2019altres centres.<\/td><\/tr><tr><td><strong>Finalitat<\/strong><\/td><td>Con\u00e8ixer pr\u00e0ctiques educatives d\u2019\u00e8xit, promoure l\u2019intercanvi i l\u2019aprenentatge entre iguals, i generar transformacions en el centre propi.<\/td><\/tr><tr><td><strong>Durada<\/strong><\/td><td><strong>M\u00ednim 15 hores totals<\/strong>, distribu\u00efdes en un m\u00ednim de 2 sessions separades en el temps. La part d'&#8221;Altres requisits&#8221; (treball col\u00b7lectiu per a propostes d\u2019accions) \u00e9s recomanada d\u20191\/3 del total.<\/td><\/tr><tr><td><strong>Certificaci\u00f3<\/strong><\/td><td>Requereix assist\u00e8ncia a un m\u00ednim del <strong>80% de les hores s\u00edncrones<\/strong>, avaluaci\u00f3 positiva de les propostes d\u2019accions consensuades amb la planificaci\u00f3 d\u2019execuci\u00f3 del pla d\u2019acci\u00f3 i la realitzaci\u00f3 del q\u00fcestionari de valoraci\u00f3.<\/td><\/tr><\/tbody><\/table><\/figure>\n","protected":false},"excerpt":{"rendered":"<p>La formaci\u00f3 en centre \u00e9s considerada priorit\u00e0ria pel Departament d&#8217;Educaci\u00f3 i Formaci\u00f3 Professional. Aquesta modalitat actua com a eina fonamental per al suport i l&#8217;enfortiment del projecte educatiu de cada centre sent la millora de les compet\u00e8ncies b\u00e0siques el seu contingut preferent. Modalitats Descripci\u00f3 Implica la intervenci\u00f3 d\u2019un professional (generalment extern) que s\u2019adre\u00e7a a la [&hellip;]<\/p>\n","protected":false},"author":10,"featured_media":0,"parent":8444,"menu_order":0,"comment_status":"closed","ping_status":"closed","template":"","meta":{"_bbp_topic_count":0,"_bbp_reply_count":0,"_bbp_total_topic_count":0,"_bbp_total_reply_count":0,"_bbp_voice_count":0,"_bbp_anonymous_reply_count":0,"_bbp_topic_count_hidden":0,"_bbp_reply_count_hidden":0,"_bbp_forum_subforum_count":0,"site-sidebar-layout":"default","site-content-layout":"","ast-site-content-layout":"default","site-content-style":"default","site-sidebar-style":"default","ast-global-header-display":"","ast-banner-title-visibility":"","ast-main-header-display":"","ast-hfb-above-header-display":"","ast-hfb-below-header-display":"","ast-hfb-mobile-header-display":"","site-post-title":"","ast-breadcrumbs-content":"","ast-featured-img":"","footer-sml-layout":"","theme-transparent-header-meta":"","adv-header-id-meta":"","stick-header-meta":"","header-above-stick-meta":"","header-main-stick-meta":"","header-below-stick-meta":"","astra-migrate-meta-layouts":"set","ast-page-background-enabled":"default","ast-page-background-meta":{"desktop":{"background-color":"var(--ast-global-color-4)","background-image":"","background-repeat":"repeat","background-position":"center center","background-size":"auto","background-attachment":"scroll","background-type":"","background-media":"","overlay-type":"","overlay-color":"","overlay-opacity":"","overlay-gradient":""},"tablet":{"background-color":"","background-image":"","background-repeat":"repeat","background-position":"center center","background-size":"auto","background-attachment":"scroll","background-type":"","background-media":"","overlay-type":"","overlay-color":"","overlay-opacity":"","overlay-gradient":""},"mobile":{"background-color":"","background-image":"","background-repeat":"repeat","background-position":"center center","background-size":"auto","background-attachment":"scroll","background-type":"","background-media":"","overlay-type":"","overlay-color":"","overlay-opacity":"","overlay-gradient":""}},"ast-content-background-meta":{"desktop":{"background-color":"var(--ast-global-color-5)","background-image":"","background-repeat":"repeat","background-position":"center center","background-size":"auto","background-attachment":"scroll","background-type":"","background-media":"","overlay-type":"","overlay-color":"","overlay-opacity":"","overlay-gradient":""},"tablet":{"background-color":"var(--ast-global-color-5)","background-image":"","background-repeat":"repeat","background-position":"center center","background-size":"auto","background-attachment":"scroll","background-type":"","background-media":"","overlay-type":"","overlay-color":"","overlay-opacity":"","overlay-gradient":""},"mobile":{"background-color":"var(--ast-global-color-5)","background-image":"","background-repeat":"repeat","background-position":"center center","background-size":"auto","background-attachment":"scroll","background-type":"","background-media":"","overlay-type":"","overlay-color":"","overlay-opacity":"","overlay-gradient":""}},"footnotes":""},"class_list":["post-8471","page","type-page","status-publish","hentry"],"post_mailing_queue_ids":[],"_links":{"self":[{"href":"https:\/\/serveiseducatius.xtec.cat\/garraf\/wp-json\/wp\/v2\/pages\/8471","targetHints":{"allow":["GET"]}}],"collection":[{"href":"https:\/\/serveiseducatius.xtec.cat\/garraf\/wp-json\/wp\/v2\/pages"}],"about":[{"href":"https:\/\/serveiseducatius.xtec.cat\/garraf\/wp-json\/wp\/v2\/types\/page"}],"author":[{"embeddable":true,"href":"https:\/\/serveiseducatius.xtec.cat\/garraf\/wp-json\/wp\/v2\/users\/10"}],"replies":[{"embeddable":true,"href":"https:\/\/serveiseducatius.xtec.cat\/garraf\/wp-json\/wp\/v2\/comments?post=8471"}],"version-history":[{"count":6,"href":"https:\/\/serveiseducatius.xtec.cat\/garraf\/wp-json\/wp\/v2\/pages\/8471\/revisions"}],"predecessor-version":[{"id":19336,"href":"https:\/\/serveiseducatius.xtec.cat\/garraf\/wp-json\/wp\/v2\/pages\/8471\/revisions\/19336"}],"up":[{"embeddable":true,"href":"https:\/\/serveiseducatius.xtec.cat\/garraf\/wp-json\/wp\/v2\/pages\/8444"}],"wp:attachment":[{"href":"https:\/\/serveiseducatius.xtec.cat\/garraf\/wp-json\/wp\/v2\/media?parent=8471"}],"curies":[{"name":"wp","href":"https:\/\/api.w.org\/{rel}","templated":true}]}}