{"id":8444,"date":"2018-09-18T16:46:25","date_gmt":"2018-09-18T14:46:25","guid":{"rendered":"http:\/\/serveiseducatius.xtec.cat\/garraf\/?page_id=8444"},"modified":"2026-03-18T17:37:24","modified_gmt":"2026-03-18T16:37:24","slug":"modalitats-de-formacio","status":"publish","type":"page","link":"https:\/\/serveiseducatius.xtec.cat\/garraf\/modalitats-de-formacio\/","title":{"rendered":"Modalitats de formaci\u00f3"},"content":{"rendered":"\n<div class=\"wp-block-buttons is-content-justification-center is-layout-flex wp-container-core-buttons-is-layout-1 wp-block-buttons-is-layout-flex\">\n<div class=\"wp-block-button has-custom-font-size has-medium-font-size\"><a class=\"wp-block-button__link has-black-color has-luminous-vivid-amber-background-color has-text-color has-background has-link-color wp-element-button\" href=\"https:\/\/serveiseducatius.xtec.cat\/garraf\/modalitats-de-formacio\/formacio-en-centre\/\"><strong>Formaci\u00f3 en centre<\/strong><\/a><\/div>\n\n\n\n<div class=\"wp-block-button has-custom-font-size has-medium-font-size\"><a class=\"wp-block-button__link has-black-color has-luminous-vivid-amber-background-color has-text-color has-background has-link-color wp-element-button\" href=\"https:\/\/serveiseducatius.xtec.cat\/garraf\/modalitats-de-formacio\/formacio-per-a-centres\/\"><strong>Formaci\u00f3 per a centre<\/strong><\/a><\/div>\n\n\n\n<div class=\"wp-block-button has-custom-font-size has-medium-font-size\"><a class=\"wp-block-button__link has-black-color has-luminous-vivid-amber-background-color has-text-color has-background has-link-color wp-element-button\" href=\"https:\/\/serveiseducatius.xtec.cat\/garraf\/activitats-formacio-pfz-garraf-curs-actual\/\"><strong>Formaci\u00f3 individual<\/strong><\/a><\/div>\n<\/div>\n\n\n<p>Les diferents modalitats de formaci\u00f3 han de respondre a la finalitat de l\u2019acci\u00f3 formativa i impliquen una din\u00e0mica espec\u00edfica de treball del professorat participant.<\/p>\n<table style=\"border-collapse: collapse; width: 100%; height: 211px;\" border=\"1\">\n<tbody>\n<tr>\n<td style=\"width: 25%; border-style: solid; background-color: #fafafa;\">Professorat d\u2019un centre<\/td>\n<td style=\"width: 25.0237%; border-style: solid; background-color: #a2b9f2;\">Assessorament<br \/>Formaci\u00f3 interna de centre ( FIC )<br \/>Taller a centre<br \/><span style=\"font-family: inherit; font-size: 1em;\">Visita formativa a centre<\/span><\/td>\n<td style=\"width: 25%; border-style: solid; background-color: #a2b9f2;\">Formaci\u00f3 en centre<\/td>\n<\/tr>\n<tr>\n<td style=\"width: 25%; border-style: solid; background-color: #fafafa;\" rowspan=\"2\">Professorat de diversos centres<\/td>\n<td style=\"width: 25.0237%; border-style: solid; background-color: #fcfcfc;\">Seminari de coordinaci\u00f3<br \/>Curs \/ seminari d\u2019equips de centre<br \/>Taller d\u2019equips de centre<\/td>\n<td style=\"width: 25%; border-style: solid; background-color: #fcfcfc;\">Formaci\u00f3 per a centres<\/td>\n<\/tr>\n<tr>\n<td style=\"width: 25.0237%; border-style: solid; background-color: #cdd2f7;\">Taller<br \/>Curs<br \/>Seminari<br \/>Grup de treball<br \/>Confer\u00e8ncia, taula rodona, trobada pedag\u00f2gica, intercanvi d\u2019experi\u00e8ncies, jornades i cicle de confer\u00e8ncies<br \/>Estada formativa a l\u2019empresa<br \/>Estada formativa a l\u2019estranger<\/td>\n<td style=\"width: 25%; border-style: solid; background-color: #cdd2f7;\">Formaci\u00f3 individual<\/td>\n<\/tr>\n<\/tbody>\n<\/table>","protected":false},"excerpt":{"rendered":"<p>Les diferents modalitats de formaci\u00f3 han de respondre a la finalitat de l\u2019acci\u00f3 formativa i impliquen una din\u00e0mica espec\u00edfica de treball del professorat participant. Professorat d\u2019un centre AssessoramentFormaci\u00f3 interna de centre ( FIC )Taller a centreVisita formativa a centre Formaci\u00f3 en centre Professorat de diversos centres Seminari de coordinaci\u00f3Curs \/ seminari d\u2019equips de centreTaller d\u2019equips [&hellip;]<\/p>\n","protected":false},"author":10,"featured_media":0,"parent":0,"menu_order":0,"comment_status":"closed","ping_status":"closed","template":"","meta":{"_bbp_topic_count":0,"_bbp_reply_count":0,"_bbp_total_topic_count":0,"_bbp_total_reply_count":0,"_bbp_voice_count":0,"_bbp_anonymous_reply_count":0,"_bbp_topic_count_hidden":0,"_bbp_reply_count_hidden":0,"_bbp_forum_subforum_count":0,"site-sidebar-layout":"default","site-content-layout":"","ast-site-content-layout":"default","site-content-style":"default","site-sidebar-style":"default","ast-global-header-display":"","ast-banner-title-visibility":"","ast-main-header-display":"","ast-hfb-above-header-display":"","ast-hfb-below-header-display":"","ast-hfb-mobile-header-display":"","site-post-title":"","ast-breadcrumbs-content":"","ast-featured-img":"","footer-sml-layout":"","theme-transparent-header-meta":"","adv-header-id-meta":"","stick-header-meta":"","header-above-stick-meta":"","header-main-stick-meta":"","header-below-stick-meta":"","astra-migrate-meta-layouts":"set","ast-page-background-enabled":"default","ast-page-background-meta":{"desktop":{"background-color":"var(--ast-global-color-4)","background-image":"","background-repeat":"repeat","background-position":"center center","background-size":"auto","background-attachment":"scroll","background-type":"","background-media":"","overlay-type":"","overlay-color":"","overlay-opacity":"","overlay-gradient":""},"tablet":{"background-color":"","background-image":"","background-repeat":"repeat","background-position":"center center","background-size":"auto","background-attachment":"scroll","background-type":"","background-media":"","overlay-type":"","overlay-color":"","overlay-opacity":"","overlay-gradient":""},"mobile":{"background-color":"","background-image":"","background-repeat":"repeat","background-position":"center center","background-size":"auto","background-attachment":"scroll","background-type":"","background-media":"","overlay-type":"","overlay-color":"","overlay-opacity":"","overlay-gradient":""}},"ast-content-background-meta":{"desktop":{"background-color":"var(--ast-global-color-5)","background-image":"","background-repeat":"repeat","background-position":"center center","background-size":"auto","background-attachment":"scroll","background-type":"","background-media":"","overlay-type":"","overlay-color":"","overlay-opacity":"","overlay-gradient":""},"tablet":{"background-color":"var(--ast-global-color-5)","background-image":"","background-repeat":"repeat","background-position":"center center","background-size":"auto","background-attachment":"scroll","background-type":"","background-media":"","overlay-type":"","overlay-color":"","overlay-opacity":"","overlay-gradient":""},"mobile":{"background-color":"var(--ast-global-color-5)","background-image":"","background-repeat":"repeat","background-position":"center center","background-size":"auto","background-attachment":"scroll","background-type":"","background-media":"","overlay-type":"","overlay-color":"","overlay-opacity":"","overlay-gradient":""}},"footnotes":""},"class_list":["post-8444","page","type-page","status-publish","hentry"],"post_mailing_queue_ids":[],"_links":{"self":[{"href":"https:\/\/serveiseducatius.xtec.cat\/garraf\/wp-json\/wp\/v2\/pages\/8444","targetHints":{"allow":["GET"]}}],"collection":[{"href":"https:\/\/serveiseducatius.xtec.cat\/garraf\/wp-json\/wp\/v2\/pages"}],"about":[{"href":"https:\/\/serveiseducatius.xtec.cat\/garraf\/wp-json\/wp\/v2\/types\/page"}],"author":[{"embeddable":true,"href":"https:\/\/serveiseducatius.xtec.cat\/garraf\/wp-json\/wp\/v2\/users\/10"}],"replies":[{"embeddable":true,"href":"https:\/\/serveiseducatius.xtec.cat\/garraf\/wp-json\/wp\/v2\/comments?post=8444"}],"version-history":[{"count":4,"href":"https:\/\/serveiseducatius.xtec.cat\/garraf\/wp-json\/wp\/v2\/pages\/8444\/revisions"}],"predecessor-version":[{"id":19850,"href":"https:\/\/serveiseducatius.xtec.cat\/garraf\/wp-json\/wp\/v2\/pages\/8444\/revisions\/19850"}],"wp:attachment":[{"href":"https:\/\/serveiseducatius.xtec.cat\/garraf\/wp-json\/wp\/v2\/media?parent=8444"}],"curies":[{"name":"wp","href":"https:\/\/api.w.org\/{rel}","templated":true}]}}