{"id":8286,"date":"2018-09-13T18:10:53","date_gmt":"2018-09-13T16:10:53","guid":{"rendered":"http:\/\/serveiseducatius.xtec.cat\/garraf\/?page_id=8286"},"modified":"2018-09-18T18:42:10","modified_gmt":"2018-09-18T16:42:10","slug":"crp","status":"publish","type":"page","link":"https:\/\/serveiseducatius.xtec.cat\/garraf\/el-servei-educatiu\/crp\/","title":{"rendered":"CRP"},"content":{"rendered":"<p>El <strong>Centre de Recursos Pedag\u00f2gics del Garraf (CRP<\/strong>) \u00e9s un equip de dinamitzaci\u00f3 i assessorament dels professionals i centres educatius per a la millora i transformaci\u00f3 educativa de la zona. Els professionals que hi treballen s\u00f3n docents dels cossos de mestres i de professorat d&#8217;ensenyament secundari.<\/p>\n<p>Les seves funcions s\u00f3n:<\/p>\n<ul>\n<li style=\"text-align: left;\">Donar suport a l\u2019activitat educativa, per mitj\u00e0 de l\u2019assessorament psicopedag\u00f2gic als centres, al professorat, als alumnes i a les fam\u00edlies.<\/li>\n<li style=\"text-align: left;\">Orientar sobre el proc\u00e9s d\u2019escolaritzaci\u00f3 les fam\u00edlies dels alumnes amb necessitats educatives espec\u00edfiques, dels alumnes amb trastorns d\u2019aprenentatge o comunicaci\u00f3 relacionats amb l\u2019aprenentatge escolar i dels alumnes amb altes capacitats.<\/li>\n<li style=\"text-align: left;\">Atendre especialment les situacions en qu\u00e8 l\u2019escolaritzaci\u00f3 dels alumnes nouvinguts o amb risc d\u2019exclusi\u00f3 social t\u00e9 implicacions en l\u2019\u00e0mbit de la integraci\u00f3 ling\u00fc\u00edstica.<\/li>\n<li>Facilitar l\u2019acc\u00e9s dels centres i del professorat als recursos educatius, i facilitar-los serveis did\u00e0ctics de suport a la doc\u00e8ncia.<\/li>\n<li>Vehicular i facilitar la formaci\u00f3 permanent del professorat i dels professionals d\u2019atenci\u00f3 educativa.<\/li>\n<li>Col\u00b7laborar amb els centres en la innovaci\u00f3 educativa.<\/li>\n<li>Col\u00b7laborar amb els centres en activitats orientades al coneixement del patrimoni natural, del patrimoni social i dels espais singulars de Catalunya.<\/li>\n<li>Donar suport als centres en la dinamitzaci\u00f3 de llurs projectes d\u2019innovaci\u00f3 educativa, en l\u2019intercanvi d\u2019experi\u00e8ncies i bones pr\u00e0ctiques educatives i, molt especialment, en la formulaci\u00f3 del projecte educatiu.<\/li>\n<li>Complir les altres funcions de car\u00e0cter especialitzat que s\u2019estableixin per reglament.<\/li>\n<\/ul>\n","protected":false},"excerpt":{"rendered":"<p>El Centre de Recursos Pedag\u00f2gics del Garraf (CRP) \u00e9s un equip de dinamitzaci\u00f3 i assessorament dels professionals i centres educatius per a la millora i transformaci\u00f3 educativa de la zona. Els professionals que hi treballen s\u00f3n docents dels cossos de mestres i de professorat d&#8217;ensenyament secundari. Les seves funcions s\u00f3n: Donar suport a l\u2019activitat educativa, [&hellip;]<\/p>\n","protected":false},"author":4,"featured_media":0,"parent":806,"menu_order":30,"comment_status":"closed","ping_status":"closed","template":"page-templates\/side-menu.php","meta":{"_bbp_topic_count":0,"_bbp_reply_count":0,"_bbp_total_topic_count":0,"_bbp_total_reply_count":0,"_bbp_voice_count":0,"_bbp_anonymous_reply_count":0,"_bbp_topic_count_hidden":0,"_bbp_reply_count_hidden":0,"_bbp_forum_subforum_count":0,"site-sidebar-layout":"default","site-content-layout":"","ast-site-content-layout":"","site-content-style":"default","site-sidebar-style":"default","ast-global-header-display":"","ast-banner-title-visibility":"","ast-main-header-display":"","ast-hfb-above-header-display":"","ast-hfb-below-header-display":"","ast-hfb-mobile-header-display":"","site-post-title":"","ast-breadcrumbs-content":"","ast-featured-img":"","footer-sml-layout":"","theme-transparent-header-meta":"","adv-header-id-meta":"","stick-header-meta":"","header-above-stick-meta":"","header-main-stick-meta":"","header-below-stick-meta":"","astra-migrate-meta-layouts":"default","ast-page-background-enabled":"default","ast-page-background-meta":{"desktop":{"background-color":"var(--ast-global-color-4)","background-image":"","background-repeat":"repeat","background-position":"center center","background-size":"auto","background-attachment":"scroll","background-type":"","background-media":"","overlay-type":"","overlay-color":"","overlay-opacity":"","overlay-gradient":""},"tablet":{"background-color":"","background-image":"","background-repeat":"repeat","background-position":"center center","background-size":"auto","background-attachment":"scroll","background-type":"","background-media":"","overlay-type":"","overlay-color":"","overlay-opacity":"","overlay-gradient":""},"mobile":{"background-color":"","background-image":"","background-repeat":"repeat","background-position":"center center","background-size":"auto","background-attachment":"scroll","background-type":"","background-media":"","overlay-type":"","overlay-color":"","overlay-opacity":"","overlay-gradient":""}},"ast-content-background-meta":{"desktop":{"background-color":"var(--ast-global-color-5)","background-image":"","background-repeat":"repeat","background-position":"center center","background-size":"auto","background-attachment":"scroll","background-type":"","background-media":"","overlay-type":"","overlay-color":"","overlay-opacity":"","overlay-gradient":""},"tablet":{"background-color":"var(--ast-global-color-5)","background-image":"","background-repeat":"repeat","background-position":"center center","background-size":"auto","background-attachment":"scroll","background-type":"","background-media":"","overlay-type":"","overlay-color":"","overlay-opacity":"","overlay-gradient":""},"mobile":{"background-color":"var(--ast-global-color-5)","background-image":"","background-repeat":"repeat","background-position":"center center","background-size":"auto","background-attachment":"scroll","background-type":"","background-media":"","overlay-type":"","overlay-color":"","overlay-opacity":"","overlay-gradient":""}},"footnotes":""},"class_list":["post-8286","page","type-page","status-publish","hentry"],"post_mailing_queue_ids":[],"_links":{"self":[{"href":"https:\/\/serveiseducatius.xtec.cat\/garraf\/wp-json\/wp\/v2\/pages\/8286","targetHints":{"allow":["GET"]}}],"collection":[{"href":"https:\/\/serveiseducatius.xtec.cat\/garraf\/wp-json\/wp\/v2\/pages"}],"about":[{"href":"https:\/\/serveiseducatius.xtec.cat\/garraf\/wp-json\/wp\/v2\/types\/page"}],"author":[{"embeddable":true,"href":"https:\/\/serveiseducatius.xtec.cat\/garraf\/wp-json\/wp\/v2\/users\/4"}],"replies":[{"embeddable":true,"href":"https:\/\/serveiseducatius.xtec.cat\/garraf\/wp-json\/wp\/v2\/comments?post=8286"}],"version-history":[{"count":3,"href":"https:\/\/serveiseducatius.xtec.cat\/garraf\/wp-json\/wp\/v2\/pages\/8286\/revisions"}],"predecessor-version":[{"id":8466,"href":"https:\/\/serveiseducatius.xtec.cat\/garraf\/wp-json\/wp\/v2\/pages\/8286\/revisions\/8466"}],"up":[{"embeddable":true,"href":"https:\/\/serveiseducatius.xtec.cat\/garraf\/wp-json\/wp\/v2\/pages\/806"}],"wp:attachment":[{"href":"https:\/\/serveiseducatius.xtec.cat\/garraf\/wp-json\/wp\/v2\/media?parent=8286"}],"curies":[{"name":"wp","href":"https:\/\/api.w.org\/{rel}","templated":true}]}}