{"id":806,"date":"2015-11-28T21:29:55","date_gmt":"2015-11-28T20:29:55","guid":{"rendered":"http:\/\/serveiseducatius.xtec.cat\/garraf\/?page_id=806"},"modified":"2018-09-13T16:54:44","modified_gmt":"2018-09-13T14:54:44","slug":"el-servei-educatiu","status":"publish","type":"page","link":"https:\/\/serveiseducatius.xtec.cat\/garraf\/el-servei-educatiu\/","title":{"rendered":"El servei educatiu"},"content":{"rendered":"<div class=\"panel-heading\">\n<h2 class=\"panel-title\">Els serveis educatius<\/h2>\n<\/div>\n<div id=\"bloc1\" class=\"panel-collapse collapse in\">\n<div class=\"col-xs-12\">\n<div class=\"cos_bloc basic_text_peq pd-15\">\n<p>Els serveis educatius s\u00f3n equips multiprofessionals que donen suport i assessorament als centres educatius p\u00fablics i privats concertats de nivells educatius no universitaris (professorat, alumnat i fam\u00edlies).<\/p>\n<ul>\n<li>Els centres de recursos pedag\u00f2gics (CRP), els equips d&#8217;assessorament i orientaci\u00f3 psicopedag\u00f2gica (EAP) i els equips d&#8217;assessorament en llengua i cohesi\u00f3 social (ELIC) s\u00f3n els serveis educatius que intervenen en els centres d&#8217;una zona educativa espec\u00edfica. Formen el\u00a0<a href=\"http:\/\/xtec.gencat.cat\/ca\/serveis\/sez\/\"><strong>servei educatiu de zona<\/strong><\/a>.<\/li>\n<\/ul>\n<ul>\n<li>Els centres de recursos educatius per a discapacitats auditius i alumnes amb trastorns greus del llenguatge (CREDA), el centre de recursos educatius per a alumnes amb discapacitat visual (CREDV) i el centre de recursos per a l\u2019atenci\u00f3 educativa als alumnes amb trastorns greus del desenvolupament i de la conducta (CRETDIC) s\u00f3n\u00a0<a href=\"http:\/\/xtec.gencat.cat\/ca\/serveis\/see\/\"><strong>serveis educatius espec\u00edfics<\/strong><\/a>\u00a0que donen suport a l\u2019activitat pedag\u00f2gica dels centres amb l\u2019objectiu d\u2019adequar l\u2019actuaci\u00f3 educativa als alumnes amb necessitats m\u00e9s espec\u00edfiques.<\/li>\n<\/ul>\n<p>Els serveis educatius organitzen els seus plans d&#8217;actuaci\u00f3 en el marc de les seves funcions i del seu \u00e0mbit d&#8217;intervenci\u00f3, d&#8217;acord amb les prioritats fixades pel Departament d&#8217;Ensenyament en la\u00a0<strong>resoluci\u00f3 relativa a l&#8217;organitzaci\u00f3 i el funcionament dels serveis educatius<\/strong>, per al curs escolar.<\/p>\n<\/div>\n<\/div>\n<\/div>\n<h4><\/h4>\n","protected":false},"excerpt":{"rendered":"<p>Els serveis educatius Els serveis educatius s\u00f3n equips multiprofessionals que donen suport i assessorament als centres educatius p\u00fablics i privats concertats de nivells educatius no universitaris (professorat, alumnat i fam\u00edlies). Els centres de recursos pedag\u00f2gics (CRP), els equips d&#8217;assessorament i orientaci\u00f3 psicopedag\u00f2gica (EAP) i els equips d&#8217;assessorament en llengua i cohesi\u00f3 social (ELIC) s\u00f3n els [&hellip;]<\/p>\n","protected":false},"author":1,"featured_media":0,"parent":0,"menu_order":0,"comment_status":"closed","ping_status":"closed","template":"page-templates\/side-menu.php","meta":{"_bbp_topic_count":0,"_bbp_reply_count":0,"_bbp_total_topic_count":0,"_bbp_total_reply_count":0,"_bbp_voice_count":0,"_bbp_anonymous_reply_count":0,"_bbp_topic_count_hidden":0,"_bbp_reply_count_hidden":0,"_bbp_forum_subforum_count":0,"site-sidebar-layout":"default","site-content-layout":"","ast-site-content-layout":"","site-content-style":"default","site-sidebar-style":"default","ast-global-header-display":"","ast-banner-title-visibility":"","ast-main-header-display":"","ast-hfb-above-header-display":"","ast-hfb-below-header-display":"","ast-hfb-mobile-header-display":"","site-post-title":"","ast-breadcrumbs-content":"","ast-featured-img":"","footer-sml-layout":"","theme-transparent-header-meta":"","adv-header-id-meta":"","stick-header-meta":"","header-above-stick-meta":"","header-main-stick-meta":"","header-below-stick-meta":"","astra-migrate-meta-layouts":"default","ast-page-background-enabled":"default","ast-page-background-meta":{"desktop":{"background-color":"var(--ast-global-color-4)","background-image":"","background-repeat":"repeat","background-position":"center center","background-size":"auto","background-attachment":"scroll","background-type":"","background-media":"","overlay-type":"","overlay-color":"","overlay-opacity":"","overlay-gradient":""},"tablet":{"background-color":"","background-image":"","background-repeat":"repeat","background-position":"center center","background-size":"auto","background-attachment":"scroll","background-type":"","background-media":"","overlay-type":"","overlay-color":"","overlay-opacity":"","overlay-gradient":""},"mobile":{"background-color":"","background-image":"","background-repeat":"repeat","background-position":"center center","background-size":"auto","background-attachment":"scroll","background-type":"","background-media":"","overlay-type":"","overlay-color":"","overlay-opacity":"","overlay-gradient":""}},"ast-content-background-meta":{"desktop":{"background-color":"var(--ast-global-color-5)","background-image":"","background-repeat":"repeat","background-position":"center center","background-size":"auto","background-attachment":"scroll","background-type":"","background-media":"","overlay-type":"","overlay-color":"","overlay-opacity":"","overlay-gradient":""},"tablet":{"background-color":"var(--ast-global-color-5)","background-image":"","background-repeat":"repeat","background-position":"center center","background-size":"auto","background-attachment":"scroll","background-type":"","background-media":"","overlay-type":"","overlay-color":"","overlay-opacity":"","overlay-gradient":""},"mobile":{"background-color":"var(--ast-global-color-5)","background-image":"","background-repeat":"repeat","background-position":"center center","background-size":"auto","background-attachment":"scroll","background-type":"","background-media":"","overlay-type":"","overlay-color":"","overlay-opacity":"","overlay-gradient":""}},"footnotes":""},"class_list":["post-806","page","type-page","status-publish","hentry"],"post_mailing_queue_ids":[],"_links":{"self":[{"href":"https:\/\/serveiseducatius.xtec.cat\/garraf\/wp-json\/wp\/v2\/pages\/806","targetHints":{"allow":["GET"]}}],"collection":[{"href":"https:\/\/serveiseducatius.xtec.cat\/garraf\/wp-json\/wp\/v2\/pages"}],"about":[{"href":"https:\/\/serveiseducatius.xtec.cat\/garraf\/wp-json\/wp\/v2\/types\/page"}],"author":[{"embeddable":true,"href":"https:\/\/serveiseducatius.xtec.cat\/garraf\/wp-json\/wp\/v2\/users\/1"}],"replies":[{"embeddable":true,"href":"https:\/\/serveiseducatius.xtec.cat\/garraf\/wp-json\/wp\/v2\/comments?post=806"}],"version-history":[{"count":1,"href":"https:\/\/serveiseducatius.xtec.cat\/garraf\/wp-json\/wp\/v2\/pages\/806\/revisions"}],"predecessor-version":[{"id":8280,"href":"https:\/\/serveiseducatius.xtec.cat\/garraf\/wp-json\/wp\/v2\/pages\/806\/revisions\/8280"}],"wp:attachment":[{"href":"https:\/\/serveiseducatius.xtec.cat\/garraf\/wp-json\/wp\/v2\/media?parent=806"}],"curies":[{"name":"wp","href":"https:\/\/api.w.org\/{rel}","templated":true}]}}