{"id":608,"date":"2015-11-27T10:04:51","date_gmt":"2015-11-27T09:04:51","guid":{"rendered":"http:\/\/serveiseducatius.xtec.cat\/garraf\/?page_id=608"},"modified":"2026-04-09T12:47:16","modified_gmt":"2026-04-09T10:47:16","slug":"horari-i-calendari","status":"publish","type":"page","link":"https:\/\/serveiseducatius.xtec.cat\/garraf\/horari-i-calendari\/","title":{"rendered":"Horari"},"content":{"rendered":"\n<h5 class=\"wp-block-heading\"><span style=\"color: #000080;\"><em><strong>Servei Educatiu del Garraf<\/strong><\/em><\/span><\/h5>\n\n\n\n<p>Atenci\u00f3 a centres i professorat a hores convingudes:<span style=\"font-family: inherit; font-size: 1em;\">&nbsp;<\/span><\/p>\n\n\n\n<ul class=\"wp-block-list\">\n<li>de dilluns a divendres de 9.00 a 13.30 i de 15.15 a 17.15 hores.<\/li>\n\n\n\n<li>divendres a la tarda nom\u00e9s amb cit\u00e0 pr\u00e8via<\/li>\n<\/ul>\n\n\n\n<h5 class=\"wp-block-heading\">&nbsp;<\/h5>\n\n\n\n<h5 class=\"wp-block-heading\"><span style=\"color: #000080;\"><em><strong>Centre de Recursos Pedag\u00f2gics (CRP) <\/strong>&nbsp;<\/em><\/span><\/h5>\n\n\n\n<p>Atenci\u00f3 a centres i professorat a hores convingudes<span style=\"color: #23a0de;\">.&nbsp;<\/span><span style=\"font-family: inherit; font-size: 1em;\">&nbsp;<\/span><br>Podeu contactar mitjan\u00e7ant als tel\u00e8fons <span style=\"color: #287ec9;\"><strong>93&nbsp; 815 94 34<\/strong><\/span><span style=\"font-family: inherit; font-size: 1em;\">&nbsp;i<span style=\"color: #333399;\"> <span style=\"color: #287ec9;\"><strong>634 786 849,<\/strong><\/span><\/span><\/span><br><span style=\"font-family: inherit; font-size: 1em;\">o b\u00e9 al correu electr\u00f2nic a: <\/span><span style=\"color: #287ec9;\"><strong>crp-garraf@xtec.cat<\/strong><\/span><\/p>\n\n\n\n<h5 class=\"wp-block-heading\">&nbsp;<\/h5>\n\n\n\n<h5 class=\"wp-block-heading\"><span style=\"color: #000080;\"><em><strong>Equip d&#8217;Assessorament i Orientaci\u00f3 Psicopedag\u00f2gica&nbsp;(EAP) <\/strong>&nbsp; &nbsp;<\/em><\/span><\/h5>\n\n\n\n<p>Atenci\u00f3 a centres i professorat a hores convingudes<span style=\"color: #23a0de;\">.&nbsp;<\/span><span style=\"font-family: inherit; font-size: 1em;\">&nbsp; &nbsp;<\/span><br>Podeu contactar mitjan\u00e7ant als tel\u00e8fons<strong> <span style=\"color: #287ec9;\">93&nbsp; 815 94 34<\/span><\/strong><span style=\"font-family: inherit; font-size: 1em;\">&nbsp;i <span style=\"color: #333399;\"><span style=\"color: #287ec9;\"><strong>634 786 569<\/strong><\/span><\/span> <\/span><br><span style=\"font-family: inherit; font-size: 1em;\">o b\u00e9 al correu electr\u00f2nic a: <\/span><span style=\"color: #287ec9;\"><strong>a8900252@xtec.cat<\/strong><\/span><\/p>\n\n\n\n<h5 class=\"wp-block-heading\">&nbsp;<\/h5>\n\n\n\n<h5 class=\"wp-block-heading\"><span style=\"color: #000080;\"><strong><em>Equip d\u2019assessorament i orientaci\u00f3 en llengua, interculturalitat i cohesi\u00f3 social (ELIC)<\/em><\/strong><\/span><\/h5>\n\n\n\n<p>Atenci\u00f3 a centres i professorat a hores convingudes:<br>Podeu contactar trucant al tel\u00e8fon <span style=\"color: #287ec9;\"><strong>93&nbsp; 815 94 34<\/strong><\/span><br><span style=\"font-family: inherit; font-size: 1em;\">o b\u00e9 mitjan\u00e7ant el correu electr\u00f2nic:<\/span><strong><span style=\"color: #287ec9;\"> elic-garraf@xtec.cat<\/span><\/strong><\/p>\n","protected":false},"excerpt":{"rendered":"<p>Servei Educatiu del Garraf Atenci\u00f3 a centres i professorat a hores convingudes:&nbsp; &nbsp; Centre de Recursos Pedag\u00f2gics (CRP) &nbsp; Atenci\u00f3 a centres i professorat a hores convingudes.&nbsp;&nbsp;Podeu contactar mitjan\u00e7ant als tel\u00e8fons 93&nbsp; 815 94 34&nbsp;i 634 786 849,o b\u00e9 al correu electr\u00f2nic a: crp-garraf@xtec.cat &nbsp; Equip d&#8217;Assessorament i Orientaci\u00f3 Psicopedag\u00f2gica&nbsp;(EAP) &nbsp; &nbsp; Atenci\u00f3 a centres [&hellip;]<\/p>\n","protected":false},"author":1,"featured_media":0,"parent":0,"menu_order":0,"comment_status":"closed","ping_status":"closed","template":"","meta":{"_bbp_topic_count":0,"_bbp_reply_count":0,"_bbp_total_topic_count":0,"_bbp_total_reply_count":0,"_bbp_voice_count":0,"_bbp_anonymous_reply_count":0,"_bbp_topic_count_hidden":0,"_bbp_reply_count_hidden":0,"_bbp_forum_subforum_count":0,"site-sidebar-layout":"no-sidebar","site-content-layout":"","ast-site-content-layout":"full-width-container","site-content-style":"boxed","site-sidebar-style":"default","ast-global-header-display":"","ast-banner-title-visibility":"","ast-main-header-display":"","ast-hfb-above-header-display":"","ast-hfb-below-header-display":"","ast-hfb-mobile-header-display":"","site-post-title":"","ast-breadcrumbs-content":"","ast-featured-img":"","footer-sml-layout":"","theme-transparent-header-meta":"","adv-header-id-meta":"","stick-header-meta":"","header-above-stick-meta":"","header-main-stick-meta":"","header-below-stick-meta":"","astra-migrate-meta-layouts":"set","ast-page-background-enabled":"default","ast-page-background-meta":{"desktop":{"background-color":"var(--ast-global-color-4)","background-image":"","background-repeat":"repeat","background-position":"center center","background-size":"auto","background-attachment":"scroll","background-type":"","background-media":"","overlay-type":"","overlay-color":"","overlay-opacity":"","overlay-gradient":""},"tablet":{"background-color":"","background-image":"","background-repeat":"repeat","background-position":"center center","background-size":"auto","background-attachment":"scroll","background-type":"","background-media":"","overlay-type":"","overlay-color":"","overlay-opacity":"","overlay-gradient":""},"mobile":{"background-color":"","background-image":"","background-repeat":"repeat","background-position":"center center","background-size":"auto","background-attachment":"scroll","background-type":"","background-media":"","overlay-type":"","overlay-color":"","overlay-opacity":"","overlay-gradient":""}},"ast-content-background-meta":{"desktop":{"background-color":"var(--ast-global-color-5)","background-image":"","background-repeat":"repeat","background-position":"center center","background-size":"auto","background-attachment":"scroll","background-type":"","background-media":"","overlay-type":"","overlay-color":"","overlay-opacity":"","overlay-gradient":""},"tablet":{"background-color":"var(--ast-global-color-5)","background-image":"","background-repeat":"repeat","background-position":"center center","background-size":"auto","background-attachment":"scroll","background-type":"","background-media":"","overlay-type":"","overlay-color":"","overlay-opacity":"","overlay-gradient":""},"mobile":{"background-color":"var(--ast-global-color-5)","background-image":"","background-repeat":"repeat","background-position":"center center","background-size":"auto","background-attachment":"scroll","background-type":"","background-media":"","overlay-type":"","overlay-color":"","overlay-opacity":"","overlay-gradient":""}},"footnotes":""},"class_list":["post-608","page","type-page","status-publish","hentry"],"post_mailing_queue_ids":[],"_links":{"self":[{"href":"https:\/\/serveiseducatius.xtec.cat\/garraf\/wp-json\/wp\/v2\/pages\/608","targetHints":{"allow":["GET"]}}],"collection":[{"href":"https:\/\/serveiseducatius.xtec.cat\/garraf\/wp-json\/wp\/v2\/pages"}],"about":[{"href":"https:\/\/serveiseducatius.xtec.cat\/garraf\/wp-json\/wp\/v2\/types\/page"}],"author":[{"embeddable":true,"href":"https:\/\/serveiseducatius.xtec.cat\/garraf\/wp-json\/wp\/v2\/users\/1"}],"replies":[{"embeddable":true,"href":"https:\/\/serveiseducatius.xtec.cat\/garraf\/wp-json\/wp\/v2\/comments?post=608"}],"version-history":[{"count":6,"href":"https:\/\/serveiseducatius.xtec.cat\/garraf\/wp-json\/wp\/v2\/pages\/608\/revisions"}],"predecessor-version":[{"id":19876,"href":"https:\/\/serveiseducatius.xtec.cat\/garraf\/wp-json\/wp\/v2\/pages\/608\/revisions\/19876"}],"wp:attachment":[{"href":"https:\/\/serveiseducatius.xtec.cat\/garraf\/wp-json\/wp\/v2\/media?parent=608"}],"curies":[{"name":"wp","href":"https:\/\/api.w.org\/{rel}","templated":true}]}}