{"id":318,"date":"2015-11-24T18:18:24","date_gmt":"2015-11-24T17:18:24","guid":{"rendered":"http:\/\/serveiseducatius.xtec.cat\/garraf\/?page_id=318"},"modified":"2025-09-25T13:22:47","modified_gmt":"2025-09-25T11:22:47","slug":"on-som","status":"publish","type":"page","link":"https:\/\/serveiseducatius.xtec.cat\/garraf\/on-som\/","title":{"rendered":"On som?"},"content":{"rendered":"\n<div class=\"wp-block-columns has-medium-font-size is-layout-flex wp-container-core-columns-is-layout-1 wp-block-columns-is-layout-flex\" style=\"border-width:3px;border-radius:24px;padding-top:0;padding-right:var(--wp--preset--spacing--40);padding-bottom:0;padding-left:var(--wp--preset--spacing--40)\">\n<div class=\"wp-block-column is-layout-flow wp-container-core-column-is-layout-1 wp-block-column-is-layout-flow\" style=\"flex-basis:25%\">\n<p><\/p>\n\n\n\n<p style=\"padding-top:var(--wp--preset--spacing--20);padding-bottom:var(--wp--preset--spacing--20);font-size:25px\"><strong>Servei Educatiu del Garraf<br><\/strong>Carrer Canig\u00f3, 2<br>08800 &#8211; Vilanova i la Geltr\u00fa<br>Tel\u00e8fon 938159434<\/p>\n<\/div>\n\n\n\n<div class=\"wp-block-column is-layout-flow wp-block-column-is-layout-flow\" style=\"flex-basis:66.67%\">\n<p><\/p>\n\n\n\n<p class=\"has-text-align-right\"><iframe loading=\"lazy\" src=\"https:\/\/www.google.com\/maps\/embed?pb=!1m18!1m12!1m3!1d3001.101339701412!2d1.717190550909401!3d41.21956201424357!2m3!1f0!2f0!3f0!3m2!1i1024!2i768!4f13.1!3m3!1m2!1s0x12a386f98ef8b255%3A0xae784b2d342b65cc!2sCarrer+del+Canig%C3%B3%2C+2%2C+08800+Vilanova+i+la+Geltr%C3%BA%2C+Barcelona!5e0!3m2!1sca!2ses!4v1536851527165\" width=\"900\" height=\"250\" frameborder=\"0\"><span data-mce-type=\"bookmark\" style=\"display: inline-block; width: 0px; overflow: hidden; line-height: 0;\" class=\"mce_SELRES_start\">\ufeff<\/span><\/iframe><\/p>\n<\/div>\n<\/div>\n\n\n\n<p><\/p>\n\n\n\n<p>Podeu contactar a l&#8217;EAP mitjan\u00e7ant als tel\u00e8fons<strong>&nbsp;93&nbsp; 815 94 34<\/strong> i <strong>634 786 569,<\/strong><br>o b\u00e9 al correu electr\u00f2nic a:&nbsp;<strong>eap-garraf@xtec.cat<\/strong><\/p>\n\n\n\n<p>Podeu contactar al CRP mitjan\u00e7ant als tel\u00e8fons <strong>93&nbsp; 815 94 34<\/strong> i <strong>634 786 849<\/strong>,<br>o b\u00e9 al correu electr\u00f2nic a:&nbsp;<strong>crp-garraf@xtec.cat<\/strong><\/p>\n\n\n\n<p>Podeu contactar a l&#8217;ELIC mitjan\u00e7ant als tel\u00e8fons <strong>93&nbsp; 815 94 34 i 634 786 569,<\/strong><br>o b\u00e9 al correu electr\u00f2nic a: <strong>elic-garraf@xtec.cat<\/strong><\/p>\n\n\n\n<p style=\"border-style:none;border-width:0px\"><\/p>\n\n\n\n<p><\/p>\n","protected":false},"excerpt":{"rendered":"<p>Servei Educatiu del GarrafCarrer Canig\u00f3, 208800 &#8211; Vilanova i la Geltr\u00faTel\u00e8fon 938159434 \ufeff Podeu contactar a l&#8217;EAP mitjan\u00e7ant als tel\u00e8fons&nbsp;93&nbsp; 815 94 34 i 634 786 569,o b\u00e9 al correu electr\u00f2nic a:&nbsp;eap-garraf@xtec.cat Podeu contactar al CRP mitjan\u00e7ant als tel\u00e8fons 93&nbsp; 815 94 34 i 634 786 849,o b\u00e9 al correu electr\u00f2nic a:&nbsp;crp-garraf@xtec.cat Podeu contactar a [&hellip;]<\/p>\n","protected":false},"author":1,"featured_media":0,"parent":0,"menu_order":50,"comment_status":"closed","ping_status":"closed","template":"","meta":{"_bbp_topic_count":0,"_bbp_reply_count":0,"_bbp_total_topic_count":0,"_bbp_total_reply_count":0,"_bbp_voice_count":0,"_bbp_anonymous_reply_count":0,"_bbp_topic_count_hidden":0,"_bbp_reply_count_hidden":0,"_bbp_forum_subforum_count":0,"site-sidebar-layout":"no-sidebar","site-content-layout":"","ast-site-content-layout":"full-width-container","site-content-style":"boxed","site-sidebar-style":"boxed","ast-global-header-display":"","ast-banner-title-visibility":"","ast-main-header-display":"","ast-hfb-above-header-display":"","ast-hfb-below-header-display":"","ast-hfb-mobile-header-display":"","site-post-title":"disabled","ast-breadcrumbs-content":"","ast-featured-img":"","footer-sml-layout":"","theme-transparent-header-meta":"","adv-header-id-meta":"","stick-header-meta":"","header-above-stick-meta":"","header-main-stick-meta":"","header-below-stick-meta":"","astra-migrate-meta-layouts":"set","ast-page-background-enabled":"default","ast-page-background-meta":{"desktop":{"background-color":"var(--ast-global-color-4)","background-image":"","background-repeat":"repeat","background-position":"center center","background-size":"auto","background-attachment":"scroll","background-type":"","background-media":"","overlay-type":"","overlay-color":"","overlay-opacity":"","overlay-gradient":""},"tablet":{"background-color":"","background-image":"","background-repeat":"repeat","background-position":"center center","background-size":"auto","background-attachment":"scroll","background-type":"","background-media":"","overlay-type":"","overlay-color":"","overlay-opacity":"","overlay-gradient":""},"mobile":{"background-color":"","background-image":"","background-repeat":"repeat","background-position":"center center","background-size":"auto","background-attachment":"scroll","background-type":"","background-media":"","overlay-type":"","overlay-color":"","overlay-opacity":"","overlay-gradient":""}},"ast-content-background-meta":{"desktop":{"background-color":"var(--ast-global-color-5)","background-image":"","background-repeat":"repeat","background-position":"center center","background-size":"auto","background-attachment":"scroll","background-type":"","background-media":"","overlay-type":"","overlay-color":"","overlay-opacity":"","overlay-gradient":""},"tablet":{"background-color":"var(--ast-global-color-5)","background-image":"","background-repeat":"repeat","background-position":"center center","background-size":"auto","background-attachment":"scroll","background-type":"","background-media":"","overlay-type":"","overlay-color":"","overlay-opacity":"","overlay-gradient":""},"mobile":{"background-color":"var(--ast-global-color-5)","background-image":"","background-repeat":"repeat","background-position":"center center","background-size":"auto","background-attachment":"scroll","background-type":"","background-media":"","overlay-type":"","overlay-color":"","overlay-opacity":"","overlay-gradient":""}},"footnotes":""},"class_list":["post-318","page","type-page","status-publish","hentry"],"post_mailing_queue_ids":[],"_links":{"self":[{"href":"https:\/\/serveiseducatius.xtec.cat\/garraf\/wp-json\/wp\/v2\/pages\/318","targetHints":{"allow":["GET"]}}],"collection":[{"href":"https:\/\/serveiseducatius.xtec.cat\/garraf\/wp-json\/wp\/v2\/pages"}],"about":[{"href":"https:\/\/serveiseducatius.xtec.cat\/garraf\/wp-json\/wp\/v2\/types\/page"}],"author":[{"embeddable":true,"href":"https:\/\/serveiseducatius.xtec.cat\/garraf\/wp-json\/wp\/v2\/users\/1"}],"replies":[{"embeddable":true,"href":"https:\/\/serveiseducatius.xtec.cat\/garraf\/wp-json\/wp\/v2\/comments?post=318"}],"version-history":[{"count":6,"href":"https:\/\/serveiseducatius.xtec.cat\/garraf\/wp-json\/wp\/v2\/pages\/318\/revisions"}],"predecessor-version":[{"id":18283,"href":"https:\/\/serveiseducatius.xtec.cat\/garraf\/wp-json\/wp\/v2\/pages\/318\/revisions\/18283"}],"wp:attachment":[{"href":"https:\/\/serveiseducatius.xtec.cat\/garraf\/wp-json\/wp\/v2\/media?parent=318"}],"curies":[{"name":"wp","href":"https:\/\/api.w.org\/{rel}","templated":true}]}}