{"id":306,"date":"2015-11-24T18:02:44","date_gmt":"2015-11-24T17:02:44","guid":{"rendered":"http:\/\/serveiseducatius.xtec.cat\/garraf\/?page_id=306"},"modified":"2020-09-14T12:44:11","modified_gmt":"2020-09-14T10:44:11","slug":"equip","status":"publish","type":"page","link":"https:\/\/serveiseducatius.xtec.cat\/garraf\/el-servei-educatiu\/equip\/","title":{"rendered":"Servei Educatiu del Garraf"},"content":{"rendered":"<p>Els\u00a0<strong>serveis educatius de zona<\/strong>\u00a0 (SEZ) s\u00f3n equips multiprofessionals formats pels\u00a0<strong>centres de recursos pedag\u00f2gics (CRP)<\/strong>, els\u00a0<strong>equips d&#8217;assessorament i orientaci\u00f3 psicopedag\u00f2gica (EAP)<\/strong>\u00a0i els\u00a0<strong>equips d&#8217;assessorament en llengua i cohesi\u00f3 social (ELIC)<\/strong>.<\/p>\n<p>Els SEZ col\u00b7laboren i donen suport als professors dels centres p\u00fablics i privats sostinguts amb fons p\u00fablics d\u2019educaci\u00f3 obligat\u00f2ria no universit\u00e0ria d\u2019una zona geogr\u00e0fica educativa determinada per a la realitzaci\u00f3 efectiva del projecte educatiu de cada centre.<\/p>\n<p>Els serveis educatius, en actuar en els mateixos centres i en una zona determinada, coordinen les seves actuacions entre ells i amb altres institucions que tamb\u00e9 hi actuen.<\/p>\n<p><strong><a href=\"http:\/\/educacio.gencat.cat\/documents\/IPCNormativa\/DisposicionsInternes\/Serveis_educatius_18_19.pdf\" target=\"_blank\" rel=\"noopener noreferrer\">Directrius per a l\u2019organitzaci\u00f3 i la gesti\u00f3 dels serveis educatius<\/a><\/strong><\/p>\n","protected":false},"excerpt":{"rendered":"<p>Els\u00a0serveis educatius de zona\u00a0 (SEZ) s\u00f3n equips multiprofessionals formats pels\u00a0centres de recursos pedag\u00f2gics (CRP), els\u00a0equips d&#8217;assessorament i orientaci\u00f3 psicopedag\u00f2gica (EAP)\u00a0i els\u00a0equips d&#8217;assessorament en llengua i cohesi\u00f3 social (ELIC). Els SEZ col\u00b7laboren i donen suport als professors dels centres p\u00fablics i privats sostinguts amb fons p\u00fablics d\u2019educaci\u00f3 obligat\u00f2ria no universit\u00e0ria d\u2019una zona geogr\u00e0fica educativa determinada per [&hellip;]<\/p>\n","protected":false},"author":1,"featured_media":0,"parent":806,"menu_order":20,"comment_status":"closed","ping_status":"closed","template":"page-templates\/side-menu.php","meta":{"_bbp_topic_count":0,"_bbp_reply_count":0,"_bbp_total_topic_count":0,"_bbp_total_reply_count":0,"_bbp_voice_count":0,"_bbp_anonymous_reply_count":0,"_bbp_topic_count_hidden":0,"_bbp_reply_count_hidden":0,"_bbp_forum_subforum_count":0,"site-sidebar-layout":"default","site-content-layout":"","ast-site-content-layout":"","site-content-style":"default","site-sidebar-style":"default","ast-global-header-display":"","ast-banner-title-visibility":"","ast-main-header-display":"","ast-hfb-above-header-display":"","ast-hfb-below-header-display":"","ast-hfb-mobile-header-display":"","site-post-title":"","ast-breadcrumbs-content":"","ast-featured-img":"","footer-sml-layout":"","theme-transparent-header-meta":"","adv-header-id-meta":"","stick-header-meta":"","header-above-stick-meta":"","header-main-stick-meta":"","header-below-stick-meta":"","astra-migrate-meta-layouts":"default","ast-page-background-enabled":"default","ast-page-background-meta":{"desktop":{"background-color":"var(--ast-global-color-4)","background-image":"","background-repeat":"repeat","background-position":"center center","background-size":"auto","background-attachment":"scroll","background-type":"","background-media":"","overlay-type":"","overlay-color":"","overlay-opacity":"","overlay-gradient":""},"tablet":{"background-color":"","background-image":"","background-repeat":"repeat","background-position":"center center","background-size":"auto","background-attachment":"scroll","background-type":"","background-media":"","overlay-type":"","overlay-color":"","overlay-opacity":"","overlay-gradient":""},"mobile":{"background-color":"","background-image":"","background-repeat":"repeat","background-position":"center center","background-size":"auto","background-attachment":"scroll","background-type":"","background-media":"","overlay-type":"","overlay-color":"","overlay-opacity":"","overlay-gradient":""}},"ast-content-background-meta":{"desktop":{"background-color":"var(--ast-global-color-5)","background-image":"","background-repeat":"repeat","background-position":"center center","background-size":"auto","background-attachment":"scroll","background-type":"","background-media":"","overlay-type":"","overlay-color":"","overlay-opacity":"","overlay-gradient":""},"tablet":{"background-color":"var(--ast-global-color-5)","background-image":"","background-repeat":"repeat","background-position":"center center","background-size":"auto","background-attachment":"scroll","background-type":"","background-media":"","overlay-type":"","overlay-color":"","overlay-opacity":"","overlay-gradient":""},"mobile":{"background-color":"var(--ast-global-color-5)","background-image":"","background-repeat":"repeat","background-position":"center center","background-size":"auto","background-attachment":"scroll","background-type":"","background-media":"","overlay-type":"","overlay-color":"","overlay-opacity":"","overlay-gradient":""}},"footnotes":""},"class_list":["post-306","page","type-page","status-publish","hentry"],"post_mailing_queue_ids":[],"_links":{"self":[{"href":"https:\/\/serveiseducatius.xtec.cat\/garraf\/wp-json\/wp\/v2\/pages\/306","targetHints":{"allow":["GET"]}}],"collection":[{"href":"https:\/\/serveiseducatius.xtec.cat\/garraf\/wp-json\/wp\/v2\/pages"}],"about":[{"href":"https:\/\/serveiseducatius.xtec.cat\/garraf\/wp-json\/wp\/v2\/types\/page"}],"author":[{"embeddable":true,"href":"https:\/\/serveiseducatius.xtec.cat\/garraf\/wp-json\/wp\/v2\/users\/1"}],"replies":[{"embeddable":true,"href":"https:\/\/serveiseducatius.xtec.cat\/garraf\/wp-json\/wp\/v2\/comments?post=306"}],"version-history":[{"count":3,"href":"https:\/\/serveiseducatius.xtec.cat\/garraf\/wp-json\/wp\/v2\/pages\/306\/revisions"}],"predecessor-version":[{"id":11918,"href":"https:\/\/serveiseducatius.xtec.cat\/garraf\/wp-json\/wp\/v2\/pages\/306\/revisions\/11918"}],"up":[{"embeddable":true,"href":"https:\/\/serveiseducatius.xtec.cat\/garraf\/wp-json\/wp\/v2\/pages\/806"}],"wp:attachment":[{"href":"https:\/\/serveiseducatius.xtec.cat\/garraf\/wp-json\/wp\/v2\/media?parent=306"}],"curies":[{"name":"wp","href":"https:\/\/api.w.org\/{rel}","templated":true}]}}