{"id":19833,"date":"2026-03-18T17:08:03","date_gmt":"2026-03-18T16:08:03","guid":{"rendered":"https:\/\/serveiseducatius.xtec.cat\/garraf\/?page_id=19833"},"modified":"2026-03-19T12:49:04","modified_gmt":"2026-03-19T11:49:04","slug":"recursos-4","status":"publish","type":"page","link":"https:\/\/serveiseducatius.xtec.cat\/garraf\/recursos-4\/","title":{"rendered":"Recursos"},"content":{"rendered":"\n<div class=\"wp-block-buttons is-content-justification-center is-layout-flex wp-container-core-buttons-is-layout-1 wp-block-buttons-is-layout-flex\">\n<div class=\"wp-block-button has-custom-font-size has-medium-font-size\"><a class=\"wp-block-button__link has-luminous-vivid-amber-background-color has-background wp-element-button\" href=\"https:\/\/serveiseducatius.xtec.cat\/garraf\/cataleg-de-recursos-educatius\/\"><strong>Cat\u00e0leg de recursos educatius<\/strong><\/a><\/div>\n\n\n\n<div class=\"wp-block-button has-custom-font-size has-medium-font-size\"><a class=\"wp-block-button__link has-luminous-vivid-amber-background-color has-background wp-element-button\" href=\"https:\/\/serveiseducatius.xtec.cat\/garraf\/material-de-prestec\/\"><strong>Material de pr\u00e9stec<\/strong><\/a><\/div>\n\n\n\n<div class=\"wp-block-button has-custom-font-size has-medium-font-size\"><a class=\"wp-block-button__link has-luminous-vivid-amber-background-color has-background wp-element-button\" href=\"https:\/\/serveiseducatius.xtec.cat\/garraf\/llibres-en-prestec\/\"><strong>Llibres en pr\u00e9stec<\/strong><\/a><\/div>\n<\/div>\n\n\n\n<p class=\"has-white-color has-ast-global-color-1-background-color has-text-color has-background has-link-color has-medium-font-size wp-elements-a928bbd0f9f4ff860f9c7257057f625e\"><strong>Articles<\/strong><\/p>\n\n\n\n        <div class=\"wp-block-getwid-post-carousel custom-post-type-post has-slides-gap-small is-carousel has-arrows-inside has-dots-outside\">\n            <div data-slider-option=\"{&quot;sliderSlidesToShowDesktop&quot;:&quot;3&quot;,&quot;getwid_slidesToShowLaptop&quot;:&quot;3&quot;,&quot;getwid_slidesToShowTablet&quot;:&quot;3&quot;,&quot;getwid_slidesToShowMobile&quot;:&quot;3&quot;,&quot;getwid_autoplay_speed&quot;:6000,&quot;getwid_animation_speed&quot;:800,&quot;getwid_slidesToScroll&quot;:&quot;1&quot;,&quot;getwid_autoplay&quot;:false,&quot;getwid_pause_on_hover&quot;:false,&quot;getwid_infinite&quot;:true,&quot;getwid_center_mode&quot;:false,&quot;getwid_arrows&quot;:&quot;inside&quot;,&quot;getwid_dots&quot;:&quot;outside&quot;}\" class=\"wp-block-getwid-post-carousel__wrapper\">\n                \t\t\t\t\t\t\t<div class=\"wp-block-getwid-post-carousel__slide\">\n\t\t\t\t\t\t\t\t\n<div class=\"wp-block-getwid-post-carousel__post\">\n            <div class=\"wp-block-getwid-post-carousel__post-thumbnail\">\n            <a href=\"https:\/\/serveiseducatius.xtec.cat\/garraf\/general\/presentacio-del-llibre-collaboracio-docent-per-al-desenvolupament-professional-observacio-entre-iguals-codocencia-i-aprenentatge-entre-centres\/\"><img loading=\"lazy\" decoding=\"async\" width=\"640\" height=\"480\" src=\"https:\/\/serveiseducatius.xtec.cat\/garraf\/wp-content\/uploads\/usu1185\/2026\/01\/llibre.png\" class=\"attachment-post-thumbnail size-post-thumbnail wp-post-image\" alt=\"\" srcset=\"https:\/\/serveiseducatius.xtec.cat\/garraf\/wp-content\/uploads\/usu1185\/2026\/01\/llibre.png 640w, https:\/\/serveiseducatius.xtec.cat\/garraf\/wp-content\/uploads\/usu1185\/2026\/01\/llibre-300x225.png 300w\" sizes=\"auto, (max-width: 640px) 100vw, 640px\" \/><\/a>\n        <\/div>\n        <div class=\"wp-block-getwid-post-carousel__post-content-wrapper\">\n        <div class=\"wp-block-getwid-post-carousel__post-header\">\n            <h3 class=\"wp-block-getwid-post-carousel__post-title\"><a href=\"https:\/\/serveiseducatius.xtec.cat\/garraf\/general\/presentacio-del-llibre-collaboracio-docent-per-al-desenvolupament-professional-observacio-entre-iguals-codocencia-i-aprenentatge-entre-centres\/\">Presentaci\u00f3 del llibre &#8220;Col\u00b7laboraci\u00f3 Docent per al Desenvolupament Professional. Observaci\u00f3 entre iguals, codoc\u00e8ncia i aprenentatge entre centres&#8221;<\/a><\/h3>        <\/div>\n        <div class=\"wp-block-getwid-post-carousel__post-excerpt\"><p>El pr\u00f2xim dijous, 22 de gener, a les 18.30, David Duran Gisbert, Catedr\u00e0tic de Psicologia de l&#8217;Educaci\u00f3 de la UAB, presenta el seu llibre\u00a0Col\u00b7laboraci\u00f3 Docent per al Desenvolupament Professional. Observaci\u00f3 entre iguals, codoc\u00e8ncia i aprenentatge entre centres, a la Biblioteca Manuel de Pedrolo de Sant Pere de Ribes. Una bona oportunitat per con\u00e8ixer el treball [&hellip;]<\/p>\n<\/div>\n    <\/div>\n<\/div>\n\n\t\t\t\t\t\t\t<\/div>\n\t\t\t\t\t\t\t\t\t\t\t\t\t<div class=\"wp-block-getwid-post-carousel__slide\">\n\t\t\t\t\t\t\t\t\n<div class=\"wp-block-getwid-post-carousel__post\">\n            <div class=\"wp-block-getwid-post-carousel__post-thumbnail\">\n            <a href=\"https:\/\/serveiseducatius.xtec.cat\/garraf\/general\/exposicio-educativa-un-mediterrani-viu\/\"><img loading=\"lazy\" decoding=\"async\" width=\"484\" height=\"581\" src=\"https:\/\/serveiseducatius.xtec.cat\/garraf\/wp-content\/uploads\/usu1185\/2025\/10\/Mediterrani-viu.png\" class=\"attachment-post-thumbnail size-post-thumbnail wp-post-image\" alt=\"\" srcset=\"https:\/\/serveiseducatius.xtec.cat\/garraf\/wp-content\/uploads\/usu1185\/2025\/10\/Mediterrani-viu.png 484w, https:\/\/serveiseducatius.xtec.cat\/garraf\/wp-content\/uploads\/usu1185\/2025\/10\/Mediterrani-viu-250x300.png 250w\" sizes=\"auto, (max-width: 484px) 100vw, 484px\" \/><\/a>\n        <\/div>\n        <div class=\"wp-block-getwid-post-carousel__post-content-wrapper\">\n        <div class=\"wp-block-getwid-post-carousel__post-header\">\n            <h3 class=\"wp-block-getwid-post-carousel__post-title\"><a href=\"https:\/\/serveiseducatius.xtec.cat\/garraf\/general\/exposicio-educativa-un-mediterrani-viu\/\">Exposici\u00f3 educativa &#8220;Un Mediterrani viu&#8221;<\/a><\/h3>        <\/div>\n        <div class=\"wp-block-getwid-post-carousel__post-excerpt\"><p>La&nbsp;Fundaci\u00f3 Pinnae&nbsp;i&nbsp;l\u2019Associaci\u00f3 Natural Art Reef&nbsp;presenten l\u2019exposici\u00f3 \u201cUn Mediterrani viu\u201d, una experi\u00e8ncia de coneixement, immersiva i educativa sobre el mar Mediterrani, ubicada a l\u2019espai de&nbsp;Ne\u00e0polis&nbsp;de Vilanova i la Geltr\u00fa del 6 de novembre al 7 de desembre. Els grups escolars tindran l\u2019oportunitat d\u2019explorar de manera exclusiva&nbsp;l\u2019exposici\u00f3, on podran descobrir la biodiversitat marina de la Mediterr\u00e0nia i [&hellip;]<\/p>\n<\/div>\n    <\/div>\n<\/div>\n\n\t\t\t\t\t\t\t<\/div>\n\t\t\t\t\t\t\t\t\t\t\t\t\t<div class=\"wp-block-getwid-post-carousel__slide\">\n\t\t\t\t\t\t\t\t\n<div class=\"wp-block-getwid-post-carousel__post\">\n            <div class=\"wp-block-getwid-post-carousel__post-thumbnail\">\n            <a href=\"https:\/\/serveiseducatius.xtec.cat\/garraf\/general\/festival-de-cinema-lgtbiq-endimaris-sitges\/\"><img loading=\"lazy\" decoding=\"async\" width=\"1012\" height=\"1170\" src=\"https:\/\/serveiseducatius.xtec.cat\/garraf\/wp-content\/uploads\/usu1185\/2025\/10\/endimaris-sitges-2.jpg\" class=\"attachment-post-thumbnail size-post-thumbnail wp-post-image\" alt=\"\" srcset=\"https:\/\/serveiseducatius.xtec.cat\/garraf\/wp-content\/uploads\/usu1185\/2025\/10\/endimaris-sitges-2.jpg 1012w, https:\/\/serveiseducatius.xtec.cat\/garraf\/wp-content\/uploads\/usu1185\/2025\/10\/endimaris-sitges-2-259x300.jpg 259w, https:\/\/serveiseducatius.xtec.cat\/garraf\/wp-content\/uploads\/usu1185\/2025\/10\/endimaris-sitges-2-886x1024.jpg 886w, https:\/\/serveiseducatius.xtec.cat\/garraf\/wp-content\/uploads\/usu1185\/2025\/10\/endimaris-sitges-2-768x888.jpg 768w\" sizes=\"auto, (max-width: 1012px) 100vw, 1012px\" \/><\/a>\n        <\/div>\n        <div class=\"wp-block-getwid-post-carousel__post-content-wrapper\">\n        <div class=\"wp-block-getwid-post-carousel__post-header\">\n            <h3 class=\"wp-block-getwid-post-carousel__post-title\"><a href=\"https:\/\/serveiseducatius.xtec.cat\/garraf\/general\/festival-de-cinema-lgtbiq-endimaris-sitges\/\">Festival de Cinema LGTBIQ+ Endimaris Sitges<\/a><\/h3>        <\/div>\n        <div class=\"wp-block-getwid-post-carousel__post-excerpt\"><p>Des de les associacions\u00a0Cineclub Sitges\u00a0i\u00a0Colors Sitges Link impulsen el\u00a0Festival de cinema LGTBI Endimaris. En el marc d&#8217;aquest festival conviden als centres de secund\u00e0ria de la comarca a la projecci\u00f3 de la pel\u00b7l\u00edcula &#8220;Molt lluny&#8221; dirigida pel\u00a0Gerard Oms. Aquesta pel\u00b7l\u00edcula, dirigida a l&#8217;alumnat de 3r i 4t d&#8217;ESO, ofereix una bona oportunitat per introduir temes com [&hellip;]<\/p>\n<\/div>\n    <\/div>\n<\/div>\n\n\t\t\t\t\t\t\t<\/div>\n\t\t\t\t\t\t\t\t\t\t\t\t\t<div class=\"wp-block-getwid-post-carousel__slide\">\n\t\t\t\t\t\t\t\t\n<div class=\"wp-block-getwid-post-carousel__post\">\n            <div class=\"wp-block-getwid-post-carousel__post-thumbnail\">\n            <a href=\"https:\/\/serveiseducatius.xtec.cat\/garraf\/general\/la-marato-de-3cat-2025-activitats-divulgatives\/\"><img loading=\"lazy\" decoding=\"async\" width=\"671\" height=\"672\" src=\"https:\/\/serveiseducatius.xtec.cat\/garraf\/wp-content\/uploads\/usu1185\/2025\/10\/Marato-2025.jpg\" class=\"attachment-post-thumbnail size-post-thumbnail wp-post-image\" alt=\"\" srcset=\"https:\/\/serveiseducatius.xtec.cat\/garraf\/wp-content\/uploads\/usu1185\/2025\/10\/Marato-2025.jpg 671w, https:\/\/serveiseducatius.xtec.cat\/garraf\/wp-content\/uploads\/usu1185\/2025\/10\/Marato-2025-300x300.jpg 300w, https:\/\/serveiseducatius.xtec.cat\/garraf\/wp-content\/uploads\/usu1185\/2025\/10\/Marato-2025-150x150.jpg 150w\" sizes=\"auto, (max-width: 671px) 100vw, 671px\" \/><\/a>\n        <\/div>\n        <div class=\"wp-block-getwid-post-carousel__post-content-wrapper\">\n        <div class=\"wp-block-getwid-post-carousel__post-header\">\n            <h3 class=\"wp-block-getwid-post-carousel__post-title\"><a href=\"https:\/\/serveiseducatius.xtec.cat\/garraf\/general\/la-marato-de-3cat-2025-activitats-divulgatives\/\">La Marat\u00f3 de 3Cat 2025 &#8211; Activitats divulgatives<\/a><\/h3>        <\/div>\n        <div class=\"wp-block-getwid-post-carousel__post-excerpt\"><p>La 34a edici\u00f3 de La Marat\u00f3 de 3Cat, que es realitzar\u00e0 el 14 de desembre, es dedicar\u00e0 a la divulgaci\u00f3 i l&#8217;impuls de la recerca en el c\u00e0ncer, una de les principals causes de mort a Catalunya i a tot el m\u00f3n. En aquest sentit, des de la Fundaci\u00f3 de la Marat\u00f3, s&#8217;organitzen diverses activitats [&hellip;]<\/p>\n<\/div>\n    <\/div>\n<\/div>\n\n\t\t\t\t\t\t\t<\/div>\n\t\t\t\t\t\t            <\/div>\n        <\/div>\n        ","protected":false},"excerpt":{"rendered":"<p>Articles<\/p>\n","protected":false},"author":10,"featured_media":0,"parent":0,"menu_order":0,"comment_status":"closed","ping_status":"close","template":"","meta":{"_bbp_topic_count":0,"_bbp_reply_count":0,"_bbp_total_topic_count":0,"_bbp_total_reply_count":0,"_bbp_voice_count":0,"_bbp_anonymous_reply_count":0,"_bbp_topic_count_hidden":0,"_bbp_reply_count_hidden":0,"_bbp_forum_subforum_count":0,"site-sidebar-layout":"default","site-content-layout":"","ast-site-content-layout":"default","site-content-style":"default","site-sidebar-style":"boxed","ast-global-header-display":"","ast-banner-title-visibility":"","ast-main-header-display":"","ast-hfb-above-header-display":"","ast-hfb-below-header-display":"","ast-hfb-mobile-header-display":"","site-post-title":"","ast-breadcrumbs-content":"","ast-featured-img":"","footer-sml-layout":"","theme-transparent-header-meta":"","adv-header-id-meta":"","stick-header-meta":"","header-above-stick-meta":"","header-main-stick-meta":"","header-below-stick-meta":"","astra-migrate-meta-layouts":"set","ast-page-background-enabled":"default","ast-page-background-meta":{"desktop":{"background-color":"var(--ast-global-color-4)","background-image":"","background-repeat":"repeat","background-position":"center center","background-size":"auto","background-attachment":"scroll","background-type":"","background-media":"","overlay-type":"","overlay-color":"","overlay-opacity":"","overlay-gradient":""},"tablet":{"background-color":"","background-image":"","background-repeat":"repeat","background-position":"center center","background-size":"auto","background-attachment":"scroll","background-type":"","background-media":"","overlay-type":"","overlay-color":"","overlay-opacity":"","overlay-gradient":""},"mobile":{"background-color":"","background-image":"","background-repeat":"repeat","background-position":"center center","background-size":"auto","background-attachment":"scroll","background-type":"","background-media":"","overlay-type":"","overlay-color":"","overlay-opacity":"","overlay-gradient":""}},"ast-content-background-meta":{"desktop":{"background-color":"var(--ast-global-color-5)","background-image":"","background-repeat":"repeat","background-position":"center center","background-size":"auto","background-attachment":"scroll","background-type":"","background-media":"","overlay-type":"","overlay-color":"","overlay-opacity":"","overlay-gradient":""},"tablet":{"background-color":"var(--ast-global-color-5)","background-image":"","background-repeat":"repeat","background-position":"center center","background-size":"auto","background-attachment":"scroll","background-type":"","background-media":"","overlay-type":"","overlay-color":"","overlay-opacity":"","overlay-gradient":""},"mobile":{"background-color":"var(--ast-global-color-5)","background-image":"","background-repeat":"repeat","background-position":"center center","background-size":"auto","background-attachment":"scroll","background-type":"","background-media":"","overlay-type":"","overlay-color":"","overlay-opacity":"","overlay-gradient":""}},"footnotes":""},"class_list":["post-19833","page","type-page","status-publish","hentry"],"post_mailing_queue_ids":[],"_links":{"self":[{"href":"https:\/\/serveiseducatius.xtec.cat\/garraf\/wp-json\/wp\/v2\/pages\/19833","targetHints":{"allow":["GET"]}}],"collection":[{"href":"https:\/\/serveiseducatius.xtec.cat\/garraf\/wp-json\/wp\/v2\/pages"}],"about":[{"href":"https:\/\/serveiseducatius.xtec.cat\/garraf\/wp-json\/wp\/v2\/types\/page"}],"author":[{"embeddable":true,"href":"https:\/\/serveiseducatius.xtec.cat\/garraf\/wp-json\/wp\/v2\/users\/10"}],"replies":[{"embeddable":true,"href":"https:\/\/serveiseducatius.xtec.cat\/garraf\/wp-json\/wp\/v2\/comments?post=19833"}],"version-history":[{"count":2,"href":"https:\/\/serveiseducatius.xtec.cat\/garraf\/wp-json\/wp\/v2\/pages\/19833\/revisions"}],"predecessor-version":[{"id":19863,"href":"https:\/\/serveiseducatius.xtec.cat\/garraf\/wp-json\/wp\/v2\/pages\/19833\/revisions\/19863"}],"wp:attachment":[{"href":"https:\/\/serveiseducatius.xtec.cat\/garraf\/wp-json\/wp\/v2\/media?parent=19833"}],"curies":[{"name":"wp","href":"https:\/\/api.w.org\/{rel}","templated":true}]}}