{"id":19714,"date":"2026-03-16T11:40:57","date_gmt":"2026-03-16T10:40:57","guid":{"rendered":"https:\/\/serveiseducatius.xtec.cat\/garraf\/?page_id=19714"},"modified":"2026-03-16T13:07:29","modified_gmt":"2026-03-16T12:07:29","slug":"xarxa-de-competencia-lectora","status":"publish","type":"page","link":"https:\/\/serveiseducatius.xtec.cat\/garraf\/xarxa-de-competencia-lectora\/","title":{"rendered":"Xarxa de Compet\u00e8ncia Lectora"},"content":{"rendered":"\n<div class=\"wp-block-buttons is-content-justification-center is-layout-flex wp-container-core-buttons-is-layout-1 wp-block-buttons-is-layout-flex\">\n<div class=\"wp-block-button has-custom-font-size has-medium-font-size\"><a class=\"wp-block-button__link has-luminous-vivid-amber-background-color has-background wp-element-button\" href=\"https:\/\/sites.google.com\/xtec.cat\/xarxacompetencialectora\/inici\"><strong>Acc\u00e9s XCL del Pened\u00e8s<\/strong><\/a><\/div>\n<\/div>\n\n\n\n<p>La&nbsp;<strong>XCL<\/strong>&nbsp;vol promoure l\u2019aprenentatge entre iguals, mitjan\u00e7ant la reflexi\u00f3, l\u2019intercanvi de coneixements i de bones pr\u00e0ctiques. Pret\u00e9n tamb\u00e9, fer emergir bones pr\u00e0ctiques de lectura aix\u00ed com oferir i compartir materials, eines, estrat\u00e8gies i activitats per millorar la comprensi\u00f3 lectora d\u2019infants i joves.&nbsp;<\/p>\n\n\n\n<p class=\"has-white-color has-ast-global-color-1-background-color has-text-color has-background has-link-color has-medium-font-size wp-elements-9aadc95f7179d5475af558182a5372a9\"><strong>Objectius<\/strong><\/p>\n\n\n\n<ul class=\"wp-block-list\">\n<li>Crear una xarxa territorial de treball aut\u00f2nom que afavoreixi l\u2019aprenentatge entre iguals, mitjan\u00e7ant la reflexi\u00f3, l\u2019intercanvi de<br>coneixements i de bones pr\u00e0ctiques.<\/li>\n\n\n\n<li>Fer emergir bones pr\u00e0ctiques de lectura amb la finalitat de divulgar-les no nom\u00e9s als centres de la xarxa, sin\u00f3 a la comunitat educativa.<\/li>\n\n\n\n<li>Oferir i compartir materials, eines, estrat\u00e8gies, activitats per millorar la comprensi\u00f3 lectora.<\/li>\n<\/ul>\n","protected":false},"excerpt":{"rendered":"<p>La&nbsp;XCL&nbsp;vol promoure l\u2019aprenentatge entre iguals, mitjan\u00e7ant la reflexi\u00f3, l\u2019intercanvi de coneixements i de bones pr\u00e0ctiques. Pret\u00e9n tamb\u00e9, fer emergir bones pr\u00e0ctiques de lectura aix\u00ed com oferir i compartir materials, eines, estrat\u00e8gies i activitats per millorar la comprensi\u00f3 lectora d\u2019infants i joves.&nbsp; Objectius<\/p>\n","protected":false},"author":10,"featured_media":0,"parent":0,"menu_order":0,"comment_status":"closed","ping_status":"close","template":"","meta":{"_bbp_topic_count":0,"_bbp_reply_count":0,"_bbp_total_topic_count":0,"_bbp_total_reply_count":0,"_bbp_voice_count":0,"_bbp_anonymous_reply_count":0,"_bbp_topic_count_hidden":0,"_bbp_reply_count_hidden":0,"_bbp_forum_subforum_count":0,"site-sidebar-layout":"default","site-content-layout":"","ast-site-content-layout":"default","site-content-style":"default","site-sidebar-style":"default","ast-global-header-display":"","ast-banner-title-visibility":"","ast-main-header-display":"","ast-hfb-above-header-display":"","ast-hfb-below-header-display":"","ast-hfb-mobile-header-display":"","site-post-title":"","ast-breadcrumbs-content":"","ast-featured-img":"","footer-sml-layout":"","theme-transparent-header-meta":"","adv-header-id-meta":"","stick-header-meta":"","header-above-stick-meta":"","header-main-stick-meta":"","header-below-stick-meta":"","astra-migrate-meta-layouts":"set","ast-page-background-enabled":"default","ast-page-background-meta":{"desktop":{"background-color":"var(--ast-global-color-4)","background-image":"","background-repeat":"repeat","background-position":"center center","background-size":"auto","background-attachment":"scroll","background-type":"","background-media":"","overlay-type":"","overlay-color":"","overlay-opacity":"","overlay-gradient":""},"tablet":{"background-color":"","background-image":"","background-repeat":"repeat","background-position":"center center","background-size":"auto","background-attachment":"scroll","background-type":"","background-media":"","overlay-type":"","overlay-color":"","overlay-opacity":"","overlay-gradient":""},"mobile":{"background-color":"","background-image":"","background-repeat":"repeat","background-position":"center center","background-size":"auto","background-attachment":"scroll","background-type":"","background-media":"","overlay-type":"","overlay-color":"","overlay-opacity":"","overlay-gradient":""}},"ast-content-background-meta":{"desktop":{"background-color":"var(--ast-global-color-5)","background-image":"","background-repeat":"repeat","background-position":"center center","background-size":"auto","background-attachment":"scroll","background-type":"","background-media":"","overlay-type":"","overlay-color":"","overlay-opacity":"","overlay-gradient":""},"tablet":{"background-color":"var(--ast-global-color-5)","background-image":"","background-repeat":"repeat","background-position":"center center","background-size":"auto","background-attachment":"scroll","background-type":"","background-media":"","overlay-type":"","overlay-color":"","overlay-opacity":"","overlay-gradient":""},"mobile":{"background-color":"var(--ast-global-color-5)","background-image":"","background-repeat":"repeat","background-position":"center center","background-size":"auto","background-attachment":"scroll","background-type":"","background-media":"","overlay-type":"","overlay-color":"","overlay-opacity":"","overlay-gradient":""}},"footnotes":""},"class_list":["post-19714","page","type-page","status-publish","hentry"],"post_mailing_queue_ids":[],"_links":{"self":[{"href":"https:\/\/serveiseducatius.xtec.cat\/garraf\/wp-json\/wp\/v2\/pages\/19714","targetHints":{"allow":["GET"]}}],"collection":[{"href":"https:\/\/serveiseducatius.xtec.cat\/garraf\/wp-json\/wp\/v2\/pages"}],"about":[{"href":"https:\/\/serveiseducatius.xtec.cat\/garraf\/wp-json\/wp\/v2\/types\/page"}],"author":[{"embeddable":true,"href":"https:\/\/serveiseducatius.xtec.cat\/garraf\/wp-json\/wp\/v2\/users\/10"}],"replies":[{"embeddable":true,"href":"https:\/\/serveiseducatius.xtec.cat\/garraf\/wp-json\/wp\/v2\/comments?post=19714"}],"version-history":[{"count":3,"href":"https:\/\/serveiseducatius.xtec.cat\/garraf\/wp-json\/wp\/v2\/pages\/19714\/revisions"}],"predecessor-version":[{"id":19745,"href":"https:\/\/serveiseducatius.xtec.cat\/garraf\/wp-json\/wp\/v2\/pages\/19714\/revisions\/19745"}],"wp:attachment":[{"href":"https:\/\/serveiseducatius.xtec.cat\/garraf\/wp-json\/wp\/v2\/media?parent=19714"}],"curies":[{"name":"wp","href":"https:\/\/api.w.org\/{rel}","templated":true}]}}