{"id":19641,"date":"2026-03-05T17:05:52","date_gmt":"2026-03-05T16:05:52","guid":{"rendered":"https:\/\/serveiseducatius.xtec.cat\/garraf\/?page_id=19641"},"modified":"2026-03-18T13:31:47","modified_gmt":"2026-03-18T12:31:47","slug":"equip-de-llengua-interculturalitat-i-cohesio-elic","status":"publish","type":"page","link":"https:\/\/serveiseducatius.xtec.cat\/garraf\/equip-de-llengua-interculturalitat-i-cohesio-elic\/","title":{"rendered":"Equip de Llengua, Interculturalitat i Cohesi\u00f3 (ELIC)"},"content":{"rendered":"\n<div class=\"wp-block-buttons is-content-justification-center is-layout-flex wp-container-core-buttons-is-layout-1 wp-block-buttons-is-layout-flex\">\n<div class=\"wp-block-button has-custom-font-size has-medium-font-size\"><a class=\"wp-block-button__link has-luminous-vivid-amber-background-color has-background wp-element-button\" href=\"https:\/\/serveiseducatius.xtec.cat\/garraf\/xarxa-de-competencia-lectora\/\"><strong>XCL<\/strong><\/a><\/div>\n\n\n\n<div class=\"wp-block-button has-custom-font-size has-medium-font-size\"><a class=\"wp-block-button__link has-luminous-vivid-amber-background-color has-background wp-element-button\" href=\"https:\/\/serveiseducatius.xtec.cat\/garraf\/seminari-daula-dacollida\/\"><strong>Seminari AA i CLIC<\/strong><\/a><\/div>\n\n\n\n<div class=\"wp-block-button has-custom-font-size has-medium-font-size\"><a class=\"wp-block-button__link has-luminous-vivid-amber-background-color has-background wp-element-button\" href=\"https:\/\/serveiseducatius.xtec.cat\/garraf\/xarxa-ulae\/\"><strong>Xarxa ULAE<\/strong><\/a><\/div>\n<\/div>\n\n\n\n<div class=\"wp-block-buttons is-content-justification-center is-layout-flex wp-container-core-buttons-is-layout-2 wp-block-buttons-is-layout-flex\">\n<div class=\"wp-block-button has-custom-font-size has-medium-font-size\"><a class=\"wp-block-button__link has-luminous-vivid-amber-background-color has-background wp-element-button\" href=\"https:\/\/serveiseducatius.xtec.cat\/garraf\/butlleti-quinzenal\/\"><strong>Butllet\u00ed quinzenal<\/strong><\/a><\/div>\n\n\n\n<div class=\"wp-block-button has-custom-font-size has-medium-font-size\"><a class=\"wp-block-button__link has-luminous-vivid-amber-background-color has-background wp-element-button\" href=\"https:\/\/gamma.app\/docs\/Recursos-per-a-lalumnat-nouvingut--m0kx291b0t8sul3?mode=doc\"><strong>Recursos<\/strong><\/a><\/div>\n\n\n\n<div class=\"wp-block-button has-custom-font-size has-medium-font-size\"><a class=\"wp-block-button__link has-luminous-vivid-amber-background-color has-background wp-element-button\" href=\"https:\/\/serveiseducatius.xtec.cat\/garraf\/pla-educatiu-dentorn\/\"><strong>Plans Educatius d&#8217;Entorn<\/strong><\/a><\/div>\n<\/div>\n\n\n\n<p>Equips d\u2019<strong>assessorament i orientaci\u00f3 en llengua, interculturalitat i cohesi\u00f3 social<\/strong>&nbsp;que donen suport al professorat en l\u2019atenci\u00f3 a la diversitat relacionada amb l\u2019alumnat, especialment procedent de la immigraci\u00f3 i\/o amb l\u2019alumnat amb risc d\u2019exclusi\u00f3 social.<\/p>\n\n\n\n<p class=\"has-white-color has-ast-global-color-1-background-color has-text-color has-background has-link-color has-medium-font-size wp-elements-1cb78e2e6beb600865845a68ecda3082\"><strong>Funcions<\/strong><\/p>\n\n\n\n<ul class=\"wp-block-list\">\n<li>Assessorament, suport i orientaci\u00f3 en:<\/li>\n\n\n\n<li>Inclusi\u00f3 i atenci\u00f3 a la diversitat cultural i social prevenci\u00f3 de situacions de risc<\/li>\n\n\n\n<li>Promoure el coneixement i l\u2019\u00fas de la llengua catalana<\/li>\n\n\n\n<li>Interculturalitat, conviv\u00e8ncia i cohesi\u00f3 social<\/li>\n\n\n\n<li>Processos d\u2019aprenentatge: metodologies, recursos i pr\u00e0ctiques inclusives<\/li>\n<\/ul>\n\n\n\n<p class=\"has-white-color has-ast-global-color-1-background-color has-text-color has-background has-link-color has-medium-font-size wp-elements-e566f6ab06340ebfdfe1f15ca2e94295\"><strong>Professionals<\/strong><\/p>\n\n\n\n<div class=\"wp-block-columns is-layout-flex wp-container-core-columns-is-layout-1 wp-block-columns-is-layout-flex\" style=\"padding-top:var(--wp--preset--spacing--40);padding-bottom:var(--wp--preset--spacing--40)\">\n<div class=\"wp-block-column is-layout-flow wp-block-column-is-layout-flow\">\n<p class=\"has-text-align-center\"><strong>Mireia L\u00f3pez<\/strong><\/p>\n\n\n\n<p class=\"has-text-align-center\">Coordinadora ALIC<\/p>\n\n\n\n<p class=\"has-text-align-center\">mlope365@xtec.cat<\/p>\n<\/div>\n\n\n\n<div class=\"wp-block-column is-layout-flow wp-block-column-is-layout-flow\">\n<p class=\"has-text-align-center has-white-color has-ast-global-color-1-background-color has-text-color has-background has-link-color wp-elements-f5f9302b872a89affa4ae9bdfa963075\" style=\"padding-top:0;padding-bottom:0\"><strong>Centres de refer\u00e8ncia<\/strong><\/p>\n\n\n\n<ul class=\"wp-block-list\">\n<li class=\"has-small-font-size\">Cubelles\n<ul class=\"wp-block-list\">\n<li class=\"has-small-font-size\">ESC Josep-Andreu Charlie Rivel<\/li>\n\n\n\n<li>ESC Mar i Cel<\/li>\n\n\n\n<li>ESC Vora del Mar<\/li>\n\n\n\n<li>INS les Vinyes<\/li>\n<\/ul>\n<\/li>\n\n\n\n<li class=\"has-small-font-size\">Vilanova i la Geltr\u00fa\n<ul class=\"wp-block-list\">\n<li class=\"has-small-font-size\">ESC Canig\u00f3<\/li>\n\n\n\n<li>ESC \u00cdtaca<\/li>\n\n\n\n<li>ESC el Margall\u00f3<\/li>\n\n\n\n<li>ESC Sant Jordi<\/li>\n\n\n\n<li>COL Divina Provid\u00e8ncia<\/li>\n<\/ul>\n<\/li>\n\n\n\n<li class=\"has-small-font-size\">Sant Pere de Ribes\n<ul class=\"wp-block-list\">\n<li class=\"has-small-font-size\">ESC  Mediterr\u00e0nia<\/li>\n\n\n\n<li>ESC  les Roquetes<\/li>\n\n\n\n<li>ESC Santa Eul\u00e0lia<\/li>\n\n\n\n<li>INS Alexandre Gal\u00ed<\/li>\n\n\n\n<li>INS Xaloc<\/li>\n<\/ul>\n<\/li>\n\n\n\n<li class=\"has-small-font-size\">Olivella\n<ul class=\"wp-block-list\">\n<li class=\"has-small-font-size\">IE el Morsell<\/li>\n<\/ul>\n<\/li>\n<\/ul>\n<\/div>\n<\/div>\n\n\n\n<hr class=\"wp-block-separator has-text-color has-ast-global-color-1-color has-alpha-channel-opacity has-ast-global-color-1-background-color has-background is-style-wide\"\/>\n\n\n\n<div class=\"wp-block-columns is-layout-flex wp-container-core-columns-is-layout-2 wp-block-columns-is-layout-flex\" style=\"padding-top:var(--wp--preset--spacing--40);padding-bottom:var(--wp--preset--spacing--40)\">\n<div class=\"wp-block-column is-layout-flow wp-block-column-is-layout-flow\">\n<p class=\"has-text-align-center\"><strong>Elena Garcia<\/strong><\/p>\n\n\n\n<p class=\"has-text-align-center\">ALIC<\/p>\n\n\n\n<p class=\"has-text-align-center\">egarc363@xtec.cat<\/p>\n<\/div>\n\n\n\n<div class=\"wp-block-column is-layout-flow wp-block-column-is-layout-flow\">\n<p class=\"has-text-align-center has-white-color has-ast-global-color-1-background-color has-text-color has-background has-link-color wp-elements-f5f9302b872a89affa4ae9bdfa963075\" style=\"padding-top:0;padding-bottom:0\"><strong>Centres de refer\u00e8ncia<\/strong><\/p>\n\n\n\n<ul class=\"wp-block-list\">\n<li class=\"has-small-font-size\">Vilanova i la Geltr\u00fa\n<ul class=\"wp-block-list\">\n<li class=\"has-small-font-size\">ESC l&#8217;Aragai<\/li>\n\n\n\n<li>ESC l&#8217;Arjau<\/li>\n\n\n\n<li>ESC Cosset\u00e0nia<\/li>\n\n\n\n<li>ESC Ginesta<\/li>\n\n\n\n<li>ESC Llebetx<\/li>\n\n\n\n<li>ESC Pompeu Fabra<\/li>\n\n\n\n<li>ESC Volerany<\/li>\n\n\n\n<li>INS Baixamar<\/li>\n\n\n\n<li>INS Dolors Mallafr\u00e8<\/li>\n\n\n\n<li>INS  FX Lluch i Rafecas<\/li>\n\n\n\n<li>INS Joaquim Mir<\/li>\n\n\n\n<li>INS Manuel de Cabanyes<\/li>\n\n\n\n<li>Escola El Cim<\/li>\n\n\n\n<li>Escola Pia de Vilanova i la Geltr\u00fa<\/li>\n\n\n\n<li>COL Sant Bonaventura<\/li>\n\n\n\n<li>COL Santa Teresa de Jes\u00fas<\/li>\n<\/ul>\n<\/li>\n\n\n\n<li class=\"has-small-font-size\">Cubelles\n<ul class=\"wp-block-list\">\n<li class=\"has-small-font-size\">INS Cubelles<\/li>\n<\/ul>\n<\/li>\n<\/ul>\n<\/div>\n<\/div>\n\n\n\n<hr class=\"wp-block-separator has-text-color has-ast-global-color-1-color has-alpha-channel-opacity has-ast-global-color-1-background-color has-background is-style-wide\"\/>\n\n\n\n<div class=\"wp-block-columns is-layout-flex wp-container-core-columns-is-layout-3 wp-block-columns-is-layout-flex\" style=\"padding-top:var(--wp--preset--spacing--40);padding-bottom:var(--wp--preset--spacing--40)\">\n<div class=\"wp-block-column is-layout-flow wp-block-column-is-layout-flow\">\n<p class=\"has-text-align-center\"><strong>Roser Mol\u00ed<\/strong><\/p>\n\n\n\n<p class=\"has-text-align-center\">ALIC<\/p>\n\n\n\n<p class=\"has-text-align-center\">rmoli@xtec.cat<\/p>\n<\/div>\n\n\n\n<div class=\"wp-block-column is-layout-flow wp-block-column-is-layout-flow\">\n<p class=\"has-text-align-center has-white-color has-ast-global-color-1-background-color has-text-color has-background has-link-color wp-elements-f5f9302b872a89affa4ae9bdfa963075\" style=\"padding-top:0;padding-bottom:0\"><strong>Centres de refer\u00e8ncia<\/strong><\/p>\n\n\n\n<ul class=\"wp-block-list\">\n<li class=\"has-small-font-size\">Sant Pere de Ribes\n<ul class=\"wp-block-list\">\n<li class=\"has-small-font-size\">ESC El Pi<\/li>\n\n\n\n<li>ESC Els Costerets<\/li>\n\n\n\n<li>ESC La Riera de Ribes<\/li>\n\n\n\n<li>ESC Les Parellades<\/li>\n\n\n\n<li>INS Can Puig<\/li>\n\n\n\n<li>INS Montgr\u00f2s<\/li>\n<\/ul>\n<\/li>\n\n\n\n<li class=\"has-small-font-size\">Sitges\n<ul class=\"wp-block-list\">\n<li class=\"has-small-font-size\">ESC Agn\u00e8s de Sitges<\/li>\n\n\n\n<li>ESC Esteve Barrachina<\/li>\n\n\n\n<li>ESC Maria Oss\u00f3<\/li>\n\n\n\n<li>ESC Miquel Utrillo<\/li>\n\n\n\n<li>INS Vinyet<\/li>\n\n\n\n<li>INS Joan Ramon Benapr\u00e8s<\/li>\n\n\n\n<li>Escola Pia de Sitges<\/li>\n<\/ul>\n<\/li>\n\n\n\n<li class=\"has-small-font-size\">Canyelles\n<ul class=\"wp-block-list\">\n<li class=\"has-small-font-size\">ESC Sant Nicolau<\/li>\n\n\n\n<li>INS Pla del Bosc<\/li>\n<\/ul>\n<\/li>\n<\/ul>\n<\/div>\n<\/div>\n\n\n\n<p class=\"has-white-color has-ast-global-color-1-background-color has-text-color has-background has-link-color has-medium-font-size wp-elements-a928bbd0f9f4ff860f9c7257057f625e\"><strong>Articles<\/strong><\/p>\n\n\n\n        <div class=\"wp-block-getwid-post-carousel custom-post-type-post has-slides-gap-small is-carousel has-arrows-inside has-dots-inside\">\n            <div data-slider-option=\"{&quot;sliderSlidesToShowDesktop&quot;:&quot;3&quot;,&quot;getwid_slidesToShowLaptop&quot;:&quot;1&quot;,&quot;getwid_slidesToShowTablet&quot;:&quot;1&quot;,&quot;getwid_slidesToShowMobile&quot;:&quot;1&quot;,&quot;getwid_autoplay_speed&quot;:6000,&quot;getwid_animation_speed&quot;:800,&quot;getwid_slidesToScroll&quot;:&quot;1&quot;,&quot;getwid_autoplay&quot;:false,&quot;getwid_pause_on_hover&quot;:false,&quot;getwid_infinite&quot;:true,&quot;getwid_center_mode&quot;:false,&quot;getwid_arrows&quot;:&quot;inside&quot;,&quot;getwid_dots&quot;:&quot;inside&quot;}\" class=\"wp-block-getwid-post-carousel__wrapper\">\n                <p>No s&#039;ha trobat res.<\/p>            <\/div>\n        <\/div>\n        ","protected":false},"excerpt":{"rendered":"<p>Equips d\u2019assessorament i orientaci\u00f3 en llengua, interculturalitat i cohesi\u00f3 social&nbsp;que donen suport al professorat en l\u2019atenci\u00f3 a la diversitat relacionada amb l\u2019alumnat, especialment procedent de la immigraci\u00f3 i\/o amb l\u2019alumnat amb risc d\u2019exclusi\u00f3 social. Funcions Professionals Mireia L\u00f3pez Coordinadora ALIC mlope365@xtec.cat Centres de refer\u00e8ncia Elena Garcia ALIC egarc363@xtec.cat Centres de refer\u00e8ncia Roser Mol\u00ed ALIC rmoli@xtec.cat [&hellip;]<\/p>\n","protected":false},"author":10,"featured_media":0,"parent":0,"menu_order":0,"comment_status":"closed","ping_status":"close","template":"","meta":{"_bbp_topic_count":0,"_bbp_reply_count":0,"_bbp_total_topic_count":0,"_bbp_total_reply_count":0,"_bbp_voice_count":0,"_bbp_anonymous_reply_count":0,"_bbp_topic_count_hidden":0,"_bbp_reply_count_hidden":0,"_bbp_forum_subforum_count":0,"site-sidebar-layout":"default","site-content-layout":"","ast-site-content-layout":"default","site-content-style":"default","site-sidebar-style":"default","ast-global-header-display":"","ast-banner-title-visibility":"","ast-main-header-display":"","ast-hfb-above-header-display":"","ast-hfb-below-header-display":"","ast-hfb-mobile-header-display":"","site-post-title":"","ast-breadcrumbs-content":"","ast-featured-img":"","footer-sml-layout":"","theme-transparent-header-meta":"","adv-header-id-meta":"","stick-header-meta":"","header-above-stick-meta":"","header-main-stick-meta":"","header-below-stick-meta":"","astra-migrate-meta-layouts":"set","ast-page-background-enabled":"default","ast-page-background-meta":{"desktop":{"background-color":"var(--ast-global-color-4)","background-image":"","background-repeat":"repeat","background-position":"center center","background-size":"auto","background-attachment":"scroll","background-type":"","background-media":"","overlay-type":"","overlay-color":"","overlay-opacity":"","overlay-gradient":""},"tablet":{"background-color":"","background-image":"","background-repeat":"repeat","background-position":"center center","background-size":"auto","background-attachment":"scroll","background-type":"","background-media":"","overlay-type":"","overlay-color":"","overlay-opacity":"","overlay-gradient":""},"mobile":{"background-color":"","background-image":"","background-repeat":"repeat","background-position":"center center","background-size":"auto","background-attachment":"scroll","background-type":"","background-media":"","overlay-type":"","overlay-color":"","overlay-opacity":"","overlay-gradient":""}},"ast-content-background-meta":{"desktop":{"background-color":"var(--ast-global-color-5)","background-image":"","background-repeat":"repeat","background-position":"center center","background-size":"auto","background-attachment":"scroll","background-type":"","background-media":"","overlay-type":"","overlay-color":"","overlay-opacity":"","overlay-gradient":""},"tablet":{"background-color":"var(--ast-global-color-5)","background-image":"","background-repeat":"repeat","background-position":"center center","background-size":"auto","background-attachment":"scroll","background-type":"","background-media":"","overlay-type":"","overlay-color":"","overlay-opacity":"","overlay-gradient":""},"mobile":{"background-color":"var(--ast-global-color-5)","background-image":"","background-repeat":"repeat","background-position":"center center","background-size":"auto","background-attachment":"scroll","background-type":"","background-media":"","overlay-type":"","overlay-color":"","overlay-opacity":"","overlay-gradient":""}},"footnotes":""},"class_list":["post-19641","page","type-page","status-publish","hentry"],"post_mailing_queue_ids":[],"_links":{"self":[{"href":"https:\/\/serveiseducatius.xtec.cat\/garraf\/wp-json\/wp\/v2\/pages\/19641","targetHints":{"allow":["GET"]}}],"collection":[{"href":"https:\/\/serveiseducatius.xtec.cat\/garraf\/wp-json\/wp\/v2\/pages"}],"about":[{"href":"https:\/\/serveiseducatius.xtec.cat\/garraf\/wp-json\/wp\/v2\/types\/page"}],"author":[{"embeddable":true,"href":"https:\/\/serveiseducatius.xtec.cat\/garraf\/wp-json\/wp\/v2\/users\/10"}],"replies":[{"embeddable":true,"href":"https:\/\/serveiseducatius.xtec.cat\/garraf\/wp-json\/wp\/v2\/comments?post=19641"}],"version-history":[{"count":6,"href":"https:\/\/serveiseducatius.xtec.cat\/garraf\/wp-json\/wp\/v2\/pages\/19641\/revisions"}],"predecessor-version":[{"id":19810,"href":"https:\/\/serveiseducatius.xtec.cat\/garraf\/wp-json\/wp\/v2\/pages\/19641\/revisions\/19810"}],"wp:attachment":[{"href":"https:\/\/serveiseducatius.xtec.cat\/garraf\/wp-json\/wp\/v2\/media?parent=19641"}],"curies":[{"name":"wp","href":"https:\/\/api.w.org\/{rel}","templated":true}]}}