{"id":19249,"date":"2025-11-25T16:46:45","date_gmt":"2025-11-25T15:46:45","guid":{"rendered":"https:\/\/serveiseducatius.xtec.cat\/garraf\/?page_id=19249"},"modified":"2025-11-25T16:51:16","modified_gmt":"2025-11-25T15:51:16","slug":"seminari-de-biblioteques-escolars-del-garraf","status":"publish","type":"page","link":"https:\/\/serveiseducatius.xtec.cat\/garraf\/seminari-de-biblioteques-escolars-del-garraf\/","title":{"rendered":"Seminari de biblioteques escolars del Garraf"},"content":{"rendered":"\n<div class=\"wp-block-buttons is-content-justification-center is-layout-flex wp-container-core-buttons-is-layout-1 wp-block-buttons-is-layout-flex\">\n<div class=\"wp-block-button\"><a class=\"wp-block-button__link wp-element-button\"><strong>Curs 2024-2025<\/strong><\/a><\/div>\n\n\n\n<div class=\"wp-block-button\"><a class=\"wp-block-button__link wp-element-button\" href=\"https:\/\/drive.google.com\/drive\/u\/1\/folders\/13bzlLhL424CuEJezoCx2SWuhuNVt2iK6\"><strong>Curs 2025-2026<\/strong><\/a><\/div>\n<\/div>\n\n\n\n<p class=\"has-white-color has-ast-global-color-1-background-color has-text-color has-background has-link-color has-medium-font-size wp-elements-6f0b1f201677e1091072f8d942ae4fb3\"><strong>Descripci\u00f3<\/strong><\/p>\n\n\n\n<p>Espai de trobada dels responsables i membres de les comissions de biblioteca dels centres per con\u00e8ixer i compartir estrat\u00e8gies, recursos i activitats que potenci\u00efn el gust per a la lectura i per a dinamitzar les biblioteques escolars com a eines d&#8217;inclusi\u00f3, equitat i innovaci\u00f3 educativa, amb la col\u00b7laboraci\u00f3 de les biblioteques p\u00fabliques de la comarca.<\/p>\n\n\n\n<p class=\"has-white-color has-ast-global-color-1-background-color has-text-color has-background has-link-color has-medium-font-size wp-elements-9aadc95f7179d5475af558182a5372a9\"><strong>Objectius<\/strong><\/p>\n\n\n\n<ul class=\"wp-block-list\">\n<li>Assessorar i donar suport a la gesti\u00f3 de les biblioteques escolars.<\/li>\n\n\n\n<li>Proporcionar estrat\u00e8gies per a dinamitzar la biblioteca escolar i afavorir el foment de la lectura.<\/li>\n\n\n\n<li>Con\u00e8ixer i compartir experi\u00e8ncies i bones pr\u00e0ctiques relacionades amb el foment de la lectura i la biblioteca escolar.<\/li>\n\n\n\n<li>Establir canals de comunicaci\u00f3 entre les biblioteques escolars i les biblioteques p\u00fabliques de la comarca.<\/li>\n<\/ul>\n\n\n\n<p class=\"has-white-color has-ast-global-color-1-background-color has-text-color has-background has-link-color has-medium-font-size wp-elements-b8c45c5dc5b787919011d5044e5380e3\"><strong>Actualitat<\/strong><\/p>\n\n\n\n        <div class=\"wp-block-getwid-post-carousel custom-post-type-post has-slides-gap-small is-carousel has-arrows-inside has-dots-outside\">\n            <div data-slider-option=\"{&quot;sliderSlidesToShowDesktop&quot;:&quot;2&quot;,&quot;getwid_slidesToShowLaptop&quot;:&quot;1&quot;,&quot;getwid_slidesToShowTablet&quot;:&quot;1&quot;,&quot;getwid_slidesToShowMobile&quot;:&quot;1&quot;,&quot;getwid_autoplay_speed&quot;:6000,&quot;getwid_animation_speed&quot;:800,&quot;getwid_slidesToScroll&quot;:&quot;1&quot;,&quot;getwid_autoplay&quot;:false,&quot;getwid_pause_on_hover&quot;:false,&quot;getwid_infinite&quot;:true,&quot;getwid_center_mode&quot;:false,&quot;getwid_arrows&quot;:&quot;inside&quot;,&quot;getwid_dots&quot;:&quot;outside&quot;}\" class=\"wp-block-getwid-post-carousel__wrapper\">\n                \t\t\t\t\t\t\t<div class=\"wp-block-getwid-post-carousel__slide\">\n\t\t\t\t\t\t\t\t\n<div class=\"wp-block-getwid-post-carousel__post\">\n            <div class=\"wp-block-getwid-post-carousel__post-thumbnail\">\n            <a href=\"https:\/\/serveiseducatius.xtec.cat\/garraf\/general\/xviii-jornada-marta-mata\/\"><img loading=\"lazy\" decoding=\"async\" width=\"2250\" height=\"2250\" src=\"https:\/\/serveiseducatius.xtec.cat\/garraf\/wp-content\/uploads\/usu1185\/2025\/10\/18JMM_2025_v2_page-0001.jpg\" class=\"attachment-post-thumbnail size-post-thumbnail wp-post-image\" alt=\"\" srcset=\"https:\/\/serveiseducatius.xtec.cat\/garraf\/wp-content\/uploads\/usu1185\/2025\/10\/18JMM_2025_v2_page-0001.jpg 2250w, https:\/\/serveiseducatius.xtec.cat\/garraf\/wp-content\/uploads\/usu1185\/2025\/10\/18JMM_2025_v2_page-0001-300x300.jpg 300w, https:\/\/serveiseducatius.xtec.cat\/garraf\/wp-content\/uploads\/usu1185\/2025\/10\/18JMM_2025_v2_page-0001-1024x1024.jpg 1024w, https:\/\/serveiseducatius.xtec.cat\/garraf\/wp-content\/uploads\/usu1185\/2025\/10\/18JMM_2025_v2_page-0001-150x150.jpg 150w, https:\/\/serveiseducatius.xtec.cat\/garraf\/wp-content\/uploads\/usu1185\/2025\/10\/18JMM_2025_v2_page-0001-768x768.jpg 768w, https:\/\/serveiseducatius.xtec.cat\/garraf\/wp-content\/uploads\/usu1185\/2025\/10\/18JMM_2025_v2_page-0001-1536x1536.jpg 1536w, https:\/\/serveiseducatius.xtec.cat\/garraf\/wp-content\/uploads\/usu1185\/2025\/10\/18JMM_2025_v2_page-0001-2048x2048.jpg 2048w\" sizes=\"auto, (max-width: 2250px) 100vw, 2250px\" \/><\/a>\n        <\/div>\n        <div class=\"wp-block-getwid-post-carousel__post-content-wrapper\">\n        <div class=\"wp-block-getwid-post-carousel__post-header\">\n            <h3 class=\"wp-block-getwid-post-carousel__post-title\"><a href=\"https:\/\/serveiseducatius.xtec.cat\/garraf\/general\/xviii-jornada-marta-mata\/\">XVIII Jornada Marta Mata<\/a><\/h3>        <\/div>\n        <div class=\"wp-block-getwid-post-carousel__post-excerpt\"><p>El pr\u00f2xim 22 de novembre es dur\u00e0 a terme, a Saifores,&nbsp; la&nbsp;XVIII Jornada Marta Mata, sota el lema&nbsp;La biblioteca escolar. Un dret dels infants&nbsp;on es&nbsp;debatr\u00e0&nbsp; la import\u00e0ncia d&#8217;aquests espais dels centres educatius. Uns espais, les biblioteques escolars, que la Marta Mata sempre va tenir molt present&nbsp;i que va reivindicar i desenvolupar al llarg de la [&hellip;]<\/p>\n<\/div>\n    <\/div>\n<\/div>\n\n\t\t\t\t\t\t\t<\/div>\n\t\t\t\t\t\t\t\t\t\t\t\t\t<div class=\"wp-block-getwid-post-carousel__slide\">\n\t\t\t\t\t\t\t\t\n<div class=\"wp-block-getwid-post-carousel__post\">\n            <div class=\"wp-block-getwid-post-carousel__post-thumbnail\">\n            <a href=\"https:\/\/serveiseducatius.xtec.cat\/garraf\/general\/xiv-concurs-escolar-comic-barcelona\/\"><img loading=\"lazy\" decoding=\"async\" width=\"454\" height=\"307\" src=\"https:\/\/serveiseducatius.xtec.cat\/garraf\/wp-content\/uploads\/usu1185\/2024\/11\/XIV-concurs-escolar-de-comic-1.png\" class=\"attachment-post-thumbnail size-post-thumbnail wp-post-image\" alt=\"\" srcset=\"https:\/\/serveiseducatius.xtec.cat\/garraf\/wp-content\/uploads\/usu1185\/2024\/11\/XIV-concurs-escolar-de-comic-1.png 454w, https:\/\/serveiseducatius.xtec.cat\/garraf\/wp-content\/uploads\/usu1185\/2024\/11\/XIV-concurs-escolar-de-comic-1-300x203.png 300w\" sizes=\"auto, (max-width: 454px) 100vw, 454px\" \/><\/a>\n        <\/div>\n        <div class=\"wp-block-getwid-post-carousel__post-content-wrapper\">\n        <div class=\"wp-block-getwid-post-carousel__post-header\">\n            <h3 class=\"wp-block-getwid-post-carousel__post-title\"><a href=\"https:\/\/serveiseducatius.xtec.cat\/garraf\/general\/xiv-concurs-escolar-comic-barcelona\/\">XIV Concurs Escolar C\u00f2mic Barcelona<\/a><\/h3>        <\/div>\n        <div class=\"wp-block-getwid-post-carousel__post-excerpt\"><p>En el marc de la\u00a043 edici\u00f3 de C\u00f2mic Barcelona, que se celebrar\u00e0 del 4 al 6 d\u2019abril de 2025, i amb la col\u00b7laboraci\u00f3 del Departament d\u2019Educaci\u00f3 i Formaci\u00f3 Professional de la Generalitat de Catalunya, es convoca el\u00a0XIV Concurs Escolar C\u00f2mic Barcelona. Per participar en el concurs, els docents hauran de formalitzar la inscripci\u00f3 accedint al\u00a0formulari [&hellip;]<\/p>\n<\/div>\n    <\/div>\n<\/div>\n\n\t\t\t\t\t\t\t<\/div>\n\t\t\t\t\t\t            <\/div>\n        <\/div>\n        ","protected":false},"excerpt":{"rendered":"<p>Descripci\u00f3 Espai de trobada dels responsables i membres de les comissions de biblioteca dels centres per con\u00e8ixer i compartir estrat\u00e8gies, recursos i activitats que potenci\u00efn el gust per a la lectura i per a dinamitzar les biblioteques escolars com a eines d&#8217;inclusi\u00f3, equitat i innovaci\u00f3 educativa, amb la col\u00b7laboraci\u00f3 de les biblioteques p\u00fabliques de la [&hellip;]<\/p>\n","protected":false},"author":10,"featured_media":0,"parent":0,"menu_order":0,"comment_status":"closed","ping_status":"close","template":"","meta":{"_bbp_topic_count":0,"_bbp_reply_count":0,"_bbp_total_topic_count":0,"_bbp_total_reply_count":0,"_bbp_voice_count":0,"_bbp_anonymous_reply_count":0,"_bbp_topic_count_hidden":0,"_bbp_reply_count_hidden":0,"_bbp_forum_subforum_count":0,"site-sidebar-layout":"default","site-content-layout":"","ast-site-content-layout":"default","site-content-style":"default","site-sidebar-style":"default","ast-global-header-display":"","ast-banner-title-visibility":"","ast-main-header-display":"","ast-hfb-above-header-display":"","ast-hfb-below-header-display":"","ast-hfb-mobile-header-display":"","site-post-title":"","ast-breadcrumbs-content":"","ast-featured-img":"","footer-sml-layout":"","theme-transparent-header-meta":"","adv-header-id-meta":"","stick-header-meta":"","header-above-stick-meta":"","header-main-stick-meta":"","header-below-stick-meta":"","astra-migrate-meta-layouts":"set","ast-page-background-enabled":"default","ast-page-background-meta":{"desktop":{"background-color":"var(--ast-global-color-4)","background-image":"","background-repeat":"repeat","background-position":"center center","background-size":"auto","background-attachment":"scroll","background-type":"","background-media":"","overlay-type":"","overlay-color":"","overlay-opacity":"","overlay-gradient":""},"tablet":{"background-color":"","background-image":"","background-repeat":"repeat","background-position":"center center","background-size":"auto","background-attachment":"scroll","background-type":"","background-media":"","overlay-type":"","overlay-color":"","overlay-opacity":"","overlay-gradient":""},"mobile":{"background-color":"","background-image":"","background-repeat":"repeat","background-position":"center center","background-size":"auto","background-attachment":"scroll","background-type":"","background-media":"","overlay-type":"","overlay-color":"","overlay-opacity":"","overlay-gradient":""}},"ast-content-background-meta":{"desktop":{"background-color":"var(--ast-global-color-5)","background-image":"","background-repeat":"repeat","background-position":"center center","background-size":"auto","background-attachment":"scroll","background-type":"","background-media":"","overlay-type":"","overlay-color":"","overlay-opacity":"","overlay-gradient":""},"tablet":{"background-color":"var(--ast-global-color-5)","background-image":"","background-repeat":"repeat","background-position":"center center","background-size":"auto","background-attachment":"scroll","background-type":"","background-media":"","overlay-type":"","overlay-color":"","overlay-opacity":"","overlay-gradient":""},"mobile":{"background-color":"var(--ast-global-color-5)","background-image":"","background-repeat":"repeat","background-position":"center center","background-size":"auto","background-attachment":"scroll","background-type":"","background-media":"","overlay-type":"","overlay-color":"","overlay-opacity":"","overlay-gradient":""}},"footnotes":""},"class_list":["post-19249","page","type-page","status-publish","hentry"],"post_mailing_queue_ids":[],"_links":{"self":[{"href":"https:\/\/serveiseducatius.xtec.cat\/garraf\/wp-json\/wp\/v2\/pages\/19249","targetHints":{"allow":["GET"]}}],"collection":[{"href":"https:\/\/serveiseducatius.xtec.cat\/garraf\/wp-json\/wp\/v2\/pages"}],"about":[{"href":"https:\/\/serveiseducatius.xtec.cat\/garraf\/wp-json\/wp\/v2\/types\/page"}],"author":[{"embeddable":true,"href":"https:\/\/serveiseducatius.xtec.cat\/garraf\/wp-json\/wp\/v2\/users\/10"}],"replies":[{"embeddable":true,"href":"https:\/\/serveiseducatius.xtec.cat\/garraf\/wp-json\/wp\/v2\/comments?post=19249"}],"version-history":[{"count":2,"href":"https:\/\/serveiseducatius.xtec.cat\/garraf\/wp-json\/wp\/v2\/pages\/19249\/revisions"}],"predecessor-version":[{"id":19256,"href":"https:\/\/serveiseducatius.xtec.cat\/garraf\/wp-json\/wp\/v2\/pages\/19249\/revisions\/19256"}],"wp:attachment":[{"href":"https:\/\/serveiseducatius.xtec.cat\/garraf\/wp-json\/wp\/v2\/media?parent=19249"}],"curies":[{"name":"wp","href":"https:\/\/api.w.org\/{rel}","templated":true}]}}