{"id":18935,"date":"2025-10-21T10:00:29","date_gmt":"2025-10-21T08:00:29","guid":{"rendered":"https:\/\/serveiseducatius.xtec.cat\/garraf\/?page_id=18935"},"modified":"2025-10-27T12:25:59","modified_gmt":"2025-10-27T11:25:59","slug":"centre-de-recursos-pedagogics-crp","status":"publish","type":"page","link":"https:\/\/serveiseducatius.xtec.cat\/garraf\/centre-de-recursos-pedagogics-crp\/","title":{"rendered":"Centre de Recursos Pedag\u00f2gics (CRP)"},"content":{"rendered":"\n<p>El <strong>CRP del Garraf<\/strong> \u00e9s l&#8217;equip de dinamitzaci\u00f3 i assessorament adre\u00e7at al professorat i als centres educatius de la comarca per donar suport en els processos de millora i transformaci\u00f3 educativa, fomentant la qualitat i la innovaci\u00f3 en l\u2019ensenyament.<\/p>\n\n\n\n<p class=\"has-white-color has-ast-global-color-1-background-color has-text-color has-background has-link-color has-medium-font-size wp-elements-1cb78e2e6beb600865845a68ecda3082\"><strong>Funcions<\/strong><\/p>\n\n\n\n<ul class=\"wp-block-list\">\n<li><strong>Acompanyament i assessorament pedag\u00f2gic: <\/strong>disseny, planificaci\u00f3 i implementaci\u00f3 de pr\u00e0ctiques que acompanyen els centres en els seus processos de transformaci\u00f3 i millora.&nbsp;<\/li>\n\n\n\n<li><strong>Detecci\u00f3 i difusi\u00f3 de bones pr\u00e0ctiques: <\/strong>recull i compartici\u00f3 d&#8217;experi\u00e8ncies educatives de refer\u00e8ncia i projectes innovadors desenvolupats pel professorat i els centres de la zona.<\/li>\n\n\n\n<li><strong>Suport a les xarxes educatives: <\/strong>dinamitzaci\u00f3 i suport a les xarxes educatives de la zona, vetllant per l&#8217;equitat i la inclusi\u00f3.<\/li>\n\n\n\n<li><strong>Acompanyament en tecnologies digitals: <\/strong>suport al professorat i als centres en l\u2019\u00fas educatiu de les tecnologies digitals, amb l\u2019objectiu de garantir l\u2019acc\u00e9s de tot l\u2019alumnat a un aprenentatge en l\u00ednia de qualitat.<\/li>\n<\/ul>\n\n\n\n<p class=\"has-white-color has-ast-global-color-1-background-color has-text-color has-background has-link-color has-medium-font-size wp-elements-7177e48ecfc32b5fb6edfdc8c548206f\"><strong>Equip de treball<\/strong><\/p>\n\n\n\n<div class=\"wp-block-columns is-layout-flex wp-container-core-columns-is-layout-1 wp-block-columns-is-layout-flex\" style=\"padding-top:0;padding-bottom:0\">\n<div class=\"wp-block-column is-layout-flow wp-block-column-is-layout-flow\">\n<figure class=\"wp-block-image aligncenter size-full is-resized\"><a href=\"https:\/\/serveiseducatius.xtec.cat\/garraf\/wp-content\/uploads\/usu1185\/2025\/10\/Joana.png\"><img loading=\"lazy\" decoding=\"async\" width=\"400\" height=\"400\" src=\"https:\/\/serveiseducatius.xtec.cat\/garraf\/wp-content\/uploads\/usu1185\/2025\/10\/Joana.png\" alt=\"\" class=\"wp-image-18936\" style=\"width:170px;height:auto\" srcset=\"https:\/\/serveiseducatius.xtec.cat\/garraf\/wp-content\/uploads\/usu1185\/2025\/10\/Joana.png 400w, https:\/\/serveiseducatius.xtec.cat\/garraf\/wp-content\/uploads\/usu1185\/2025\/10\/Joana-300x300.png 300w, https:\/\/serveiseducatius.xtec.cat\/garraf\/wp-content\/uploads\/usu1185\/2025\/10\/Joana-150x150.png 150w\" sizes=\"auto, (max-width: 400px) 100vw, 400px\" \/><\/a><\/figure>\n\n\n\n<p class=\"has-text-align-center\"><strong>Joana Carbonell Puerto<\/strong><\/p>\n\n\n\n<p class=\"has-text-align-center\">Directora del CRP<\/p>\n\n\n\n<p class=\"has-text-align-center\"><em>extensi\u00f3 6470<\/em><\/p>\n<\/div>\n\n\n\n<div class=\"wp-block-column is-layout-flow wp-block-column-is-layout-flow\">\n<p class=\"has-text-align-center has-white-color has-ast-global-color-1-background-color has-text-color has-background has-link-color wp-elements-f4e8b4c443bb1235ea48ebe6b2ae7d79\"><strong>Centres de refer\u00e8ncia<\/strong><\/p>\n\n\n\n<ul class=\"wp-block-list\">\n<li class=\"has-small-font-size\">Cubelles<\/li>\n\n\n\n<li class=\"has-small-font-size\">Vilanova\n<ul class=\"wp-block-list\">\n<li>ESC Canig\u00f3<\/li>\n\n\n\n<li>ESC Cosset\u00e0nia<\/li>\n\n\n\n<li>ESC El Margall\u00f3<\/li>\n\n\n\n<li>ESC \u00cdtaca<\/li>\n\n\n\n<li>ESC Llebetx<\/li>\n\n\n\n<li>ESC Volerany<\/li>\n\n\n\n<li>INS Baix a mar<\/li>\n\n\n\n<li>INS Dolors Mallafr\u00e9<\/li>\n\n\n\n<li>COL Divina Provid\u00e8ncia<\/li>\n\n\n\n<li>ESC El Cim<\/li>\n\n\n\n<li>COL Santa Teresa<\/li>\n<\/ul>\n<\/li>\n<\/ul>\n<\/div>\n\n\n\n<div class=\"wp-block-column is-layout-flow wp-block-column-is-layout-flow\">\n<p class=\"has-text-align-center has-white-color has-ast-global-color-1-background-color has-text-color has-background has-link-color wp-elements-c858a3ce863879c014739dfa69def3ff\"><strong>Referent<\/strong><\/p>\n\n\n\n<ul class=\"wp-block-list\">\n<li class=\"has-small-font-size\">Coordinaci\u00f3 del Servei Educatiu<\/li>\n\n\n\n<li class=\"has-small-font-size\">Direcci\u00f3 del Centre de Recursos<\/li>\n\n\n\n<li class=\"has-small-font-size\">Biblioteques Escolars<\/li>\n\n\n\n<li class=\"has-small-font-size\">Xarxa de Compet\u00e8ncies<\/li>\n<\/ul>\n<\/div>\n<\/div>\n\n\n\n<hr class=\"wp-block-separator has-text-color has-ast-global-color-1-color has-alpha-channel-opacity has-ast-global-color-1-background-color has-background is-style-wide\"\/>\n\n\n\n<div class=\"wp-block-columns is-layout-flex wp-container-core-columns-is-layout-2 wp-block-columns-is-layout-flex\" style=\"padding-top:0;padding-bottom:0\">\n<div class=\"wp-block-column is-layout-flow wp-block-column-is-layout-flow\">\n<figure class=\"wp-block-image aligncenter size-full is-resized\"><a href=\"https:\/\/serveiseducatius.xtec.cat\/garraf\/wp-content\/uploads\/usu1185\/2025\/10\/Xavi.png\"><img loading=\"lazy\" decoding=\"async\" width=\"400\" height=\"400\" src=\"https:\/\/serveiseducatius.xtec.cat\/garraf\/wp-content\/uploads\/usu1185\/2025\/10\/Xavi.png\" alt=\"\" class=\"wp-image-18938\" style=\"width:170px;height:auto\" srcset=\"https:\/\/serveiseducatius.xtec.cat\/garraf\/wp-content\/uploads\/usu1185\/2025\/10\/Xavi.png 400w, https:\/\/serveiseducatius.xtec.cat\/garraf\/wp-content\/uploads\/usu1185\/2025\/10\/Xavi-300x300.png 300w, https:\/\/serveiseducatius.xtec.cat\/garraf\/wp-content\/uploads\/usu1185\/2025\/10\/Xavi-150x150.png 150w\" sizes=\"auto, (max-width: 400px) 100vw, 400px\" \/><\/a><\/figure>\n\n\n\n<p class=\"has-text-align-center\"><strong>Xavi Garc\u00eda Estrada<\/strong><\/p>\n\n\n\n<p class=\"has-text-align-center\">Assessor docent<\/p>\n\n\n\n<p class=\"has-text-align-center\"><em>extensi\u00f3 6471<\/em><\/p>\n<\/div>\n\n\n\n<div class=\"wp-block-column is-layout-flow wp-block-column-is-layout-flow\">\n<p class=\"has-text-align-center has-white-color has-ast-global-color-1-background-color has-text-color has-background has-link-color wp-elements-f4e8b4c443bb1235ea48ebe6b2ae7d79\"><strong>Centres de refer\u00e8ncia<\/strong><\/p>\n\n\n\n<ul class=\"wp-block-list\">\n<li class=\"has-small-font-size\">Sitges<\/li>\n\n\n\n<li class=\"has-small-font-size\">Canyelles<\/li>\n\n\n\n<li class=\"has-small-font-size\">Olivella<\/li>\n\n\n\n<li class=\"has-small-font-size\">Vilanova\n<ul class=\"wp-block-list\">\n<li class=\"has-small-font-size\">ESC L&#8217;Arjau<\/li>\n\n\n\n<li class=\"has-small-font-size\">INS Joaquim Mir<\/li>\n\n\n\n<li class=\"has-small-font-size\">INS F.X. Lluch i Rafecas<\/li>\n\n\n\n<li class=\"has-small-font-size\">Escola Pia<\/li>\n\n\n\n<li class=\"has-small-font-size\">COL Sant Bonaventura<\/li>\n<\/ul>\n<\/li>\n<\/ul>\n<\/div>\n\n\n\n<div class=\"wp-block-column is-layout-flow wp-block-column-is-layout-flow\">\n<p class=\"has-text-align-center has-white-color has-ast-global-color-1-background-color has-text-color has-background has-link-color wp-elements-c858a3ce863879c014739dfa69def3ff\"><strong>Referent<\/strong><\/p>\n\n\n\n<ul class=\"wp-block-list\">\n<li class=\"has-small-font-size\">Referent Digital\u00a0<\/li>\n\n\n\n<li class=\"has-small-font-size\">Mentoria 4.0<\/li>\n\n\n\n<li class=\"has-small-font-size\">TIC\u00a0<\/li>\n\n\n\n<li class=\"has-small-font-size\">STEAM<\/li>\n\n\n\n<li class=\"has-small-font-size\">Suport Vital B\u00e0sic<\/li>\n\n\n\n<li class=\"has-small-font-size\">Prova d&#8217;Avaluaci\u00f3 de Compet\u00e8ncies<\/li>\n\n\n\n<li class=\"has-small-font-size\">Secretari de la Comissi\u00f3 del PFZ<\/li>\n\n\n\n<li class=\"has-small-font-size\">Riscos laborals<\/li>\n<\/ul>\n<\/div>\n<\/div>\n\n\n\n<hr class=\"wp-block-separator has-text-color has-ast-global-color-1-color has-alpha-channel-opacity has-ast-global-color-1-background-color has-background is-style-wide\"\/>\n\n\n\n<div class=\"wp-block-columns is-layout-flex wp-container-core-columns-is-layout-3 wp-block-columns-is-layout-flex\" style=\"padding-top:0;padding-bottom:0\">\n<div class=\"wp-block-column is-layout-flow wp-block-column-is-layout-flow\">\n<figure class=\"wp-block-image aligncenter size-full is-resized\"><a href=\"https:\/\/serveiseducatius.xtec.cat\/garraf\/wp-content\/uploads\/usu1185\/2025\/10\/Josep.png\"><img loading=\"lazy\" decoding=\"async\" width=\"400\" height=\"400\" src=\"https:\/\/serveiseducatius.xtec.cat\/garraf\/wp-content\/uploads\/usu1185\/2025\/10\/Josep.png\" alt=\"\" class=\"wp-image-18937\" style=\"width:170px;height:auto\" srcset=\"https:\/\/serveiseducatius.xtec.cat\/garraf\/wp-content\/uploads\/usu1185\/2025\/10\/Josep.png 400w, https:\/\/serveiseducatius.xtec.cat\/garraf\/wp-content\/uploads\/usu1185\/2025\/10\/Josep-300x300.png 300w, https:\/\/serveiseducatius.xtec.cat\/garraf\/wp-content\/uploads\/usu1185\/2025\/10\/Josep-150x150.png 150w\" sizes=\"auto, (max-width: 400px) 100vw, 400px\" \/><\/a><\/figure>\n\n\n\n<p class=\"has-text-align-center\"><strong>Josep Rius Roig<\/strong><\/p>\n\n\n\n<p class=\"has-text-align-center\">Assessor docent<\/p>\n\n\n\n<p class=\"has-text-align-center\"><em>extensi\u00f3 6472<\/em><\/p>\n<\/div>\n\n\n\n<div class=\"wp-block-column is-layout-flow wp-block-column-is-layout-flow\">\n<p class=\"has-text-align-center has-white-color has-ast-global-color-1-background-color has-text-color has-background has-link-color wp-elements-f4e8b4c443bb1235ea48ebe6b2ae7d79\"><strong>Centres de refer\u00e8ncia<\/strong><\/p>\n\n\n\n<ul class=\"wp-block-list\">\n<li class=\"has-small-font-size\">Sant Pere de Ribes<\/li>\n\n\n\n<li class=\"has-small-font-size\">Les Roquetes<\/li>\n\n\n\n<li class=\"has-small-font-size\">Vilanova\n<ul class=\"wp-block-list\">\n<li>ESC L&#8217;Aragai<\/li>\n\n\n\n<li>ESC Sant Jordi<\/li>\n\n\n\n<li>INS Manuel de Cabanyes<\/li>\n<\/ul>\n<\/li>\n<\/ul>\n<\/div>\n\n\n\n<div class=\"wp-block-column is-layout-flow wp-block-column-is-layout-flow\">\n<p class=\"has-text-align-center has-white-color has-ast-global-color-1-background-color has-text-color has-background has-link-color wp-elements-c858a3ce863879c014739dfa69def3ff\"><strong>Referent<\/strong><\/p>\n\n\n\n<ul class=\"wp-block-list\">\n<li class=\"has-small-font-size\">Centres formadors &#8211; Pr\u00e0cticum<\/li>\n\n\n\n<li class=\"has-small-font-size\">Lleng\u00fces Estrangeres<\/li>\n\n\n\n<li class=\"has-small-font-size\">Coeducaci\u00f3<\/li>\n\n\n\n<li class=\"has-small-font-size\">Escoles lliure de viol\u00e8ncia<\/li>\n\n\n\n<li class=\"has-small-font-size\">Servei Comunitari<\/li>\n\n\n\n<li class=\"has-small-font-size\">Escoles Verdes\/Agenda 21<\/li>\n\n\n\n<li class=\"has-small-font-size\">CESIRE<\/li>\n\n\n\n<li class=\"has-small-font-size\">Programes d\u2019Innovaci\u00f3<\/li>\n\n\n\n<li class=\"has-small-font-size\">Xarxa Territorial de Millora Educativa<\/li>\n<\/ul>\n<\/div>\n<\/div>\n\n\n\n<hr class=\"wp-block-separator has-text-color has-ast-global-color-1-color has-alpha-channel-opacity has-ast-global-color-1-background-color has-background is-style-wide\" style=\"margin-top:var(--wp--preset--spacing--20);margin-bottom:var(--wp--preset--spacing--20)\"\/>\n\n\n\n<div class=\"wp-block-columns is-layout-flex wp-container-core-columns-is-layout-4 wp-block-columns-is-layout-flex\">\n<div class=\"wp-block-column is-layout-flow wp-block-column-is-layout-flow\" style=\"flex-basis:33.33%\">\n<figure class=\"wp-block-image aligncenter size-full is-resized\"><a href=\"https:\/\/serveiseducatius.xtec.cat\/garraf\/wp-content\/uploads\/usu1185\/2025\/10\/Xavi-N-1.png\"><img loading=\"lazy\" decoding=\"async\" width=\"400\" height=\"400\" src=\"https:\/\/serveiseducatius.xtec.cat\/garraf\/wp-content\/uploads\/usu1185\/2025\/10\/Xavi-N-1.png\" alt=\"\" class=\"wp-image-18946\" style=\"width:170px;height:auto\" srcset=\"https:\/\/serveiseducatius.xtec.cat\/garraf\/wp-content\/uploads\/usu1185\/2025\/10\/Xavi-N-1.png 400w, https:\/\/serveiseducatius.xtec.cat\/garraf\/wp-content\/uploads\/usu1185\/2025\/10\/Xavi-N-1-300x300.png 300w, https:\/\/serveiseducatius.xtec.cat\/garraf\/wp-content\/uploads\/usu1185\/2025\/10\/Xavi-N-1-150x150.png 150w\" sizes=\"auto, (max-width: 400px) 100vw, 400px\" \/><\/a><\/figure>\n\n\n\n<p class=\"has-text-align-center\"><strong>Xavi N\u00fa\u00f1ez L\u00f3pez<\/strong><\/p>\n\n\n\n<p class=\"has-text-align-center\">Educador social<\/p>\n\n\n\n<p class=\"has-text-align-center\"><em>jnunez26@xtec.cat<\/em> \/ 677720077<\/p>\n<\/div>\n\n\n\n<div class=\"wp-block-column is-layout-flow wp-block-column-is-layout-flow\" style=\"flex-basis:66.66%\">\n<p class=\"has-text-align-center has-white-color has-ast-global-color-1-background-color has-text-color has-background has-link-color wp-elements-6ba5e8b100bcbf1c5ec995d9affc501c\"><strong>Tasques<\/strong><\/p>\n\n\n\n<ul class=\"wp-block-list\">\n<li class=\"has-small-font-size\">Identificaci\u00f3 i contacte els serveis de la zona vinculats amb l\u2019abandonament escolar prematur.<\/li>\n\n\n\n<li class=\"has-small-font-size\">Coneixement sobre l\u2019oferta formativa i educativa disponible a la zona.\u00a0<\/li>\n\n\n\n<li class=\"has-small-font-size\">Contacte amb l\u2019alumnat que ha abandonat els estudis per identificar-ne necessitats, motivacions i possibles barreres.<\/li>\n\n\n\n<li class=\"has-small-font-size\">Disseny i aplicaci\u00f3 de plans d\u2019intervenci\u00f3 personalitzats.<\/li>\n\n\n\n<li class=\"has-small-font-size\">Coordinaci\u00f3 amb els diferents professionals del territori.<\/li>\n<\/ul>\n<\/div>\n<\/div>\n\n\n\n<hr class=\"wp-block-separator has-text-color has-ast-global-color-1-color has-alpha-channel-opacity has-ast-global-color-1-background-color has-background is-style-wide\"\/>\n\n\n\n<div class=\"wp-block-columns is-layout-flex wp-container-core-columns-is-layout-6 wp-block-columns-is-layout-flex\" style=\"padding-top:0;padding-bottom:0\">\n<div class=\"wp-block-column is-layout-flow wp-block-column-is-layout-flow\" style=\"flex-basis:33.33%\">\n<figure class=\"wp-block-image aligncenter size-full is-resized\"><a href=\"https:\/\/serveiseducatius.xtec.cat\/garraf\/wp-content\/uploads\/usu1185\/2025\/10\/Pau.png\"><img loading=\"lazy\" decoding=\"async\" width=\"400\" height=\"400\" src=\"https:\/\/serveiseducatius.xtec.cat\/garraf\/wp-content\/uploads\/usu1185\/2025\/10\/Pau.png\" alt=\"\" class=\"wp-image-18956\" style=\"width:170px;height:auto\" srcset=\"https:\/\/serveiseducatius.xtec.cat\/garraf\/wp-content\/uploads\/usu1185\/2025\/10\/Pau.png 400w, https:\/\/serveiseducatius.xtec.cat\/garraf\/wp-content\/uploads\/usu1185\/2025\/10\/Pau-300x300.png 300w, https:\/\/serveiseducatius.xtec.cat\/garraf\/wp-content\/uploads\/usu1185\/2025\/10\/Pau-150x150.png 150w\" sizes=\"auto, (max-width: 400px) 100vw, 400px\" \/><\/a><\/figure>\n\n\n\n<p class=\"has-text-align-center\"><strong>Pau Comas Angrill<\/strong><\/p>\n\n\n\n<p class=\"has-text-align-center\">Mentor digital<\/p>\n\n\n\n<p class=\"has-text-align-center\"><em>pcomas2@xtec.cat<\/em><\/p>\n<\/div>\n\n\n\n<div class=\"wp-block-column is-layout-flow wp-block-column-is-layout-flow\" style=\"flex-basis:66.66%\">\n<p class=\"has-text-align-center has-white-color has-ast-global-color-1-background-color has-text-color has-background has-link-color wp-elements-f4e8b4c443bb1235ea48ebe6b2ae7d79\"><strong>Centres de refer\u00e8ncia<\/strong><\/p>\n\n\n\n<div class=\"wp-block-columns is-layout-flex wp-container-core-columns-is-layout-5 wp-block-columns-is-layout-flex\">\n<div class=\"wp-block-column is-layout-flow wp-block-column-is-layout-flow\">\n<ul class=\"wp-block-list\">\n<li style=\"font-size:13px\">INS Pla del Bosc<\/li>\n\n\n\n<li style=\"font-size:13px\">ESC J.A. Charlie Rivel<\/li>\n\n\n\n<li style=\"font-size:13px\">ESC Mar i cel<\/li>\n\n\n\n<li style=\"font-size:13px\">ESC El Pi<\/li>\n\n\n\n<li style=\"font-size:13px\">ESC Riera de Ribes<\/li>\n\n\n\n<li style=\"font-size:13px\">ESC Mediterr\u00e0nia<\/li>\n\n\n\n<li style=\"font-size:13px\">ESC Agn\u00e8s de Sitges<\/li>\n\n\n\n<li style=\"font-size:13px\">ESC Esteve Barrachina<\/li>\n\n\n\n<li style=\"font-size:13px\">ESC Maria Oss\u00f3<\/li>\n\n\n\n<li style=\"font-size:13px\">ESC Miquel Utrillo<\/li>\n\n\n\n<li style=\"font-size:13px\">INS Vinyet<\/li>\n\n\n\n<li style=\"font-size:13px\">Escola Pia de Sitges<\/li>\n<\/ul>\n<\/div>\n\n\n\n<div class=\"wp-block-column is-layout-flow wp-block-column-is-layout-flow\">\n<ul class=\"wp-block-list\">\n<li style=\"font-size:13px\">ESC L&#8217;Aragai<\/li>\n\n\n\n<li style=\"font-size:13px\">ESC L&#8217;Arjau<\/li>\n\n\n\n<li style=\"font-size:13px\">ESC Canig\u00f3<\/li>\n\n\n\n<li style=\"font-size:13px\">ESC El Margall\u00f3<\/li>\n\n\n\n<li style=\"font-size:13px\">ESC Ginesta<\/li>\n\n\n\n<li style=\"font-size:13px\">ESC Llebetx<\/li>\n\n\n\n<li style=\"font-size:13px\">ESC Volerany<\/li>\n\n\n\n<li style=\"font-size:13px\">INS Dolors Mallafr\u00e8<\/li>\n\n\n\n<li style=\"font-size:13px\">INS Joaquim Mir<\/li>\n\n\n\n<li style=\"font-size:13px\">COL Divina Provid\u00e8ncia<\/li>\n\n\n\n<li style=\"font-size:13px\">COL Sant Bonaventura<\/li>\n<\/ul>\n<\/div>\n<\/div>\n<\/div>\n<\/div>\n\n\n\n<hr class=\"wp-block-separator has-text-color has-ast-global-color-1-color has-alpha-channel-opacity has-ast-global-color-1-background-color has-background is-style-wide\"\/>\n\n\n\n<div class=\"wp-block-columns is-layout-flex wp-container-core-columns-is-layout-9 wp-block-columns-is-layout-flex\" style=\"padding-top:0;padding-bottom:0\">\n<div class=\"wp-block-column is-layout-flow wp-block-column-is-layout-flow\" style=\"flex-basis:33.33%\">\n<figure class=\"wp-block-image aligncenter size-full is-resized\"><a href=\"https:\/\/serveiseducatius.xtec.cat\/garraf\/wp-content\/uploads\/usu1185\/2025\/10\/Salva.png\"><img loading=\"lazy\" decoding=\"async\" width=\"400\" height=\"400\" src=\"https:\/\/serveiseducatius.xtec.cat\/garraf\/wp-content\/uploads\/usu1185\/2025\/10\/Salva.png\" alt=\"\" class=\"wp-image-18957\" style=\"width:170px;height:auto\" srcset=\"https:\/\/serveiseducatius.xtec.cat\/garraf\/wp-content\/uploads\/usu1185\/2025\/10\/Salva.png 400w, https:\/\/serveiseducatius.xtec.cat\/garraf\/wp-content\/uploads\/usu1185\/2025\/10\/Salva-300x300.png 300w, https:\/\/serveiseducatius.xtec.cat\/garraf\/wp-content\/uploads\/usu1185\/2025\/10\/Salva-150x150.png 150w\" sizes=\"auto, (max-width: 400px) 100vw, 400px\" \/><\/a><\/figure>\n\n\n\n<p class=\"has-text-align-center\"><strong>Salva P\u00e9rez Descals<\/strong><\/p>\n\n\n\n<p class=\"has-text-align-center\">Mentor digital<\/p>\n\n\n\n<p class=\"has-text-align-center\"><em>sperez43@xtec.cat<\/em><\/p>\n<\/div>\n\n\n\n<div class=\"wp-block-column is-layout-flow wp-block-column-is-layout-flow\" style=\"flex-basis:66.66%\">\n<p class=\"has-text-align-center has-white-color has-ast-global-color-1-background-color has-text-color has-background has-link-color wp-elements-f4e8b4c443bb1235ea48ebe6b2ae7d79\"><strong>Centres de refer\u00e8ncia<\/strong><\/p>\n\n\n\n<div class=\"wp-block-columns is-layout-flex wp-container-core-columns-is-layout-8 wp-block-columns-is-layout-flex\">\n<div class=\"wp-block-column is-layout-flow wp-block-column-is-layout-flow\">\n<div class=\"wp-block-columns is-layout-flex wp-container-core-columns-is-layout-7 wp-block-columns-is-layout-flex\">\n<div class=\"wp-block-column is-layout-flow wp-block-column-is-layout-flow\">\n<ul class=\"wp-block-list\">\n<li style=\"font-size:13px\">ESC Els Costerets<\/li>\n\n\n\n<li style=\"font-size:13px\">ESC Les Roquetes<\/li>\n\n\n\n<li style=\"font-size:13px\">ESC Parellades<\/li>\n\n\n\n<li style=\"font-size:13px\">ESC Santa Eul\u00e0lia<\/li>\n\n\n\n<li style=\"font-size:13px\">INS A. Gal\u00ed<\/li>\n\n\n\n<li style=\"font-size:13px\">INS Can Puig<\/li>\n\n\n\n<li style=\"font-size:13px\">INS Montgr\u00f2s<\/li>\n\n\n\n<li style=\"font-size:13px\">INS Xaloc<\/li>\n\n\n\n<li style=\"font-size:13px\">INS J.R. Benapr\u00e8s<\/li>\n\n\n\n<li style=\"font-size:13px\">ESC Cosset\u00e0nia<\/li>\n<\/ul>\n<\/div>\n\n\n\n<div class=\"wp-block-column is-layout-flow wp-block-column-is-layout-flow\">\n<ul class=\"wp-block-list\">\n<li style=\"font-size:13px\">ESC \u00cdtaca<\/li>\n\n\n\n<li style=\"font-size:13px\">ESC Sant Jordi<\/li>\n\n\n\n<li style=\"font-size:13px\">INS Baix a mar<\/li>\n\n\n\n<li style=\"font-size:13px\">INS F.X. Lluch i Rafecas<\/li>\n\n\n\n<li style=\"font-size:13px\">INS Manuel de Cabanyes<\/li>\n\n\n\n<li style=\"font-size:13px\">Escola El Cim<\/li>\n\n\n\n<li style=\"font-size:13px\">Escola Pia de VNG<\/li>\n\n\n\n<li style=\"font-size:13px\">COL Santa Teresa<\/li>\n<\/ul>\n<\/div>\n<\/div>\n<\/div>\n<\/div>\n<\/div>\n<\/div>\n","protected":false},"excerpt":{"rendered":"<p>El CRP del Garraf \u00e9s l&#8217;equip de dinamitzaci\u00f3 i assessorament adre\u00e7at al professorat i als centres educatius de la comarca per donar suport en els processos de millora i transformaci\u00f3 educativa, fomentant la qualitat i la innovaci\u00f3 en l\u2019ensenyament. Funcions Equip de treball Joana Carbonell Puerto Directora del CRP extensi\u00f3 6470 Centres de refer\u00e8ncia Referent [&hellip;]<\/p>\n","protected":false},"author":10,"featured_media":0,"parent":0,"menu_order":0,"comment_status":"closed","ping_status":"close","template":"","meta":{"_bbp_topic_count":0,"_bbp_reply_count":0,"_bbp_total_topic_count":0,"_bbp_total_reply_count":0,"_bbp_voice_count":0,"_bbp_anonymous_reply_count":0,"_bbp_topic_count_hidden":0,"_bbp_reply_count_hidden":0,"_bbp_forum_subforum_count":0,"site-sidebar-layout":"default","site-content-layout":"","ast-site-content-layout":"default","site-content-style":"default","site-sidebar-style":"default","ast-global-header-display":"","ast-banner-title-visibility":"","ast-main-header-display":"","ast-hfb-above-header-display":"","ast-hfb-below-header-display":"","ast-hfb-mobile-header-display":"","site-post-title":"","ast-breadcrumbs-content":"","ast-featured-img":"","footer-sml-layout":"","theme-transparent-header-meta":"","adv-header-id-meta":"","stick-header-meta":"","header-above-stick-meta":"","header-main-stick-meta":"","header-below-stick-meta":"","astra-migrate-meta-layouts":"set","ast-page-background-enabled":"default","ast-page-background-meta":{"desktop":{"background-color":"var(--ast-global-color-4)","background-image":"","background-repeat":"repeat","background-position":"center center","background-size":"auto","background-attachment":"scroll","background-type":"","background-media":"","overlay-type":"","overlay-color":"","overlay-opacity":"","overlay-gradient":""},"tablet":{"background-color":"","background-image":"","background-repeat":"repeat","background-position":"center center","background-size":"auto","background-attachment":"scroll","background-type":"","background-media":"","overlay-type":"","overlay-color":"","overlay-opacity":"","overlay-gradient":""},"mobile":{"background-color":"","background-image":"","background-repeat":"repeat","background-position":"center center","background-size":"auto","background-attachment":"scroll","background-type":"","background-media":"","overlay-type":"","overlay-color":"","overlay-opacity":"","overlay-gradient":""}},"ast-content-background-meta":{"desktop":{"background-color":"var(--ast-global-color-5)","background-image":"","background-repeat":"repeat","background-position":"center center","background-size":"auto","background-attachment":"scroll","background-type":"","background-media":"","overlay-type":"","overlay-color":"","overlay-opacity":"","overlay-gradient":""},"tablet":{"background-color":"var(--ast-global-color-5)","background-image":"","background-repeat":"repeat","background-position":"center center","background-size":"auto","background-attachment":"scroll","background-type":"","background-media":"","overlay-type":"","overlay-color":"","overlay-opacity":"","overlay-gradient":""},"mobile":{"background-color":"var(--ast-global-color-5)","background-image":"","background-repeat":"repeat","background-position":"center center","background-size":"auto","background-attachment":"scroll","background-type":"","background-media":"","overlay-type":"","overlay-color":"","overlay-opacity":"","overlay-gradient":""}},"footnotes":""},"class_list":["post-18935","page","type-page","status-publish","hentry"],"post_mailing_queue_ids":[],"_links":{"self":[{"href":"https:\/\/serveiseducatius.xtec.cat\/garraf\/wp-json\/wp\/v2\/pages\/18935","targetHints":{"allow":["GET"]}}],"collection":[{"href":"https:\/\/serveiseducatius.xtec.cat\/garraf\/wp-json\/wp\/v2\/pages"}],"about":[{"href":"https:\/\/serveiseducatius.xtec.cat\/garraf\/wp-json\/wp\/v2\/types\/page"}],"author":[{"embeddable":true,"href":"https:\/\/serveiseducatius.xtec.cat\/garraf\/wp-json\/wp\/v2\/users\/10"}],"replies":[{"embeddable":true,"href":"https:\/\/serveiseducatius.xtec.cat\/garraf\/wp-json\/wp\/v2\/comments?post=18935"}],"version-history":[{"count":6,"href":"https:\/\/serveiseducatius.xtec.cat\/garraf\/wp-json\/wp\/v2\/pages\/18935\/revisions"}],"predecessor-version":[{"id":18995,"href":"https:\/\/serveiseducatius.xtec.cat\/garraf\/wp-json\/wp\/v2\/pages\/18935\/revisions\/18995"}],"wp:attachment":[{"href":"https:\/\/serveiseducatius.xtec.cat\/garraf\/wp-json\/wp\/v2\/media?parent=18935"}],"curies":[{"name":"wp","href":"https:\/\/api.w.org\/{rel}","templated":true}]}}