{"id":18728,"date":"2025-10-13T13:43:42","date_gmt":"2025-10-13T11:43:42","guid":{"rendered":"https:\/\/serveiseducatius.xtec.cat\/garraf\/?page_id=18728"},"modified":"2026-01-13T16:35:32","modified_gmt":"2026-01-13T15:35:32","slug":"activitats-escoles-verdes-agenda-21","status":"publish","type":"page","link":"https:\/\/serveiseducatius.xtec.cat\/garraf\/activitats-escoles-verdes-agenda-21\/","title":{"rendered":"Activitats Escoles Verdes\/Agenda 21"},"content":{"rendered":"\n<p class=\"has-white-color has-ast-global-color-1-background-color has-text-color has-background has-link-color has-medium-font-size wp-elements-2c9cb9bfbdb13221e91829a8781b1b1c\"><strong>Ci\u00e8ncia ciutadana<\/strong><\/p>\n\n\n\n<div class=\"wp-block-columns is-layout-flex wp-container-core-columns-is-layout-1 wp-block-columns-is-layout-flex\">\n<div class=\"wp-block-column is-layout-flow wp-block-column-is-layout-flow\">\n<figure class=\"wp-block-image aligncenter size-full is-resized\"><a href=\"https:\/\/mediambient.gencat.cat\/ca\/05_ambits_dactuacio\/persones-i-natura\/centres-educatius\/xarxa-escoles-verdes\/escoles-obertes-natura\/projecte-jardins-papallones\/index.html\"><img loading=\"lazy\" decoding=\"async\" width=\"306\" height=\"167\" src=\"https:\/\/serveiseducatius.xtec.cat\/garraf\/wp-content\/uploads\/usu1185\/2025\/10\/logo-museu-granollers.png\" alt=\"\" class=\"wp-image-18715\" style=\"width:244px;height:auto\" srcset=\"https:\/\/serveiseducatius.xtec.cat\/garraf\/wp-content\/uploads\/usu1185\/2025\/10\/logo-museu-granollers.png 306w, https:\/\/serveiseducatius.xtec.cat\/garraf\/wp-content\/uploads\/usu1185\/2025\/10\/logo-museu-granollers-300x164.png 300w\" sizes=\"auto, (max-width: 306px) 100vw, 306px\" \/><\/a><\/figure>\n\n\n\n<p class=\"has-text-align-center has-medium-font-size\"><strong>Jardins de papallones<\/strong><\/p>\n\n\n\n<p class=\"has-text-align-center\">El<a href=\"https:\/\/www.mcng.cat\/\"> Museu de Ci\u00e8ncies Naturals de Granollers<\/a> i el programa de seguiment de papallones CBMS ofereixen assessorament a l\u2019alumnat dels centres en la identificaci\u00f3, comptatge, estudi i seguiment de les esp\u00e8cies de papallones amb la plataforma de ci\u00e8ncia ciutadana.<\/p>\n\n\n\n<div class=\"wp-block-buttons is-content-justification-center is-layout-flex wp-container-core-buttons-is-layout-1 wp-block-buttons-is-layout-flex\">\n<div class=\"wp-block-button\"><a class=\"wp-block-button__link wp-element-button\" href=\"https:\/\/www.jardinsdepapallones.org\/\"><strong>Acc\u00e9s a la plataforma<\/strong><\/a><\/div>\n<\/div>\n<\/div>\n\n\n\n<div class=\"wp-block-column is-layout-flow wp-block-column-is-layout-flow\">\n<figure class=\"wp-block-image aligncenter size-full\"><a href=\"https:\/\/cienciaciutadana.museudelesaigues.cat\/\"><img loading=\"lazy\" decoding=\"async\" width=\"1674\" height=\"544\" src=\"https:\/\/serveiseducatius.xtec.cat\/garraf\/wp-content\/uploads\/usu1185\/2025\/10\/Aigua-de-barri.png\" alt=\"\" class=\"wp-image-18716\" srcset=\"https:\/\/serveiseducatius.xtec.cat\/garraf\/wp-content\/uploads\/usu1185\/2025\/10\/Aigua-de-barri.png 1674w, https:\/\/serveiseducatius.xtec.cat\/garraf\/wp-content\/uploads\/usu1185\/2025\/10\/Aigua-de-barri-300x97.png 300w, https:\/\/serveiseducatius.xtec.cat\/garraf\/wp-content\/uploads\/usu1185\/2025\/10\/Aigua-de-barri-1024x333.png 1024w, https:\/\/serveiseducatius.xtec.cat\/garraf\/wp-content\/uploads\/usu1185\/2025\/10\/Aigua-de-barri-768x250.png 768w, https:\/\/serveiseducatius.xtec.cat\/garraf\/wp-content\/uploads\/usu1185\/2025\/10\/Aigua-de-barri-1536x499.png 1536w\" sizes=\"auto, (max-width: 1674px) 100vw, 1674px\" \/><\/a><\/figure>\n\n\n\n<p class=\"has-text-align-center has-medium-font-size\"><strong>Aigua de barri<\/strong><\/p>\n\n\n\n<p class=\"has-text-align-center\">El <a href=\"https:\/\/www.museudelesaigues.cat\/activitats-educatives\/\">Museu de les Aig\u00fces<\/a> proposa un projecte de ci\u00e8ncia ciutadana basat en la indagaci\u00f3 al voltant de l&#8217;estalvi d&#8217;aigua dirigit a l&#8217;alumnat d&#8217;ESO. El programa consta de 5 etapes i es pot fer a casa o al centre.<\/p>\n\n\n\n<p class=\"has-white-color has-text-color has-link-color wp-elements-dd0e696a2870102f870219f1dfb8f935\">opus opus<\/p>\n\n\n\n<div class=\"wp-block-buttons is-content-justification-center is-layout-flex wp-container-core-buttons-is-layout-2 wp-block-buttons-is-layout-flex\">\n<div class=\"wp-block-button\"><a class=\"wp-block-button__link wp-element-button\" href=\"https:\/\/cienciaciutadana.museudelesaigues.cat\/\"><strong>Acc\u00e9s a la plataforma<\/strong><\/a><\/div>\n<\/div>\n<\/div>\n<\/div>\n\n\n\n<div class=\"wp-block-columns is-layout-flex wp-container-core-columns-is-layout-2 wp-block-columns-is-layout-flex\">\n<div class=\"wp-block-column is-layout-flow wp-block-column-is-layout-flow\">\n<figure class=\"wp-block-image aligncenter size-full is-resized\"><img loading=\"lazy\" decoding=\"async\" width=\"297\" height=\"170\" src=\"https:\/\/serveiseducatius.xtec.cat\/garraf\/wp-content\/uploads\/usu1185\/2025\/10\/images.jpg\" alt=\"\" class=\"wp-image-19023\" style=\"width:346px\"\/><\/figure>\n\n\n\n<p class=\"has-text-align-center has-medium-font-size\"><strong>Rescatant oportunitats<\/strong><\/p>\n\n\n\n<p class=\"has-text-align-center\">\u00c9s un projecte de l&#8217;<a href=\"https:\/\/adeffa.cat\/\">ADEFFA<\/a> que t\u00e9 l&#8217;objectiu de sensibilitzar a la ciutadania des dels centres educatius, sobretot infants i joves, difondre la situaci\u00f3 de moltes esp\u00e8cies greument amena\u00e7ades i promoure actituds responsables en la tinen\u00e7a d&#8217;animals de companyia.<\/p>\n\n\n\n<div class=\"wp-block-buttons is-content-justification-center is-layout-flex wp-container-core-buttons-is-layout-3 wp-block-buttons-is-layout-flex\">\n<div class=\"wp-block-button\"><a class=\"wp-block-button__link wp-element-button\" href=\"https:\/\/adeffa.cat\/pf\/acollida-de-fauna-exotica-i-centre-de-rescat-cites\/\"><strong>Acc\u00e9s als materials<\/strong><\/a><\/div>\n<\/div>\n<\/div>\n\n\n\n<div class=\"wp-block-column is-layout-flow wp-block-column-is-layout-flow\">\n<figure class=\"wp-block-image aligncenter size-full is-resized\"><img loading=\"lazy\" decoding=\"async\" width=\"873\" height=\"413\" src=\"https:\/\/serveiseducatius.xtec.cat\/garraf\/wp-content\/uploads\/usu1185\/2026\/01\/cropped-RN-hor-color.png\" alt=\"\" class=\"wp-image-19468\" style=\"width:402px;height:auto\" srcset=\"https:\/\/serveiseducatius.xtec.cat\/garraf\/wp-content\/uploads\/usu1185\/2026\/01\/cropped-RN-hor-color.png 873w, https:\/\/serveiseducatius.xtec.cat\/garraf\/wp-content\/uploads\/usu1185\/2026\/01\/cropped-RN-hor-color-300x142.png 300w, https:\/\/serveiseducatius.xtec.cat\/garraf\/wp-content\/uploads\/usu1185\/2026\/01\/cropped-RN-hor-color-768x363.png 768w\" sizes=\"auto, (max-width: 873px) 100vw, 873px\" \/><\/figure>\n\n\n\n<p class=\"has-text-align-center has-medium-font-size\"><strong>Ritme Natura<\/strong><\/p>\n\n\n\n<p class=\"has-text-align-center\">Aquest projecte coordinat conjuntament l\u2019observatori ciutad\u00e0\u00a0<a href=\"https:\/\/www.ritmenatura.cat\/\">RitmeNatura<\/a>\u00a0del\u00a0<a href=\"https:\/\/www.creaf.cat\/ca\">CREAF<\/a>\u00a0i la xarxa\u00a0<a href=\"https:\/\/www.meteo.cat\/wpweb\/climatologia\/fenologia\/\">FenoCat<\/a>\u00a0de l\u2019<a href=\"https:\/\/www.meteo.cat\/\">SMC<\/a>\u00a0 t\u00e9 l&#8217;objectiu promoure la participaci\u00f3 ciutadana en el medi rural per a estudiar els efectes del canvi clim\u00e0tic mitjan\u00e7ant l\u2019observaci\u00f3 fenol\u00f2gica (l\u2019observaci\u00f3 dels canvis estacionals dels \u00e9ssers vius).<\/p>\n\n\n\n<div class=\"wp-block-buttons is-content-justification-center is-layout-flex wp-container-core-buttons-is-layout-4 wp-block-buttons-is-layout-flex\">\n<div class=\"wp-block-button\"><a class=\"wp-block-button__link wp-element-button\" href=\"https:\/\/www.ritmenatura.cat\/\"><strong>Acc\u00e9s als materials<\/strong><\/a><\/div>\n<\/div>\n<\/div>\n<\/div>\n\n\n\n<p class=\"has-white-color has-ast-global-color-1-background-color has-text-color has-background has-link-color has-medium-font-size wp-elements-85199be09eafa17449355c7e0be527e8\"><strong><strong>Jornades i confer\u00e8ncies<\/strong><\/strong><\/p>\n\n\n\n<div class=\"wp-block-columns is-layout-flex wp-container-core-columns-is-layout-3 wp-block-columns-is-layout-flex\">\n<div class=\"wp-block-column is-layout-flow wp-block-column-is-layout-flow\">\n<figure class=\"wp-block-image aligncenter size-full is-resized\"><a href=\"https:\/\/setmanabio.cat\/\"><img loading=\"lazy\" decoding=\"async\" width=\"757\" height=\"723\" src=\"https:\/\/serveiseducatius.xtec.cat\/garraf\/wp-content\/uploads\/usu1185\/2025\/10\/flotador.png\" alt=\"\" class=\"wp-image-18717\" style=\"width:346px\" srcset=\"https:\/\/serveiseducatius.xtec.cat\/garraf\/wp-content\/uploads\/usu1185\/2025\/10\/flotador.png 757w, https:\/\/serveiseducatius.xtec.cat\/garraf\/wp-content\/uploads\/usu1185\/2025\/10\/flotador-300x287.png 300w\" sizes=\"auto, (max-width: 757px) 100vw, 757px\" \/><\/a><\/figure>\n\n\n\n<p class=\"has-text-align-center has-medium-font-size\"><strong>Setmana Bio<\/strong><\/p>\n\n\n\n<p class=\"has-text-align-center\">Esdeveniment que se celebra a tot Catalunya i en qu\u00e8 s&#8217;organitzen diverses activitats amb l\u2019objectiu com\u00fa de promocionar i donar a con\u00e8ixer la producci\u00f3 i alimentaci\u00f3 ecol\u00f2giques a tota la poblaci\u00f3.<\/p>\n\n\n\n<div class=\"wp-block-buttons is-content-justification-center is-layout-flex wp-container-core-buttons-is-layout-5 wp-block-buttons-is-layout-flex\">\n<div class=\"wp-block-button\"><a class=\"wp-block-button__link wp-element-button\" href=\"https:\/\/serveiseducatius.xtec.cat\/garraf\/general\/jornades-engeguem-lhort-dhivern\/\"><strong>Jornades &#8220;Engeguem l&#8217;hort a l&#8217;hivern&#8221;<\/strong><\/a><\/div>\n<\/div>\n<\/div>\n\n\n\n<div class=\"wp-block-column is-layout-flow wp-block-column-is-layout-flow\">\n<figure class=\"wp-block-image aligncenter size-full is-resized\"><a href=\"https:\/\/www.ccgarraf.cat\/artsinatura\"><img loading=\"lazy\" decoding=\"async\" width=\"756\" height=\"599\" src=\"https:\/\/serveiseducatius.xtec.cat\/garraf\/wp-content\/uploads\/usu1185\/2025\/10\/MUSEUSVNGAGENDAMUNICIPAL39.png\" alt=\"\" class=\"wp-image-18719\" style=\"width:404px;height:auto\" srcset=\"https:\/\/serveiseducatius.xtec.cat\/garraf\/wp-content\/uploads\/usu1185\/2025\/10\/MUSEUSVNGAGENDAMUNICIPAL39.png 756w, https:\/\/serveiseducatius.xtec.cat\/garraf\/wp-content\/uploads\/usu1185\/2025\/10\/MUSEUSVNGAGENDAMUNICIPAL39-300x238.png 300w\" sizes=\"auto, (max-width: 756px) 100vw, 756px\" \/><\/a><\/figure>\n\n\n\n<p class=\"has-text-align-center has-medium-font-size\"><strong>Arts i natura<\/strong><\/p>\n\n\n\n<p class=\"has-text-align-center\">Festa de tardor organitzada pel Consell Comarcal del Garraf que pret\u00e9n unir l&#8217;art, la natura i la solidaritat a partir d&#8217;una programaci\u00f3 d&#8217;activitats destinades a les fam\u00edlies i al p\u00fablic en general.<\/p>\n\n\n\n<div class=\"wp-block-buttons is-content-justification-center is-layout-flex wp-container-core-buttons-is-layout-6 wp-block-buttons-is-layout-flex\">\n<div class=\"wp-block-button\"><a class=\"wp-block-button__link wp-element-button\" href=\"https:\/\/www.ccgarraf.cat\/artsinatura\"><strong>Acc\u00e9s a la programaci\u00f3<\/strong><\/a><\/div>\n<\/div>\n<\/div>\n<\/div>\n\n\n\n<p class=\"has-white-color has-ast-global-color-1-background-color has-text-color has-background has-link-color has-medium-font-size wp-elements-992c875ab73366ff8d415f6da9471acf\"><strong><strong>Altres activitats<\/strong><\/strong><\/p>\n\n\n\n<div class=\"wp-block-columns is-layout-flex wp-container-core-columns-is-layout-4 wp-block-columns-is-layout-flex\">\n<div class=\"wp-block-column is-layout-flow wp-block-column-is-layout-flow\">\n<figure class=\"wp-block-image aligncenter size-full is-resized\"><a href=\"https:\/\/maritime-forum.ec.europa.eu\/theme\/ocean-literacy-and-blue-skills\/ocean-literacy\/network-european-blue-schools\/become-european-blue-school_en?prefLang=es&amp;etrans=es#become-a-european-blue-school\"><img loading=\"lazy\" decoding=\"async\" width=\"208\" height=\"99\" src=\"https:\/\/serveiseducatius.xtec.cat\/garraf\/wp-content\/uploads\/usu1185\/2025\/12\/Escoles-blaves.png\" alt=\"\" class=\"wp-image-19300\" style=\"width:346px\"\/><\/a><\/figure>\n\n\n\n<p class=\"has-text-align-center has-medium-font-size\"><strong>Escoles Blaves<\/strong><\/p>\n\n\n\n<p class=\"has-text-align-center\">Xarxa europea de centres educatius d\u2019infantil, prim\u00e0ria, secund\u00e0ria o cicles formatius, que, a trav\u00e9s de l\u2019aprenentatge basat en projectes, involucra a l\u2019alumnat&nbsp; i docents amb temes relacionats amb la mar i els rius per a crear consci\u00e8ncia i un sentiment de responsabilitat.<\/p>\n\n\n\n<div class=\"wp-block-buttons is-content-justification-center is-layout-flex wp-container-core-buttons-is-layout-7 wp-block-buttons-is-layout-flex\">\n<div class=\"wp-block-button\"><a class=\"wp-block-button__link wp-element-button\" href=\"https:\/\/serveiseducatius.xtec.cat\/garraf\/general\/xarxa-europea-descoles-blaves\/\"><strong>M\u00e9s informaci\u00f3<\/strong><\/a><\/div>\n<\/div>\n<\/div>\n\n\n\n<div class=\"wp-block-column is-layout-flow wp-block-column-is-layout-flow\"><\/div>\n<\/div>\n","protected":false},"excerpt":{"rendered":"<p>Ci\u00e8ncia ciutadana Jardins de papallones El Museu de Ci\u00e8ncies Naturals de Granollers i el programa de seguiment de papallones CBMS ofereixen assessorament a l\u2019alumnat dels centres en la identificaci\u00f3, comptatge, estudi i seguiment de les esp\u00e8cies de papallones amb la plataforma de ci\u00e8ncia ciutadana. Aigua de barri El Museu de les Aig\u00fces proposa un projecte [&hellip;]<\/p>\n","protected":false},"author":10,"featured_media":0,"parent":0,"menu_order":0,"comment_status":"closed","ping_status":"close","template":"","meta":{"_bbp_topic_count":0,"_bbp_reply_count":0,"_bbp_total_topic_count":0,"_bbp_total_reply_count":0,"_bbp_voice_count":0,"_bbp_anonymous_reply_count":0,"_bbp_topic_count_hidden":0,"_bbp_reply_count_hidden":0,"_bbp_forum_subforum_count":0,"site-sidebar-layout":"default","site-content-layout":"","ast-site-content-layout":"default","site-content-style":"default","site-sidebar-style":"default","ast-global-header-display":"","ast-banner-title-visibility":"","ast-main-header-display":"","ast-hfb-above-header-display":"","ast-hfb-below-header-display":"","ast-hfb-mobile-header-display":"","site-post-title":"","ast-breadcrumbs-content":"","ast-featured-img":"","footer-sml-layout":"","theme-transparent-header-meta":"","adv-header-id-meta":"","stick-header-meta":"","header-above-stick-meta":"","header-main-stick-meta":"","header-below-stick-meta":"","astra-migrate-meta-layouts":"set","ast-page-background-enabled":"default","ast-page-background-meta":{"desktop":{"background-color":"var(--ast-global-color-4)","background-image":"","background-repeat":"repeat","background-position":"center center","background-size":"auto","background-attachment":"scroll","background-type":"","background-media":"","overlay-type":"","overlay-color":"","overlay-opacity":"","overlay-gradient":""},"tablet":{"background-color":"","background-image":"","background-repeat":"repeat","background-position":"center center","background-size":"auto","background-attachment":"scroll","background-type":"","background-media":"","overlay-type":"","overlay-color":"","overlay-opacity":"","overlay-gradient":""},"mobile":{"background-color":"","background-image":"","background-repeat":"repeat","background-position":"center center","background-size":"auto","background-attachment":"scroll","background-type":"","background-media":"","overlay-type":"","overlay-color":"","overlay-opacity":"","overlay-gradient":""}},"ast-content-background-meta":{"desktop":{"background-color":"var(--ast-global-color-5)","background-image":"","background-repeat":"repeat","background-position":"center center","background-size":"auto","background-attachment":"scroll","background-type":"","background-media":"","overlay-type":"","overlay-color":"","overlay-opacity":"","overlay-gradient":""},"tablet":{"background-color":"var(--ast-global-color-5)","background-image":"","background-repeat":"repeat","background-position":"center center","background-size":"auto","background-attachment":"scroll","background-type":"","background-media":"","overlay-type":"","overlay-color":"","overlay-opacity":"","overlay-gradient":""},"mobile":{"background-color":"var(--ast-global-color-5)","background-image":"","background-repeat":"repeat","background-position":"center center","background-size":"auto","background-attachment":"scroll","background-type":"","background-media":"","overlay-type":"","overlay-color":"","overlay-opacity":"","overlay-gradient":""}},"footnotes":""},"class_list":["post-18728","page","type-page","status-publish","hentry"],"post_mailing_queue_ids":[],"_links":{"self":[{"href":"https:\/\/serveiseducatius.xtec.cat\/garraf\/wp-json\/wp\/v2\/pages\/18728","targetHints":{"allow":["GET"]}}],"collection":[{"href":"https:\/\/serveiseducatius.xtec.cat\/garraf\/wp-json\/wp\/v2\/pages"}],"about":[{"href":"https:\/\/serveiseducatius.xtec.cat\/garraf\/wp-json\/wp\/v2\/types\/page"}],"author":[{"embeddable":true,"href":"https:\/\/serveiseducatius.xtec.cat\/garraf\/wp-json\/wp\/v2\/users\/10"}],"replies":[{"embeddable":true,"href":"https:\/\/serveiseducatius.xtec.cat\/garraf\/wp-json\/wp\/v2\/comments?post=18728"}],"version-history":[{"count":6,"href":"https:\/\/serveiseducatius.xtec.cat\/garraf\/wp-json\/wp\/v2\/pages\/18728\/revisions"}],"predecessor-version":[{"id":19470,"href":"https:\/\/serveiseducatius.xtec.cat\/garraf\/wp-json\/wp\/v2\/pages\/18728\/revisions\/19470"}],"wp:attachment":[{"href":"https:\/\/serveiseducatius.xtec.cat\/garraf\/wp-json\/wp\/v2\/media?parent=18728"}],"curies":[{"name":"wp","href":"https:\/\/api.w.org\/{rel}","templated":true}]}}