{"id":18693,"date":"2025-10-13T11:28:49","date_gmt":"2025-10-13T09:28:49","guid":{"rendered":"https:\/\/serveiseducatius.xtec.cat\/garraf\/?page_id=18693"},"modified":"2025-10-13T11:28:49","modified_gmt":"2025-10-13T09:28:49","slug":"curs-2025-2026-xatme","status":"publish","type":"page","link":"https:\/\/serveiseducatius.xtec.cat\/garraf\/curs-2025-2026-xatme\/","title":{"rendered":"Curs 2025-2026 XaTME"},"content":{"rendered":"\n<div class=\"wp-block-columns is-layout-flex wp-container-core-columns-is-layout-1 wp-block-columns-is-layout-flex\">\n<div class=\"wp-block-column is-layout-flow wp-block-column-is-layout-flow\">\n<p class=\"has-text-align-center has-white-color has-ast-global-color-1-background-color has-text-color has-background has-link-color wp-elements-99df23e2268528461a58e6b619c2e5d8\"><strong>Sessi\u00f3 0<\/strong><\/p>\n\n\n\n<p class=\"has-text-align-center\">15 d&#8217;octubre de 2025<\/p>\n\n\n\n<p class=\"has-text-align-center\"><a href=\"https:\/\/meet.google.com\/niw-igeu-wvv\">Virtual<\/a><\/p>\n\n\n\n<div class=\"wp-block-buttons is-content-justification-center is-layout-flex wp-container-core-buttons-is-layout-1 wp-block-buttons-is-layout-flex\">\n<div class=\"wp-block-button\"><a class=\"wp-block-button__link has-text-align-center wp-element-button\" href=\"https:\/\/drive.google.com\/drive\/folders\/1mU9pGPpVNnNT4XCk1rPIDMKApWo-uumZ?usp=sharing\"><strong>Acc\u00e9s als materials<\/strong><\/a><\/div>\n<\/div>\n<\/div>\n\n\n\n<div class=\"wp-block-column is-layout-flow wp-block-column-is-layout-flow\">\n<p class=\"has-text-align-center has-white-color has-ast-global-color-1-background-color has-text-color has-background has-link-color wp-elements-d405bbf143b397e53e809e767b802970\"><strong>Sessi\u00f3 1<\/strong><\/p>\n\n\n\n<p class=\"has-text-align-center\">5 de novembre de 2025<\/p>\n\n\n\n<p class=\"has-text-align-center\">Cal Mata (Saifores)<\/p>\n\n\n\n<div class=\"wp-block-buttons is-content-justification-center is-layout-flex wp-container-core-buttons-is-layout-2 wp-block-buttons-is-layout-flex\">\n<div class=\"wp-block-button\"><a class=\"wp-block-button__link has-text-align-center wp-element-button\" href=\"https:\/\/drive.google.com\/drive\/folders\/1mU9pGPpVNnNT4XCk1rPIDMKApWo-uumZ?usp=sharing\"><strong>Acc\u00e9s als materials<\/strong><\/a><\/div>\n<\/div>\n<\/div>\n\n\n\n<div class=\"wp-block-column is-layout-flow wp-block-column-is-layout-flow\">\n<p class=\"has-text-align-center has-white-color has-ast-global-color-1-background-color has-text-color has-background has-link-color wp-elements-4f6afde1d5ba303684e241dbe0fc8c94\"><strong>Sessi\u00f3 2<\/strong><\/p>\n\n\n\n<p class=\"has-text-align-center\">3 de desembre de 2025<\/p>\n\n\n\n<p class=\"has-text-align-center\">INS Angeleta Ferrer (Barcelona)<\/p>\n\n\n\n<div class=\"wp-block-buttons is-content-justification-center is-layout-flex wp-container-core-buttons-is-layout-3 wp-block-buttons-is-layout-flex\">\n<div class=\"wp-block-button\"><a class=\"wp-block-button__link has-text-align-center wp-element-button\" href=\"https:\/\/drive.google.com\/drive\/folders\/1mU9pGPpVNnNT4XCk1rPIDMKApWo-uumZ?usp=sharing\"><strong>Acc\u00e9s als materials<\/strong><\/a><\/div>\n<\/div>\n<\/div>\n<\/div>\n\n\n\n<div class=\"wp-block-columns is-layout-flex wp-container-core-columns-is-layout-2 wp-block-columns-is-layout-flex\">\n<div class=\"wp-block-column is-layout-flow wp-block-column-is-layout-flow\">\n<p class=\"has-text-align-center has-white-color has-ast-global-color-1-background-color has-text-color has-background has-link-color wp-elements-c142118c1486cd73774355a0ba9cda16\"><strong>Sessi\u00f3 3<\/strong><\/p>\n\n\n\n<p class=\"has-text-align-center\">14 de gener de 2026<\/p>\n\n\n\n<p class=\"has-text-align-center\">ESC La Pau (Sant Sadurn\u00ed d&#8217;Anoia)<\/p>\n\n\n\n<div class=\"wp-block-buttons is-content-justification-center is-layout-flex wp-container-core-buttons-is-layout-4 wp-block-buttons-is-layout-flex\">\n<div class=\"wp-block-button\"><a class=\"wp-block-button__link has-text-align-center wp-element-button\" href=\"https:\/\/drive.google.com\/drive\/folders\/1mU9pGPpVNnNT4XCk1rPIDMKApWo-uumZ?usp=sharing\"><strong>Acc\u00e9s als materials<\/strong><\/a><\/div>\n<\/div>\n<\/div>\n\n\n\n<div class=\"wp-block-column is-layout-flow wp-block-column-is-layout-flow\">\n<p class=\"has-text-align-center has-white-color has-ast-global-color-1-background-color has-text-color has-background has-link-color wp-elements-5ff49ce91a4802c6b9f2f61024221f23\"><strong>Sessi\u00f3 4<\/strong><\/p>\n\n\n\n<p class=\"has-text-align-center\">11 de mar\u00e7 de 2026<\/p>\n\n\n\n<p class=\"has-text-align-center\">I-E Renaixen\u00e7a (Hostalets de Pierola)<\/p>\n\n\n\n<div class=\"wp-block-buttons is-content-justification-center is-layout-flex wp-container-core-buttons-is-layout-5 wp-block-buttons-is-layout-flex\">\n<div class=\"wp-block-button\"><a class=\"wp-block-button__link has-text-align-center wp-element-button\" href=\"https:\/\/drive.google.com\/drive\/folders\/1mU9pGPpVNnNT4XCk1rPIDMKApWo-uumZ?usp=sharing\"><strong>Acc\u00e9s als materials<\/strong><\/a><\/div>\n<\/div>\n<\/div>\n\n\n\n<div class=\"wp-block-column is-layout-flow wp-block-column-is-layout-flow\">\n<p class=\"has-text-align-center has-white-color has-ast-global-color-1-background-color has-text-color has-background has-link-color wp-elements-77cd841fdd4cd68eb81e05dc04b1692e\"><strong>Sessi\u00f3 5<\/strong><\/p>\n\n\n\n<p class=\"has-text-align-center\">15 d&#8217;abril de 2026<\/p>\n\n\n\n<p class=\"has-text-align-center\">ESC Miquel Utrillo (Sitges)<\/p>\n\n\n\n<div class=\"wp-block-buttons is-content-justification-center is-layout-flex wp-container-core-buttons-is-layout-6 wp-block-buttons-is-layout-flex\">\n<div class=\"wp-block-button\"><a class=\"wp-block-button__link has-text-align-center wp-element-button\" href=\"https:\/\/drive.google.com\/drive\/folders\/1mU9pGPpVNnNT4XCk1rPIDMKApWo-uumZ?usp=sharing\"><strong>Acc\u00e9s als materials<\/strong><\/a><\/div>\n<\/div>\n<\/div>\n<\/div>\n\n\n\n<div class=\"wp-block-columns is-layout-flex wp-container-core-columns-is-layout-3 wp-block-columns-is-layout-flex\">\n<div class=\"wp-block-column is-layout-flow wp-block-column-is-layout-flow\">\n<p class=\"has-text-align-center has-white-color has-ast-global-color-1-background-color has-text-color has-background has-link-color wp-elements-d66a04102e50bc767cb5fa23679d6817\"><strong>Sessi\u00f3 6<\/strong> (Oberta a totes les XaTME de Catalunya)<\/p>\n\n\n\n<p class=\"has-text-align-center\">21 de maig de 2026<\/p>\n\n\n\n<p class=\"has-text-align-center\">Pendent de confirmar<\/p>\n\n\n\n<div class=\"wp-block-buttons is-content-justification-center is-layout-flex wp-container-core-buttons-is-layout-7 wp-block-buttons-is-layout-flex\">\n<div class=\"wp-block-button\"><a class=\"wp-block-button__link has-text-align-center wp-element-button\" href=\"https:\/\/drive.google.com\/drive\/folders\/1mU9pGPpVNnNT4XCk1rPIDMKApWo-uumZ?usp=sharing\"><strong>Acc\u00e9s als materials<\/strong><\/a><\/div>\n<\/div>\n<\/div>\n<\/div>\n","protected":false},"excerpt":{"rendered":"<p>Sessi\u00f3 0 15 d&#8217;octubre de 2025 Virtual Sessi\u00f3 1 5 de novembre de 2025 Cal Mata (Saifores) Sessi\u00f3 2 3 de desembre de 2025 INS Angeleta Ferrer (Barcelona) Sessi\u00f3 3 14 de gener de 2026 ESC La Pau (Sant Sadurn\u00ed d&#8217;Anoia) Sessi\u00f3 4 11 de mar\u00e7 de 2026 I-E Renaixen\u00e7a (Hostalets de Pierola) Sessi\u00f3 5 [&hellip;]<\/p>\n","protected":false},"author":10,"featured_media":0,"parent":0,"menu_order":0,"comment_status":"closed","ping_status":"close","template":"","meta":{"_bbp_topic_count":0,"_bbp_reply_count":0,"_bbp_total_topic_count":0,"_bbp_total_reply_count":0,"_bbp_voice_count":0,"_bbp_anonymous_reply_count":0,"_bbp_topic_count_hidden":0,"_bbp_reply_count_hidden":0,"_bbp_forum_subforum_count":0,"site-sidebar-layout":"default","site-content-layout":"","ast-site-content-layout":"default","site-content-style":"default","site-sidebar-style":"default","ast-global-header-display":"","ast-banner-title-visibility":"","ast-main-header-display":"","ast-hfb-above-header-display":"","ast-hfb-below-header-display":"","ast-hfb-mobile-header-display":"","site-post-title":"","ast-breadcrumbs-content":"","ast-featured-img":"","footer-sml-layout":"","theme-transparent-header-meta":"","adv-header-id-meta":"","stick-header-meta":"","header-above-stick-meta":"","header-main-stick-meta":"","header-below-stick-meta":"","astra-migrate-meta-layouts":"set","ast-page-background-enabled":"default","ast-page-background-meta":{"desktop":{"background-color":"var(--ast-global-color-4)","background-image":"","background-repeat":"repeat","background-position":"center center","background-size":"auto","background-attachment":"scroll","background-type":"","background-media":"","overlay-type":"","overlay-color":"","overlay-opacity":"","overlay-gradient":""},"tablet":{"background-color":"","background-image":"","background-repeat":"repeat","background-position":"center center","background-size":"auto","background-attachment":"scroll","background-type":"","background-media":"","overlay-type":"","overlay-color":"","overlay-opacity":"","overlay-gradient":""},"mobile":{"background-color":"","background-image":"","background-repeat":"repeat","background-position":"center center","background-size":"auto","background-attachment":"scroll","background-type":"","background-media":"","overlay-type":"","overlay-color":"","overlay-opacity":"","overlay-gradient":""}},"ast-content-background-meta":{"desktop":{"background-color":"var(--ast-global-color-5)","background-image":"","background-repeat":"repeat","background-position":"center center","background-size":"auto","background-attachment":"scroll","background-type":"","background-media":"","overlay-type":"","overlay-color":"","overlay-opacity":"","overlay-gradient":""},"tablet":{"background-color":"var(--ast-global-color-5)","background-image":"","background-repeat":"repeat","background-position":"center center","background-size":"auto","background-attachment":"scroll","background-type":"","background-media":"","overlay-type":"","overlay-color":"","overlay-opacity":"","overlay-gradient":""},"mobile":{"background-color":"var(--ast-global-color-5)","background-image":"","background-repeat":"repeat","background-position":"center center","background-size":"auto","background-attachment":"scroll","background-type":"","background-media":"","overlay-type":"","overlay-color":"","overlay-opacity":"","overlay-gradient":""}},"footnotes":""},"class_list":["post-18693","page","type-page","status-publish","hentry"],"post_mailing_queue_ids":[],"_links":{"self":[{"href":"https:\/\/serveiseducatius.xtec.cat\/garraf\/wp-json\/wp\/v2\/pages\/18693","targetHints":{"allow":["GET"]}}],"collection":[{"href":"https:\/\/serveiseducatius.xtec.cat\/garraf\/wp-json\/wp\/v2\/pages"}],"about":[{"href":"https:\/\/serveiseducatius.xtec.cat\/garraf\/wp-json\/wp\/v2\/types\/page"}],"author":[{"embeddable":true,"href":"https:\/\/serveiseducatius.xtec.cat\/garraf\/wp-json\/wp\/v2\/users\/10"}],"replies":[{"embeddable":true,"href":"https:\/\/serveiseducatius.xtec.cat\/garraf\/wp-json\/wp\/v2\/comments?post=18693"}],"version-history":[{"count":1,"href":"https:\/\/serveiseducatius.xtec.cat\/garraf\/wp-json\/wp\/v2\/pages\/18693\/revisions"}],"predecessor-version":[{"id":18696,"href":"https:\/\/serveiseducatius.xtec.cat\/garraf\/wp-json\/wp\/v2\/pages\/18693\/revisions\/18696"}],"wp:attachment":[{"href":"https:\/\/serveiseducatius.xtec.cat\/garraf\/wp-json\/wp\/v2\/media?parent=18693"}],"curies":[{"name":"wp","href":"https:\/\/api.w.org\/{rel}","templated":true}]}}