{"id":18677,"date":"2025-10-10T12:34:32","date_gmt":"2025-10-10T10:34:32","guid":{"rendered":"https:\/\/serveiseducatius.xtec.cat\/garraf\/?page_id=18677"},"modified":"2025-12-12T10:27:32","modified_gmt":"2025-12-12T09:27:32","slug":"curs-2025-2026","status":"publish","type":"page","link":"https:\/\/serveiseducatius.xtec.cat\/garraf\/curs-2025-2026\/","title":{"rendered":"Curs 2025-2026 XEPIG"},"content":{"rendered":"\n<div class=\"wp-block-columns is-layout-flex wp-container-core-columns-is-layout-1 wp-block-columns-is-layout-flex\">\n<div class=\"wp-block-column is-layout-flow wp-block-column-is-layout-flow\">\n<p class=\"has-text-align-center has-white-color has-ast-global-color-1-background-color has-text-color has-background has-link-color has-medium-font-size wp-elements-20c288c31e68adbfb7bce8c8cdcaf688\"><strong>Equip Inquiet<\/strong><\/p>\n\n\n\n<p><strong>Qu\u00e8 \u00e9s?<\/strong> \u00c9s un equip redu\u00eft on hi participen les i els mestres en representaci\u00f3 del seu centre. El prop\u00f2sit d\u2019aquest equip \u00e9s dissenyar les sessions plen\u00e0ries i fer de nexe entre la XEPIG i el claustre.<\/p>\n\n\n\n<p><strong>Qu\u00e8 implica?<\/strong> Inscriure\u2019s a les sessions plen\u00e0ries. A m\u00e9s, les persones de l\u2019Equip Inquiet poden informar o transmetre a l\u2019equip docent els valors de la XEPIG a trav\u00e9s de les activitats que es dissenyen o animant a la participaci\u00f3.<\/p>\n\n\n\n<p><strong>Quan es troba?<\/strong> Set dilluns al llarg de tot el curs de 17:15 a 19:15 en diferents centres de la comarca. <strong><a href=\"https:\/\/aplicacions.gestioeducativa.gencat.cat\/ords\/pls\/soloas\/pk_for_mod_ins.p_for_exhaustiu_activitat?p_header=Detall%20d%27activitat^pk_for_mod_ins.p_for_detall_activitat?p_codi=2080171208%26p_curs=2025-2026%26p_es_inscr=S&amp;p_codi=2080171208&amp;p_curs=2025-2026&amp;p_es_inscr=S\">Consulta el calendari<\/a><\/strong>.<\/p>\n\n\n\n<p><strong>Qu\u00e8 ens emporten?<\/strong> Aprenentatge en xarxa i una certificaci\u00f3 de 20 hores de formaci\u00f3.<\/p>\n\n\n\n<div class=\"wp-block-buttons is-content-justification-center is-layout-flex wp-container-core-buttons-is-layout-1 wp-block-buttons-is-layout-flex\">\n<div class=\"wp-block-button\"><a class=\"wp-block-button__link wp-element-button\" href=\"https:\/\/drive.google.com\/drive\/folders\/1pqlzgyLTuQBoXNvuzbQsHkjvyI1a-Q2i?usp=sharing\"><strong>Acc\u00e9s als materials<\/strong><\/a><\/div>\n<\/div>\n<\/div>\n\n\n\n<div class=\"wp-block-column is-layout-flow wp-block-column-is-layout-flow\">\n<p class=\"has-text-align-center has-white-color has-ast-global-color-1-background-color has-text-color has-background has-link-color has-medium-font-size wp-elements-73de9dcff4f69b466d99fb329883c28a\"><strong>Sessions plen\u00e0ries<\/strong><\/p>\n\n\n\n<p><strong>Qu\u00e8 s\u00f3n?<\/strong> S\u00f3n sessions obertes a qualsevol membre de l\u2019equip docent dels centres de la comarca on a partir de la intervenci\u00f3 d\u2019especialistes es generen debats i intercanvis d\u2019experi\u00e8ncies. Enguany les intervencions giraran al voltant del t\u00edtol <strong>\u201cSense conflicte no hi ha aprenentatge\u201d<\/strong> on parlarem del conflicte cognitiu, amb l\u2019entorn, amb les persones\u2026 aquells conflictes que ens fan avan\u00e7ar.<\/p>\n\n\n\n<p><strong>Qu\u00e8 implica?<\/strong> Assistir a totes les sessions plen\u00e0ries per tal de poder seguir el fil de la tem\u00e0tica. Si es considera oport\u00fa les persones inscrites poden informar o transmetre els aprenentatges a l\u2019equip docent.<\/p>\n\n\n\n<p><strong>Quan es fan?<\/strong> Cinc dilluns al llarg de tot el curs de 17:15 a 19:15 en diferents centres i espais de la comarca. <strong><a href=\"https:\/\/aplicacions.gestioeducativa.gencat.cat\/ords\/pls\/soloas\/pk_for_mod_ins.p_for_exhaustiu_activitat?p_header=Detall%20d%27activitat^pk_for_mod_ins.p_for_detall_activitat?p_codi=2080161208%26p_curs=2025-2026%26p_es_inscr=S&amp;p_codi=2080161208&amp;p_curs=2025-2026&amp;p_es_inscr=S\">Consulta el calendari<\/a><\/strong>.<\/p>\n\n\n\n<p><strong>Qu\u00e8 ens emporten?<\/strong> Aprenentatge en xarxa i una certificaci\u00f3 de 20 hores de formaci\u00f3.<\/p>\n\n\n\n<div class=\"wp-block-buttons is-content-justification-center is-layout-flex wp-container-core-buttons-is-layout-2 wp-block-buttons-is-layout-flex\">\n<div class=\"wp-block-button\"><a class=\"wp-block-button__link wp-element-button\" href=\"https:\/\/drive.google.com\/drive\/u\/2\/folders\/1C9HVAZ-LBoSCQFLRGbJaGYt0M75pmwKe\"><strong>Acc\u00e9s als materials<\/strong><\/a><\/div>\n\n\n\n<div class=\"wp-block-button\"><a class=\"wp-block-button__link wp-element-button\" href=\"https:\/\/drive.google.com\/file\/d\/1cSff7LazfDKcpIeJA6V_EbECgecgoLNZ\/view?usp=sharing\"><strong>Consulta les pon\u00e8ncies<\/strong><\/a><\/div>\n<\/div>\n<\/div>\n<\/div>\n","protected":false},"excerpt":{"rendered":"<p>Equip Inquiet Qu\u00e8 \u00e9s? \u00c9s un equip redu\u00eft on hi participen les i els mestres en representaci\u00f3 del seu centre. El prop\u00f2sit d\u2019aquest equip \u00e9s dissenyar les sessions plen\u00e0ries i fer de nexe entre la XEPIG i el claustre. Qu\u00e8 implica? Inscriure\u2019s a les sessions plen\u00e0ries. A m\u00e9s, les persones de l\u2019Equip Inquiet poden informar [&hellip;]<\/p>\n","protected":false},"author":10,"featured_media":0,"parent":0,"menu_order":0,"comment_status":"closed","ping_status":"close","template":"","meta":{"_bbp_topic_count":0,"_bbp_reply_count":0,"_bbp_total_topic_count":0,"_bbp_total_reply_count":0,"_bbp_voice_count":0,"_bbp_anonymous_reply_count":0,"_bbp_topic_count_hidden":0,"_bbp_reply_count_hidden":0,"_bbp_forum_subforum_count":0,"site-sidebar-layout":"default","site-content-layout":"","ast-site-content-layout":"default","site-content-style":"default","site-sidebar-style":"default","ast-global-header-display":"","ast-banner-title-visibility":"","ast-main-header-display":"","ast-hfb-above-header-display":"","ast-hfb-below-header-display":"","ast-hfb-mobile-header-display":"","site-post-title":"","ast-breadcrumbs-content":"","ast-featured-img":"","footer-sml-layout":"","theme-transparent-header-meta":"","adv-header-id-meta":"","stick-header-meta":"","header-above-stick-meta":"","header-main-stick-meta":"","header-below-stick-meta":"","astra-migrate-meta-layouts":"set","ast-page-background-enabled":"default","ast-page-background-meta":{"desktop":{"background-color":"var(--ast-global-color-4)","background-image":"","background-repeat":"repeat","background-position":"center center","background-size":"auto","background-attachment":"scroll","background-type":"","background-media":"","overlay-type":"","overlay-color":"","overlay-opacity":"","overlay-gradient":""},"tablet":{"background-color":"","background-image":"","background-repeat":"repeat","background-position":"center center","background-size":"auto","background-attachment":"scroll","background-type":"","background-media":"","overlay-type":"","overlay-color":"","overlay-opacity":"","overlay-gradient":""},"mobile":{"background-color":"","background-image":"","background-repeat":"repeat","background-position":"center center","background-size":"auto","background-attachment":"scroll","background-type":"","background-media":"","overlay-type":"","overlay-color":"","overlay-opacity":"","overlay-gradient":""}},"ast-content-background-meta":{"desktop":{"background-color":"var(--ast-global-color-5)","background-image":"","background-repeat":"repeat","background-position":"center center","background-size":"auto","background-attachment":"scroll","background-type":"","background-media":"","overlay-type":"","overlay-color":"","overlay-opacity":"","overlay-gradient":""},"tablet":{"background-color":"var(--ast-global-color-5)","background-image":"","background-repeat":"repeat","background-position":"center center","background-size":"auto","background-attachment":"scroll","background-type":"","background-media":"","overlay-type":"","overlay-color":"","overlay-opacity":"","overlay-gradient":""},"mobile":{"background-color":"var(--ast-global-color-5)","background-image":"","background-repeat":"repeat","background-position":"center center","background-size":"auto","background-attachment":"scroll","background-type":"","background-media":"","overlay-type":"","overlay-color":"","overlay-opacity":"","overlay-gradient":""}},"footnotes":""},"class_list":["post-18677","page","type-page","status-publish","hentry"],"post_mailing_queue_ids":[],"_links":{"self":[{"href":"https:\/\/serveiseducatius.xtec.cat\/garraf\/wp-json\/wp\/v2\/pages\/18677","targetHints":{"allow":["GET"]}}],"collection":[{"href":"https:\/\/serveiseducatius.xtec.cat\/garraf\/wp-json\/wp\/v2\/pages"}],"about":[{"href":"https:\/\/serveiseducatius.xtec.cat\/garraf\/wp-json\/wp\/v2\/types\/page"}],"author":[{"embeddable":true,"href":"https:\/\/serveiseducatius.xtec.cat\/garraf\/wp-json\/wp\/v2\/users\/10"}],"replies":[{"embeddable":true,"href":"https:\/\/serveiseducatius.xtec.cat\/garraf\/wp-json\/wp\/v2\/comments?post=18677"}],"version-history":[{"count":5,"href":"https:\/\/serveiseducatius.xtec.cat\/garraf\/wp-json\/wp\/v2\/pages\/18677\/revisions"}],"predecessor-version":[{"id":19381,"href":"https:\/\/serveiseducatius.xtec.cat\/garraf\/wp-json\/wp\/v2\/pages\/18677\/revisions\/19381"}],"wp:attachment":[{"href":"https:\/\/serveiseducatius.xtec.cat\/garraf\/wp-json\/wp\/v2\/media?parent=18677"}],"curies":[{"name":"wp","href":"https:\/\/api.w.org\/{rel}","templated":true}]}}