{"id":18416,"date":"2025-10-06T13:19:38","date_gmt":"2025-10-06T11:19:38","guid":{"rendered":"https:\/\/serveiseducatius.xtec.cat\/garraf\/?page_id=18416"},"modified":"2025-12-10T10:44:34","modified_gmt":"2025-12-10T09:44:34","slug":"vector-per-vector","status":"publish","type":"page","link":"https:\/\/serveiseducatius.xtec.cat\/garraf\/vector-per-vector\/","title":{"rendered":"Vector per vector"},"content":{"rendered":"\n<p class=\"has-white-color has-vivid-cyan-blue-background-color has-text-color has-background has-link-color has-medium-font-size wp-elements-72eb54e5e04439f6b4b009a0123d8ce4\"><strong>Aprenentatge competencial<\/strong><\/p>\n\n\n\n<div class=\"wp-block-columns is-layout-flex wp-container-core-columns-is-layout-1 wp-block-columns-is-layout-flex\">\n<div class=\"wp-block-column is-layout-flow wp-block-column-is-layout-flow\">\n<p class=\"has-text-align-center\"><strong>Articles i documents<\/strong><\/p>\n\n\n\n<div class=\"wp-block-buttons is-content-justification-center is-layout-flex wp-container-core-buttons-is-layout-1 wp-block-buttons-is-layout-flex\">\n<div class=\"wp-block-button\"><a class=\"wp-block-button__link wp-element-button\" href=\"https:\/\/educacio.gencat.cat\/web\/.content\/home\/departament\/publicacions\/monografies\/mon-digital\/intelligencia-artificial-educacio\/ia-educacio.pdf\"><strong><strong>La intel\u00b7lig\u00e8ncia artificial en l&#8217;educaci\u00f3. Orientacions i recomanacions per al seu \u00fas als centres<\/strong><\/strong> (Departament d&#8217;Educaci\u00f3. 2024)<\/a><\/div>\n\n\n\n<div class=\"wp-block-button\"><a class=\"wp-block-button__link wp-element-button\" href=\"https:\/\/eldiariodelaeducacion.com\/2023\/02\/17\/observacion-entre-docentes-una-potente-herramienta-de-formacion\/\"><strong>Observaci\u00f3n entre docentes, una potente herramienta de formaci\u00f3n<\/strong> (Diario de Educaci\u00f3n. 2024)<\/a><\/div>\n\n\n\n<div class=\"wp-block-button\"><a class=\"wp-block-button__link wp-element-button\" href=\"https:\/\/drive.google.com\/file\/d\/1DwDzPaFxTiR6lGuOC17i6n2OppWMuicJ\/view?pli=1\"><strong>Percepciones docentes sobre observaci\u00f3n entre iguales: resistencias, agencia, procedimiento y objetivos de mejora<\/strong> (Estudios sobre Educaci\u00f3n. 2023)<\/a><\/div>\n<\/div>\n<\/div>\n\n\n\n<div class=\"wp-block-column is-layout-flow wp-block-column-is-layout-flow\">\n<p class=\"has-text-align-center\"><strong>Enlla\u00e7os i recursos<\/strong><\/p>\n\n\n\n<div class=\"wp-block-buttons is-content-justification-center is-layout-flex wp-container-core-buttons-is-layout-2 wp-block-buttons-is-layout-flex\">\n<div class=\"wp-block-button\"><a class=\"wp-block-button__link wp-element-button\" href=\"https:\/\/sites.google.com\/xtec.cat\/observacioentreiguals\/p%C3%A0gina-principal\"><strong>L&#8217;observaci\u00f3 entre iguals<\/strong><\/a><\/div>\n<\/div>\n<\/div>\n\n\n\n<div class=\"wp-block-column is-layout-flow wp-block-column-is-layout-flow\">\n<p class=\"has-text-align-center\"><strong>V\u00eddeos<\/strong><\/p>\n\n\n\n<div class=\"wp-block-buttons is-content-justification-center is-layout-flex wp-container-core-buttons-is-layout-3 wp-block-buttons-is-layout-flex\">\n<div class=\"wp-block-button\"><a class=\"wp-block-button__link wp-element-button\" href=\"https:\/\/serveiseducatius.xtec.cat\/garraf\/portada\/com-aprenem-una-aproximacio-cientifica-a-laprenentatge-i-lensenyament\/\"><strong>Com aprenem? Una aproximaci\u00f3 cient\u00edfica a l&#8217;aprenentatge i l&#8217;ensenyament<\/strong> (H\u00e8ctor Ruiz. 2021)<\/a><\/div>\n\n\n\n<div class=\"wp-block-button\"><a class=\"wp-block-button__link wp-element-button\" href=\"https:\/\/serveiseducatius.xtec.cat\/garraf\/general\/video-tastet-reinventar-lescola\/\"><strong>Reinventar l\u2019escola<\/strong> (Jordi Musons. 2022)<\/a><\/div>\n\n\n\n<div class=\"wp-block-button\"><a class=\"wp-block-button__link wp-element-button\" href=\"https:\/\/serveiseducatius.xtec.cat\/garraf\/general\/com-escoltar-els-infants\/\"><strong>Com escoltar els infants<\/strong> (David Altimir. 2022)<\/a><\/div>\n<\/div>\n<\/div>\n<\/div>\n\n\n\n<p class=\"has-white-color has-vivid-cyan-blue-background-color has-text-color has-background has-link-color has-medium-font-size wp-elements-461a23996defb31f0a8945a829f3b490\"><strong>Perspectiva de g\u00e8nere<\/strong><\/p>\n\n\n\n<div class=\"wp-block-columns is-layout-flex wp-container-core-columns-is-layout-2 wp-block-columns-is-layout-flex\">\n<div class=\"wp-block-column is-layout-flow wp-block-column-is-layout-flow\">\n<p class=\"has-text-align-center\"><strong><strong>Articles i documents<\/strong><\/strong><\/p>\n<\/div>\n\n\n\n<div class=\"wp-block-column is-layout-flow wp-block-column-is-layout-flow\">\n<p class=\"has-text-align-center\"><strong>Enlla\u00e7os i recursos<\/strong><\/p>\n\n\n\n<div class=\"wp-block-buttons is-content-justification-center is-layout-flex wp-container-core-buttons-is-layout-4 wp-block-buttons-is-layout-flex\">\n<div class=\"wp-block-button\"><a class=\"wp-block-button__link wp-element-button\" href=\"https:\/\/xtec.gencat.cat\/web\/.content\/alumnat\/benestar\/coeducacio-i-prespectiva-de-genere\/Situacio-daprenentatge-sobre-equitat-menstrual.pdf-correctedByPAVE.pdf\"><strong>Qu\u00e8 en saps de la menstruaci\u00f3? <\/strong>(Situaci\u00f3 d&#8217;aprenentatge)<\/a><\/div>\n\n\n\n<div class=\"wp-block-button\"><a class=\"wp-block-button__link wp-element-button\" href=\"https:\/\/xtec.gencat.cat\/web\/.content\/alumnat\/benestar\/coeducacio-i-prespectiva-de-genere\/EquitatMenstrual.pdf\"><strong>Guia d\u2019Equitat menstrual<\/strong> (Generalitat de Catalunya. 2023)<\/a><\/div>\n\n\n\n<div class=\"wp-block-button\"><a class=\"wp-block-button__link wp-element-button\" href=\"https:\/\/drive.google.com\/file\/d\/1htyvEKT67mPY-s5U2O-eHXkznoJYo33h\/view\"><strong>Glossari de paraules sobre coeducaci\u00f3<\/strong> (Coeduca&#8217;t)<\/a><\/div>\n\n\n\n<div class=\"wp-block-button\"><a class=\"wp-block-button__link wp-element-button\"><strong>Salut menstrual i endometriosi <\/strong>(ENDO-HIT)<\/a><\/div>\n<\/div>\n<\/div>\n\n\n\n<div class=\"wp-block-column is-layout-flow wp-block-column-is-layout-flow\">\n<p class=\"has-text-align-center\"><strong>V\u00eddeos<\/strong><\/p>\n\n\n\n<div class=\"wp-block-buttons is-content-justification-center is-layout-flex wp-container-core-buttons-is-layout-5 wp-block-buttons-is-layout-flex\">\n<div class=\"wp-block-button\"><a class=\"wp-block-button__link wp-element-button\" href=\"https:\/\/www.youtube.com\/watch?v=2pmAwo0zJq4\"><strong>Vector de la perspectiva de g\u00e8nere<\/strong> (Xarxa de Compet\u00e8ncies. 2022)<\/a><\/div>\n\n\n\n<div class=\"wp-block-button\"><a class=\"wp-block-button__link wp-element-button\" href=\"https:\/\/www.youtube.com\/watch?v=Re-oBPldNYg&amp;t=6288s\"><strong>Coeduquem per una societat m\u00e9s igualit\u00e0ria<\/strong> (Consell Escolar de Catalunya. 2023)<\/a><\/div>\n\n\n\n<div class=\"wp-block-button\"><a class=\"wp-block-button__link wp-element-button\" href=\"https:\/\/serveiseducatius.xtec.cat\/garraf\/general\/presentacio-de-les-maletes-afectivosexuals-de-coeducacio-del-servei-educatiu-del-garraf\/\"><strong>Maletes afectivosexuals de coeducaci\u00f3<\/strong> (Sira Ruiz. 2021)<\/a><\/div>\n\n\n\n<div class=\"wp-block-button\"><a class=\"wp-block-button__link wp-element-button\" href=\"https:\/\/serveiseducatius.xtec.cat\/garraf\/general\/video-tastet-transitem\/\"><strong>Transitem<\/strong> (Ian Berm\u00fadez. 2022)<\/a><\/div>\n\n\n\n<div class=\"wp-block-button\"><a class=\"wp-block-button__link wp-element-button\" href=\"https:\/\/serveiseducatius.xtec.cat\/garraf\/general\/la-coeducacio-com-a-eina-de-transformacio-social\/\"><strong>La coeducaci\u00f3 com a eina de transformaci\u00f3 social<\/strong> (taula rodona. 2021)<\/a><\/div>\n<\/div>\n<\/div>\n<\/div>\n\n\n\n<p class=\"has-white-color has-vivid-cyan-blue-background-color has-text-color has-background has-link-color has-medium-font-size wp-elements-05ffd8f8b3171ba3225da55ac7443dd9\"><strong>Universalitat del curr\u00edculum<\/strong><\/p>\n\n\n\n<div class=\"wp-block-columns is-layout-flex wp-container-core-columns-is-layout-3 wp-block-columns-is-layout-flex\">\n<div class=\"wp-block-column is-layout-flow wp-block-column-is-layout-flow\">\n<p class=\"has-text-align-center\"><strong><strong>Articles i documents<\/strong><\/strong><\/p>\n\n\n\n<div class=\"wp-block-buttons is-layout-flex wp-block-buttons-is-layout-flex\">\n<div class=\"wp-block-button\"><a class=\"wp-block-button__link has-text-align-center wp-element-button\" href=\"https:\/\/educacio.gencat.cat\/web\/.content\/home\/departament\/publicacions\/colleccions\/inclusio\/mesures-suports-universals-centre-educatiu\/mesures-suports-universals-centre-educatiu.pdf\"><strong>Mesures i suports universals en el centre educatiu<\/strong> (Direcci\u00f3 General d&#8217;Educaci\u00f3 Inclusiva. 2023)<\/a><\/div>\n<\/div>\n<\/div>\n\n\n\n<div class=\"wp-block-column is-layout-flow wp-block-column-is-layout-flow\">\n<p class=\"has-text-align-center\"><strong>Enlla\u00e7os i recursos<\/strong><\/p>\n\n\n\n<div class=\"wp-block-buttons is-content-justification-center is-layout-flex wp-container-core-buttons-is-layout-7 wp-block-buttons-is-layout-flex\">\n<div class=\"wp-block-button\"><a class=\"wp-block-button__link wp-element-button\" href=\"https:\/\/projectes.xtec.cat\/educacioinclusiva\/general\/mapa-de-recursos-per-a-leducacio-inclusiva\/\"><strong>Mapa de recursos de l\u2019educaci\u00f3 inclusiva a Catalunya<\/strong><\/a><\/div>\n<\/div>\n<\/div>\n\n\n\n<div class=\"wp-block-column is-layout-flow wp-block-column-is-layout-flow\">\n<p class=\"has-text-align-center\"><strong>V\u00eddeos<\/strong><\/p>\n\n\n\n<div class=\"wp-block-buttons is-content-justification-center is-layout-flex wp-container-core-buttons-is-layout-8 wp-block-buttons-is-layout-flex\">\n<div class=\"wp-block-button\"><a class=\"wp-block-button__link wp-element-button\" href=\"https:\/\/www.youtube.com\/watch?v=jF6ZHrPgTik&amp;list=PLq73HuIE8t4RiOkK0LrGWdVToDjfPFuxL&amp;index=5\"><strong>Vector de la universalitat del curr\u00edculum <\/strong>(Xarxa de Compet\u00e8ncies. 2022)<\/a><\/div>\n\n\n\n<div class=\"wp-block-button\"><a class=\"wp-block-button__link wp-element-button\" href=\"https:\/\/serveiseducatius.xtec.cat\/garraf\/general\/9e-tastet-en-temps-de-pandemia-re-significacions\/\"><strong>Re-Significacions<\/strong> (Joana Mass\u00f3. 2021)<\/a><\/div>\n\n\n\n<div class=\"wp-block-button\"><a class=\"wp-block-button__link wp-element-button\" href=\"https:\/\/www.youtube.com\/watch?v=3h43JLNIhyk\"><strong>Cada cerebro es distinto. La educaci\u00f3n es la habilidad para moldearlo<\/strong> (David Bueno. 2018)<\/a><\/div>\n<\/div>\n<\/div>\n<\/div>\n\n\n\n<p class=\"has-white-color has-vivid-cyan-blue-background-color has-text-color has-background has-link-color has-medium-font-size wp-elements-799ac38c73485c9d469da0e36402695b\"><strong>Qualitat de l&#8217;educaci\u00f3 de les lleng\u00fces<\/strong><\/p>\n\n\n\n<div class=\"wp-block-columns is-layout-flex wp-container-core-columns-is-layout-4 wp-block-columns-is-layout-flex\">\n<div class=\"wp-block-column is-layout-flow wp-block-column-is-layout-flow\">\n<p class=\"has-text-align-center\"><strong><strong>Articles i documents<\/strong><\/strong><\/p>\n<\/div>\n\n\n\n<div class=\"wp-block-column is-layout-flow wp-block-column-is-layout-flow\">\n<p class=\"has-text-align-center\"><strong>Enlla\u00e7os i recursos<\/strong><\/p>\n\n\n\n<div class=\"wp-block-buttons is-content-justification-center is-layout-flex wp-container-core-buttons-is-layout-9 wp-block-buttons-is-layout-flex\">\n<div class=\"wp-block-button\"><a class=\"wp-block-button__link wp-element-button\" href=\"https:\/\/serveiseducatius.xtec.cat\/garraf\/portada\/maletes-de-poesia-lequipatge-per-a-la-vida\/\"><strong>Maleta de poesia: l&#8217;equipatge per la vida <\/strong>(Dani Espresarte. 2021)<\/a><\/div>\n\n\n\n<div class=\"wp-block-button\"><a class=\"wp-block-button__link wp-element-button\" href=\"https:\/\/serveiseducatius.xtec.cat\/garraf\/llengues-estrangeres-i-projectes-internacionals\/\"><strong>Recursos i programes de lleng\u00fces estrangeres i projectes internacionals<\/strong> (CRP del Garraf)<\/a><\/div>\n\n\n\n<div class=\"wp-block-button\"><a class=\"wp-block-button__link wp-element-button\"><strong>Maletes pedag\u00f2giques de llengua<\/strong> (Servei Educatiu del Garraf)<\/a><\/div>\n<\/div>\n<\/div>\n\n\n\n<div class=\"wp-block-column is-layout-flow wp-block-column-is-layout-flow\">\n<p class=\"has-text-align-center\"><strong>V\u00eddeos<\/strong><\/p>\n\n\n\n<div class=\"wp-block-buttons is-content-justification-center is-layout-flex wp-container-core-buttons-is-layout-10 wp-block-buttons-is-layout-flex\">\n<div class=\"wp-block-button\"><a class=\"wp-block-button__link wp-element-button\" href=\"https:\/\/www.youtube.com\/watch?v=d3xSSxlrbDI&amp;t=1s\"><strong>Vector de la <strong>qualitat de l&#8217;educaci\u00f3 de les lleng\u00fces<\/strong> <\/strong>(Xarxa de Compet\u00e8ncies. 2022)<\/a><\/div>\n\n\n\n<div class=\"wp-block-button\"><a class=\"wp-block-button__link wp-element-button\" href=\"https:\/\/serveiseducatius.xtec.cat\/garraf\/general\/la-conversa-al-servei-de-laprenentatge\/\"><strong>La conversa al servei de l&#8217;aprenentatge<\/strong> (Juli Palou. 2021)<\/a><\/div>\n<\/div>\n<\/div>\n<\/div>\n\n\n\n<p class=\"has-white-color has-vivid-cyan-blue-background-color has-text-color has-background has-link-color has-medium-font-size wp-elements-6893421272f274aa0b691c9e1cc230dd\"><strong>Benestar emocional<\/strong><\/p>\n\n\n\n<div class=\"wp-block-columns is-layout-flex wp-container-core-columns-is-layout-5 wp-block-columns-is-layout-flex\">\n<div class=\"wp-block-column is-layout-flow wp-block-column-is-layout-flow\">\n<p class=\"has-text-align-center\"><strong><strong>Articles i documents<\/strong><\/strong><\/p>\n\n\n\n<div class=\"wp-block-buttons is-content-justification-center is-layout-flex wp-container-core-buttons-is-layout-11 wp-block-buttons-is-layout-flex\">\n<div class=\"wp-block-button\"><a class=\"wp-block-button__link wp-element-button\" href=\"https:\/\/www.gencat.cat\/educacio\/jornades\/JornadaBenestarAlumnatSituacionsViolencia.pdf\"><strong>El benestar de l\u2019alumnat i les situacions de viol\u00e8ncia<\/strong> (Departament d&#8217;Educaci\u00f3. 2023)<\/a><\/div>\n\n\n\n<div class=\"wp-block-button\"><a class=\"wp-block-button__link wp-element-button\" href=\"https:\/\/documents.espai.educacio.gencat.cat\/PC\/Protocols\/2022-Guia-Abordatge-Conducta-Suicida-Autolesions-Suicides-Centres.pdf\"><strong>Guia per a l\u2019abordatge de la conducta su\u00efcida i de les autolesions no su\u00efcides en el centre educatiu <\/strong>(Departament d&#8217;Educaci\u00f3. 2022) <\/a><\/div>\n<\/div>\n<\/div>\n\n\n\n<div class=\"wp-block-column is-layout-flow wp-block-column-is-layout-flow\">\n<p class=\"has-text-align-center\"><strong>Enlla\u00e7os i recursos<\/strong><\/p>\n\n\n\n<div class=\"wp-block-buttons is-content-justification-center is-layout-flex wp-container-core-buttons-is-layout-12 wp-block-buttons-is-layout-flex\">\n<div class=\"wp-block-button\"><a class=\"wp-block-button__link wp-element-button\" href=\"https:\/\/sites.google.com\/xtec.cat\/23-jornada-anual-xarxa\/p%C3%A0gina-principal\"><strong>Materials sobre benestar als centres<\/strong>  (Xarxa de Compet\u00e8ncies. 2024)<\/a><\/div>\n\n\n\n<div class=\"wp-block-button\"><a class=\"wp-block-button__link wp-element-button\" href=\"https:\/\/serveiseducatius.xtec.cat\/garraf\/programa-de-benestar-emocional\/\"><strong>Benestar per estar b\u00e9<\/strong> (Programa de suport per a professionals educatius)<\/a><\/div>\n\n\n\n<div class=\"wp-block-button\"><a class=\"wp-block-button__link wp-element-button\" href=\"https:\/\/serveiseducatius.xtec.cat\/garraf\/salut-escolar-al-garraf\/\"><strong>Salut escolar al Garraf<\/strong> (CRP del Garraf)<\/a><\/div>\n<\/div>\n<\/div>\n\n\n\n<div class=\"wp-block-column is-layout-flow wp-block-column-is-layout-flow\">\n<p class=\"has-text-align-center\"><strong>V\u00eddeos<\/strong><\/p>\n\n\n\n<div class=\"wp-block-buttons is-content-justification-center is-layout-flex wp-container-core-buttons-is-layout-13 wp-block-buttons-is-layout-flex\">\n<div class=\"wp-block-button\"><a class=\"wp-block-button__link wp-element-button\" href=\"https:\/\/www.youtube.com\/watch?v=qgpr8QVTQ2w\"><strong>Vector de benestar emocional <\/strong>(Xarxa de Compet\u00e8ncies. 2022)<\/a><\/div>\n\n\n\n<div class=\"wp-block-button\"><a class=\"wp-block-button__link wp-element-button\" href=\"https:\/\/serveiseducatius.xtec.cat\/garraf\/general\/video-tastet-eines-utils-de-gestio-emocional-a-laula-en-temps-de-pandemia-pel-daniel-garbarro\/\"><strong>Eines \u00fatils de gesti\u00f3 emocional a l\u2019aula en temps de pand\u00e8mia<\/strong> (Daniel Gabarr\u00f3. 2021)<\/a><\/div>\n\n\n\n<div class=\"wp-block-button\"><a class=\"wp-block-button__link wp-element-button\" href=\"https:\/\/www.youtube.com\/watch?v=iHOmaulG9sc\"><strong>El benestar de l&#8217;alumnat i les situacions de viol\u00e8ncia<\/strong> (Fran Villar. 2023)<\/a><\/div>\n<\/div>\n<\/div>\n<\/div>\n\n\n\n<p class=\"has-white-color has-vivid-cyan-blue-background-color has-text-color has-background has-link-color has-medium-font-size wp-elements-66e7ce767b86b0199ff62f4b1fd27791\"><strong>Ciutadania democr\u00e0tica i consci\u00e8ncia global<\/strong><\/p>\n\n\n\n<div class=\"wp-block-columns is-layout-flex wp-container-core-columns-is-layout-6 wp-block-columns-is-layout-flex\">\n<div class=\"wp-block-column is-layout-flow wp-block-column-is-layout-flow\">\n<p class=\"has-text-align-center\"><strong><strong>Articles i documents<\/strong><\/strong><\/p>\n<\/div>\n\n\n\n<div class=\"wp-block-column is-layout-flow wp-block-column-is-layout-flow\">\n<p class=\"has-text-align-center\"><strong>Enlla\u00e7os i recursos<\/strong><\/p>\n\n\n\n<div class=\"wp-block-buttons is-content-justification-center is-layout-flex wp-container-core-buttons-is-layout-14 wp-block-buttons-is-layout-flex\">\n<div class=\"wp-block-button\"><a class=\"wp-block-button__link wp-element-button\" href=\"https:\/\/serveiseducatius.xtec.cat\/garraf\/servei-comunitari-al-garraf\/servei-comunitari-al-garraf-2\/\"><strong>Servei Comunitari<\/strong> (CRP del Garraf)<\/a><\/div>\n\n\n\n<div class=\"wp-block-button\"><a class=\"wp-block-button__link wp-element-button\" href=\"https:\/\/projectes.xtec.cat\/camps\/categoria\/grups-de-treball\/guerra-civil-i-exili\/\"><strong>Guerra Civil i Exili. Mem\u00f2ria democr\u00e0tica <\/strong>(Camps d&#8217;aprenentatge de Catalunya)<\/a><\/div>\n<\/div>\n<\/div>\n\n\n\n<div class=\"wp-block-column is-layout-flow wp-block-column-is-layout-flow\">\n<p class=\"has-text-align-center\"><strong>V\u00eddeos<\/strong><\/p>\n\n\n\n<div class=\"wp-block-buttons is-content-justification-center is-layout-flex wp-container-core-buttons-is-layout-15 wp-block-buttons-is-layout-flex\">\n<div class=\"wp-block-button\"><a class=\"wp-block-button__link wp-element-button\" href=\"https:\/\/www.youtube.com\/watch?v=Ekz76JgVscI&amp;t=3s\"><strong>Vector de <strong>ciutadania democr\u00e0tica i consci\u00e8ncia global <\/strong><\/strong>(Xarxa de Compet\u00e8ncies. 2022)<\/a><\/div>\n\n\n\n<div class=\"wp-block-button\"><a class=\"wp-block-button__link wp-element-button\" href=\"https:\/\/serveiseducatius.xtec.cat\/garraf\/general\/video-tastet-contes-que-em-van-curar\/\"><strong>Contes que em van curar<\/strong> (Nadia Ghulam. 2022)<\/a><\/div>\n<\/div>\n<\/div>\n<\/div>\n\n\n\n<p class=\"has-white-color has-vivid-cyan-blue-background-color has-text-color has-background has-link-color has-medium-font-size wp-elements-0e7281a9a114f60b6ef7bdcc910d0723\"><strong>M\u00e9s recursos<\/strong><\/p>\n\n\n\n<div class=\"wp-block-columns is-layout-flex wp-container-core-columns-is-layout-7 wp-block-columns-is-layout-flex\">\n<div class=\"wp-block-column is-layout-flow wp-block-column-is-layout-flow\">\n<p class=\"has-text-align-center\"><strong>Men\u00fa de recursos per centres i serveis educatius<\/strong><\/p>\n\n\n\n<p class=\"has-text-align-center\">Enlla\u00e7os a totes les activitats i actuacions que ofereix el Departament d&#8217;Educaci\u00f3 per avan\u00e7ar en la implementaci\u00f3 dels nous curr\u00edculums: acompanyaments intensius, formacions, xarxes, recursos&#8230;<\/p>\n\n\n\n<figure class=\"wp-block-image aligncenter size-large is-resized\"><a href=\"https:\/\/view.genially.com\/63551ab2eb74e8001799a62d\/interactive-content-infografia-curriculum2022\"><img loading=\"lazy\" decoding=\"async\" width=\"1024\" height=\"569\" src=\"https:\/\/serveiseducatius.xtec.cat\/garraf\/wp-content\/uploads\/usu1185\/2025\/10\/Menu-1024x569.jpg\" alt=\"\" class=\"wp-image-18424\" style=\"width:678px;height:auto\" srcset=\"https:\/\/serveiseducatius.xtec.cat\/garraf\/wp-content\/uploads\/usu1185\/2025\/10\/Menu-1024x569.jpg 1024w, https:\/\/serveiseducatius.xtec.cat\/garraf\/wp-content\/uploads\/usu1185\/2025\/10\/Menu-300x167.jpg 300w, https:\/\/serveiseducatius.xtec.cat\/garraf\/wp-content\/uploads\/usu1185\/2025\/10\/Menu-768x427.jpg 768w, https:\/\/serveiseducatius.xtec.cat\/garraf\/wp-content\/uploads\/usu1185\/2025\/10\/Menu-1536x854.jpg 1536w, https:\/\/serveiseducatius.xtec.cat\/garraf\/wp-content\/uploads\/usu1185\/2025\/10\/Menu.jpg 1592w\" sizes=\"auto, (max-width: 1024px) 100vw, 1024px\" \/><\/a><\/figure>\n<\/div>\n<\/div>\n","protected":false},"excerpt":{"rendered":"<p>Aprenentatge competencial Articles i documents Enlla\u00e7os i recursos V\u00eddeos Perspectiva de g\u00e8nere Articles i documents Enlla\u00e7os i recursos V\u00eddeos Universalitat del curr\u00edculum Articles i documents Enlla\u00e7os i recursos V\u00eddeos Qualitat de l&#8217;educaci\u00f3 de les lleng\u00fces Articles i documents Enlla\u00e7os i recursos V\u00eddeos Benestar emocional Articles i documents Enlla\u00e7os i recursos V\u00eddeos Ciutadania democr\u00e0tica i consci\u00e8ncia [&hellip;]<\/p>\n","protected":false},"author":10,"featured_media":0,"parent":0,"menu_order":0,"comment_status":"closed","ping_status":"close","template":"","meta":{"_bbp_topic_count":0,"_bbp_reply_count":0,"_bbp_total_topic_count":0,"_bbp_total_reply_count":0,"_bbp_voice_count":0,"_bbp_anonymous_reply_count":0,"_bbp_topic_count_hidden":0,"_bbp_reply_count_hidden":0,"_bbp_forum_subforum_count":0,"site-sidebar-layout":"default","site-content-layout":"","ast-site-content-layout":"default","site-content-style":"default","site-sidebar-style":"default","ast-global-header-display":"","ast-banner-title-visibility":"","ast-main-header-display":"","ast-hfb-above-header-display":"","ast-hfb-below-header-display":"","ast-hfb-mobile-header-display":"","site-post-title":"","ast-breadcrumbs-content":"","ast-featured-img":"","footer-sml-layout":"","theme-transparent-header-meta":"","adv-header-id-meta":"","stick-header-meta":"","header-above-stick-meta":"","header-main-stick-meta":"","header-below-stick-meta":"","astra-migrate-meta-layouts":"set","ast-page-background-enabled":"default","ast-page-background-meta":{"desktop":{"background-color":"var(--ast-global-color-4)","background-image":"","background-repeat":"repeat","background-position":"center center","background-size":"auto","background-attachment":"scroll","background-type":"","background-media":"","overlay-type":"","overlay-color":"","overlay-opacity":"","overlay-gradient":""},"tablet":{"background-color":"","background-image":"","background-repeat":"repeat","background-position":"center center","background-size":"auto","background-attachment":"scroll","background-type":"","background-media":"","overlay-type":"","overlay-color":"","overlay-opacity":"","overlay-gradient":""},"mobile":{"background-color":"","background-image":"","background-repeat":"repeat","background-position":"center center","background-size":"auto","background-attachment":"scroll","background-type":"","background-media":"","overlay-type":"","overlay-color":"","overlay-opacity":"","overlay-gradient":""}},"ast-content-background-meta":{"desktop":{"background-color":"var(--ast-global-color-5)","background-image":"","background-repeat":"repeat","background-position":"center center","background-size":"auto","background-attachment":"scroll","background-type":"","background-media":"","overlay-type":"","overlay-color":"","overlay-opacity":"","overlay-gradient":""},"tablet":{"background-color":"var(--ast-global-color-5)","background-image":"","background-repeat":"repeat","background-position":"center center","background-size":"auto","background-attachment":"scroll","background-type":"","background-media":"","overlay-type":"","overlay-color":"","overlay-opacity":"","overlay-gradient":""},"mobile":{"background-color":"var(--ast-global-color-5)","background-image":"","background-repeat":"repeat","background-position":"center center","background-size":"auto","background-attachment":"scroll","background-type":"","background-media":"","overlay-type":"","overlay-color":"","overlay-opacity":"","overlay-gradient":""}},"footnotes":""},"class_list":["post-18416","page","type-page","status-publish","hentry"],"post_mailing_queue_ids":[],"_links":{"self":[{"href":"https:\/\/serveiseducatius.xtec.cat\/garraf\/wp-json\/wp\/v2\/pages\/18416","targetHints":{"allow":["GET"]}}],"collection":[{"href":"https:\/\/serveiseducatius.xtec.cat\/garraf\/wp-json\/wp\/v2\/pages"}],"about":[{"href":"https:\/\/serveiseducatius.xtec.cat\/garraf\/wp-json\/wp\/v2\/types\/page"}],"author":[{"embeddable":true,"href":"https:\/\/serveiseducatius.xtec.cat\/garraf\/wp-json\/wp\/v2\/users\/10"}],"replies":[{"embeddable":true,"href":"https:\/\/serveiseducatius.xtec.cat\/garraf\/wp-json\/wp\/v2\/comments?post=18416"}],"version-history":[{"count":6,"href":"https:\/\/serveiseducatius.xtec.cat\/garraf\/wp-json\/wp\/v2\/pages\/18416\/revisions"}],"predecessor-version":[{"id":19326,"href":"https:\/\/serveiseducatius.xtec.cat\/garraf\/wp-json\/wp\/v2\/pages\/18416\/revisions\/19326"}],"wp:attachment":[{"href":"https:\/\/serveiseducatius.xtec.cat\/garraf\/wp-json\/wp\/v2\/media?parent=18416"}],"curies":[{"name":"wp","href":"https:\/\/api.w.org\/{rel}","templated":true}]}}