{"id":18316,"date":"2025-09-29T16:22:02","date_gmt":"2025-09-29T14:22:02","guid":{"rendered":"https:\/\/serveiseducatius.xtec.cat\/garraf\/?page_id=18316"},"modified":"2025-10-15T10:02:35","modified_gmt":"2025-10-15T08:02:35","slug":"practicum","status":"publish","type":"page","link":"https:\/\/serveiseducatius.xtec.cat\/garraf\/practicum\/","title":{"rendered":"Centres Formadors &#8211; Pr\u00e0cticum"},"content":{"rendered":"\n<div class=\"wp-block-buttons is-content-justification-center is-layout-flex wp-container-core-buttons-is-layout-1 wp-block-buttons-is-layout-flex\">\n<div class=\"wp-block-button has-custom-font-size has-medium-font-size\"><a class=\"wp-block-button__link has-luminous-vivid-amber-background-color has-background wp-element-button\" href=\"https:\/\/aplicacions.gestioeducativa.gencat.cat\/ords\/pls\/apex\/f?p=2014005:1:208100068369749::NO:::\"><strong>Aplicatiu Pr\u00e0cticum<\/strong><\/a><\/div>\n\n\n\n<div class=\"wp-block-button has-custom-font-size has-medium-font-size\"><a class=\"wp-block-button__link has-luminous-vivid-amber-background-color has-background wp-element-button\" href=\"practiques_pen.educacio@gencat.cat\"><strong>Contacte ST al Pened\u00e8s<\/strong><\/a><\/div>\n<\/div>\n\n\n\n<p>Fer\u00a0pr\u00e0ctiques acad\u00e8miques externes en centres educatius, serveis educatius i unitats del Departament\u00a0\u00e9s\u00a0una activitat de naturalesa formativa, amb l&#8217;objectiu de contribuir a professionalitzar la doc\u00e8ncia i permetre als estudiants universitaris aplicar i complementar els coneixements adquirits en la formaci\u00f3 acad\u00e8mica.\u00a0La formaci\u00f3 amb els\u00a0professionals que exerceixen la professi\u00f3 escollida per l&#8217;estudiant requereix un comprom\u00eds de tots els actors implicats i una bona coordinaci\u00f3, de la qual se&#8217;n derivar\u00e0 un benefici per a tots, per a l&#8217;estudiant, per al centre formador i per a la universitat.<\/p>\n\n\n\n<p class=\"has-white-color has-ast-global-color-1-background-color has-text-color has-background has-link-color has-medium-font-size wp-elements-2447651df8f7ad010d5d2b31f0785859\"><strong>Ser centre formador<\/strong><\/p>\n\n\n\n<div class=\"wp-block-columns is-layout-flex wp-container-core-columns-is-layout-1 wp-block-columns-is-layout-flex\">\n<div class=\"wp-block-column is-layout-flow wp-block-column-is-layout-flow\">\n<figure class=\"wp-block-image aligncenter size-full is-resized\"><a href=\"https:\/\/serveiseducatius.xtec.cat\/garraf\/wp-content\/uploads\/usu1185\/2025\/10\/5-2.png\"><img loading=\"lazy\" decoding=\"async\" width=\"691\" height=\"705\" src=\"https:\/\/serveiseducatius.xtec.cat\/garraf\/wp-content\/uploads\/usu1185\/2025\/10\/5-2.png\" alt=\"\" class=\"wp-image-18813\" style=\"width:98px;height:auto\" srcset=\"https:\/\/serveiseducatius.xtec.cat\/garraf\/wp-content\/uploads\/usu1185\/2025\/10\/5-2.png 691w, https:\/\/serveiseducatius.xtec.cat\/garraf\/wp-content\/uploads\/usu1185\/2025\/10\/5-2-294x300.png 294w\" sizes=\"auto, (max-width: 691px) 100vw, 691px\" \/><\/a><\/figure>\n\n\n\n<p class=\"has-text-align-center\">Ser un centre sostinguts amb fons p\u00fablics INF, PRI, SEC, BATX, FP, RE, EOI o SE.<\/p>\n<\/div>\n\n\n\n<div class=\"wp-block-column is-layout-flow wp-block-column-is-layout-flow\">\n<figure class=\"wp-block-image aligncenter size-full is-resized\"><a href=\"https:\/\/serveiseducatius.xtec.cat\/garraf\/wp-content\/uploads\/usu1185\/2025\/10\/6-3.png\"><img loading=\"lazy\" decoding=\"async\" width=\"673\" height=\"673\" src=\"https:\/\/serveiseducatius.xtec.cat\/garraf\/wp-content\/uploads\/usu1185\/2025\/10\/6-3.png\" alt=\"\" class=\"wp-image-18814\" style=\"width:98px\" srcset=\"https:\/\/serveiseducatius.xtec.cat\/garraf\/wp-content\/uploads\/usu1185\/2025\/10\/6-3.png 673w, https:\/\/serveiseducatius.xtec.cat\/garraf\/wp-content\/uploads\/usu1185\/2025\/10\/6-3-300x300.png 300w, https:\/\/serveiseducatius.xtec.cat\/garraf\/wp-content\/uploads\/usu1185\/2025\/10\/6-3-150x150.png 150w\" sizes=\"auto, (max-width: 673px) 100vw, 673px\" \/><\/a><\/figure>\n\n\n\n<p class=\"has-text-align-center\">Aprovar la proposta de centre formador pel Consell Escolar de centre.<\/p>\n<\/div>\n\n\n\n<div class=\"wp-block-column is-layout-flow wp-block-column-is-layout-flow\">\n<figure class=\"wp-block-image aligncenter size-full is-resized\"><a href=\"https:\/\/serveiseducatius.xtec.cat\/garraf\/wp-content\/uploads\/usu1185\/2025\/10\/7-2.png\"><img loading=\"lazy\" decoding=\"async\" width=\"679\" height=\"693\" src=\"https:\/\/serveiseducatius.xtec.cat\/garraf\/wp-content\/uploads\/usu1185\/2025\/10\/7-2.png\" alt=\"\" class=\"wp-image-18815\" style=\"width:98px\" srcset=\"https:\/\/serveiseducatius.xtec.cat\/garraf\/wp-content\/uploads\/usu1185\/2025\/10\/7-2.png 679w, https:\/\/serveiseducatius.xtec.cat\/garraf\/wp-content\/uploads\/usu1185\/2025\/10\/7-2-294x300.png 294w\" sizes=\"auto, (max-width: 679px) 100vw, 679px\" \/><\/a><\/figure>\n\n\n\n<p class=\"has-text-align-center\">Omplir i signar la <a href=\"https:\/\/documents.espai.educacio.gencat.cat\/FormularisModels\/CentresGestioAcademica\/A502.pdf\" target=\"_blank\" rel=\"noreferrer noopener\">sol\u00b7licitud<\/a> pel director\/a del centre.<\/p>\n<\/div>\n<\/div>\n\n\n\n<div class=\"wp-block-columns is-layout-flex wp-container-core-columns-is-layout-2 wp-block-columns-is-layout-flex\">\n<div class=\"wp-block-column is-layout-flow wp-block-column-is-layout-flow\">\n<figure class=\"wp-block-image aligncenter size-full is-resized\"><a href=\"https:\/\/serveiseducatius.xtec.cat\/garraf\/wp-content\/uploads\/usu1185\/2025\/10\/8-2.png\"><img loading=\"lazy\" decoding=\"async\" width=\"663\" height=\"685\" src=\"https:\/\/serveiseducatius.xtec.cat\/garraf\/wp-content\/uploads\/usu1185\/2025\/10\/8-2.png\" alt=\"\" class=\"wp-image-18816\" style=\"width:98px;height:auto\" srcset=\"https:\/\/serveiseducatius.xtec.cat\/garraf\/wp-content\/uploads\/usu1185\/2025\/10\/8-2.png 663w, https:\/\/serveiseducatius.xtec.cat\/garraf\/wp-content\/uploads\/usu1185\/2025\/10\/8-2-290x300.png 290w\" sizes=\"auto, (max-width: 663px) 100vw, 663px\" \/><\/a><\/figure>\n\n\n\n<p class=\"has-text-align-center\">Omplir l&#8217;<a href=\"https:\/\/documents.espai.educacio.gencat.cat\/FormularisModels\/CentresGestioAcademica\/A330.pdf\" target=\"_blank\" rel=\"noreferrer noopener\">informe del centre formador\u200b<\/a> consensuat amb l&#8217;equip de docents.<\/p>\n<\/div>\n\n\n\n<div class=\"wp-block-column is-layout-flow wp-block-column-is-layout-flow\">\n<figure class=\"wp-block-image aligncenter size-full is-resized\"><a href=\"https:\/\/serveiseducatius.xtec.cat\/garraf\/wp-content\/uploads\/usu1185\/2025\/10\/9-1.png\"><img loading=\"lazy\" decoding=\"async\" width=\"683\" height=\"665\" src=\"https:\/\/serveiseducatius.xtec.cat\/garraf\/wp-content\/uploads\/usu1185\/2025\/10\/9-1.png\" alt=\"\" class=\"wp-image-18819\" style=\"width:100px\" srcset=\"https:\/\/serveiseducatius.xtec.cat\/garraf\/wp-content\/uploads\/usu1185\/2025\/10\/9-1.png 683w, https:\/\/serveiseducatius.xtec.cat\/garraf\/wp-content\/uploads\/usu1185\/2025\/10\/9-1-300x292.png 300w\" sizes=\"auto, (max-width: 683px) 100vw, 683px\" \/><\/a><\/figure>\n\n\n\n<p class=\"has-text-align-center\">Enviar la sol\u00b7licitud i l&#8217;informe a la persona referent del Servei Territorial al Pened\u00e8s a trav\u00e9s d&#8217;<a href=\"https:\/\/pl6.eacat.cat\/group\/aoc\/valisa\">eValisa<\/a> (termini de presentaci\u00f3 \u00e9s entre febrer i mar\u00e7).<\/p>\n<\/div>\n\n\n\n<div class=\"wp-block-column is-layout-flow wp-block-column-is-layout-flow\">\n<figure class=\"wp-block-image aligncenter size-full is-resized\"><a href=\"https:\/\/serveiseducatius.xtec.cat\/garraf\/wp-content\/uploads\/usu1185\/2025\/10\/Pictogrames-NODES-formacio-activitats-i-recursos.png\"><img loading=\"lazy\" decoding=\"async\" width=\"705\" height=\"667\" src=\"https:\/\/serveiseducatius.xtec.cat\/garraf\/wp-content\/uploads\/usu1185\/2025\/10\/Pictogrames-NODES-formacio-activitats-i-recursos.png\" alt=\"\" class=\"wp-image-18820\" style=\"width:98px\" srcset=\"https:\/\/serveiseducatius.xtec.cat\/garraf\/wp-content\/uploads\/usu1185\/2025\/10\/Pictogrames-NODES-formacio-activitats-i-recursos.png 705w, https:\/\/serveiseducatius.xtec.cat\/garraf\/wp-content\/uploads\/usu1185\/2025\/10\/Pictogrames-NODES-formacio-activitats-i-recursos-300x284.png 300w\" sizes=\"auto, (max-width: 705px) 100vw, 705px\" \/><\/a><\/figure>\n\n\n\n<div class=\"wp-block-buttons is-content-justification-center is-layout-flex wp-container-core-buttons-is-layout-2 wp-block-buttons-is-layout-flex\">\n<div class=\"wp-block-button\"><a class=\"wp-block-button__link wp-element-button\" href=\"https:\/\/xtec.gencat.cat\/ca\/formacio\/centres-formadors\"><strong>M\u00e9s informaci\u00f3<\/strong><\/a><\/div>\n<\/div>\n<\/div>\n<\/div>\n\n\n\n<p class=\"has-white-color has-ast-global-color-1-background-color has-text-color has-background has-link-color has-medium-font-size wp-elements-9fd0d241e44f3e772c24f8e52952e0af\"><strong>Actualitat de Centres Formadors<\/strong><\/p>\n\n\n\n<ul class=\"wp-block-list\">\n<li><strong><a href=\"https:\/\/projectes.xtec.cat\/centresformadors\/\">Nodes de Centres Formadors<\/a><\/strong>.<\/li>\n\n\n\n<li><strong><strong>Programa d&#8217;innovaci\u00f3 de <a href=\"https:\/\/projectes.xtec.cat\/centresformadors\/justificacio-del-programa\/objectius-del-programa-2\/#\">Pr\u00e0ctiques MUFPS<\/a> <\/strong><\/strong>(Centres de secund\u00e0ria)<\/li>\n\n\n\n<li><strong><a href=\"https:\/\/drive.google.com\/file\/d\/1DTsTHFWLiIs7DU3WYv-pvNWrMJfZytJm\/view\">Resum<\/a> de la sessi\u00f3 informativa per a coordinacions de centre noves<\/strong> (setembre 2025)<\/li>\n<\/ul>\n\n\n\n<p class=\"has-white-color has-ast-global-color-1-background-color has-text-color has-background has-link-color has-medium-font-size wp-elements-271b31111dad54221653fbbd5a9f6cb6\"><strong>Normativa<\/strong><\/p>\n\n\n\n<ul class=\"wp-block-list\">\n<li><strong><a href=\"https:\/\/www.boe.es\/diario_boe\/txt.php?id=BOE-A-2014-8138\">Reial Decret 592\/2014<\/a><\/strong>, d&#8217;11 de juliol, pel qual es regulen les pr\u00e0ctiques acad\u00e8miques externes dels estudiants universitaris.<\/li>\n\n\n\n<li><strong><a href=\"https:\/\/dogc.gencat.cat\/ca\/document-del-dogc\/?documentId=893962\">Ordre EDU\/39\/2021<\/a><\/strong>, de 16 de febrer, per la qual s&#8217;estableix el desenvolupament de les pr\u00e0ctiques professionalitzadores universit\u00e0ries i d&#8217;altres institucions formadores en centres educatius formadors, serveis educatius i depend\u00e8ncies del Departament d&#8217;Educaci\u00f3 i s&#8217;estableix el procediment per a la selecci\u00f3 i acreditaci\u00f3 de centres formadors.<\/li>\n\n\n\n<li><a href=\"https:\/\/espai.educacio.gencat.cat\/Normativa\/DOIGC\/Pagines\/default.aspx\"><strong>Document d&#8217;organitzaci\u00f3 i gesti\u00f3 de centres<\/strong><\/a> (acc\u00e9s amb credencials ATRI)<\/li>\n<\/ul>\n","protected":false},"excerpt":{"rendered":"<p>Fer\u00a0pr\u00e0ctiques acad\u00e8miques externes en centres educatius, serveis educatius i unitats del Departament\u00a0\u00e9s\u00a0una activitat de naturalesa formativa, amb l&#8217;objectiu de contribuir a professionalitzar la doc\u00e8ncia i permetre als estudiants universitaris aplicar i complementar els coneixements adquirits en la formaci\u00f3 acad\u00e8mica.\u00a0La formaci\u00f3 amb els\u00a0professionals que exerceixen la professi\u00f3 escollida per l&#8217;estudiant requereix un comprom\u00eds de tots els [&hellip;]<\/p>\n","protected":false},"author":10,"featured_media":0,"parent":0,"menu_order":0,"comment_status":"closed","ping_status":"close","template":"","meta":{"_bbp_topic_count":0,"_bbp_reply_count":0,"_bbp_total_topic_count":0,"_bbp_total_reply_count":0,"_bbp_voice_count":0,"_bbp_anonymous_reply_count":0,"_bbp_topic_count_hidden":0,"_bbp_reply_count_hidden":0,"_bbp_forum_subforum_count":0,"site-sidebar-layout":"default","site-content-layout":"","ast-site-content-layout":"default","site-content-style":"default","site-sidebar-style":"default","ast-global-header-display":"","ast-banner-title-visibility":"","ast-main-header-display":"","ast-hfb-above-header-display":"","ast-hfb-below-header-display":"","ast-hfb-mobile-header-display":"","site-post-title":"","ast-breadcrumbs-content":"","ast-featured-img":"","footer-sml-layout":"","theme-transparent-header-meta":"","adv-header-id-meta":"","stick-header-meta":"","header-above-stick-meta":"","header-main-stick-meta":"","header-below-stick-meta":"","astra-migrate-meta-layouts":"set","ast-page-background-enabled":"default","ast-page-background-meta":{"desktop":{"background-color":"var(--ast-global-color-4)","background-image":"","background-repeat":"repeat","background-position":"center center","background-size":"auto","background-attachment":"scroll","background-type":"","background-media":"","overlay-type":"","overlay-color":"","overlay-opacity":"","overlay-gradient":""},"tablet":{"background-color":"","background-image":"","background-repeat":"repeat","background-position":"center center","background-size":"auto","background-attachment":"scroll","background-type":"","background-media":"","overlay-type":"","overlay-color":"","overlay-opacity":"","overlay-gradient":""},"mobile":{"background-color":"","background-image":"","background-repeat":"repeat","background-position":"center center","background-size":"auto","background-attachment":"scroll","background-type":"","background-media":"","overlay-type":"","overlay-color":"","overlay-opacity":"","overlay-gradient":""}},"ast-content-background-meta":{"desktop":{"background-color":"var(--ast-global-color-5)","background-image":"","background-repeat":"repeat","background-position":"center center","background-size":"auto","background-attachment":"scroll","background-type":"","background-media":"","overlay-type":"","overlay-color":"","overlay-opacity":"","overlay-gradient":""},"tablet":{"background-color":"var(--ast-global-color-5)","background-image":"","background-repeat":"repeat","background-position":"center center","background-size":"auto","background-attachment":"scroll","background-type":"","background-media":"","overlay-type":"","overlay-color":"","overlay-opacity":"","overlay-gradient":""},"mobile":{"background-color":"var(--ast-global-color-5)","background-image":"","background-repeat":"repeat","background-position":"center center","background-size":"auto","background-attachment":"scroll","background-type":"","background-media":"","overlay-type":"","overlay-color":"","overlay-opacity":"","overlay-gradient":""}},"footnotes":""},"class_list":["post-18316","page","type-page","status-publish","hentry"],"post_mailing_queue_ids":[],"_links":{"self":[{"href":"https:\/\/serveiseducatius.xtec.cat\/garraf\/wp-json\/wp\/v2\/pages\/18316","targetHints":{"allow":["GET"]}}],"collection":[{"href":"https:\/\/serveiseducatius.xtec.cat\/garraf\/wp-json\/wp\/v2\/pages"}],"about":[{"href":"https:\/\/serveiseducatius.xtec.cat\/garraf\/wp-json\/wp\/v2\/types\/page"}],"author":[{"embeddable":true,"href":"https:\/\/serveiseducatius.xtec.cat\/garraf\/wp-json\/wp\/v2\/users\/10"}],"replies":[{"embeddable":true,"href":"https:\/\/serveiseducatius.xtec.cat\/garraf\/wp-json\/wp\/v2\/comments?post=18316"}],"version-history":[{"count":6,"href":"https:\/\/serveiseducatius.xtec.cat\/garraf\/wp-json\/wp\/v2\/pages\/18316\/revisions"}],"predecessor-version":[{"id":18826,"href":"https:\/\/serveiseducatius.xtec.cat\/garraf\/wp-json\/wp\/v2\/pages\/18316\/revisions\/18826"}],"wp:attachment":[{"href":"https:\/\/serveiseducatius.xtec.cat\/garraf\/wp-json\/wp\/v2\/media?parent=18316"}],"curies":[{"name":"wp","href":"https:\/\/api.w.org\/{rel}","templated":true}]}}