{"id":18202,"date":"2025-09-16T16:47:24","date_gmt":"2025-09-16T14:47:24","guid":{"rendered":"https:\/\/serveiseducatius.xtec.cat\/garraf\/?page_id=18202"},"modified":"2025-10-08T16:46:18","modified_gmt":"2025-10-08T14:46:18","slug":"setmana-de-la-ciencia-2025","status":"publish","type":"page","link":"https:\/\/serveiseducatius.xtec.cat\/garraf\/setmana-de-la-ciencia-2025\/","title":{"rendered":"Setmana de la Ci\u00e8ncia 2025"},"content":{"rendered":"\n<figure class=\"wp-block-image size-full\"><a href=\"https:\/\/serveiseducatius.xtec.cat\/garraf\/wp-content\/uploads\/usu1185\/2025\/10\/Banner-Setmana-de-la-Ciencia.png\"><img loading=\"lazy\" decoding=\"async\" width=\"1024\" height=\"300\" src=\"https:\/\/serveiseducatius.xtec.cat\/garraf\/wp-content\/uploads\/usu1185\/2025\/10\/Banner-Setmana-de-la-Ciencia.png\" alt=\"\" class=\"wp-image-18384\" srcset=\"https:\/\/serveiseducatius.xtec.cat\/garraf\/wp-content\/uploads\/usu1185\/2025\/10\/Banner-Setmana-de-la-Ciencia.png 1024w, https:\/\/serveiseducatius.xtec.cat\/garraf\/wp-content\/uploads\/usu1185\/2025\/10\/Banner-Setmana-de-la-Ciencia-300x88.png 300w, https:\/\/serveiseducatius.xtec.cat\/garraf\/wp-content\/uploads\/usu1185\/2025\/10\/Banner-Setmana-de-la-Ciencia-768x225.png 768w\" sizes=\"auto, (max-width: 1024px) 100vw, 1024px\" \/><\/a><\/figure>\n\n\n\n<p>La <strong><a href=\"https:\/\/setmanaciencia.fundaciorecerca.cat\/frontend\/home.asp\">Setmana de la Ci\u00e8ncia al Garraf<\/a><\/strong>, organitzada juntament amb la <strong><a href=\"https:\/\/fundaciorecerca.cat\/ca\/\">Fundaci\u00f3 Catalana per a la Recerca i la Innovaci\u00f3<\/a><\/strong>, tindr\u00e0 lloc del <strong>7 al 16 de novembre de 2025 <\/strong>a diferents punts de tot el pa\u00eds i t\u00e9 per objectiu apropar la ci\u00e8ncia i la tecnologia a la ciutadania. Per a l\u2019edici\u00f3 d\u2019enguany, la 30a, el fil conductor gira al voltant amb la Ci\u00e8ncia i la Tecnologia Qu\u00e0ntica, tenint en compte que aquest curs se\u2019n celebra l\u2019Any Internacional promogut per Nacions Unides. Tamb\u00e9, a trav\u00e9s de les activitats, es volen <strong>commemorar altres efem\u00e8rides<\/strong> importants pel m\u00f3n de la ci\u00e8ncia:<\/p>\n\n\n\n<ul class=\"wp-block-list\">\n<li>L\u2019Any Internacional de la Conservaci\u00f3 de les Glaceres<\/li>\n\n\n\n<li>L\u2019Any Europeu de l\u2019Educaci\u00f3 per a la Ciutadania Digital<\/li>\n\n\n\n<li>El centenari del naixement de Maria Assumpci\u00f3 Catal\u00e0 i Poch, matem\u00e0tica i astr\u00f2noma<\/li>\n\n\n\n<li>Els 50 anys de la mort d\u2019Agust\u00ed Duran i Sanpere, historiador, arxiver i arque\u00f2leg<\/li>\n\n\n\n<li>El centenari del naixement d\u2019Oriol Bohigas i Guardiola, arquitecte i urbanista<\/li>\n\n\n\n<li>Els 650 anys de l\u2019Atles Catal\u00e0.&nbsp;<\/li>\n<\/ul>\n\n\n\n<div class=\"wp-block-columns is-layout-flex wp-container-core-columns-is-layout-1 wp-block-columns-is-layout-flex\">\n<div class=\"wp-block-column is-layout-flow wp-block-column-is-layout-flow\">\n<figure class=\"wp-block-image aligncenter size-large is-resized\"><a href=\"https:\/\/serveiseducatius.xtec.cat\/garraf\/wp-content\/uploads\/usu1185\/2025\/09\/dia-ciencia-escoles.png\"><img loading=\"lazy\" decoding=\"async\" width=\"1024\" height=\"453\" src=\"https:\/\/serveiseducatius.xtec.cat\/garraf\/wp-content\/uploads\/usu1185\/2025\/09\/dia-ciencia-escoles-1024x453.png\" alt=\"\" class=\"wp-image-18207\" style=\"width:369px;height:auto\" srcset=\"https:\/\/serveiseducatius.xtec.cat\/garraf\/wp-content\/uploads\/usu1185\/2025\/09\/dia-ciencia-escoles-1024x453.png 1024w, https:\/\/serveiseducatius.xtec.cat\/garraf\/wp-content\/uploads\/usu1185\/2025\/09\/dia-ciencia-escoles-300x133.png 300w, https:\/\/serveiseducatius.xtec.cat\/garraf\/wp-content\/uploads\/usu1185\/2025\/09\/dia-ciencia-escoles-768x340.png 768w, https:\/\/serveiseducatius.xtec.cat\/garraf\/wp-content\/uploads\/usu1185\/2025\/09\/dia-ciencia-escoles-1536x680.png 1536w, https:\/\/serveiseducatius.xtec.cat\/garraf\/wp-content\/uploads\/usu1185\/2025\/09\/dia-ciencia-escoles-2048x906.png 2048w\" sizes=\"auto, (max-width: 1024px) 100vw, 1024px\" \/><\/a><\/figure>\n\n\n\n<p class=\"has-text-align-center\"><strong>Dia de la Ci\u00e8ncia a les Escoles<\/strong><\/p>\n\n\n\n<p class=\"has-text-align-center\">Dimarts, 11 de novembre<\/p>\n\n\n\n<p class=\"has-text-align-center\"><strong>Destinataris:<\/strong> alumnat de 3r i 4t d&#8217;ESO i 1r de BATX<\/p>\n\n\n\n<p class=\"has-text-align-center\"><strong>Objectiu:<\/strong> resoldre reptes cient\u00edfics i tecnol\u00f2gics que formulen investigadors i investigadores de centres de recerca i universitats de Catalunya.<\/p>\n\n\n\n<p><strong>Reptes: <\/strong><\/p>\n\n\n\n<ul class=\"wp-block-list\">\n<li>10 h\u00a0<strong>Economia<\/strong> amb Albert Sant, responsable de Talent i Cultura BBVA Catalunya<\/li>\n\n\n\n<li>11 h<strong>\u00a0Intel\u00b7lig\u00e8ncia artificial<\/strong> amb V\u00edctor G\u00f3mez, BBVA<\/li>\n\n\n\n<li>12\u202fh\u00a0<strong>Tecnologia<\/strong> amb Antonio Rubio, professor em\u00e8rit Enginyeria UPC<\/li>\n<\/ul>\n\n\n\n<div class=\"wp-block-buttons alignwide is-content-justification-center is-layout-flex wp-container-core-buttons-is-layout-1 wp-block-buttons-is-layout-flex\">\n<div class=\"wp-block-button\"><a class=\"wp-block-button__link wp-element-button\" href=\"https:\/\/setmanaciencia.fundaciorecerca.cat\/frontend\/home.asp#\"><strong>M\u00e9s informaci\u00f3<\/strong><\/a><\/div>\n\n\n\n<div class=\"wp-block-button\"><a class=\"wp-block-button__link wp-element-button\" href=\"https:\/\/setmanaciencia.fundaciorecerca.cat\/DCE\/index.asp?accio=formulari&amp;primeravez=SI\"><strong>Inscripcions<\/strong><\/a><\/div>\n\n\n\n<div class=\"wp-block-button\"><a class=\"wp-block-button__link wp-element-button\" href=\"https:\/\/www.youtube.com\/user\/fcrivideo\"><strong>Acc\u00e9s als v\u00eddeos dels reptes<\/strong><\/a><\/div>\n<\/div>\n<\/div>\n\n\n\n<div class=\"wp-block-column is-layout-flow wp-block-column-is-layout-flow\">\n<figure class=\"wp-block-image aligncenter size-large is-resized\"><a href=\"https:\/\/serveiseducatius.xtec.cat\/garraf\/wp-content\/uploads\/usu1185\/2025\/09\/Logo-Dia-de-la-ciencia-al-carrer-fons-blau.png\"><img loading=\"lazy\" decoding=\"async\" width=\"834\" height=\"1024\" src=\"https:\/\/serveiseducatius.xtec.cat\/garraf\/wp-content\/uploads\/usu1185\/2025\/09\/Logo-Dia-de-la-ciencia-al-carrer-fons-blau-834x1024.png\" alt=\"\" class=\"wp-image-18211\" style=\"width:133px;height:auto\" srcset=\"https:\/\/serveiseducatius.xtec.cat\/garraf\/wp-content\/uploads\/usu1185\/2025\/09\/Logo-Dia-de-la-ciencia-al-carrer-fons-blau-834x1024.png 834w, https:\/\/serveiseducatius.xtec.cat\/garraf\/wp-content\/uploads\/usu1185\/2025\/09\/Logo-Dia-de-la-ciencia-al-carrer-fons-blau-244x300.png 244w, https:\/\/serveiseducatius.xtec.cat\/garraf\/wp-content\/uploads\/usu1185\/2025\/09\/Logo-Dia-de-la-ciencia-al-carrer-fons-blau-768x943.png 768w, https:\/\/serveiseducatius.xtec.cat\/garraf\/wp-content\/uploads\/usu1185\/2025\/09\/Logo-Dia-de-la-ciencia-al-carrer-fons-blau-1250x1536.png 1250w, https:\/\/serveiseducatius.xtec.cat\/garraf\/wp-content\/uploads\/usu1185\/2025\/09\/Logo-Dia-de-la-ciencia-al-carrer-fons-blau-1667x2048.png 1667w\" sizes=\"auto, (max-width: 834px) 100vw, 834px\" \/><\/a><\/figure>\n\n\n\n<p class=\"has-text-align-center\"><strong>Dia de la Ci\u00e8ncia al Carrer<\/strong><\/p>\n\n\n\n<p class=\"has-text-align-center\">Divendres, 14 de novembre<\/p>\n\n\n\n<p class=\"has-text-align-center\"><strong>Destinataris:<\/strong> alumnat de 6\u00e8 d\u2019EP i 1r d\u2019ESO<strong>*<\/strong><\/p>\n\n\n\n<p class=\"has-text-align-center has-small-font-size\"><strong>*<\/strong>Els centres visitants poden completar l&#8217;activitat amb una visita gratu\u00efta als Museus de Sitges. M\u00e9s informaci\u00f3 al formulari d&#8217;inscripci\u00f3.<\/p>\n\n\n\n<p class=\"has-text-align-center\"><strong>Objectiu:<\/strong> mostrar experiments, exhibicions i activitats relacionades amb la divulgaci\u00f3 cient\u00edfica i tecnol\u00f2gica, per part d&#8217;entitats comarcals i l&#8217;alumnat d&#8217;ESO, Batxillerat i Cicles Formatius.<\/p>\n\n\n\n<div class=\"wp-block-buttons alignwide is-content-justification-center is-layout-flex wp-container-core-buttons-is-layout-2 wp-block-buttons-is-layout-flex\">\n<div class=\"wp-block-button\"><a class=\"wp-block-button__link wp-element-button\" href=\"https:\/\/forms.gle\/NQEALWcJKaT7R6tR8\"><strong>Inscripci\u00f3 centres expositors<\/strong><\/a><\/div>\n\n\n\n<div class=\"wp-block-button\"><a class=\"wp-block-button__link wp-element-button\" href=\"https:\/\/forms.gle\/vb18UoUtrXxApqmL6\"><strong>Inscripci\u00f3 entitats expositores<\/strong><\/a><\/div>\n\n\n\n<div class=\"wp-block-button\"><a class=\"wp-block-button__link wp-element-button\" href=\"https:\/\/forms.gle\/Gbk6aBMcvfzcgkNb8\"><strong>Inscripci\u00f3 centres visitants<\/strong><\/a><\/div>\n<\/div>\n<\/div>\n<\/div>\n\n\n\n<p><\/p>\n","protected":false},"excerpt":{"rendered":"<p>La Setmana de la Ci\u00e8ncia al Garraf, organitzada juntament amb la Fundaci\u00f3 Catalana per a la Recerca i la Innovaci\u00f3, tindr\u00e0 lloc del 7 al 16 de novembre de 2025 a diferents punts de tot el pa\u00eds i t\u00e9 per objectiu apropar la ci\u00e8ncia i la tecnologia a la ciutadania. Per a l\u2019edici\u00f3 d\u2019enguany, la [&hellip;]<\/p>\n","protected":false},"author":10,"featured_media":0,"parent":0,"menu_order":0,"comment_status":"closed","ping_status":"closed","template":"","meta":{"_bbp_topic_count":0,"_bbp_reply_count":0,"_bbp_total_topic_count":0,"_bbp_total_reply_count":0,"_bbp_voice_count":0,"_bbp_anonymous_reply_count":0,"_bbp_topic_count_hidden":0,"_bbp_reply_count_hidden":0,"_bbp_forum_subforum_count":0,"site-sidebar-layout":"default","site-content-layout":"","ast-site-content-layout":"default","site-content-style":"default","site-sidebar-style":"default","ast-global-header-display":"","ast-banner-title-visibility":"","ast-main-header-display":"","ast-hfb-above-header-display":"","ast-hfb-below-header-display":"","ast-hfb-mobile-header-display":"","site-post-title":"","ast-breadcrumbs-content":"","ast-featured-img":"","footer-sml-layout":"","theme-transparent-header-meta":"","adv-header-id-meta":"","stick-header-meta":"","header-above-stick-meta":"","header-main-stick-meta":"","header-below-stick-meta":"","astra-migrate-meta-layouts":"set","ast-page-background-enabled":"default","ast-page-background-meta":{"desktop":{"background-color":"var(--ast-global-color-4)","background-image":"","background-repeat":"repeat","background-position":"center center","background-size":"auto","background-attachment":"scroll","background-type":"","background-media":"","overlay-type":"","overlay-color":"","overlay-opacity":"","overlay-gradient":""},"tablet":{"background-color":"","background-image":"","background-repeat":"repeat","background-position":"center center","background-size":"auto","background-attachment":"scroll","background-type":"","background-media":"","overlay-type":"","overlay-color":"","overlay-opacity":"","overlay-gradient":""},"mobile":{"background-color":"","background-image":"","background-repeat":"repeat","background-position":"center center","background-size":"auto","background-attachment":"scroll","background-type":"","background-media":"","overlay-type":"","overlay-color":"","overlay-opacity":"","overlay-gradient":""}},"ast-content-background-meta":{"desktop":{"background-color":"var(--ast-global-color-5)","background-image":"","background-repeat":"repeat","background-position":"center center","background-size":"auto","background-attachment":"scroll","background-type":"","background-media":"","overlay-type":"","overlay-color":"","overlay-opacity":"","overlay-gradient":""},"tablet":{"background-color":"var(--ast-global-color-5)","background-image":"","background-repeat":"repeat","background-position":"center center","background-size":"auto","background-attachment":"scroll","background-type":"","background-media":"","overlay-type":"","overlay-color":"","overlay-opacity":"","overlay-gradient":""},"mobile":{"background-color":"var(--ast-global-color-5)","background-image":"","background-repeat":"repeat","background-position":"center center","background-size":"auto","background-attachment":"scroll","background-type":"","background-media":"","overlay-type":"","overlay-color":"","overlay-opacity":"","overlay-gradient":""}},"footnotes":""},"class_list":["post-18202","page","type-page","status-publish","hentry"],"post_mailing_queue_ids":[],"_links":{"self":[{"href":"https:\/\/serveiseducatius.xtec.cat\/garraf\/wp-json\/wp\/v2\/pages\/18202","targetHints":{"allow":["GET"]}}],"collection":[{"href":"https:\/\/serveiseducatius.xtec.cat\/garraf\/wp-json\/wp\/v2\/pages"}],"about":[{"href":"https:\/\/serveiseducatius.xtec.cat\/garraf\/wp-json\/wp\/v2\/types\/page"}],"author":[{"embeddable":true,"href":"https:\/\/serveiseducatius.xtec.cat\/garraf\/wp-json\/wp\/v2\/users\/10"}],"replies":[{"embeddable":true,"href":"https:\/\/serveiseducatius.xtec.cat\/garraf\/wp-json\/wp\/v2\/comments?post=18202"}],"version-history":[{"count":6,"href":"https:\/\/serveiseducatius.xtec.cat\/garraf\/wp-json\/wp\/v2\/pages\/18202\/revisions"}],"predecessor-version":[{"id":18554,"href":"https:\/\/serveiseducatius.xtec.cat\/garraf\/wp-json\/wp\/v2\/pages\/18202\/revisions\/18554"}],"wp:attachment":[{"href":"https:\/\/serveiseducatius.xtec.cat\/garraf\/wp-json\/wp\/v2\/media?parent=18202"}],"curies":[{"name":"wp","href":"https:\/\/api.w.org\/{rel}","templated":true}]}}