{"id":17916,"date":"2025-04-04T13:22:33","date_gmt":"2025-04-04T11:22:33","guid":{"rendered":"https:\/\/serveiseducatius.xtec.cat\/garraf\/?page_id=17916"},"modified":"2026-03-16T13:26:57","modified_gmt":"2026-03-16T12:26:57","slug":"pla-educatiu-dentorn","status":"publish","type":"page","link":"https:\/\/serveiseducatius.xtec.cat\/garraf\/pla-educatiu-dentorn\/","title":{"rendered":"Plans Educatius d&#8217;Entorn"},"content":{"rendered":"\n<div class=\"wp-block-buttons is-content-justification-center is-layout-flex wp-container-core-buttons-is-layout-1 wp-block-buttons-is-layout-flex\">\n<div class=\"wp-block-button has-custom-font-size has-medium-font-size\"><a class=\"wp-block-button__link has-luminous-vivid-amber-background-color has-background wp-element-button\" href=\"https:\/\/sites.google.com\/xtec.cat\/plans-educatius-del-garraf\/pee-del-garraf\"><strong>Acc\u00e9s al site dels PEE del Garraf<\/strong><\/a><\/div>\n<\/div>\n\n\n\n<p>Els Plans Educatius d&#8217;Entorn (PEE) s\u00f3n una iniciativa innovadora de col\u00b7laboraci\u00f3 entre el Departament d&#8217;Educaci\u00f3 i Formaci\u00f3 Professional de la Generalitat de Catalunya i els ajuntaments locals. Aquests plans es van dissenyar amb l&#8217;objectiu de proporcionar una resposta integral i comunit\u00e0ria a les necessitats educatives dels joves, coordinant i dinamitzant l&#8217;acci\u00f3 educativa en diferents \u00e0mbits de les seves vides.<\/p>\n\n\n\n<p class=\"has-white-color has-ast-global-color-1-background-color has-text-color has-background has-link-color has-medium-font-size wp-elements-9aadc95f7179d5475af558182a5372a9\"><strong>Objectius<\/strong><\/p>\n\n\n\n<ul class=\"wp-block-list\">\n<li>Afavorir l&#8217;\u00e8xit educatiu de tots els infants i joves en totes les dimensions: personal, acad\u00e8mica, social i laboral.<\/li>\n\n\n\n<li>Contribuir a la cohesi\u00f3 social mitjan\u00e7ant l&#8217;equitat, l&#8217;educaci\u00f3 intercultural, el foment de la conviv\u00e8ncia i l&#8217;\u00fas de la llengua catalana.<\/li>\n<\/ul>\n\n\n\n<p class=\"has-white-color has-ast-global-color-1-background-color has-text-color has-background has-link-color has-medium-font-size wp-elements-68aadcb96259a9e960e5c7833067f726\"><strong>Caracter\u00edstiques<\/strong><\/p>\n\n\n\n<ul class=\"wp-block-list\">\n<li><strong>Visi\u00f3 educativa comunit\u00e0ria<\/strong>: Impliquen tots els agents de l&#8217;entorn (educatius, socials, econ\u00f2mics, culturals, art\u00edstics, esportius i de lleure) en una xarxa organitzada.<\/li>\n\n\n\n<li><strong>Continu\u00eftat educativa<\/strong>: Busquen donar coher\u00e8ncia entre l&#8217;educaci\u00f3 formal, no formal i informal.<\/li>\n\n\n\n<li><strong>Atenci\u00f3 a la vulnerabilitat<\/strong>: Es dirigeixen especialment als sectors socials m\u00e9s desfavorits.<\/li>\n\n\n\n<li><strong>Promoci\u00f3 de la llengua catalana<\/strong>: Fomenten l&#8217;\u00fas social del catal\u00e0 com a element de cohesi\u00f3.<\/li>\n<\/ul>\n\n\n\n<p class=\"has-white-color has-ast-global-color-1-background-color has-text-color has-background has-link-color has-medium-font-size wp-elements-76bc2599eb4cdb5dc3cbc05e151d415a\"><strong>Accions<\/strong><\/p>\n\n\n\n<ul class=\"wp-block-list\">\n<li>Tallers de suport a la tasca escolar<\/li>\n\n\n\n<li>Activitats extraescolars esportives i culturals<\/li>\n\n\n\n<li>Activitats familiars de lleure fora de l&#8217;horari lectiu<\/li>\n<\/ul>\n\n\n\n<p class=\"has-white-color has-ast-global-color-1-background-color has-text-color has-background has-link-color has-medium-font-size wp-elements-f45961d5d7cfe76df246cfcf85dc1ea2\"><strong>Beneficis<\/strong><\/p>\n\n\n\n<ul class=\"wp-block-list\">\n<li>Milloren les condicions d&#8217;escolaritzaci\u00f3 i l&#8217;\u00e8xit escolar.<\/li>\n\n\n\n<li>Potencien l&#8217;educaci\u00f3 en valors i el comprom\u00eds c\u00edvic.<\/li>\n\n\n\n<li>Fomenten la implicaci\u00f3 de les fam\u00edlies en l&#8217;educaci\u00f3 dels seus fills.<\/li>\n\n\n\n<li>Promouen la igualtat d&#8217;oportunitats educatives.<\/li>\n<\/ul>\n","protected":false},"excerpt":{"rendered":"<p>Els Plans Educatius d&#8217;Entorn (PEE) s\u00f3n una iniciativa innovadora de col\u00b7laboraci\u00f3 entre el Departament d&#8217;Educaci\u00f3 i Formaci\u00f3 Professional de la Generalitat de Catalunya i els ajuntaments locals. Aquests plans es van dissenyar amb l&#8217;objectiu de proporcionar una resposta integral i comunit\u00e0ria a les necessitats educatives dels joves, coordinant i dinamitzant l&#8217;acci\u00f3 educativa en diferents \u00e0mbits [&hellip;]<\/p>\n","protected":false},"author":46,"featured_media":0,"parent":0,"menu_order":0,"comment_status":"closed","ping_status":"closed","template":"","meta":{"_bbp_topic_count":0,"_bbp_reply_count":0,"_bbp_total_topic_count":0,"_bbp_total_reply_count":0,"_bbp_voice_count":0,"_bbp_anonymous_reply_count":0,"_bbp_topic_count_hidden":0,"_bbp_reply_count_hidden":0,"_bbp_forum_subforum_count":0,"site-sidebar-layout":"default","site-content-layout":"","ast-site-content-layout":"default","site-content-style":"default","site-sidebar-style":"default","ast-global-header-display":"","ast-banner-title-visibility":"","ast-main-header-display":"","ast-hfb-above-header-display":"","ast-hfb-below-header-display":"","ast-hfb-mobile-header-display":"","site-post-title":"","ast-breadcrumbs-content":"","ast-featured-img":"","footer-sml-layout":"","theme-transparent-header-meta":"","adv-header-id-meta":"","stick-header-meta":"","header-above-stick-meta":"","header-main-stick-meta":"","header-below-stick-meta":"","astra-migrate-meta-layouts":"set","ast-page-background-enabled":"default","ast-page-background-meta":{"desktop":{"background-color":"var(--ast-global-color-4)","background-image":"","background-repeat":"repeat","background-position":"center center","background-size":"auto","background-attachment":"scroll","background-type":"","background-media":"","overlay-type":"","overlay-color":"","overlay-opacity":"","overlay-gradient":""},"tablet":{"background-color":"","background-image":"","background-repeat":"repeat","background-position":"center center","background-size":"auto","background-attachment":"scroll","background-type":"","background-media":"","overlay-type":"","overlay-color":"","overlay-opacity":"","overlay-gradient":""},"mobile":{"background-color":"","background-image":"","background-repeat":"repeat","background-position":"center center","background-size":"auto","background-attachment":"scroll","background-type":"","background-media":"","overlay-type":"","overlay-color":"","overlay-opacity":"","overlay-gradient":""}},"ast-content-background-meta":{"desktop":{"background-color":"var(--ast-global-color-5)","background-image":"","background-repeat":"repeat","background-position":"center center","background-size":"auto","background-attachment":"scroll","background-type":"","background-media":"","overlay-type":"","overlay-color":"","overlay-opacity":"","overlay-gradient":""},"tablet":{"background-color":"var(--ast-global-color-5)","background-image":"","background-repeat":"repeat","background-position":"center center","background-size":"auto","background-attachment":"scroll","background-type":"","background-media":"","overlay-type":"","overlay-color":"","overlay-opacity":"","overlay-gradient":""},"mobile":{"background-color":"var(--ast-global-color-5)","background-image":"","background-repeat":"repeat","background-position":"center center","background-size":"auto","background-attachment":"scroll","background-type":"","background-media":"","overlay-type":"","overlay-color":"","overlay-opacity":"","overlay-gradient":""}},"footnotes":""},"class_list":["post-17916","page","type-page","status-publish","hentry"],"post_mailing_queue_ids":[],"_links":{"self":[{"href":"https:\/\/serveiseducatius.xtec.cat\/garraf\/wp-json\/wp\/v2\/pages\/17916","targetHints":{"allow":["GET"]}}],"collection":[{"href":"https:\/\/serveiseducatius.xtec.cat\/garraf\/wp-json\/wp\/v2\/pages"}],"about":[{"href":"https:\/\/serveiseducatius.xtec.cat\/garraf\/wp-json\/wp\/v2\/types\/page"}],"author":[{"embeddable":true,"href":"https:\/\/serveiseducatius.xtec.cat\/garraf\/wp-json\/wp\/v2\/users\/46"}],"replies":[{"embeddable":true,"href":"https:\/\/serveiseducatius.xtec.cat\/garraf\/wp-json\/wp\/v2\/comments?post=17916"}],"version-history":[{"count":6,"href":"https:\/\/serveiseducatius.xtec.cat\/garraf\/wp-json\/wp\/v2\/pages\/17916\/revisions"}],"predecessor-version":[{"id":19752,"href":"https:\/\/serveiseducatius.xtec.cat\/garraf\/wp-json\/wp\/v2\/pages\/17916\/revisions\/19752"}],"wp:attachment":[{"href":"https:\/\/serveiseducatius.xtec.cat\/garraf\/wp-json\/wp\/v2\/media?parent=17916"}],"curies":[{"name":"wp","href":"https:\/\/api.w.org\/{rel}","templated":true}]}}