{"id":17748,"date":"2024-11-12T12:15:54","date_gmt":"2024-11-12T11:15:54","guid":{"rendered":"https:\/\/serveiseducatius.xtec.cat\/garraf\/?page_id=17748"},"modified":"2025-11-03T16:17:38","modified_gmt":"2025-11-03T15:17:38","slug":"kit-deteccio-dexoplanetes","status":"publish","type":"page","link":"https:\/\/serveiseducatius.xtec.cat\/garraf\/kit-deteccio-dexoplanetes\/","title":{"rendered":"Kit detecci\u00f3 d&#8217;exoplanetes"},"content":{"rendered":"\n<p class=\"has-white-color has-ast-global-color-1-background-color has-text-color has-background has-link-color has-medium-font-size wp-elements-b1444bf90117d0a1af45c5fb1c20835f\">Caracter\u00edstiques<\/p>\n\n\n\n<div class=\"wp-block-columns is-layout-flex wp-container-core-columns-is-layout-1 wp-block-columns-is-layout-flex\" style=\"padding-top:var(--wp--preset--spacing--40);padding-bottom:var(--wp--preset--spacing--40)\">\n<div class=\"wp-block-column is-layout-flow wp-block-column-is-layout-flow\">\n<figure class=\"wp-block-embed is-type-video is-provider-youtube wp-block-embed-youtube wp-embed-aspect-16-9 wp-has-aspect-ratio\"><div class=\"wp-block-embed__wrapper\">\n<div class=\"ast-oembed-container \" style=\"height: 100%;\"><iframe loading=\"lazy\" title=\"ESERO detectius d&#039;exoplanetes (POEFE)\" width=\"500\" height=\"281\" src=\"https:\/\/www.youtube.com\/embed\/lTtG0FSvoEs?feature=oembed\" frameborder=\"0\" allow=\"accelerometer; autoplay; clipboard-write; encrypted-media; gyroscope; picture-in-picture; web-share\" referrerpolicy=\"strict-origin-when-cross-origin\" allowfullscreen><\/iframe><\/div>\n<\/div><\/figure>\n<\/div>\n\n\n\n<div class=\"wp-block-column is-layout-flow wp-block-column-is-layout-flow\">\n<p class=\"has-white-color has-text-color has-link-color wp-elements-dd0e696a2870102f870219f1dfb8f935\">opus opus<\/p>\n\n\n\n<p>E<span class=\"C9DxTc \">ls Kits de materials <a href=\"http:\/\/esero.es\/\"><strong>ESERO<\/strong><\/a> (European Space Education Resource Office) s\u00f3n una eina destinada al personal docent, per tal de dur a terme a l\u2019aula activitats pr\u00e0ctiques basades en la indagaci\u00f3 (metodologia IBSE).<\/span><\/p>\n<\/div>\n<\/div>\n\n\n\n<p class=\"has-white-color has-ast-global-color-1-background-color has-text-color has-background has-link-color has-medium-font-size wp-elements-fc933459088506a65e5925f2eb87ab81\"><strong>Materials<\/strong><\/p>\n\n\n\n<p>El&#8221;Kit de detecci\u00f3 d&#8217;exoplanetes&#8221; est\u00e0 format per activitats pr\u00e0ctiques basades en la recerca de planetes m\u00e9s enll\u00e0 del nostre sistema solar. Les activitats creatives fomenten l\u2019enfocament de la investigaci\u00f3 i el treball cient\u00edfic en qu\u00e8 l\u2019alumnat assumeix el paper d\u2019especialista en astronomia. Cada activitat cont\u00e9 instruccions senzilles en qu\u00e8 s&#8217;utilitzen recursos quotidians.<\/p>\n\n\n\n<div class=\"wp-block-buttons is-content-justification-center is-layout-flex wp-container-core-buttons-is-layout-1 wp-block-buttons-is-layout-flex\">\n<div class=\"wp-block-button\"><a class=\"wp-block-button__link wp-element-button\" href=\"https:\/\/drive.google.com\/file\/d\/1I9aMDFCucod_IYce5XV7YmInTBp8b72C\/view?usp=sharing\"><strong>Materials<\/strong><\/a><\/div>\n<\/div>\n\n\n\n<p class=\"has-white-color has-ast-global-color-1-background-color has-text-color has-background has-link-color has-medium-font-size wp-elements-ae7bd9f086009dca93076b14499e96eb\"><strong>Recursos<\/strong><\/p>\n\n\n\n<ul class=\"wp-block-list\">\n<li><a href=\"http:\/\/esero.es\/wp-content\/uploads\/2020\/07\/Deteccio%CC%81n-de-exoplanetas.-Escondidos-en-la-luz_Comunicacio%CC%81n-interplanetaria_DE-P-03_DIGITAL.pdf\">Comunicaci\u00f3 interplanet\u00e0ria<\/a> (Prim\u00e0ria)<\/li>\n\n\n\n<li><a href=\"http:\/\/esero.es\/wp-content\/uploads\/2020\/07\/Deteccio%CC%81n-de-exoplanetas.-Escondidos-en-la-luz_En-la-zona-Ricitos-de-oro_DE-P-01_DIGITAL.pdf\">En la zona de Recitos de Oro<\/a> (Prim\u00e0ria)<\/li>\n\n\n\n<li><a href=\"http:\/\/esero.es\/wp-content\/uploads\/2020\/07\/Deteccio%CC%81n-de-exoplanetas.-Escondidos-en-la-luz_Hay-alguien-ahi%CC%81-fuera_DE-P-02_DIGITAL.pdf\">\u00bfHay alguien ah\u00ed fuera?<\/a> (Prim\u00e0ria)<\/li>\n\n\n\n<li><a href=\"http:\/\/esero.es\/wp-content\/uploads\/2020\/07\/Deteccio%CC%81n-de-exoplanetas.-Escondidos-en-la-luz_Modelado-de-tra%CC%81nsitos-de-exoplanetas_DE-SB-01_DIG.pdf\">Modelado de tr\u00e1nsito de exoplanetas<\/a> (Secund\u00e0ria)<\/li>\n\n\n\n<li><a href=\"https:\/\/esero.es\/recursos\/practicas-en-abierto\/\">Pr\u00e0ctiques en obert<\/a><\/li>\n<\/ul>\n","protected":false},"excerpt":{"rendered":"<p>Caracter\u00edstiques opus opus Els Kits de materials ESERO (European Space Education Resource Office) s\u00f3n una eina destinada al personal docent, per tal de dur a terme a l\u2019aula activitats pr\u00e0ctiques basades en la indagaci\u00f3 (metodologia IBSE). Materials El&#8221;Kit de detecci\u00f3 d&#8217;exoplanetes&#8221; est\u00e0 format per activitats pr\u00e0ctiques basades en la recerca de planetes m\u00e9s enll\u00e0 del [&hellip;]<\/p>\n","protected":false},"author":10,"featured_media":0,"parent":0,"menu_order":0,"comment_status":"closed","ping_status":"closed","template":"","meta":{"_bbp_topic_count":0,"_bbp_reply_count":0,"_bbp_total_topic_count":0,"_bbp_total_reply_count":0,"_bbp_voice_count":0,"_bbp_anonymous_reply_count":0,"_bbp_topic_count_hidden":0,"_bbp_reply_count_hidden":0,"_bbp_forum_subforum_count":0,"site-sidebar-layout":"default","site-content-layout":"","ast-site-content-layout":"default","site-content-style":"default","site-sidebar-style":"default","ast-global-header-display":"","ast-banner-title-visibility":"","ast-main-header-display":"","ast-hfb-above-header-display":"","ast-hfb-below-header-display":"","ast-hfb-mobile-header-display":"","site-post-title":"","ast-breadcrumbs-content":"","ast-featured-img":"","footer-sml-layout":"","theme-transparent-header-meta":"","adv-header-id-meta":"","stick-header-meta":"","header-above-stick-meta":"","header-main-stick-meta":"","header-below-stick-meta":"","astra-migrate-meta-layouts":"set","ast-page-background-enabled":"default","ast-page-background-meta":{"desktop":{"background-color":"var(--ast-global-color-4)","background-image":"","background-repeat":"repeat","background-position":"center center","background-size":"auto","background-attachment":"scroll","background-type":"","background-media":"","overlay-type":"","overlay-color":"","overlay-opacity":"","overlay-gradient":""},"tablet":{"background-color":"","background-image":"","background-repeat":"repeat","background-position":"center center","background-size":"auto","background-attachment":"scroll","background-type":"","background-media":"","overlay-type":"","overlay-color":"","overlay-opacity":"","overlay-gradient":""},"mobile":{"background-color":"","background-image":"","background-repeat":"repeat","background-position":"center center","background-size":"auto","background-attachment":"scroll","background-type":"","background-media":"","overlay-type":"","overlay-color":"","overlay-opacity":"","overlay-gradient":""}},"ast-content-background-meta":{"desktop":{"background-color":"var(--ast-global-color-5)","background-image":"","background-repeat":"repeat","background-position":"center center","background-size":"auto","background-attachment":"scroll","background-type":"","background-media":"","overlay-type":"","overlay-color":"","overlay-opacity":"","overlay-gradient":""},"tablet":{"background-color":"var(--ast-global-color-5)","background-image":"","background-repeat":"repeat","background-position":"center center","background-size":"auto","background-attachment":"scroll","background-type":"","background-media":"","overlay-type":"","overlay-color":"","overlay-opacity":"","overlay-gradient":""},"mobile":{"background-color":"var(--ast-global-color-5)","background-image":"","background-repeat":"repeat","background-position":"center center","background-size":"auto","background-attachment":"scroll","background-type":"","background-media":"","overlay-type":"","overlay-color":"","overlay-opacity":"","overlay-gradient":""}},"footnotes":""},"class_list":["post-17748","page","type-page","status-publish","hentry"],"post_mailing_queue_ids":[],"_links":{"self":[{"href":"https:\/\/serveiseducatius.xtec.cat\/garraf\/wp-json\/wp\/v2\/pages\/17748","targetHints":{"allow":["GET"]}}],"collection":[{"href":"https:\/\/serveiseducatius.xtec.cat\/garraf\/wp-json\/wp\/v2\/pages"}],"about":[{"href":"https:\/\/serveiseducatius.xtec.cat\/garraf\/wp-json\/wp\/v2\/types\/page"}],"author":[{"embeddable":true,"href":"https:\/\/serveiseducatius.xtec.cat\/garraf\/wp-json\/wp\/v2\/users\/10"}],"replies":[{"embeddable":true,"href":"https:\/\/serveiseducatius.xtec.cat\/garraf\/wp-json\/wp\/v2\/comments?post=17748"}],"version-history":[{"count":4,"href":"https:\/\/serveiseducatius.xtec.cat\/garraf\/wp-json\/wp\/v2\/pages\/17748\/revisions"}],"predecessor-version":[{"id":19058,"href":"https:\/\/serveiseducatius.xtec.cat\/garraf\/wp-json\/wp\/v2\/pages\/17748\/revisions\/19058"}],"wp:attachment":[{"href":"https:\/\/serveiseducatius.xtec.cat\/garraf\/wp-json\/wp\/v2\/media?parent=17748"}],"curies":[{"name":"wp","href":"https:\/\/api.w.org\/{rel}","templated":true}]}}