{"id":17742,"date":"2024-11-12T11:47:13","date_gmt":"2024-11-12T10:47:13","guid":{"rendered":"https:\/\/serveiseducatius.xtec.cat\/garraf\/?page_id=17742"},"modified":"2025-11-03T16:17:54","modified_gmt":"2025-11-03T15:17:54","slug":"kit-denginyeria-dastronaus","status":"publish","type":"page","link":"https:\/\/serveiseducatius.xtec.cat\/garraf\/kit-denginyeria-dastronaus\/","title":{"rendered":"Kit d\u2019enginyeria d\u2019astronaus"},"content":{"rendered":"\n<p class=\"has-white-color has-ast-global-color-1-background-color has-text-color has-background has-link-color has-medium-font-size wp-elements-68aadcb96259a9e960e5c7833067f726\"><strong>Caracter\u00edstiques<\/strong><\/p>\n\n\n\n<div class=\"wp-block-columns is-layout-flex wp-container-core-columns-is-layout-1 wp-block-columns-is-layout-flex\" style=\"padding-top:0;padding-bottom:0\">\n<div class=\"wp-block-column is-layout-flow wp-block-column-is-layout-flow\">\n<figure class=\"wp-block-embed is-type-video is-provider-youtube wp-block-embed-youtube wp-embed-aspect-16-9 wp-has-aspect-ratio\"><div class=\"wp-block-embed__wrapper\">\n<div class=\"ast-oembed-container \" style=\"height: 100%;\"><iframe loading=\"lazy\" title=\"ESERO Enginyers d&#039;aeronaus POEFE\" width=\"500\" height=\"281\" src=\"https:\/\/www.youtube.com\/embed\/YWdeiEmk0VA?start=2&#038;feature=oembed\" frameborder=\"0\" allow=\"accelerometer; autoplay; clipboard-write; encrypted-media; gyroscope; picture-in-picture; web-share\" referrerpolicy=\"strict-origin-when-cross-origin\" allowfullscreen><\/iframe><\/div>\n<\/div><\/figure>\n<\/div>\n\n\n\n<div class=\"wp-block-column is-layout-flow wp-block-column-is-layout-flow\">\n<p class=\"has-white-color has-text-color has-link-color wp-elements-dd0e696a2870102f870219f1dfb8f935\">opus opus<\/p>\n\n\n\n<p class=\"has-white-color has-text-color has-link-color wp-elements-dd0e696a2870102f870219f1dfb8f935\">opus opus<\/p>\n\n\n\n<p>E<span class=\"C9DxTc \">ls Kits de materials <strong><a href=\"http:\/\/esero.es\/\">ESERO<\/a><\/strong> (European Space Education Resource Office) s\u00f3n una eina destinada al personal docent, per tal de dur a terme a l\u2019aula activitats pr\u00e0ctiques basades en la indagaci\u00f3 (metodologia IBSE).<\/span><\/p>\n<\/div>\n<\/div>\n\n\n\n<p class=\"zfr3Q CDt4Ke \"><span class=\"C9DxTc \">Aquest projecte permet a l\u2019alumnat esdevenir enginyers d\u2019astronaus. Cont\u00e9 diversos kits de materials i components per experimentar amb les seves propietats f\u00edsiques, per tal de descobrir quins s\u00f3n els m\u00e9s adequats per construir les diferents parts de la nau que permetr\u00e0 viatjar per l\u2019espai profund a una nova generaci\u00f3 d\u2019astronautes.<\/span><\/p>\n\n\n\n<p class=\"has-white-color has-ast-global-color-1-background-color has-text-color has-background has-link-color has-medium-font-size wp-elements-fc933459088506a65e5925f2eb87ab81\"><strong>Materials<\/strong><\/p>\n\n\n\n<p class=\"zfr3Q CDt4Ke \"><span class=\"C9DxTc \"><span class=\"C9DxTc \">Les cinc activitats que proposa el kit, <span class=\"C9DxTc \">format per vuit materials diferents,<\/span> permetr\u00e0 a l&#8217;alumnat familiaritzar-se amb les propietats d&#8217;aquests materials, comparar-los i agrupar-los partint de criteris senzills, per despr\u00e9s realitzar-los proves que determinin la seva conductivitat el\u00e8ctrica i t\u00e8rmica, la seva massa, les seves propietats magn\u00e8tiques i la resist\u00e8ncia que ofereixen als impactes. L&#8217;objectiu d&#8217;aquesta investigaci\u00f3 \u00e9s determinar quins materials s\u00f3n els m\u00e9s adequats per construir les diferents parts de les naus espacials.<\/span><\/span><\/p>\n\n\n\n<div class=\"wp-block-buttons is-content-justification-center is-layout-flex wp-container-core-buttons-is-layout-1 wp-block-buttons-is-layout-flex\">\n<div class=\"wp-block-button\"><a class=\"wp-block-button__link wp-element-button\" href=\"https:\/\/drive.google.com\/file\/d\/1ke711OuKekGEbNKnZihY1KSe3tlXzSBt\/view\"><strong>Materials<\/strong><\/a><\/div>\n\n\n\n<div class=\"wp-block-button\"><a class=\"wp-block-button__link wp-element-button\" href=\"https:\/\/esero.es\/recurso\/materiales-para-naves-espaciales\/\"><strong>Guia did\u00e0ctica (Prim\u00e0ria)<\/strong><\/a><\/div>\n\n\n\n<div class=\"wp-block-button\"><a class=\"wp-block-button__link wp-element-button\" href=\"https:\/\/esero.es\/recurso\/la-aleacion-perfecta\/\"><strong>Guia did\u00e0ctica (Secund\u00e0ria)<\/strong><\/a><\/div>\n<\/div>\n\n\n\n<p class=\"has-white-color has-ast-global-color-1-background-color has-text-color has-background has-link-color has-medium-font-size wp-elements-ae7bd9f086009dca93076b14499e96eb\"><strong>Recursos<\/strong><\/p>\n\n\n\n<ul class=\"wp-block-list\">\n<li><a href=\"https:\/\/esero.es\/tipo-recurso\/guia\/\">Altres materials<\/a> de l&#8217;European Space Education Resource Office<\/li>\n\n\n\n<li><a class=\"XqQF9c\" href=\"https:\/\/esero.es\/recurso\/lanzamiento-de-cohetes\/\" target=\"_blank\" rel=\"noopener\"><span class=\"C9DxTc aw5Odc \">Lanzamiento de cohetes<\/span><\/a> (Prim\u00e0ria)<\/li>\n\n\n\n<li><a class=\"XqQF9c\" href=\"https:\/\/esero.es\/recurso\/3-2-1-despegamos\/\" target=\"_blank\" rel=\"noopener\"><span class=\"C9DxTc aw5Odc \">3, 2, 1, \u00a1despegamos!<\/span><\/a> (Secund\u00e0ria)<\/li>\n\n\n\n<li><a class=\"XqQF9c\" href=\"https:\/\/esero.es\/recurso\/newton-en-el-espacio\/\" target=\"_blank\" rel=\"noopener\"><span class=\"C9DxTc aw5Odc \">Newton en el espacio<\/span><\/a> (Secund\u00e0ria)<\/li>\n\n\n\n<li><a class=\"XqQF9c\" href=\"https:\/\/esero.es\/recurso\/mini-botella-a-reaccion\/\" target=\"_blank\" rel=\"noopener\"><span class=\"C9DxTc aw5Odc \">Mini botella a reacci\u00f3n<\/span><\/a> (Secund\u00e0ria)<\/li>\n\n\n\n<li><a class=\"XqQF9c\" href=\"https:\/\/esero.es\/recurso\/botella-a-reaccion\/\" target=\"_blank\" rel=\"noopener\"><span class=\"C9DxTc aw5Odc \">Botella a reacci\u00f3n<\/span><\/a> (Secund\u00e0ria)<\/li>\n<\/ul>\n","protected":false},"excerpt":{"rendered":"<p>Caracter\u00edstiques opus opus opus opus Els Kits de materials ESERO (European Space Education Resource Office) s\u00f3n una eina destinada al personal docent, per tal de dur a terme a l\u2019aula activitats pr\u00e0ctiques basades en la indagaci\u00f3 (metodologia IBSE). Aquest projecte permet a l\u2019alumnat esdevenir enginyers d\u2019astronaus. Cont\u00e9 diversos kits de materials i components per experimentar [&hellip;]<\/p>\n","protected":false},"author":10,"featured_media":0,"parent":0,"menu_order":0,"comment_status":"closed","ping_status":"closed","template":"","meta":{"_bbp_topic_count":0,"_bbp_reply_count":0,"_bbp_total_topic_count":0,"_bbp_total_reply_count":0,"_bbp_voice_count":0,"_bbp_anonymous_reply_count":0,"_bbp_topic_count_hidden":0,"_bbp_reply_count_hidden":0,"_bbp_forum_subforum_count":0,"site-sidebar-layout":"default","site-content-layout":"","ast-site-content-layout":"default","site-content-style":"default","site-sidebar-style":"default","ast-global-header-display":"","ast-banner-title-visibility":"","ast-main-header-display":"","ast-hfb-above-header-display":"","ast-hfb-below-header-display":"","ast-hfb-mobile-header-display":"","site-post-title":"","ast-breadcrumbs-content":"","ast-featured-img":"","footer-sml-layout":"","theme-transparent-header-meta":"","adv-header-id-meta":"","stick-header-meta":"","header-above-stick-meta":"","header-main-stick-meta":"","header-below-stick-meta":"","astra-migrate-meta-layouts":"set","ast-page-background-enabled":"default","ast-page-background-meta":{"desktop":{"background-color":"var(--ast-global-color-4)","background-image":"","background-repeat":"repeat","background-position":"center center","background-size":"auto","background-attachment":"scroll","background-type":"","background-media":"","overlay-type":"","overlay-color":"","overlay-opacity":"","overlay-gradient":""},"tablet":{"background-color":"","background-image":"","background-repeat":"repeat","background-position":"center center","background-size":"auto","background-attachment":"scroll","background-type":"","background-media":"","overlay-type":"","overlay-color":"","overlay-opacity":"","overlay-gradient":""},"mobile":{"background-color":"","background-image":"","background-repeat":"repeat","background-position":"center center","background-size":"auto","background-attachment":"scroll","background-type":"","background-media":"","overlay-type":"","overlay-color":"","overlay-opacity":"","overlay-gradient":""}},"ast-content-background-meta":{"desktop":{"background-color":"var(--ast-global-color-5)","background-image":"","background-repeat":"repeat","background-position":"center center","background-size":"auto","background-attachment":"scroll","background-type":"","background-media":"","overlay-type":"","overlay-color":"","overlay-opacity":"","overlay-gradient":""},"tablet":{"background-color":"var(--ast-global-color-5)","background-image":"","background-repeat":"repeat","background-position":"center center","background-size":"auto","background-attachment":"scroll","background-type":"","background-media":"","overlay-type":"","overlay-color":"","overlay-opacity":"","overlay-gradient":""},"mobile":{"background-color":"var(--ast-global-color-5)","background-image":"","background-repeat":"repeat","background-position":"center center","background-size":"auto","background-attachment":"scroll","background-type":"","background-media":"","overlay-type":"","overlay-color":"","overlay-opacity":"","overlay-gradient":""}},"footnotes":""},"class_list":["post-17742","page","type-page","status-publish","hentry"],"post_mailing_queue_ids":[],"_links":{"self":[{"href":"https:\/\/serveiseducatius.xtec.cat\/garraf\/wp-json\/wp\/v2\/pages\/17742","targetHints":{"allow":["GET"]}}],"collection":[{"href":"https:\/\/serveiseducatius.xtec.cat\/garraf\/wp-json\/wp\/v2\/pages"}],"about":[{"href":"https:\/\/serveiseducatius.xtec.cat\/garraf\/wp-json\/wp\/v2\/types\/page"}],"author":[{"embeddable":true,"href":"https:\/\/serveiseducatius.xtec.cat\/garraf\/wp-json\/wp\/v2\/users\/10"}],"replies":[{"embeddable":true,"href":"https:\/\/serveiseducatius.xtec.cat\/garraf\/wp-json\/wp\/v2\/comments?post=17742"}],"version-history":[{"count":6,"href":"https:\/\/serveiseducatius.xtec.cat\/garraf\/wp-json\/wp\/v2\/pages\/17742\/revisions"}],"predecessor-version":[{"id":19059,"href":"https:\/\/serveiseducatius.xtec.cat\/garraf\/wp-json\/wp\/v2\/pages\/17742\/revisions\/19059"}],"wp:attachment":[{"href":"https:\/\/serveiseducatius.xtec.cat\/garraf\/wp-json\/wp\/v2\/media?parent=17742"}],"curies":[{"name":"wp","href":"https:\/\/api.w.org\/{rel}","templated":true}]}}