{"id":17704,"date":"2024-10-28T13:56:48","date_gmt":"2024-10-28T12:56:48","guid":{"rendered":"https:\/\/serveiseducatius.xtec.cat\/garraf\/?page_id=17704"},"modified":"2025-10-07T10:32:18","modified_gmt":"2025-10-07T08:32:18","slug":"educacio-inclusiva","status":"publish","type":"page","link":"https:\/\/serveiseducatius.xtec.cat\/garraf\/educacio-inclusiva\/","title":{"rendered":"Educaci\u00f3 inclusiva"},"content":{"rendered":"\n<div class=\"wp-block-columns is-layout-flex wp-container-core-columns-is-layout-1 wp-block-columns-is-layout-flex\">\n<div class=\"wp-block-column is-layout-flow wp-block-column-is-layout-flow\">\n<figure class=\"wp-block-image size-full\"><a href=\"https:\/\/serveiseducatius.xtec.cat\/garraf\/wp-content\/uploads\/usu1185\/2025\/10\/Departament-Educacio-color.jpg\"><img loading=\"lazy\" decoding=\"async\" width=\"701\" height=\"147\" src=\"https:\/\/serveiseducatius.xtec.cat\/garraf\/wp-content\/uploads\/usu1185\/2025\/10\/Departament-Educacio-color.jpg\" alt=\"\" class=\"wp-image-18455\" srcset=\"https:\/\/serveiseducatius.xtec.cat\/garraf\/wp-content\/uploads\/usu1185\/2025\/10\/Departament-Educacio-color.jpg 701w, https:\/\/serveiseducatius.xtec.cat\/garraf\/wp-content\/uploads\/usu1185\/2025\/10\/Departament-Educacio-color-300x63.jpg 300w\" sizes=\"auto, (max-width: 701px) 100vw, 701px\" \/><\/a><\/figure>\n\n\n\n<p class=\"has-text-align-center\">DECRET 150\/2017, de 17 d&#8217;octubre, de l&#8217;atenci\u00f3 educativa a l&#8217;alumnat en el marc d&#8217;un sistema educatiu inclusiu.<\/p>\n\n\n\n<p class=\"has-white-color has-text-color has-link-color wp-elements-fd4026905cfd840ad500674fce3be344\">fasdjhfajkshdfjkhasjkfdhka<\/p>\n\n\n\n<p class=\"has-white-color has-text-color has-link-color wp-elements-e4b5bae4899d25559a135e207b744ddb\">                                   fasfdadsfasopusujflajdlkfjfdasdfasffadfaalfjlkajsdfladfasdf                     <\/p>\n\n\n\n<div class=\"wp-block-buttons is-content-justification-center is-layout-flex wp-container-core-buttons-is-layout-1 wp-block-buttons-is-layout-flex\">\n<div class=\"wp-block-button\"><a class=\"wp-block-button__link wp-element-button\" href=\"https:\/\/portaldogc.gencat.cat\/utilsEADOP\/PDF\/7477\/1639866.pdf\"><strong>Acc\u00e9s al decret<\/strong><\/a><\/div>\n<\/div>\n<\/div>\n\n\n\n<div class=\"wp-block-column is-layout-flow wp-block-column-is-layout-flow\">\n<figure class=\"wp-block-image aligncenter size-full is-resized\"><img loading=\"lazy\" decoding=\"async\" width=\"353\" height=\"144\" src=\"https:\/\/serveiseducatius.xtec.cat\/garraf\/wp-content\/uploads\/usu1185\/2025\/10\/Dei-1.jpg\" alt=\"\" class=\"wp-image-18471\" style=\"width:356px;height:auto\" srcset=\"https:\/\/serveiseducatius.xtec.cat\/garraf\/wp-content\/uploads\/usu1185\/2025\/10\/Dei-1.jpg 353w, https:\/\/serveiseducatius.xtec.cat\/garraf\/wp-content\/uploads\/usu1185\/2025\/10\/Dei-1-300x122.jpg 300w\" sizes=\"auto, (max-width: 353px) 100vw, 353px\" \/><\/figure>\n\n\n\n<p class=\"has-text-align-center\">L\u2019equip de Dinamitzadores d\u2019Educaci\u00f3 Inclusiva (DEI), s\u00f3n t\u00e8cniques docents que formen part del Departament d\u2019Educaci\u00f3 que ofereixen acompanyament formatiu als serveis i centres educatius del territori.<\/p>\n\n\n\n<div class=\"wp-block-buttons is-content-justification-center is-layout-flex wp-container-core-buttons-is-layout-2 wp-block-buttons-is-layout-flex\">\n<div class=\"wp-block-button\"><a class=\"wp-block-button__link wp-element-button\" href=\"https:\/\/sites.google.com\/xtec.cat\/dei-peneds-24-25\/p%C3%A0gina-principal?authuser=0\"><strong>M\u00e9s informaci\u00f3<\/strong><\/a><\/div>\n\n\n\n<div class=\"wp-block-button\"><a class=\"wp-block-button__link wp-element-button\" href=\"deipenedes@xtec.cat\"><strong>Contacte<\/strong><\/a><\/div>\n<\/div>\n<\/div>\n\n\n\n<div class=\"wp-block-column is-layout-flow wp-block-column-is-layout-flow\">\n<figure class=\"wp-block-image aligncenter size-full is-resized\"><a href=\"https:\/\/projectes.xtec.cat\/educacioinclusiva\/mapa-de-recursos-test\/\"><img loading=\"lazy\" decoding=\"async\" width=\"683\" height=\"600\" src=\"https:\/\/serveiseducatius.xtec.cat\/garraf\/wp-content\/uploads\/usu1185\/2025\/10\/mapa-dinclusio.jpg\" alt=\"\" class=\"wp-image-18459\" style=\"width:255px;height:auto\" srcset=\"https:\/\/serveiseducatius.xtec.cat\/garraf\/wp-content\/uploads\/usu1185\/2025\/10\/mapa-dinclusio.jpg 683w, https:\/\/serveiseducatius.xtec.cat\/garraf\/wp-content\/uploads\/usu1185\/2025\/10\/mapa-dinclusio-300x264.jpg 300w\" sizes=\"auto, (max-width: 683px) 100vw, 683px\" \/><\/a><\/figure>\n\n\n\n<p class=\"has-text-align-center\">Mapa de recursos i suports per a l\u2019alumnat amb necessitats espec\u00edfiques de suport educatiu.<\/p>\n\n\n\n<div class=\"wp-block-buttons is-content-justification-center is-layout-flex wp-container-core-buttons-is-layout-3 wp-block-buttons-is-layout-flex\">\n<div class=\"wp-block-button\"><a class=\"wp-block-button__link wp-element-button\" href=\"https:\/\/projectes.xtec.cat\/educacioinclusiva\/mapa-de-recursos-test\/\"><strong>Acc\u00e9s al mapa<\/strong><\/a><\/div>\n<\/div>\n<\/div>\n<\/div>\n","protected":false},"excerpt":{"rendered":"<p>DECRET 150\/2017, de 17 d&#8217;octubre, de l&#8217;atenci\u00f3 educativa a l&#8217;alumnat en el marc d&#8217;un sistema educatiu inclusiu. fasdjhfajkshdfjkhasjkfdhka fasfdadsfasopusujflajdlkfjfdasdfasffadfaalfjlkajsdfladfasdf L\u2019equip de Dinamitzadores d\u2019Educaci\u00f3 Inclusiva (DEI), s\u00f3n t\u00e8cniques docents que formen part del Departament d\u2019Educaci\u00f3 que ofereixen acompanyament formatiu als serveis i centres educatius del territori. Mapa de recursos i suports per a l\u2019alumnat amb necessitats [&hellip;]<\/p>\n","protected":false},"author":10,"featured_media":0,"parent":0,"menu_order":0,"comment_status":"closed","ping_status":"closed","template":"","meta":{"_bbp_topic_count":0,"_bbp_reply_count":0,"_bbp_total_topic_count":0,"_bbp_total_reply_count":0,"_bbp_voice_count":0,"_bbp_anonymous_reply_count":0,"_bbp_topic_count_hidden":0,"_bbp_reply_count_hidden":0,"_bbp_forum_subforum_count":0,"site-sidebar-layout":"default","site-content-layout":"","ast-site-content-layout":"default","site-content-style":"default","site-sidebar-style":"default","ast-global-header-display":"","ast-banner-title-visibility":"","ast-main-header-display":"","ast-hfb-above-header-display":"","ast-hfb-below-header-display":"","ast-hfb-mobile-header-display":"","site-post-title":"","ast-breadcrumbs-content":"","ast-featured-img":"","footer-sml-layout":"","theme-transparent-header-meta":"","adv-header-id-meta":"","stick-header-meta":"","header-above-stick-meta":"","header-main-stick-meta":"","header-below-stick-meta":"","astra-migrate-meta-layouts":"set","ast-page-background-enabled":"default","ast-page-background-meta":{"desktop":{"background-color":"var(--ast-global-color-4)","background-image":"","background-repeat":"repeat","background-position":"center center","background-size":"auto","background-attachment":"scroll","background-type":"","background-media":"","overlay-type":"","overlay-color":"","overlay-opacity":"","overlay-gradient":""},"tablet":{"background-color":"","background-image":"","background-repeat":"repeat","background-position":"center center","background-size":"auto","background-attachment":"scroll","background-type":"","background-media":"","overlay-type":"","overlay-color":"","overlay-opacity":"","overlay-gradient":""},"mobile":{"background-color":"","background-image":"","background-repeat":"repeat","background-position":"center center","background-size":"auto","background-attachment":"scroll","background-type":"","background-media":"","overlay-type":"","overlay-color":"","overlay-opacity":"","overlay-gradient":""}},"ast-content-background-meta":{"desktop":{"background-color":"var(--ast-global-color-5)","background-image":"","background-repeat":"repeat","background-position":"center center","background-size":"auto","background-attachment":"scroll","background-type":"","background-media":"","overlay-type":"","overlay-color":"","overlay-opacity":"","overlay-gradient":""},"tablet":{"background-color":"var(--ast-global-color-5)","background-image":"","background-repeat":"repeat","background-position":"center center","background-size":"auto","background-attachment":"scroll","background-type":"","background-media":"","overlay-type":"","overlay-color":"","overlay-opacity":"","overlay-gradient":""},"mobile":{"background-color":"var(--ast-global-color-5)","background-image":"","background-repeat":"repeat","background-position":"center center","background-size":"auto","background-attachment":"scroll","background-type":"","background-media":"","overlay-type":"","overlay-color":"","overlay-opacity":"","overlay-gradient":""}},"footnotes":""},"class_list":["post-17704","page","type-page","status-publish","hentry"],"post_mailing_queue_ids":[],"_links":{"self":[{"href":"https:\/\/serveiseducatius.xtec.cat\/garraf\/wp-json\/wp\/v2\/pages\/17704","targetHints":{"allow":["GET"]}}],"collection":[{"href":"https:\/\/serveiseducatius.xtec.cat\/garraf\/wp-json\/wp\/v2\/pages"}],"about":[{"href":"https:\/\/serveiseducatius.xtec.cat\/garraf\/wp-json\/wp\/v2\/types\/page"}],"author":[{"embeddable":true,"href":"https:\/\/serveiseducatius.xtec.cat\/garraf\/wp-json\/wp\/v2\/users\/10"}],"replies":[{"embeddable":true,"href":"https:\/\/serveiseducatius.xtec.cat\/garraf\/wp-json\/wp\/v2\/comments?post=17704"}],"version-history":[{"count":7,"href":"https:\/\/serveiseducatius.xtec.cat\/garraf\/wp-json\/wp\/v2\/pages\/17704\/revisions"}],"predecessor-version":[{"id":18473,"href":"https:\/\/serveiseducatius.xtec.cat\/garraf\/wp-json\/wp\/v2\/pages\/17704\/revisions\/18473"}],"wp:attachment":[{"href":"https:\/\/serveiseducatius.xtec.cat\/garraf\/wp-json\/wp\/v2\/media?parent=17704"}],"curies":[{"name":"wp","href":"https:\/\/api.w.org\/{rel}","templated":true}]}}