{"id":17579,"date":"2024-09-16T13:54:48","date_gmt":"2024-09-16T11:54:48","guid":{"rendered":"https:\/\/serveiseducatius.xtec.cat\/garraf\/?page_id=17579"},"modified":"2025-10-16T12:52:05","modified_gmt":"2025-10-16T10:52:05","slug":"17e-simposi-de-treballs-de-recerca-de-batxillerat-del-garraf","status":"publish","type":"page","link":"https:\/\/serveiseducatius.xtec.cat\/garraf\/17e-simposi-de-treballs-de-recerca-de-batxillerat-del-garraf\/","title":{"rendered":"17\u00e8 Simposi\u00a0de Treballs de Recerca de Batxillerat del Garraf"},"content":{"rendered":"\n<p>Un any m\u00e9s, des del Centre de Recursos Pedag\u00f2gics del Garraf ha organitzat el <strong>Simposi\u00a0de Treballs de Recerca de Batxillerat<\/strong> amb la intenci\u00f3 de recon\u00e8ixer la qualitat dels treballs de recerca de l&#8217;alumnat de segon de batxillerat i que aquests serveixin, a m\u00e9s, d&#8217;inspiraci\u00f3 i orientaci\u00f3 per l&#8217;alumnat de primer de batxillerat. Aquesta <strong>17a edici\u00f3<\/strong> del Simposi s&#8217;ha hagut d&#8217;avan\u00e7ar al <strong>6 de febrer i s&#8217;ha realitzat a<\/strong>\u00a0<strong>l\u2019aulari de la UPC de Vilanova<\/strong>.<\/p>\n\n\n\n<p>Aquesta edici\u00f3 ha comptat amb:<\/p>\n\n\n\n<ul class=\"wp-block-list\">\n<li>Un Grup de Treball format per les coordinadores de Batxillerat dels centres participants amb l&#8217;objectiu d&#8217;organitzar i dinamitzar el Simposi.<\/li>\n\n\n\n<li>La <strong><a href=\"https:\/\/drive.google.com\/file\/d\/1o1dJkCse_xte3VfT2U9zVVWKeInJ-kXb\/view?usp=sharing\" target=\"_blank\" rel=\"noreferrer noopener\">revista digital<\/a><\/strong> amb el recull de les ressenyes dels treballs de recerca seleccionats per cada centre.<\/li>\n\n\n\n<li>L\u2019exposici\u00f3 dels treballs de recerca als alumnes de 1r de Batxillerat dels centres participants.<\/li>\n\n\n\n<li>L\u2019acte de reconeixement de l\u2019alumnat de 2n de Batxillerat a la sala d\u2019actes de la UPC de Vilanova.<\/li>\n<\/ul>\n\n\n\n<header class=\"entry-header\">\n<p class=\"entry-title\">\u00a0<\/p>\n<p class=\"entry-title\">\u00a0<\/p>\n<\/header>\n\n\n","protected":false},"excerpt":{"rendered":"<p>Un any m\u00e9s, des del Centre de Recursos Pedag\u00f2gics del Garraf ha organitzat el Simposi\u00a0de Treballs de Recerca de Batxillerat amb la intenci\u00f3 de recon\u00e8ixer la qualitat dels treballs de recerca de l&#8217;alumnat de segon de batxillerat i que aquests serveixin, a m\u00e9s, d&#8217;inspiraci\u00f3 i orientaci\u00f3 per l&#8217;alumnat de primer de batxillerat. Aquesta 17a edici\u00f3 [&hellip;]<\/p>\n","protected":false},"author":10,"featured_media":0,"parent":0,"menu_order":0,"comment_status":"closed","ping_status":"closed","template":"","meta":{"_bbp_topic_count":0,"_bbp_reply_count":0,"_bbp_total_topic_count":0,"_bbp_total_reply_count":0,"_bbp_voice_count":0,"_bbp_anonymous_reply_count":0,"_bbp_topic_count_hidden":0,"_bbp_reply_count_hidden":0,"_bbp_forum_subforum_count":0,"site-sidebar-layout":"default","site-content-layout":"","ast-site-content-layout":"default","site-content-style":"default","site-sidebar-style":"default","ast-global-header-display":"","ast-banner-title-visibility":"","ast-main-header-display":"","ast-hfb-above-header-display":"","ast-hfb-below-header-display":"","ast-hfb-mobile-header-display":"","site-post-title":"","ast-breadcrumbs-content":"","ast-featured-img":"","footer-sml-layout":"","theme-transparent-header-meta":"","adv-header-id-meta":"","stick-header-meta":"","header-above-stick-meta":"","header-main-stick-meta":"","header-below-stick-meta":"","astra-migrate-meta-layouts":"set","ast-page-background-enabled":"default","ast-page-background-meta":{"desktop":{"background-color":"var(--ast-global-color-4)","background-image":"","background-repeat":"repeat","background-position":"center center","background-size":"auto","background-attachment":"scroll","background-type":"","background-media":"","overlay-type":"","overlay-color":"","overlay-opacity":"","overlay-gradient":""},"tablet":{"background-color":"","background-image":"","background-repeat":"repeat","background-position":"center center","background-size":"auto","background-attachment":"scroll","background-type":"","background-media":"","overlay-type":"","overlay-color":"","overlay-opacity":"","overlay-gradient":""},"mobile":{"background-color":"","background-image":"","background-repeat":"repeat","background-position":"center center","background-size":"auto","background-attachment":"scroll","background-type":"","background-media":"","overlay-type":"","overlay-color":"","overlay-opacity":"","overlay-gradient":""}},"ast-content-background-meta":{"desktop":{"background-color":"var(--ast-global-color-5)","background-image":"","background-repeat":"repeat","background-position":"center center","background-size":"auto","background-attachment":"scroll","background-type":"","background-media":"","overlay-type":"","overlay-color":"","overlay-opacity":"","overlay-gradient":""},"tablet":{"background-color":"var(--ast-global-color-5)","background-image":"","background-repeat":"repeat","background-position":"center center","background-size":"auto","background-attachment":"scroll","background-type":"","background-media":"","overlay-type":"","overlay-color":"","overlay-opacity":"","overlay-gradient":""},"mobile":{"background-color":"var(--ast-global-color-5)","background-image":"","background-repeat":"repeat","background-position":"center center","background-size":"auto","background-attachment":"scroll","background-type":"","background-media":"","overlay-type":"","overlay-color":"","overlay-opacity":"","overlay-gradient":""}},"footnotes":""},"class_list":["post-17579","page","type-page","status-publish","hentry"],"post_mailing_queue_ids":[],"_links":{"self":[{"href":"https:\/\/serveiseducatius.xtec.cat\/garraf\/wp-json\/wp\/v2\/pages\/17579","targetHints":{"allow":["GET"]}}],"collection":[{"href":"https:\/\/serveiseducatius.xtec.cat\/garraf\/wp-json\/wp\/v2\/pages"}],"about":[{"href":"https:\/\/serveiseducatius.xtec.cat\/garraf\/wp-json\/wp\/v2\/types\/page"}],"author":[{"embeddable":true,"href":"https:\/\/serveiseducatius.xtec.cat\/garraf\/wp-json\/wp\/v2\/users\/10"}],"replies":[{"embeddable":true,"href":"https:\/\/serveiseducatius.xtec.cat\/garraf\/wp-json\/wp\/v2\/comments?post=17579"}],"version-history":[{"count":6,"href":"https:\/\/serveiseducatius.xtec.cat\/garraf\/wp-json\/wp\/v2\/pages\/17579\/revisions"}],"predecessor-version":[{"id":18875,"href":"https:\/\/serveiseducatius.xtec.cat\/garraf\/wp-json\/wp\/v2\/pages\/17579\/revisions\/18875"}],"wp:attachment":[{"href":"https:\/\/serveiseducatius.xtec.cat\/garraf\/wp-json\/wp\/v2\/media?parent=17579"}],"curies":[{"name":"wp","href":"https:\/\/api.w.org\/{rel}","templated":true}]}}