{"id":17456,"date":"2024-06-25T14:00:53","date_gmt":"2024-06-25T12:00:53","guid":{"rendered":"https:\/\/serveiseducatius.xtec.cat\/garraf\/?page_id=17456"},"modified":"2025-05-27T10:28:42","modified_gmt":"2025-05-27T08:28:42","slug":"18e-congres-de-ciencia-2025","status":"publish","type":"page","link":"https:\/\/serveiseducatius.xtec.cat\/garraf\/18e-congres-de-ciencia-2025\/","title":{"rendered":"18\u00e8 Congr\u00e9s de Ci\u00e8ncia (2025)"},"content":{"rendered":"<p>La celebraci\u00f3 del <strong>18\u00e8 Congr\u00e9s de Ci\u00e8ncia del Garraf<\/strong>, tindr\u00e0 lloc a l&#8217;Espai Ne\u00e0polis de Vilanova i la Geltr\u00fa els dies <strong>12, 13, 14 i 15 de maig<\/strong>.<\/p>\n<p>La motivaci\u00f3 de l&#8217;alumnat cap a la ci\u00e8ncia \u00e9s fonamental per al seu desenvolupament acad\u00e8mic i personal.\u00a0 A trav\u00e9s de la indagaci\u00f3 cient\u00edfica, els estudiants poden veure com la ci\u00e8ncia s&#8217;aplica a la vida quotidiana, despertant la seva curiositat i creativitat.<\/p>\n<p>Aprendre ci\u00e8ncia \u00e9s essencial per formar persones cr\u00edtiques capaces d&#8217;interpretar i actuar en el seu entorn amb consci\u00e8ncia. La ci\u00e8ncia no \u00e9s nom\u00e9s un conjunt de coneixements, sin\u00f3 una activitat humana que construeix coneixement a partir d&#8217;evid\u00e8ncies. L&#8217;alfabetitzaci\u00f3 cient\u00edfica \u00e9s b\u00e0sica en el segle XXI, ja que els alumnes han de comprendre conceptes fonamentals com el funcionament de l&#8217;energia, el reciclatge i els processos cient\u00edfics.<\/p>\n<p>L&#8217;experimentaci\u00f3 emp\u00edrica \u00e9s una part clau d&#8217;aquest congr\u00e9s, pel fet que permet als alumnes aprendre mitjan\u00e7ant la pr\u00e0ctica, fomentant un aprenentatge significatiu.<\/p>\n<p>A m\u00e9s, \u00e9s important ensenyar als infants a pensar cient\u00edficament: observar l&#8217;entorn, formular bones preguntes, construir explicacions plausibles i dissenyar experiments per contrastar les seves hip\u00f2tesis. Activitats com el Congr\u00e9s de Ci\u00e8ncia no nom\u00e9s proporcionen coneixements cient\u00edfics, sin\u00f3 que tamb\u00e9 ajuden a formar una ciutadania aut\u00f2noma, competent i cr\u00edtica amb el seu entorn.<\/p>\n<p>Per a m\u00e9s informaci\u00f3 podeu consultar la <a href=\"https:\/\/drive.google.com\/file\/d\/1jz3yNGcmIIe0f4ABeSnm11kBc61figl3\/view?usp=sharing\" target=\"_blank\" rel=\"noopener\">revista del Congr\u00e9s de ci\u00e8ncia del Garraf<\/a>.<\/p>\n<footer><\/footer>\n","protected":false},"excerpt":{"rendered":"<p>La celebraci\u00f3 del 18\u00e8 Congr\u00e9s de Ci\u00e8ncia del Garraf, tindr\u00e0 lloc a l&#8217;Espai Ne\u00e0polis de Vilanova i la Geltr\u00fa els dies 12, 13, 14 i 15 de maig. La motivaci\u00f3 de l&#8217;alumnat cap a la ci\u00e8ncia \u00e9s fonamental per al seu desenvolupament acad\u00e8mic i personal.\u00a0 A trav\u00e9s de la indagaci\u00f3 cient\u00edfica, els estudiants poden veure [&hellip;]<\/p>\n","protected":false},"author":10,"featured_media":0,"parent":0,"menu_order":0,"comment_status":"closed","ping_status":"closed","template":"","meta":{"_bbp_topic_count":0,"_bbp_reply_count":0,"_bbp_total_topic_count":0,"_bbp_total_reply_count":0,"_bbp_voice_count":0,"_bbp_anonymous_reply_count":0,"_bbp_topic_count_hidden":0,"_bbp_reply_count_hidden":0,"_bbp_forum_subforum_count":0,"site-sidebar-layout":"default","site-content-layout":"","ast-site-content-layout":"","site-content-style":"default","site-sidebar-style":"default","ast-global-header-display":"","ast-banner-title-visibility":"","ast-main-header-display":"","ast-hfb-above-header-display":"","ast-hfb-below-header-display":"","ast-hfb-mobile-header-display":"","site-post-title":"","ast-breadcrumbs-content":"","ast-featured-img":"","footer-sml-layout":"","theme-transparent-header-meta":"","adv-header-id-meta":"","stick-header-meta":"","header-above-stick-meta":"","header-main-stick-meta":"","header-below-stick-meta":"","astra-migrate-meta-layouts":"default","ast-page-background-enabled":"default","ast-page-background-meta":{"desktop":{"background-color":"var(--ast-global-color-4)","background-image":"","background-repeat":"repeat","background-position":"center center","background-size":"auto","background-attachment":"scroll","background-type":"","background-media":"","overlay-type":"","overlay-color":"","overlay-opacity":"","overlay-gradient":""},"tablet":{"background-color":"","background-image":"","background-repeat":"repeat","background-position":"center center","background-size":"auto","background-attachment":"scroll","background-type":"","background-media":"","overlay-type":"","overlay-color":"","overlay-opacity":"","overlay-gradient":""},"mobile":{"background-color":"","background-image":"","background-repeat":"repeat","background-position":"center center","background-size":"auto","background-attachment":"scroll","background-type":"","background-media":"","overlay-type":"","overlay-color":"","overlay-opacity":"","overlay-gradient":""}},"ast-content-background-meta":{"desktop":{"background-color":"var(--ast-global-color-5)","background-image":"","background-repeat":"repeat","background-position":"center center","background-size":"auto","background-attachment":"scroll","background-type":"","background-media":"","overlay-type":"","overlay-color":"","overlay-opacity":"","overlay-gradient":""},"tablet":{"background-color":"var(--ast-global-color-5)","background-image":"","background-repeat":"repeat","background-position":"center center","background-size":"auto","background-attachment":"scroll","background-type":"","background-media":"","overlay-type":"","overlay-color":"","overlay-opacity":"","overlay-gradient":""},"mobile":{"background-color":"var(--ast-global-color-5)","background-image":"","background-repeat":"repeat","background-position":"center center","background-size":"auto","background-attachment":"scroll","background-type":"","background-media":"","overlay-type":"","overlay-color":"","overlay-opacity":"","overlay-gradient":""}},"footnotes":""},"class_list":["post-17456","page","type-page","status-publish","hentry"],"post_mailing_queue_ids":[],"_links":{"self":[{"href":"https:\/\/serveiseducatius.xtec.cat\/garraf\/wp-json\/wp\/v2\/pages\/17456","targetHints":{"allow":["GET"]}}],"collection":[{"href":"https:\/\/serveiseducatius.xtec.cat\/garraf\/wp-json\/wp\/v2\/pages"}],"about":[{"href":"https:\/\/serveiseducatius.xtec.cat\/garraf\/wp-json\/wp\/v2\/types\/page"}],"author":[{"embeddable":true,"href":"https:\/\/serveiseducatius.xtec.cat\/garraf\/wp-json\/wp\/v2\/users\/10"}],"replies":[{"embeddable":true,"href":"https:\/\/serveiseducatius.xtec.cat\/garraf\/wp-json\/wp\/v2\/comments?post=17456"}],"version-history":[{"count":7,"href":"https:\/\/serveiseducatius.xtec.cat\/garraf\/wp-json\/wp\/v2\/pages\/17456\/revisions"}],"predecessor-version":[{"id":18045,"href":"https:\/\/serveiseducatius.xtec.cat\/garraf\/wp-json\/wp\/v2\/pages\/17456\/revisions\/18045"}],"wp:attachment":[{"href":"https:\/\/serveiseducatius.xtec.cat\/garraf\/wp-json\/wp\/v2\/media?parent=17456"}],"curies":[{"name":"wp","href":"https:\/\/api.w.org\/{rel}","templated":true}]}}