{"id":16680,"date":"2023-10-23T09:55:27","date_gmt":"2023-10-23T07:55:27","guid":{"rendered":"https:\/\/serveiseducatius.xtec.cat\/garraf\/?page_id=16680"},"modified":"2025-12-01T11:41:47","modified_gmt":"2025-12-01T10:41:47","slug":"reconeixement-de-practiques-i-projectes-de-referencia-dinnovacio-pedagogica","status":"publish","type":"page","link":"https:\/\/serveiseducatius.xtec.cat\/garraf\/reconeixement-de-practiques-i-projectes-de-referencia-dinnovacio-pedagogica\/","title":{"rendered":"Reconeixement de pr\u00e0ctiques i projectes de refer\u00e8ncia d&#8217;innovaci\u00f3 pedag\u00f2gica"},"content":{"rendered":"\n<p>El Departament d\u2019Educaci\u00f3 i Formaci\u00f3 Professional promou la innovaci\u00f3 educativa a trav\u00e9s del reconeixement i la certificaci\u00f3 de les pr\u00e0ctiques impulsades pel professorat aix\u00ed com els projectes particulars de centre. Tant les pr\u00e0ctiques com els projectes han d&#8217;estar fonamentats en evid\u00e8ncies de millora educativa en els \u00e0mbits seg\u00fcents:<\/p>\n\n\n\n<ul class=\"wp-block-list\">\n<li>Metodologies i recursos per a l\u2019ensenyament i aprenentatge.<\/li>\n\n\n\n<li>Organitzaci\u00f3 i gesti\u00f3 educativa.<\/li>\n\n\n\n<li>Millora educativa.<\/li>\n\n\n\n<li>Relaci\u00f3 i cooperaci\u00f3 amb la comunitat educativa i l\u2019entorn.<\/li>\n<\/ul>\n\n\n\n<div class=\"wp-block-columns is-layout-flex wp-container-core-columns-is-layout-1 wp-block-columns-is-layout-flex\" style=\"border-style:none;border-width:0px\">\n<div class=\"wp-block-column has-border-color has-ast-global-color-1-border-color is-layout-flow wp-block-column-is-layout-flow\" style=\"border-width:4px\">\n<figure class=\"wp-block-image aligncenter size-full\"><a href=\"https:\/\/espai.educacio.gencat.cat\/Centres\/Innovacio-pedagogica\/Reconeixement-practiques-educatives\/Pagines\/default.aspx\"><img loading=\"lazy\" decoding=\"async\" width=\"248\" height=\"179\" src=\"https:\/\/serveiseducatius.xtec.cat\/garraf\/wp-content\/uploads\/usu1185\/2025\/10\/Practiques-educatives.jpg\" alt=\"\" class=\"wp-image-18761\"\/><\/a><\/figure>\n\n\n\n<p class=\"has-text-align-center\"><strong>Convocat\u00f2ria 2025-2026<\/strong><\/p>\n\n\n\n<p class=\"has-text-align-center\">del 28 d&#8217;octubre al 30 de novembre de 2025<\/p>\n\n\n\n<div class=\"wp-block-buttons is-content-justification-center is-layout-flex wp-container-core-buttons-is-layout-1 wp-block-buttons-is-layout-flex\">\n<div class=\"wp-block-button\"><a class=\"wp-block-button__link wp-element-button\" href=\"https:\/\/espai.educacio.gencat.cat\/Centres\/Innovacio-pedagogica\/Reconeixement-practiques-educatives\/Pagines\/default.aspx\"><strong>Acc\u00e9s al Portal de Centre<\/strong><\/a><\/div>\n<\/div>\n<\/div>\n\n\n\n<div class=\"wp-block-column has-border-color has-ast-global-color-1-border-color is-layout-flow wp-block-column-is-layout-flow\" style=\"border-width:4px\">\n<figure class=\"wp-block-image aligncenter size-full is-resized\"><a href=\"https:\/\/espai.educacio.gencat.cat\/Centres\/Innovacio-pedagogica\/Reconeixement-projectes-innovacio\/Pagines\/default.aspx\"><img loading=\"lazy\" decoding=\"async\" width=\"243\" height=\"164\" src=\"https:\/\/serveiseducatius.xtec.cat\/garraf\/wp-content\/uploads\/usu1185\/2025\/10\/Projectes-educatius.jpg\" alt=\"\" class=\"wp-image-18762\" style=\"width:264px;height:auto\"\/><\/a><\/figure>\n\n\n\n<p class=\"has-text-align-center\"><strong>Convocat\u00f2ria 2024-2025<\/strong><\/p>\n\n\n\n<p class=\"has-text-align-center\">del 28 d&#8217;octubre de 2025 al 15 de gener de 2026<\/p>\n\n\n\n<div class=\"wp-block-buttons is-content-justification-center is-layout-flex wp-container-core-buttons-is-layout-2 wp-block-buttons-is-layout-flex\">\n<div class=\"wp-block-button\"><a class=\"wp-block-button__link wp-element-button\" href=\"https:\/\/espai.educacio.gencat.cat\/Centres\/Innovacio-pedagogica\/Reconeixement-projectes-innovacio\/Pagines\/default.aspx\"><strong>Acc\u00e9s al Portal de Centre<\/strong><\/a><\/div>\n<\/div>\n<\/div>\n<\/div>\n\n\n\n<div class=\"wp-block-columns is-layout-flex wp-container-core-columns-is-layout-2 wp-block-columns-is-layout-flex\" style=\"border-style:none;border-width:0px\">\n<div class=\"wp-block-column has-border-color has-ast-global-color-1-border-color is-layout-flow wp-block-column-is-layout-flow\" style=\"border-width:4px\">\n<figure class=\"wp-block-image aligncenter size-full\"><a href=\"https:\/\/espai.educacio.gencat.cat\/Centres\/Innovacio-pedagogica\/Suport-Innovacio\/iniciatives\/Pagines\/default.aspx\"><img loading=\"lazy\" decoding=\"async\" width=\"239\" height=\"178\" src=\"https:\/\/serveiseducatius.xtec.cat\/garraf\/wp-content\/uploads\/usu1185\/2025\/12\/Iniciatives-innovacio.jpg\" alt=\"\" class=\"wp-image-19277\"\/><\/a><\/figure>\n\n\n\n<p class=\"has-text-align-center\"><strong>Convocat\u00f2ria 2025-2026<\/strong><\/p>\n\n\n\n<p class=\"has-text-align-center\">del 28 d&#8217;octubre al 10 de desembre de 2025<\/p>\n\n\n\n<div class=\"wp-block-buttons is-content-justification-center is-layout-flex wp-container-core-buttons-is-layout-3 wp-block-buttons-is-layout-flex\">\n<div class=\"wp-block-button\"><a class=\"wp-block-button__link wp-element-button\" href=\"https:\/\/espai.educacio.gencat.cat\/Centres\/Innovacio-pedagogica\/Suport-Innovacio\/iniciatives\/Pagines\/default.aspx\"><strong>Acc\u00e9s al Portal de Centre<\/strong><\/a><\/div>\n<\/div>\n<\/div>\n\n\n\n<div class=\"wp-block-column has-border-color has-ast-global-color-1-border-color is-layout-flow wp-block-column-is-layout-flow\" style=\"border-width:4px\">\n<figure class=\"wp-block-image aligncenter size-full is-resized\"><img loading=\"lazy\" decoding=\"async\" width=\"705\" height=\"667\" src=\"https:\/\/serveiseducatius.xtec.cat\/garraf\/wp-content\/uploads\/usu1185\/2025\/10\/Pictogrames-NODES-formacio-activitats-i-recursos.png\" alt=\"\" class=\"wp-image-18820\" style=\"width:184px;height:auto\" srcset=\"https:\/\/serveiseducatius.xtec.cat\/garraf\/wp-content\/uploads\/usu1185\/2025\/10\/Pictogrames-NODES-formacio-activitats-i-recursos.png 705w, https:\/\/serveiseducatius.xtec.cat\/garraf\/wp-content\/uploads\/usu1185\/2025\/10\/Pictogrames-NODES-formacio-activitats-i-recursos-300x284.png 300w\" sizes=\"auto, (max-width: 705px) 100vw, 705px\" \/><\/figure>\n\n\n\n<p class=\"has-text-align-center\"><strong>Convocat\u00f2ria 2025-2026<\/strong><\/p>\n\n\n\n<p class=\"has-text-align-center\"><strong><a href=\"https:\/\/drive.google.com\/file\/d\/1GRyIWaERJAh68T5wcB1quI-35gEnIoof\/view?usp=sharing\">Informaci\u00f3 i enlla\u00e7os<\/a> <\/strong><\/p>\n<\/div>\n<\/div>\n\n\n\n<p class=\"has-white-color has-ast-global-color-1-background-color has-text-color has-background has-link-color has-medium-font-size wp-elements-271b31111dad54221653fbbd5a9f6cb6\"><strong>Normativa<\/strong><\/p>\n\n\n\n<p><strong><a href=\"https:\/\/portaldogc.gencat.cat\/utilsEADOP\/PDF\/5422\/2097086.pdf\">Llei 12\/2009<\/a><\/strong>, de 10 de juliol, d&#8217;educaci\u00f3 (article 84.1).<\/p>\n\n\n\n<p><strong><a href=\"https:\/\/portaldogc.gencat.cat\/utilsEADOP\/PDF\/9398\/2084552.pdf\">Ordre EDF\/60\/2025<\/a><\/strong>, de 15 d&#8217;abril, sobre el reconeixement de centres, personal docent i d&#8217;atenci\u00f3 educativa (PAE) que participen en programes d&#8217;innovaci\u00f3 educativa.<\/p>\n\n\n\n<p><strong><a href=\"https:\/\/portaldogc.gencat.cat\/utilsEADOP\/PDF\/9528\/2115969.pdf\">Resoluci\u00f3 EDF\/3819\/2025<\/a><\/strong>, de 15 d&#8217;octubre, per la qual es fa p\u00fablica la convocat\u00f2ria per al reconeixement de pr\u00e0ctiques educatives de refer\u00e8ncia, projectes d\u2019innovaci\u00f3 educativa i iniciatives d\u2019innovaci\u00f3.<\/p>\n\n\n\n<p><a href=\"https:\/\/xtec.gencat.cat\/ca\/innovacio\/marc_innovacio_pedagogica\/\"><strong>Marc d\u2019innovaci\u00f3 pedag\u00f2gica a Catalunya<\/strong><\/a> (2017).<\/p>\n","protected":false},"excerpt":{"rendered":"<p>El Departament d\u2019Educaci\u00f3 i Formaci\u00f3 Professional promou la innovaci\u00f3 educativa a trav\u00e9s del reconeixement i la certificaci\u00f3 de les pr\u00e0ctiques impulsades pel professorat aix\u00ed com els projectes particulars de centre. Tant les pr\u00e0ctiques com els projectes han d&#8217;estar fonamentats en evid\u00e8ncies de millora educativa en els \u00e0mbits seg\u00fcents: Convocat\u00f2ria 2025-2026 del 28 d&#8217;octubre al 30 [&hellip;]<\/p>\n","protected":false},"author":10,"featured_media":0,"parent":0,"menu_order":0,"comment_status":"closed","ping_status":"closed","template":"","meta":{"_bbp_topic_count":0,"_bbp_reply_count":0,"_bbp_total_topic_count":0,"_bbp_total_reply_count":0,"_bbp_voice_count":0,"_bbp_anonymous_reply_count":0,"_bbp_topic_count_hidden":0,"_bbp_reply_count_hidden":0,"_bbp_forum_subforum_count":0,"site-sidebar-layout":"default","site-content-layout":"","ast-site-content-layout":"default","site-content-style":"default","site-sidebar-style":"default","ast-global-header-display":"","ast-banner-title-visibility":"","ast-main-header-display":"","ast-hfb-above-header-display":"","ast-hfb-below-header-display":"","ast-hfb-mobile-header-display":"","site-post-title":"","ast-breadcrumbs-content":"","ast-featured-img":"","footer-sml-layout":"","theme-transparent-header-meta":"","adv-header-id-meta":"","stick-header-meta":"","header-above-stick-meta":"","header-main-stick-meta":"","header-below-stick-meta":"","astra-migrate-meta-layouts":"set","ast-page-background-enabled":"default","ast-page-background-meta":{"desktop":{"background-color":"var(--ast-global-color-4)","background-image":"","background-repeat":"repeat","background-position":"center center","background-size":"auto","background-attachment":"scroll","background-type":"","background-media":"","overlay-type":"","overlay-color":"","overlay-opacity":"","overlay-gradient":""},"tablet":{"background-color":"","background-image":"","background-repeat":"repeat","background-position":"center center","background-size":"auto","background-attachment":"scroll","background-type":"","background-media":"","overlay-type":"","overlay-color":"","overlay-opacity":"","overlay-gradient":""},"mobile":{"background-color":"","background-image":"","background-repeat":"repeat","background-position":"center center","background-size":"auto","background-attachment":"scroll","background-type":"","background-media":"","overlay-type":"","overlay-color":"","overlay-opacity":"","overlay-gradient":""}},"ast-content-background-meta":{"desktop":{"background-color":"var(--ast-global-color-5)","background-image":"","background-repeat":"repeat","background-position":"center center","background-size":"auto","background-attachment":"scroll","background-type":"","background-media":"","overlay-type":"","overlay-color":"","overlay-opacity":"","overlay-gradient":""},"tablet":{"background-color":"var(--ast-global-color-5)","background-image":"","background-repeat":"repeat","background-position":"center center","background-size":"auto","background-attachment":"scroll","background-type":"","background-media":"","overlay-type":"","overlay-color":"","overlay-opacity":"","overlay-gradient":""},"mobile":{"background-color":"var(--ast-global-color-5)","background-image":"","background-repeat":"repeat","background-position":"center center","background-size":"auto","background-attachment":"scroll","background-type":"","background-media":"","overlay-type":"","overlay-color":"","overlay-opacity":"","overlay-gradient":""}},"footnotes":""},"class_list":["post-16680","page","type-page","status-publish","hentry"],"post_mailing_queue_ids":[],"_links":{"self":[{"href":"https:\/\/serveiseducatius.xtec.cat\/garraf\/wp-json\/wp\/v2\/pages\/16680","targetHints":{"allow":["GET"]}}],"collection":[{"href":"https:\/\/serveiseducatius.xtec.cat\/garraf\/wp-json\/wp\/v2\/pages"}],"about":[{"href":"https:\/\/serveiseducatius.xtec.cat\/garraf\/wp-json\/wp\/v2\/types\/page"}],"author":[{"embeddable":true,"href":"https:\/\/serveiseducatius.xtec.cat\/garraf\/wp-json\/wp\/v2\/users\/10"}],"replies":[{"embeddable":true,"href":"https:\/\/serveiseducatius.xtec.cat\/garraf\/wp-json\/wp\/v2\/comments?post=16680"}],"version-history":[{"count":6,"href":"https:\/\/serveiseducatius.xtec.cat\/garraf\/wp-json\/wp\/v2\/pages\/16680\/revisions"}],"predecessor-version":[{"id":19279,"href":"https:\/\/serveiseducatius.xtec.cat\/garraf\/wp-json\/wp\/v2\/pages\/16680\/revisions\/19279"}],"wp:attachment":[{"href":"https:\/\/serveiseducatius.xtec.cat\/garraf\/wp-json\/wp\/v2\/media?parent=16680"}],"curies":[{"name":"wp","href":"https:\/\/api.w.org\/{rel}","templated":true}]}}