{"id":16669,"date":"2023-10-18T11:33:29","date_gmt":"2023-10-18T09:33:29","guid":{"rendered":"https:\/\/serveiseducatius.xtec.cat\/garraf\/?page_id=16669"},"modified":"2024-10-08T11:04:58","modified_gmt":"2024-10-08T09:04:58","slug":"setmana-de-la-ciencia-2024","status":"publish","type":"page","link":"https:\/\/serveiseducatius.xtec.cat\/garraf\/setmana-de-la-ciencia-2024\/","title":{"rendered":"Setmana de la Ci\u00e8ncia 2024"},"content":{"rendered":"<p>&nbsp;<\/p>\n<p><img loading=\"lazy\" decoding=\"async\" class=\"wp-image-17565 alignright\" src=\"https:\/\/serveiseducatius.xtec.cat\/garraf\/wp-content\/uploads\/usu1185\/2024\/09\/SC24-marca-cap.png\" alt=\"\" width=\"275\" height=\"275\" srcset=\"https:\/\/serveiseducatius.xtec.cat\/garraf\/wp-content\/uploads\/usu1185\/2024\/09\/SC24-marca-cap.png 1671w, https:\/\/serveiseducatius.xtec.cat\/garraf\/wp-content\/uploads\/usu1185\/2024\/09\/SC24-marca-cap-300x300.png 300w, https:\/\/serveiseducatius.xtec.cat\/garraf\/wp-content\/uploads\/usu1185\/2024\/09\/SC24-marca-cap-1024x1024.png 1024w, https:\/\/serveiseducatius.xtec.cat\/garraf\/wp-content\/uploads\/usu1185\/2024\/09\/SC24-marca-cap-150x150.png 150w, https:\/\/serveiseducatius.xtec.cat\/garraf\/wp-content\/uploads\/usu1185\/2024\/09\/SC24-marca-cap-768x768.png 768w, https:\/\/serveiseducatius.xtec.cat\/garraf\/wp-content\/uploads\/usu1185\/2024\/09\/SC24-marca-cap-1536x1536.png 1536w\" sizes=\"auto, (max-width: 275px) 100vw, 275px\" \/><\/p>\n<p>La Setmana de la Ci\u00e8ncia al Garraf, organitzada juntament amb la Fundaci\u00f3 Catalana per a la Recerca i la Innovaci\u00f3, tindr\u00e0 lloc del <strong>8 al 17 de novembre de 2025<\/strong>. Per a l\u2019edici\u00f3 d\u2019enguany proposem com a fil conductor\u00a0<b>l&#8217;\u00e8tica en la ci\u00e8ncia i la tecnologia\u00a0<\/b>donat el gran impacte que tenen els aven\u00e7os cient\u00edfics i tecnol\u00f2gics en la societat. Alguns exemples en s\u00f3n la biotecnologia o la IA, aix\u00ed com els recursos naturals. A m\u00e9s tamb\u00e9 es <b>commemora altres efem\u00e8rides<\/b>\u00a0que poden servir d&#8217;inspiraci\u00f3 per les activitats que presentar\u00e0 el vostre alumnat:<\/p>\n<div>\n<ul>\n<li style=\"list-style-type: none;\">\n<ul>\n<li style=\"list-style-type: none;\">\n<ul>\n<li style=\"list-style-type: none;\">\n<ul>\n<li><b>Centenari del naixement d\u2019Oriol de Bol\u00f2s<\/b>, bot\u00e0nic catal\u00e0 qui fou l\u2019introductor de la metodologia sigmatista d\u2019estudi de la vegetaci\u00f3 a Catalunya.<\/li>\n<li><b>Centenari del naixement de Bette Nesmith Graham<\/b>, mecan\u00f2grafa, dissenyadora industrial i empres\u00e0ria nord-americana, inventora del corrector l\u00edquid Liquid Paper.<\/li>\n<li><b>200 anys del naixement de William Thomson (Lord Kelvin)<\/b>, f\u00edsic, enginyer i matem\u00e0tic brit\u00e0nic qui va fer grans aportacions en el camp de la termodin\u00e0mica i que \u00e9s especialment recordat com el creador de l\u2019escala termom\u00e8trica que porta el seu nom.<\/li>\n<li><b>Centenari del naixement de la desxifradora de codis Jean Valentine<\/b>\u00a0qui, durant la Segona Guerra Mundial, va treballar a Bletchley Park desxifrant codis matem\u00e0tics per interceptar les comunicacions alemanyes.<\/li>\n<li><b>Centenari de l\u2019anunci del descobriment d\u2019Edwin Hubble d\u2019una nova gal\u00e0xia<\/b>, Andr\u00f2meda, fet que va demostrar que la Via L\u00e0ctia no era l\u2019\u00fanica gal\u00e0xia de l\u2019univers.<\/li>\n<li><b>Centenari del naixement de Maria von Wedemeyer<\/b>, inform\u00e0tica nord-americana qui va jugar un important paper en el desenvolupament de la capacitat d\u2019emulaci\u00f3 en computaci\u00f3.<\/li>\n<li><b>Centenari de la concessi\u00f3 del Premi Nobel de F\u00edsica al f\u00edsic suec Kai Manne Siegbahn<\/b>\u00a0per les seves investigacions cient\u00edfiques centrades en l&#8217;\u00e0mbit de l&#8217;espectrosc\u00f2pia mitjan\u00e7ant l&#8217;\u00fas dels raigs X.<\/li>\n<li><b>Centenari de la concessi\u00f3 del Premi Nobel de Fisiologia o Medicina al metge neerland\u00e8s Willem Einthoven<\/b>\u00a0pel seu descobriment del funcionament de l\u2019electrocardiograma.<\/li>\n<\/ul>\n<\/li>\n<\/ul>\n<\/li>\n<\/ul>\n<\/li>\n<\/ul>\n<\/div>\n<div>Us avancem algunes de les activitats d\u2019aquesta edici\u00f3:<\/div>\n<ul>\n<li style=\"list-style-type: none;\">\n<ul>\n<li><strong>Dimecres, 13 de novembre: <\/strong>\n<ul>\n<li>\n<h4><strong>Dia de la Ci\u00e8ncia a les Escoles <a href=\"https:\/\/www.recercaenaccio.cat\/sala-de-premsa\/noticies\/resol-reptes-cientifics-a-3r-i-4t-deso-i-1r-de-batxillerat-inscripcio-oberta-al-dia-de-la-ciencia-a-les-escoles\/\"><img loading=\"lazy\" decoding=\"async\" class=\"alignright wp-image-17640\" src=\"https:\/\/serveiseducatius.xtec.cat\/garraf\/wp-content\/uploads\/usu1185\/2024\/10\/unnamed-1.jpg\" alt=\"\" width=\"491\" height=\"440\" srcset=\"https:\/\/serveiseducatius.xtec.cat\/garraf\/wp-content\/uploads\/usu1185\/2024\/10\/unnamed-1.jpg 1200w, https:\/\/serveiseducatius.xtec.cat\/garraf\/wp-content\/uploads\/usu1185\/2024\/10\/unnamed-1-300x269.jpg 300w, https:\/\/serveiseducatius.xtec.cat\/garraf\/wp-content\/uploads\/usu1185\/2024\/10\/unnamed-1-1024x917.jpg 1024w, https:\/\/serveiseducatius.xtec.cat\/garraf\/wp-content\/uploads\/usu1185\/2024\/10\/unnamed-1-768x688.jpg 768w\" sizes=\"auto, (max-width: 491px) 100vw, 491px\" \/><\/a><\/strong><\/h4>\n<ul>\n<li><strong>Destinataris:<\/strong> alumnat de 3r i 4t d&#8217;ESO i 1r de BATX.<\/li>\n<li><strong>Objectiu:<\/strong> resoldre reptes cient\u00edfics i tecnol\u00f2gics que formulen investigadors i investigadores de centres de recerca i universitats de Catalunya.<\/li>\n<li><strong>Reptes:<\/strong>\n<ul>\n<li><a href=\"https:\/\/www.recercaenaccio.cat\/wp-content\/uploads\/2024\/09\/2024_DCE_matematiques.pdf\">Matem\u00e0tiques<\/a><\/li>\n<li><a href=\"https:\/\/www.recercaenaccio.cat\/wp-content\/uploads\/2024\/09\/2024_DCE_enginyeria.pdf\">Enginyeria<\/a><\/li>\n<li><a href=\"https:\/\/www.recercaenaccio.cat\/wp-content\/uploads\/2024\/09\/2024_DCE_geologia.pdf\">Geologia<\/a><\/li>\n<li><a href=\"https:\/\/www.recercaenaccio.cat\/wp-content\/uploads\/2024\/09\/2024_DCE_quimica.pdf\">Qu\u00edmica<\/a><\/li>\n<\/ul>\n<\/li>\n<li><strong>Connexions amb els\/les investigadors\/es:<\/strong>\n<ul>\n<li>9.30 h: Matem\u00e0tiques:\u00a0\u00a0Pau Varela i Mariona Fucho\u00a0(Centre de Recerca Matem\u00e0tica).<\/li>\n<li>10.30 h: Enginyeria:\u00a0Antoni Castro\u00a0(SENER).<\/li>\n<li>11.30 h: Geologia:\u00a0Jordi Vil\u00e0\u00a0(Universitat de Barcelona)<\/li>\n<li>12.30 h: Qu\u00edmica:\u00a0Josep Duran i Cristina Duran, Universitat de Girona.<\/li>\n<\/ul>\n<\/li>\n<li><strong><a href=\"https:\/\/www.recercaenaccio.cat\/sala-de-premsa\/noticies\/resol-reptes-cientifics-a-3r-i-4t-deso-i-1r-de-batxillerat-inscripcio-oberta-al-dia-de-la-ciencia-a-les-escoles\/\">M\u00e9s informaci\u00f3 i inscripcions<\/a> (fins al 15 d&#8217;octubre)<\/strong><\/li>\n<\/ul>\n<\/li>\n<\/ul>\n<\/li>\n<\/ul>\n<\/li>\n<li style=\"list-style-type: none;\">\n<ul>\n<li><strong>Divendres, 15 de novembre<\/strong>:\n<ul>\n<li>\n<h4><strong>Dia de la Ci\u00e8ncia al Carrer<\/strong><\/h4>\n<ul>\n<li><strong>Destinataris:<\/strong> alumnat de 6\u00e8 d\u2019EP i 1r d\u2019ESO<\/li>\n<li><strong>Objectiu:<\/strong> una mostra de divulgaci\u00f3 cient\u00edfica que es realitza a l\u2019esplanada de la Fragata de Sitges, on l\u2019alumnat de centres de la comarca (ESO, Batxillerat i Cicles Formatius) i entitats col\u00b7laboradores que exposen experiments, exhibicions\u2026 adre\u00e7ades a nois i noies de cinqu\u00e8 i sis\u00e8 de Prim\u00e0ria i de primer i segon d\u2019ESO.\n<ul>\n<li style=\"list-style-type: none;\">\n<ul>\n<li style=\"list-style-type: none;\">\n<ul>\n<li><strong><a href=\"https:\/\/forms.gle\/wVUv22ohPUyJZA8q6\">FORMULARI D\u2019INSCRIPCI\u00d3 per a centres expositors<\/a> fins el 22 de setembre.<\/strong><\/li>\n<li><strong><a href=\"https:\/\/forms.gle\/rRD8cxxiTVKm6T839\">FORMULARI D\u2019INSCRIPCI\u00d3 per a centres visitants<\/a>\u00a0fins el 13 d&#8217;octubre.<\/strong><\/li>\n<\/ul>\n<\/li>\n<\/ul>\n<\/li>\n<\/ul>\n<\/li>\n<\/ul>\n<\/li>\n<li><strong>Visites als museus de Sitges<\/strong>\u00a0(<em>alumnat de 6\u00e8 d\u2019EP i 1r d\u2019ESO<\/em>): l\u2019alumnat tindr\u00e0 l\u2019oportunitat de visitar gratu\u00eftament els Museus Maricel i Cau Ferrat, aix\u00ed com la Fundaci\u00f3 St\u00e4mpfli d\u2019Art Contemporani.<strong> <a href=\"https:\/\/forms.gle\/rRD8cxxiTVKm6T839\">FORMULARI D\u2019INSCRIPCI\u00d3 per a centres visitants<\/a>\u00a0fins el 13 d&#8217;octubre.<\/strong><\/li>\n<\/ul>\n<\/li>\n<\/ul>\n<\/li>\n<\/ul>\n<p>Us esperem per gaudir de la Setmana de la Ci\u00e8ncia!<\/p>\n","protected":false},"excerpt":{"rendered":"<p>&nbsp; La Setmana de la Ci\u00e8ncia al Garraf, organitzada juntament amb la Fundaci\u00f3 Catalana per a la Recerca i la Innovaci\u00f3, tindr\u00e0 lloc del 8 al 17 de novembre de 2025. Per a l\u2019edici\u00f3 d\u2019enguany proposem com a fil conductor\u00a0l&#8217;\u00e8tica en la ci\u00e8ncia i la tecnologia\u00a0donat el gran impacte que tenen els aven\u00e7os cient\u00edfics i [&hellip;]<\/p>\n","protected":false},"author":10,"featured_media":0,"parent":0,"menu_order":0,"comment_status":"closed","ping_status":"closed","template":"","meta":{"_bbp_topic_count":0,"_bbp_reply_count":0,"_bbp_total_topic_count":0,"_bbp_total_reply_count":0,"_bbp_voice_count":0,"_bbp_anonymous_reply_count":0,"_bbp_topic_count_hidden":0,"_bbp_reply_count_hidden":0,"_bbp_forum_subforum_count":0,"site-sidebar-layout":"default","site-content-layout":"","ast-site-content-layout":"","site-content-style":"default","site-sidebar-style":"default","ast-global-header-display":"","ast-banner-title-visibility":"","ast-main-header-display":"","ast-hfb-above-header-display":"","ast-hfb-below-header-display":"","ast-hfb-mobile-header-display":"","site-post-title":"","ast-breadcrumbs-content":"","ast-featured-img":"","footer-sml-layout":"","theme-transparent-header-meta":"","adv-header-id-meta":"","stick-header-meta":"","header-above-stick-meta":"","header-main-stick-meta":"","header-below-stick-meta":"","astra-migrate-meta-layouts":"default","ast-page-background-enabled":"default","ast-page-background-meta":{"desktop":{"background-color":"var(--ast-global-color-4)","background-image":"","background-repeat":"repeat","background-position":"center center","background-size":"auto","background-attachment":"scroll","background-type":"","background-media":"","overlay-type":"","overlay-color":"","overlay-opacity":"","overlay-gradient":""},"tablet":{"background-color":"","background-image":"","background-repeat":"repeat","background-position":"center center","background-size":"auto","background-attachment":"scroll","background-type":"","background-media":"","overlay-type":"","overlay-color":"","overlay-opacity":"","overlay-gradient":""},"mobile":{"background-color":"","background-image":"","background-repeat":"repeat","background-position":"center center","background-size":"auto","background-attachment":"scroll","background-type":"","background-media":"","overlay-type":"","overlay-color":"","overlay-opacity":"","overlay-gradient":""}},"ast-content-background-meta":{"desktop":{"background-color":"var(--ast-global-color-5)","background-image":"","background-repeat":"repeat","background-position":"center center","background-size":"auto","background-attachment":"scroll","background-type":"","background-media":"","overlay-type":"","overlay-color":"","overlay-opacity":"","overlay-gradient":""},"tablet":{"background-color":"var(--ast-global-color-5)","background-image":"","background-repeat":"repeat","background-position":"center center","background-size":"auto","background-attachment":"scroll","background-type":"","background-media":"","overlay-type":"","overlay-color":"","overlay-opacity":"","overlay-gradient":""},"mobile":{"background-color":"var(--ast-global-color-5)","background-image":"","background-repeat":"repeat","background-position":"center center","background-size":"auto","background-attachment":"scroll","background-type":"","background-media":"","overlay-type":"","overlay-color":"","overlay-opacity":"","overlay-gradient":""}},"footnotes":""},"class_list":["post-16669","page","type-page","status-publish","hentry"],"post_mailing_queue_ids":[],"_links":{"self":[{"href":"https:\/\/serveiseducatius.xtec.cat\/garraf\/wp-json\/wp\/v2\/pages\/16669","targetHints":{"allow":["GET"]}}],"collection":[{"href":"https:\/\/serveiseducatius.xtec.cat\/garraf\/wp-json\/wp\/v2\/pages"}],"about":[{"href":"https:\/\/serveiseducatius.xtec.cat\/garraf\/wp-json\/wp\/v2\/types\/page"}],"author":[{"embeddable":true,"href":"https:\/\/serveiseducatius.xtec.cat\/garraf\/wp-json\/wp\/v2\/users\/10"}],"replies":[{"embeddable":true,"href":"https:\/\/serveiseducatius.xtec.cat\/garraf\/wp-json\/wp\/v2\/comments?post=16669"}],"version-history":[{"count":6,"href":"https:\/\/serveiseducatius.xtec.cat\/garraf\/wp-json\/wp\/v2\/pages\/16669\/revisions"}],"predecessor-version":[{"id":17641,"href":"https:\/\/serveiseducatius.xtec.cat\/garraf\/wp-json\/wp\/v2\/pages\/16669\/revisions\/17641"}],"wp:attachment":[{"href":"https:\/\/serveiseducatius.xtec.cat\/garraf\/wp-json\/wp\/v2\/media?parent=16669"}],"curies":[{"name":"wp","href":"https:\/\/api.w.org\/{rel}","templated":true}]}}