{"id":16531,"date":"2023-06-26T09:25:54","date_gmt":"2023-06-26T07:25:54","guid":{"rendered":"https:\/\/serveiseducatius.xtec.cat\/garraf\/?page_id=16531"},"modified":"2024-06-25T13:50:35","modified_gmt":"2024-06-25T11:50:35","slug":"17e-congres-de-ciencia","status":"publish","type":"page","link":"https:\/\/serveiseducatius.xtec.cat\/garraf\/17e-congres-de-ciencia\/","title":{"rendered":"17\u00e8 Congr\u00e9s de Ci\u00e8ncia (2024)"},"content":{"rendered":"<p><strong><a href=\"https:\/\/drive.google.com\/file\/d\/1QuncOjR9CPjz67RWm4QdY4_IUdYXGuOS\/view?usp=sharing\"><img loading=\"lazy\" decoding=\"async\" class=\"alignright wp-image-16532\" src=\"https:\/\/serveiseducatius.xtec.cat\/garraf\/wp-content\/uploads\/usu1185\/2023\/06\/Infografia-17e-Congres-de-ciencia.jpg\" alt=\"\" width=\"380\" height=\"950\" srcset=\"https:\/\/serveiseducatius.xtec.cat\/garraf\/wp-content\/uploads\/usu1185\/2023\/06\/Infografia-17e-Congres-de-ciencia.jpg 800w, https:\/\/serveiseducatius.xtec.cat\/garraf\/wp-content\/uploads\/usu1185\/2023\/06\/Infografia-17e-Congres-de-ciencia-120x300.jpg 120w, https:\/\/serveiseducatius.xtec.cat\/garraf\/wp-content\/uploads\/usu1185\/2023\/06\/Infografia-17e-Congres-de-ciencia-410x1024.jpg 410w, https:\/\/serveiseducatius.xtec.cat\/garraf\/wp-content\/uploads\/usu1185\/2023\/06\/Infografia-17e-Congres-de-ciencia-768x1920.jpg 768w, https:\/\/serveiseducatius.xtec.cat\/garraf\/wp-content\/uploads\/usu1185\/2023\/06\/Infografia-17e-Congres-de-ciencia-614x1536.jpg 614w\" sizes=\"auto, (max-width: 380px) 100vw, 380px\" \/><\/a>La 17a edici\u00f3 del Congr\u00e9s de Ci\u00e8ncia va tenir lloc entre el 13 i el 15 de maig de 2024 a l&#8217;auditori de Ne\u00e0polis.<\/strong><\/p>\n<div style=\"text-align: center;\">\n<div style=\"margin: 8px 0px 4px;\"><a href=\"https:\/\/www.calameo.com\/books\/0067079036a3a79336d36\" target=\"_blank\" rel=\"noopener\">Revista del 17\u00e8 Congr\u00e9s De Ci\u00e8ncia<\/a><\/div>\n<p><iframe loading=\"lazy\" style=\"margin: 0 auto;\" src=\"\/\/v.calameo.com\/?bkcode=0067079036a3a79336d36\" width=\"300\" height=\"194\" frameborder=\"0\" scrolling=\"no\" allowfullscreen=\"allowfullscreen\"><\/iframe><\/p>\n<div style=\"margin: 4px 0px 8px;\"><\/div>\n<\/div>\n<p>Els centres interessats en participar-hi, poden <strong>inscriure&#8217;s entre l&#8217;1 de setembre i el 8 d&#8217;octubre a trav\u00e9s d&#8217;aquest <a href=\"https:\/\/forms.gle\/X31ZQuiXKz1h2iTf6\">formulari<\/a><\/strong>, tenint en compte els <strong>requisits<\/strong> seg\u00fcents:<\/p>\n<ul>\n<li>L&#8217;alumnat ha de presentar una pon\u00e8ncia durant el Congr\u00e9s que tindr\u00e0 lloc entre 13 i el 16 de maig.<\/li>\n<li>Elaborar una ressenya per la\u00a0<a href=\"https:\/\/drive.google.com\/file\/d\/1UsLQk6J8JbjD2UO4aPlcE3Egea-Dv8Fq\/view?usp=sharing\">Revista del Congr\u00e9s<\/a>.<\/li>\n<li>Presentar una infografia de la pon\u00e8ncia.<\/li>\n<li>Lliurar una imatge del grup d&#8217;alumnes.<\/li>\n<li>Per certificar l&#8217;activitat caldr\u00e0 que el professorat realitzi una formaci\u00f3 sobre indagaci\u00f3 cient\u00edfica a l&#8217;aula (\u00c0ngela Garc\u00eda Llad\u00f3) i que participi en totes les trobades coordinaci\u00f3.<\/li>\n<\/ul>\n<p>Per m\u00e9s informaci\u00f3 cliqueu <a href=\"https:\/\/drive.google.com\/file\/d\/1QuncOjR9CPjz67RWm4QdY4_IUdYXGuOS\/view?usp=sharing\"><strong>aqu\u00ed<\/strong><\/a>.<\/p>\n<p>&nbsp;<\/p>\n<p style=\"text-align: left;\">Amb la col\u00b7laboraci\u00f3 de:<\/p>\n<p><img loading=\"lazy\" decoding=\"async\" class=\"wp-image-16258 alignleft\" src=\"https:\/\/serveiseducatius.xtec.cat\/garraf\/wp-content\/uploads\/usu1185\/2023\/04\/Canal-Blau.jpg\" alt=\"\" width=\"191\" height=\"184\" srcset=\"https:\/\/serveiseducatius.xtec.cat\/garraf\/wp-content\/uploads\/usu1185\/2023\/04\/Canal-Blau.jpg 335w, https:\/\/serveiseducatius.xtec.cat\/garraf\/wp-content\/uploads\/usu1185\/2023\/04\/Canal-Blau-300x289.jpg 300w\" sizes=\"auto, (max-width: 191px) 100vw, 191px\" \/><\/p>\n","protected":false},"excerpt":{"rendered":"<p>La 17a edici\u00f3 del Congr\u00e9s de Ci\u00e8ncia va tenir lloc entre el 13 i el 15 de maig de 2024 a l&#8217;auditori de Ne\u00e0polis. Revista del 17\u00e8 Congr\u00e9s De Ci\u00e8ncia Els centres interessats en participar-hi, poden inscriure&#8217;s entre l&#8217;1 de setembre i el 8 d&#8217;octubre a trav\u00e9s d&#8217;aquest formulari, tenint en compte els requisits seg\u00fcents: [&hellip;]<\/p>\n","protected":false},"author":10,"featured_media":0,"parent":0,"menu_order":0,"comment_status":"closed","ping_status":"closed","template":"","meta":{"_bbp_topic_count":0,"_bbp_reply_count":0,"_bbp_total_topic_count":0,"_bbp_total_reply_count":0,"_bbp_voice_count":0,"_bbp_anonymous_reply_count":0,"_bbp_topic_count_hidden":0,"_bbp_reply_count_hidden":0,"_bbp_forum_subforum_count":0,"site-sidebar-layout":"default","site-content-layout":"","ast-site-content-layout":"","site-content-style":"default","site-sidebar-style":"default","ast-global-header-display":"","ast-banner-title-visibility":"","ast-main-header-display":"","ast-hfb-above-header-display":"","ast-hfb-below-header-display":"","ast-hfb-mobile-header-display":"","site-post-title":"","ast-breadcrumbs-content":"","ast-featured-img":"","footer-sml-layout":"","theme-transparent-header-meta":"","adv-header-id-meta":"","stick-header-meta":"","header-above-stick-meta":"","header-main-stick-meta":"","header-below-stick-meta":"","astra-migrate-meta-layouts":"default","ast-page-background-enabled":"default","ast-page-background-meta":{"desktop":{"background-color":"var(--ast-global-color-4)","background-image":"","background-repeat":"repeat","background-position":"center center","background-size":"auto","background-attachment":"scroll","background-type":"","background-media":"","overlay-type":"","overlay-color":"","overlay-opacity":"","overlay-gradient":""},"tablet":{"background-color":"","background-image":"","background-repeat":"repeat","background-position":"center center","background-size":"auto","background-attachment":"scroll","background-type":"","background-media":"","overlay-type":"","overlay-color":"","overlay-opacity":"","overlay-gradient":""},"mobile":{"background-color":"","background-image":"","background-repeat":"repeat","background-position":"center center","background-size":"auto","background-attachment":"scroll","background-type":"","background-media":"","overlay-type":"","overlay-color":"","overlay-opacity":"","overlay-gradient":""}},"ast-content-background-meta":{"desktop":{"background-color":"var(--ast-global-color-5)","background-image":"","background-repeat":"repeat","background-position":"center center","background-size":"auto","background-attachment":"scroll","background-type":"","background-media":"","overlay-type":"","overlay-color":"","overlay-opacity":"","overlay-gradient":""},"tablet":{"background-color":"var(--ast-global-color-5)","background-image":"","background-repeat":"repeat","background-position":"center center","background-size":"auto","background-attachment":"scroll","background-type":"","background-media":"","overlay-type":"","overlay-color":"","overlay-opacity":"","overlay-gradient":""},"mobile":{"background-color":"var(--ast-global-color-5)","background-image":"","background-repeat":"repeat","background-position":"center center","background-size":"auto","background-attachment":"scroll","background-type":"","background-media":"","overlay-type":"","overlay-color":"","overlay-opacity":"","overlay-gradient":""}},"footnotes":""},"class_list":["post-16531","page","type-page","status-publish","hentry"],"post_mailing_queue_ids":[],"_links":{"self":[{"href":"https:\/\/serveiseducatius.xtec.cat\/garraf\/wp-json\/wp\/v2\/pages\/16531","targetHints":{"allow":["GET"]}}],"collection":[{"href":"https:\/\/serveiseducatius.xtec.cat\/garraf\/wp-json\/wp\/v2\/pages"}],"about":[{"href":"https:\/\/serveiseducatius.xtec.cat\/garraf\/wp-json\/wp\/v2\/types\/page"}],"author":[{"embeddable":true,"href":"https:\/\/serveiseducatius.xtec.cat\/garraf\/wp-json\/wp\/v2\/users\/10"}],"replies":[{"embeddable":true,"href":"https:\/\/serveiseducatius.xtec.cat\/garraf\/wp-json\/wp\/v2\/comments?post=16531"}],"version-history":[{"count":5,"href":"https:\/\/serveiseducatius.xtec.cat\/garraf\/wp-json\/wp\/v2\/pages\/16531\/revisions"}],"predecessor-version":[{"id":17457,"href":"https:\/\/serveiseducatius.xtec.cat\/garraf\/wp-json\/wp\/v2\/pages\/16531\/revisions\/17457"}],"wp:attachment":[{"href":"https:\/\/serveiseducatius.xtec.cat\/garraf\/wp-json\/wp\/v2\/media?parent=16531"}],"curies":[{"name":"wp","href":"https:\/\/api.w.org\/{rel}","templated":true}]}}