{"id":16524,"date":"2023-06-26T08:47:34","date_gmt":"2023-06-26T06:47:34","guid":{"rendered":"https:\/\/serveiseducatius.xtec.cat\/garraf\/?page_id=16524"},"modified":"2025-05-26T15:27:13","modified_gmt":"2025-05-26T13:27:13","slug":"congres-de-ciencia-2","status":"publish","type":"page","link":"https:\/\/serveiseducatius.xtec.cat\/garraf\/congres-de-ciencia-2\/","title":{"rendered":"Congr\u00e9s de Ci\u00e8ncia"},"content":{"rendered":"<p><span class=\"JsGRdQ\">El <\/span><strong><span class=\"JsGRdQ\">Congr\u00e9s de Ci\u00e8ncia<\/span><\/strong><span class=\"JsGRdQ\"> pret\u00e9n ser una eina m\u00e9s per potenciar tot el treball que s\u2019est\u00e0 duent a terme als centres <strong>d&#8217;Infantil i Prim\u00e0ria<\/strong> en l\u2019\u00e0mbit de l\u2019observaci\u00f3, la recerca i l\u2019experimentaci\u00f3 amb l&#8217;objectiu de:<\/span><\/p>\n<ul>\n<li><span class=\"JsGRdQ\">Situar l&#8217;alumnat com a centre de l&#8217;aprenentatge.<\/span><\/li>\n<li><span class=\"JsGRdQ\">Desenvolupar l&#8217;\u00e0mbit ling\u00fc\u00edstic i cient\u00edfic.<\/span><\/li>\n<li><span class=\"JsGRdQ\">Oferir un marc organitzatiu i comunicatiu per qu\u00e8 l&#8217;alumnat de la comarca mostrin els seus treballs d\u2019investigaci\u00f3 cient\u00edfica<\/span><span class=\"JsGRdQ\">.<\/span><\/li>\n<li><span class=\"JsGRdQ\">Valorar i potenciar les bones pr\u00e0ctiques en la recerca cient\u00edfica dels centres.<\/span><\/li>\n<\/ul>\n<p><strong>Edicions del Congr\u00e9s:<\/strong><\/p>\n<p><strong><a href=\"https:\/\/serveiseducatius.xtec.cat\/garraf\/18e-congres-de-ciencia-2025\/\">18\u00e8 Congr\u00e9s de Ci\u00e8ncia (2025)<\/a><\/strong><\/p>\n<p><strong><a href=\"https:\/\/serveiseducatius.xtec.cat\/garraf\/17e-congres-de-ciencia\/\">17\u00e8 Congr\u00e9s de Ci\u00e8ncia (2024)<\/a><\/strong><\/p>\n<p><strong><a href=\"https:\/\/serveiseducatius.xtec.cat\/garraf\/congres-de-ciencia\/\">16\u00e8 Congr\u00e9s de Ci\u00e8ncia (2023)<\/a><\/strong><\/p>\n<p>&nbsp;<\/p>\n<p style=\"text-align: right;\">Amb la col\u00b7laboraci\u00f3 de:<\/p>\n<p><img loading=\"lazy\" decoding=\"async\" class=\"size-full wp-image-18041 alignright\" src=\"https:\/\/serveiseducatius.xtec.cat\/garraf\/wp-content\/uploads\/usu1185\/2025\/05\/VERSIO\u2560u-COMPACTE-CMYK-1-e1748265948309.png\" alt=\"\" width=\"239\" height=\"99\" \/><\/p>\n","protected":false},"excerpt":{"rendered":"<p>El Congr\u00e9s de Ci\u00e8ncia pret\u00e9n ser una eina m\u00e9s per potenciar tot el treball que s\u2019est\u00e0 duent a terme als centres d&#8217;Infantil i Prim\u00e0ria en l\u2019\u00e0mbit de l\u2019observaci\u00f3, la recerca i l\u2019experimentaci\u00f3 amb l&#8217;objectiu de: Situar l&#8217;alumnat com a centre de l&#8217;aprenentatge. Desenvolupar l&#8217;\u00e0mbit ling\u00fc\u00edstic i cient\u00edfic. Oferir un marc organitzatiu i comunicatiu per qu\u00e8 [&hellip;]<\/p>\n","protected":false},"author":10,"featured_media":0,"parent":0,"menu_order":0,"comment_status":"closed","ping_status":"closed","template":"","meta":{"_bbp_topic_count":0,"_bbp_reply_count":0,"_bbp_total_topic_count":0,"_bbp_total_reply_count":0,"_bbp_voice_count":0,"_bbp_anonymous_reply_count":0,"_bbp_topic_count_hidden":0,"_bbp_reply_count_hidden":0,"_bbp_forum_subforum_count":0,"site-sidebar-layout":"default","site-content-layout":"","ast-site-content-layout":"","site-content-style":"default","site-sidebar-style":"default","ast-global-header-display":"","ast-banner-title-visibility":"","ast-main-header-display":"","ast-hfb-above-header-display":"","ast-hfb-below-header-display":"","ast-hfb-mobile-header-display":"","site-post-title":"","ast-breadcrumbs-content":"","ast-featured-img":"","footer-sml-layout":"","theme-transparent-header-meta":"","adv-header-id-meta":"","stick-header-meta":"","header-above-stick-meta":"","header-main-stick-meta":"","header-below-stick-meta":"","astra-migrate-meta-layouts":"default","ast-page-background-enabled":"default","ast-page-background-meta":{"desktop":{"background-color":"var(--ast-global-color-4)","background-image":"","background-repeat":"repeat","background-position":"center center","background-size":"auto","background-attachment":"scroll","background-type":"","background-media":"","overlay-type":"","overlay-color":"","overlay-opacity":"","overlay-gradient":""},"tablet":{"background-color":"","background-image":"","background-repeat":"repeat","background-position":"center center","background-size":"auto","background-attachment":"scroll","background-type":"","background-media":"","overlay-type":"","overlay-color":"","overlay-opacity":"","overlay-gradient":""},"mobile":{"background-color":"","background-image":"","background-repeat":"repeat","background-position":"center center","background-size":"auto","background-attachment":"scroll","background-type":"","background-media":"","overlay-type":"","overlay-color":"","overlay-opacity":"","overlay-gradient":""}},"ast-content-background-meta":{"desktop":{"background-color":"var(--ast-global-color-5)","background-image":"","background-repeat":"repeat","background-position":"center center","background-size":"auto","background-attachment":"scroll","background-type":"","background-media":"","overlay-type":"","overlay-color":"","overlay-opacity":"","overlay-gradient":""},"tablet":{"background-color":"var(--ast-global-color-5)","background-image":"","background-repeat":"repeat","background-position":"center center","background-size":"auto","background-attachment":"scroll","background-type":"","background-media":"","overlay-type":"","overlay-color":"","overlay-opacity":"","overlay-gradient":""},"mobile":{"background-color":"var(--ast-global-color-5)","background-image":"","background-repeat":"repeat","background-position":"center center","background-size":"auto","background-attachment":"scroll","background-type":"","background-media":"","overlay-type":"","overlay-color":"","overlay-opacity":"","overlay-gradient":""}},"footnotes":""},"class_list":["post-16524","page","type-page","status-publish","hentry"],"post_mailing_queue_ids":[],"_links":{"self":[{"href":"https:\/\/serveiseducatius.xtec.cat\/garraf\/wp-json\/wp\/v2\/pages\/16524","targetHints":{"allow":["GET"]}}],"collection":[{"href":"https:\/\/serveiseducatius.xtec.cat\/garraf\/wp-json\/wp\/v2\/pages"}],"about":[{"href":"https:\/\/serveiseducatius.xtec.cat\/garraf\/wp-json\/wp\/v2\/types\/page"}],"author":[{"embeddable":true,"href":"https:\/\/serveiseducatius.xtec.cat\/garraf\/wp-json\/wp\/v2\/users\/10"}],"replies":[{"embeddable":true,"href":"https:\/\/serveiseducatius.xtec.cat\/garraf\/wp-json\/wp\/v2\/comments?post=16524"}],"version-history":[{"count":6,"href":"https:\/\/serveiseducatius.xtec.cat\/garraf\/wp-json\/wp\/v2\/pages\/16524\/revisions"}],"predecessor-version":[{"id":18044,"href":"https:\/\/serveiseducatius.xtec.cat\/garraf\/wp-json\/wp\/v2\/pages\/16524\/revisions\/18044"}],"wp:attachment":[{"href":"https:\/\/serveiseducatius.xtec.cat\/garraf\/wp-json\/wp\/v2\/media?parent=16524"}],"curies":[{"name":"wp","href":"https:\/\/api.w.org\/{rel}","templated":true}]}}