{"id":16097,"date":"2023-02-28T14:54:36","date_gmt":"2023-02-28T13:54:36","guid":{"rendered":"https:\/\/serveiseducatius.xtec.cat\/garraf\/?page_id=16097"},"modified":"2026-03-19T10:02:38","modified_gmt":"2026-03-19T09:02:38","slug":"xarxes-educatives","status":"publish","type":"page","link":"https:\/\/serveiseducatius.xtec.cat\/garraf\/xarxes-educatives\/","title":{"rendered":"Xarxes Educatives"},"content":{"rendered":"\n<div class=\"wp-block-columns is-layout-flex wp-container-core-columns-is-layout-1 wp-block-columns-is-layout-flex\">\n<div class=\"wp-block-column is-layout-flow wp-block-column-is-layout-flow\">\n<figure class=\"wp-block-image aligncenter size-large is-resized\"><a href=\"https:\/\/serveiseducatius.xtec.cat\/garraf\/que-es-la-xepig\/\"><img loading=\"lazy\" decoding=\"async\" width=\"1024\" height=\"800\" src=\"https:\/\/serveiseducatius.xtec.cat\/garraf\/wp-content\/uploads\/usu1185\/2024\/09\/Logo-1-XEPIG_picmonkeyed-1024x800.jpg\" alt=\"\" class=\"wp-image-17604\" style=\"width:302px;height:auto\" srcset=\"https:\/\/serveiseducatius.xtec.cat\/garraf\/wp-content\/uploads\/usu1185\/2024\/09\/Logo-1-XEPIG_picmonkeyed-1024x800.jpg 1024w, https:\/\/serveiseducatius.xtec.cat\/garraf\/wp-content\/uploads\/usu1185\/2024\/09\/Logo-1-XEPIG_picmonkeyed-300x234.jpg 300w, https:\/\/serveiseducatius.xtec.cat\/garraf\/wp-content\/uploads\/usu1185\/2024\/09\/Logo-1-XEPIG_picmonkeyed-768x600.jpg 768w, https:\/\/serveiseducatius.xtec.cat\/garraf\/wp-content\/uploads\/usu1185\/2024\/09\/Logo-1-XEPIG_picmonkeyed.jpg 1369w\" sizes=\"auto, (max-width: 1024px) 100vw, 1024px\" \/><\/a><\/figure>\n\n\n\n<p class=\"has-text-align-center\">La <strong>Xarxa d\u2019Escoles P\u00fabliques Inquietes del Garraf<\/strong> (la XEPIG) aplega escoles que, amb l\u2019acompanyament de la inspecci\u00f3 educativa, direccions, el CRP i el Moviment de Renovaci\u00f3 Pedag\u00f2gica del Garraf, pretenem posar en valor la reflexi\u00f3 pedag\u00f2gica entre docents per generar accions que possibilitin la transformaci\u00f3 educativa a cada centre. Compartim experi\u00e8ncies, constru\u00efm projectes amb sentit, entre d\u2019altres, per tal de generar una veritable revolta pedag\u00f2gica a la comarca.<\/p>\n<\/div>\n\n\n\n<div class=\"wp-block-column is-layout-flow wp-block-column-is-layout-flow\">\n<figure class=\"wp-block-image aligncenter size-full is-resized\"><a href=\"https:\/\/serveiseducatius.xtec.cat\/garraf\/xarxa-competencies-basiques\/\"><img loading=\"lazy\" decoding=\"async\" width=\"1024\" height=\"362\" src=\"https:\/\/serveiseducatius.xtec.cat\/garraf\/wp-content\/uploads\/usu1185\/2025\/10\/Xarxa-de-Competencies.png\" alt=\"\" class=\"wp-image-18624\" style=\"width:498px;height:auto\" srcset=\"https:\/\/serveiseducatius.xtec.cat\/garraf\/wp-content\/uploads\/usu1185\/2025\/10\/Xarxa-de-Competencies.png 1024w, https:\/\/serveiseducatius.xtec.cat\/garraf\/wp-content\/uploads\/usu1185\/2025\/10\/Xarxa-de-Competencies-300x106.png 300w, https:\/\/serveiseducatius.xtec.cat\/garraf\/wp-content\/uploads\/usu1185\/2025\/10\/Xarxa-de-Competencies-768x272.png 768w\" sizes=\"auto, (max-width: 1024px) 100vw, 1024px\" \/><\/a><\/figure>\n\n\n\n<p class=\"has-white-color has-text-color has-link-color wp-elements-dd0e696a2870102f870219f1dfb8f935\">opus opus<\/p>\n\n\n\n<p class=\"has-text-align-center\">El programa de <strong>Xarxa de Compet\u00e8ncies&nbsp;<\/strong>(XdC) \u00e9s un&nbsp;model de formaci\u00f3 permanent docent entre iguals i en xarxa que agrupa diverses xarxes territorials i que promou el desenvolupament docent i la transformaci\u00f3 dels centres&nbsp;per a la millora dels aprenentatges de tots els alumnes.<\/p>\n<\/div>\n<\/div>\n\n\n\n<div class=\"wp-block-columns is-layout-flex wp-container-core-columns-is-layout-2 wp-block-columns-is-layout-flex\">\n<div class=\"wp-block-column is-layout-flow wp-block-column-is-layout-flow\">\n<figure class=\"wp-block-image aligncenter size-full is-resized\"><a href=\"https:\/\/serveiseducatius.xtec.cat\/garraf\/xarxa-territorial-de-transformacio-educativa-al-penedes\/\"><img loading=\"lazy\" decoding=\"async\" width=\"267\" height=\"267\" src=\"https:\/\/serveiseducatius.xtec.cat\/garraf\/wp-content\/uploads\/usu1185\/2025\/10\/XTTE.jpg\" alt=\"\" class=\"wp-image-18626\" style=\"width:300px;height:auto\" srcset=\"https:\/\/serveiseducatius.xtec.cat\/garraf\/wp-content\/uploads\/usu1185\/2025\/10\/XTTE.jpg 267w, https:\/\/serveiseducatius.xtec.cat\/garraf\/wp-content\/uploads\/usu1185\/2025\/10\/XTTE-150x150.jpg 150w\" sizes=\"auto, (max-width: 267px) 100vw, 267px\" \/><\/a><\/figure>\n\n\n\n<p class=\"has-text-align-center\">Les <strong>Xarxes Territorials de Millora Educativa<\/strong> (XaTME) t\u00e9 com a objectiu oferir als centres educatius un espai de reflexi\u00f3 i intercanvi, on puguin explorar diferents camins cap a la qualitat educativa i dotar-se d\u2019eines i recursos que els enforteixin com a comunitat. Aquesta xarxa pot resultar d\u2019inter\u00e8s tant per a centres que ja vau formar part de l\u2019antiga XTTE, com per a aquells que, per primera vegada, vulgueu endinsar-vos en un proc\u00e9s de recerca i reflexi\u00f3 sobre el vostre projecte educatiu.<\/p>\n<\/div>\n\n\n\n<div class=\"wp-block-column is-layout-flow wp-block-column-is-layout-flow\">\n<figure class=\"wp-block-image aligncenter size-full is-resized\"><a href=\"https:\/\/aplicacions.gestioeducativa.gencat.cat\/ords\/pls\/soloas\/pk_for_mod_ins.p_for_exhaustiu_activitat?p_header=Llista%20d%27activitats^pk_for_mod_ins.p_for_cons_activitats?p_tipus_act=XCL1,MCL1,XCF,XDL,XFLS%26p_totes=S%26p_inici=1%26p_excloure_crp_rec=F*Detall%20d%27activitat^pk_for_mod_ins.p_for_detall_activitat?p_codi=2085320555%26p_curs=2025-2026%26p_es_inscr=S&amp;p_codi=2085320555&amp;p_curs=2025-2026&amp;p_es_inscr=S\"><img loading=\"lazy\" decoding=\"async\" width=\"450\" height=\"446\" src=\"https:\/\/serveiseducatius.xtec.cat\/garraf\/wp-content\/uploads\/usu1185\/2025\/10\/Xarxa-de-competencia-lectora.png\" alt=\"\" class=\"wp-image-18705\" style=\"width:300px;height:auto\" srcset=\"https:\/\/serveiseducatius.xtec.cat\/garraf\/wp-content\/uploads\/usu1185\/2025\/10\/Xarxa-de-competencia-lectora.png 450w, https:\/\/serveiseducatius.xtec.cat\/garraf\/wp-content\/uploads\/usu1185\/2025\/10\/Xarxa-de-competencia-lectora-300x297.png 300w, https:\/\/serveiseducatius.xtec.cat\/garraf\/wp-content\/uploads\/usu1185\/2025\/10\/Xarxa-de-competencia-lectora-150x150.png 150w\" sizes=\"auto, (max-width: 450px) 100vw, 450px\" \/><\/a><\/figure>\n\n\n\n<p class=\"has-text-align-center\">Les <strong>Xarxes de Compet\u00e8ncia Lectora<\/strong> (XCL) t\u00e9 com a objectius afavorir l&#8217;aprenentatge i l&#8217;intercanvi d&#8217;experi\u00e8ncies sobre compet\u00e8ncia lectora entre els centres del Garraf aix\u00ed com reflexionar sobre les aplicacions a l&#8217;aula per poder fer emergir i divulgar les bones pr\u00e0ctiques de lectura .<\/p>\n<\/div>\n<\/div>\n\n\n\n<div class=\"wp-block-columns is-layout-flex wp-container-core-columns-is-layout-3 wp-block-columns-is-layout-flex\">\n<div class=\"wp-block-column is-layout-flow wp-block-column-is-layout-flow\">\n<figure class=\"wp-block-image aligncenter size-full is-resized\"><a href=\"https:\/\/serveiseducatius.xtec.cat\/garraf\/xarxa-ulae\/\"><img loading=\"lazy\" decoding=\"async\" width=\"600\" height=\"600\" src=\"https:\/\/serveiseducatius.xtec.cat\/garraf\/wp-content\/uploads\/usu1185\/2026\/03\/Xarxa-ULAE.png\" alt=\"\" class=\"wp-image-19857\" style=\"width:300px\" srcset=\"https:\/\/serveiseducatius.xtec.cat\/garraf\/wp-content\/uploads\/usu1185\/2026\/03\/Xarxa-ULAE.png 600w, https:\/\/serveiseducatius.xtec.cat\/garraf\/wp-content\/uploads\/usu1185\/2026\/03\/Xarxa-ULAE-300x300.png 300w, https:\/\/serveiseducatius.xtec.cat\/garraf\/wp-content\/uploads\/usu1185\/2026\/03\/Xarxa-ULAE-150x150.png 150w\" sizes=\"auto, (max-width: 600px) 100vw, 600px\" \/><\/a><\/figure>\n\n\n\n<p class=\"has-text-align-center\">La <strong>Xarxa d&#8217;Usos Ling\u00fc\u00edstics en l&#8217;\u00c0mbit Educatiu<\/strong> (ULAE) pret\u00e9n ser un espai on compartir metodologies, estrat\u00e8gies i bones pr\u00e0ctiques per millorar l&#8217;\u00fas de la llengua catalana als centres educatius i les seves comunitats.<\/p>\n<\/div>\n\n\n\n<div class=\"wp-block-column is-layout-flow wp-block-column-is-layout-flow\">\n<figure class=\"wp-block-image aligncenter size-full is-resized\"><a href=\"https:\/\/serveiseducatius.xtec.cat\/garraf\/escoles-verdes-agenda-21\/\"><img loading=\"lazy\" decoding=\"async\" width=\"480\" height=\"380\" src=\"https:\/\/serveiseducatius.xtec.cat\/garraf\/wp-content\/uploads\/usu1185\/2025\/10\/Xarxa-descoles-per-a-la-sostenibilitat.jpg\" alt=\"\" class=\"wp-image-18648\" style=\"width:376px;height:auto\" srcset=\"https:\/\/serveiseducatius.xtec.cat\/garraf\/wp-content\/uploads\/usu1185\/2025\/10\/Xarxa-descoles-per-a-la-sostenibilitat.jpg 480w, https:\/\/serveiseducatius.xtec.cat\/garraf\/wp-content\/uploads\/usu1185\/2025\/10\/Xarxa-descoles-per-a-la-sostenibilitat-300x238.jpg 300w\" sizes=\"auto, (max-width: 480px) 100vw, 480px\" \/><\/a><\/figure>\n\n\n\n<p class=\"has-text-align-center\">La <strong><a href=\"https:\/\/mediambient.gencat.cat\/ca\/05_ambits_dactuacio\/persones-i-natura\/centres-educatius\/xarxa-escoles-sostenibilitat-catalunya\/\">Xarxa d&#8217;Escoles per a la Sostenibilitat de Catalunya<\/a><\/strong> (XESC) est\u00e0 formada per les <strong><a href=\"https:\/\/mediambient.gencat.cat\/ca\/05_ambits_dactuacio\/persones-i-natura\/centres-educatius\/xarxa-escoles-verdes\/index.html\">Escoles Verdes<\/a><\/strong> i pels centres de l&#8217;<strong><a href=\"https:\/\/www.vilanova.cat\/ciutat_verda\/agenda_21_escolar\">Agenda 21<\/a> <\/strong>(xarxa local de Vilanova i la Geltr\u00fa). Els centres de la XESC estan compromesos amb la sostenibilitat que treballen per fomentar una educaci\u00f3 ecosocial que transformi el centre educatiu i el seu entorn teixint xarxa amb altres entitats del territori.<\/p>\n<\/div>\n<\/div>\n\n\n\n<div class=\"wp-block-columns is-layout-flex wp-container-core-columns-is-layout-4 wp-block-columns-is-layout-flex\">\n<div class=\"wp-block-column is-layout-flow wp-block-column-is-layout-flow\">\n<figure class=\"wp-block-image aligncenter size-full is-resized\"><a href=\"https:\/\/xtec.gencat.cat\/ca\/projectes\/comunitats\/xarxa-comunitats-daprenentatge-de-catalunya\/\"><img loading=\"lazy\" decoding=\"async\" width=\"553\" height=\"553\" src=\"https:\/\/serveiseducatius.xtec.cat\/garraf\/wp-content\/uploads\/usu1185\/2023\/02\/Xarxa-de-Comunitats-dAprenentatge.png\" alt=\"\" class=\"wp-image-16057\" style=\"width:295px;height:auto\" srcset=\"https:\/\/serveiseducatius.xtec.cat\/garraf\/wp-content\/uploads\/usu1185\/2023\/02\/Xarxa-de-Comunitats-dAprenentatge.png 553w, https:\/\/serveiseducatius.xtec.cat\/garraf\/wp-content\/uploads\/usu1185\/2023\/02\/Xarxa-de-Comunitats-dAprenentatge-300x300.png 300w, https:\/\/serveiseducatius.xtec.cat\/garraf\/wp-content\/uploads\/usu1185\/2023\/02\/Xarxa-de-Comunitats-dAprenentatge-150x150.png 150w\" sizes=\"auto, (max-width: 553px) 100vw, 553px\" \/><\/a><\/figure>\n\n\n\n<p class=\"has-text-align-center\">El programa&nbsp;<strong>Comunitats d\u2019Aprenentatge<\/strong>&nbsp;(Cd\u2019A) consisteix en transformaci\u00f3 social i cultural d\u2019un centre educatiu basat en l\u2019aplicaci\u00f3 d\u2019aquelles actuacions educatives d\u2019\u00e8xit (AEE) de les quals s\u2019ha demostrat cient\u00edficament que milloren el rendiment educatiu i la conviv\u00e8ncia.<\/p>\n<\/div>\n\n\n\n<div class=\"wp-block-column is-layout-flow wp-block-column-is-layout-flow\">\n<p class=\"has-text-align-center\"><\/p>\n<\/div>\n<\/div>\n","protected":false},"excerpt":{"rendered":"<p>La Xarxa d\u2019Escoles P\u00fabliques Inquietes del Garraf (la XEPIG) aplega escoles que, amb l\u2019acompanyament de la inspecci\u00f3 educativa, direccions, el CRP i el Moviment de Renovaci\u00f3 Pedag\u00f2gica del Garraf, pretenem posar en valor la reflexi\u00f3 pedag\u00f2gica entre docents per generar accions que possibilitin la transformaci\u00f3 educativa a cada centre. Compartim experi\u00e8ncies, constru\u00efm projectes amb sentit, [&hellip;]<\/p>\n","protected":false},"author":10,"featured_media":0,"parent":0,"menu_order":0,"comment_status":"closed","ping_status":"closed","template":"","meta":{"_bbp_topic_count":0,"_bbp_reply_count":0,"_bbp_total_topic_count":0,"_bbp_total_reply_count":0,"_bbp_voice_count":0,"_bbp_anonymous_reply_count":0,"_bbp_topic_count_hidden":0,"_bbp_reply_count_hidden":0,"_bbp_forum_subforum_count":0,"site-sidebar-layout":"default","site-content-layout":"","ast-site-content-layout":"default","site-content-style":"default","site-sidebar-style":"default","ast-global-header-display":"","ast-banner-title-visibility":"","ast-main-header-display":"","ast-hfb-above-header-display":"","ast-hfb-below-header-display":"","ast-hfb-mobile-header-display":"","site-post-title":"","ast-breadcrumbs-content":"","ast-featured-img":"","footer-sml-layout":"","theme-transparent-header-meta":"","adv-header-id-meta":"","stick-header-meta":"","header-above-stick-meta":"","header-main-stick-meta":"","header-below-stick-meta":"","astra-migrate-meta-layouts":"set","ast-page-background-enabled":"default","ast-page-background-meta":{"desktop":{"background-color":"var(--ast-global-color-4)","background-image":"","background-repeat":"repeat","background-position":"center center","background-size":"auto","background-attachment":"scroll","background-type":"","background-media":"","overlay-type":"","overlay-color":"","overlay-opacity":"","overlay-gradient":""},"tablet":{"background-color":"","background-image":"","background-repeat":"repeat","background-position":"center center","background-size":"auto","background-attachment":"scroll","background-type":"","background-media":"","overlay-type":"","overlay-color":"","overlay-opacity":"","overlay-gradient":""},"mobile":{"background-color":"","background-image":"","background-repeat":"repeat","background-position":"center center","background-size":"auto","background-attachment":"scroll","background-type":"","background-media":"","overlay-type":"","overlay-color":"","overlay-opacity":"","overlay-gradient":""}},"ast-content-background-meta":{"desktop":{"background-color":"var(--ast-global-color-5)","background-image":"","background-repeat":"repeat","background-position":"center center","background-size":"auto","background-attachment":"scroll","background-type":"","background-media":"","overlay-type":"","overlay-color":"","overlay-opacity":"","overlay-gradient":""},"tablet":{"background-color":"var(--ast-global-color-5)","background-image":"","background-repeat":"repeat","background-position":"center center","background-size":"auto","background-attachment":"scroll","background-type":"","background-media":"","overlay-type":"","overlay-color":"","overlay-opacity":"","overlay-gradient":""},"mobile":{"background-color":"var(--ast-global-color-5)","background-image":"","background-repeat":"repeat","background-position":"center center","background-size":"auto","background-attachment":"scroll","background-type":"","background-media":"","overlay-type":"","overlay-color":"","overlay-opacity":"","overlay-gradient":""}},"footnotes":""},"class_list":["post-16097","page","type-page","status-publish","hentry"],"post_mailing_queue_ids":[],"_links":{"self":[{"href":"https:\/\/serveiseducatius.xtec.cat\/garraf\/wp-json\/wp\/v2\/pages\/16097","targetHints":{"allow":["GET"]}}],"collection":[{"href":"https:\/\/serveiseducatius.xtec.cat\/garraf\/wp-json\/wp\/v2\/pages"}],"about":[{"href":"https:\/\/serveiseducatius.xtec.cat\/garraf\/wp-json\/wp\/v2\/types\/page"}],"author":[{"embeddable":true,"href":"https:\/\/serveiseducatius.xtec.cat\/garraf\/wp-json\/wp\/v2\/users\/10"}],"replies":[{"embeddable":true,"href":"https:\/\/serveiseducatius.xtec.cat\/garraf\/wp-json\/wp\/v2\/comments?post=16097"}],"version-history":[{"count":6,"href":"https:\/\/serveiseducatius.xtec.cat\/garraf\/wp-json\/wp\/v2\/pages\/16097\/revisions"}],"predecessor-version":[{"id":19859,"href":"https:\/\/serveiseducatius.xtec.cat\/garraf\/wp-json\/wp\/v2\/pages\/16097\/revisions\/19859"}],"wp:attachment":[{"href":"https:\/\/serveiseducatius.xtec.cat\/garraf\/wp-json\/wp\/v2\/media?parent=16097"}],"curies":[{"name":"wp","href":"https:\/\/api.w.org\/{rel}","templated":true}]}}